{"id":814,"date":"2024-12-25T21:38:31","date_gmt":"2024-12-25T21:38:31","guid":{"rendered":"http:\/\/luxorairport.local\/?page_id=814"},"modified":"2025-06-11T18:14:56","modified_gmt":"2025-06-11T18:14:56","slug":"airport-map","status":"publish","type":"page","link":"https:\/\/marsaalam-airport.com\/pl\/airport-map\/","title":{"rendered":"Mapa lotniska i terminala w Marsa Alam"},"content":{"rendered":"<p>Z map\u0105 mi\u0119dzynarodowego lotniska Marsa Alam mo\u017cna \u0142atwo dokona\u0107 transakcji na lotnisku. Odprawa odbywa si\u0119 przy wej\u015bciu do sekcji odlot\u00f3w. Pasa\u017cerowie mog\u0105 z \u0142atwo\u015bci\u0105 sfinalizowa\u0107 swoje transakcje z tego miejsca. Po zako\u0144czeniu procesu odprawy nale\u017cy uda\u0107 si\u0119 do wyznaczonych sekcji kontroli bezpiecze\u0144stwa i kontroli paszportowej. Po przej\u015bciu kontroli bezpiecze\u0144stwa i kontroli paszportowej pasa\u017cerowie mog\u0105 przegl\u0105da\u0107 sklepy wolnoc\u0142owe i zje\u015b\u0107 posi\u0142ek w strefie gastronomicznej. Wn\u0119trze <a href=\"https:\/\/marsaalam-airport.com\/pl\/flights\/\">lotnisko jest do\u015b\u0107<\/a> przestronne.<\/p>\n<p><a href=\"https:\/\/marsaalam-airport.com\/wp-content\/uploads\/marsa-alam-airport-map.png\" target=\"_blank\" rel=\"noopener\"><br \/>\n<img decoding=\"async\" class=\"aligncenter\" style=\"max-width: 1000px; width: 100%; height: auto; padding: 5px;\" src=\"https:\/\/marsaalam-airport.com\/wp-content\/uploads\/marsa-alam-airport-map.png\" alt=\"mapa lotniska rmf, mapa lotniska marsa alam\" \/><br \/>\n<\/a><\/p>\n<p>Strefa odbioru baga\u017cu znajduje si\u0119 w sekcji przylot\u00f3w. Po przej\u015bciu kontroli paszportowej mo\u017cna \u0142atwo dotrze\u0107 do strefy odbioru baga\u017cu. Przeno\u015bniki baga\u017cowe s\u0105 ponumerowane zgodnie z informacjami o locie. Mo\u017cesz sprawdzi\u0107 informacje o swoim locie na ekranach i w ten spos\u00f3b \u0142atwo dowiedzie\u0107 si\u0119, kt\u00f3ry przeno\u015bnik nale\u017cy do Ciebie.<\/p>\n<p><iframe loading=\"lazy\" style=\"border: 0;\" src=\"https:\/\/www.google.com\/maps\/embed?pb=!1m18!1m12!1m3!1d3599.499252649228!2d34.58821551036114!3d25.55505177738834!2m3!1f0!2f0!3f0!3m2!1i1024!2i768!4f13.1!3m3!1m2!1s0x15b4aa0ef8eee8c9%3A0x6461d194f29e726b!2sMarsa%20Alam%20International%20Airport!5e0!3m2!1str!2str!4v1735841041782!5m2!1str!2str\" width=\"600\" height=\"450\" allowfullscreen=\"allowfullscreen\"><\/iframe><\/p>\n<p>Przy wyj\u015bciu z terminalu znajduje si\u0119 specjalna strefa dla taks\u00f3wek. <a href=\"https:\/\/marsaalam-airport.com\/pl\/airport-hotels\/\">Taks\u00f3wki zapewniaj\u0105 wygodny transport do centrum miasta<\/a> lub hoteli. Tu\u017c obok budynku terminalu znajduj\u0105 si\u0119 r\u00f3wnie\u017c przystanki autobusowe. Dla pasa\u017cer\u00f3w chc\u0105cych wynaj\u0105\u0107 samoch\u00f3d, w pobli\u017cu wej\u015bcia do terminalu znajduj\u0105 si\u0119 biura wynajmu samochod\u00f3w.<\/p>\n<p>&nbsp;<\/p>\n<p>Sklepy wolnoc\u0142owe na mi\u0119dzynarodowym lotnisku Marsa Alam znajduj\u0105 si\u0119 w prawym i lewym korytarzu w strefie odlot\u00f3w po kontroli bezpiecze\u0144stwa. Pasa\u017cerowie mog\u0105 uda\u0107 si\u0119 do restauracji i kawiarni po kontroli paszportowej. Mniejsze kawiarnie znajduj\u0105 si\u0119 w strefie przylot\u00f3w. Stacje \u0142adowania znajduj\u0105 si\u0119 obok miejsc do siedzenia. Mo\u017cna w nich \u0142atwo na\u0142adowa\u0107 urz\u0105dzenia elektroniczne. Punkty informacyjne znajduj\u0105 si\u0119 przy g\u0142\u00f3wnych wej\u015bciach zar\u00f3wno do sekcji przylot\u00f3w, jak i odlot\u00f3w.<\/p>","protected":false},"excerpt":{"rendered":"<p>Z map\u0105 mi\u0119dzynarodowego lotniska Marsa Alam mo\u017cna \u0142atwo przeprowadzi\u0107 transakcje na lotnisku. Odprawa odbywa si\u0119 w [...]<\/p>","protected":false},"author":1,"featured_media":1031,"parent":0,"menu_order":0,"comment_status":"closed","ping_status":"closed","template":"","meta":{"_acf_changed":false,"site-sidebar-layout":"default","site-content-layout":"","ast-site-content-layout":"default","site-content-style":"default","site-sidebar-style":"default","ast-global-header-display":"","ast-banner-title-visibility":"","ast-main-header-display":"","ast-hfb-above-header-display":"","ast-hfb-below-header-display":"","ast-hfb-mobile-header-display":"","site-post-title":"","ast-breadcrumbs-content":"","ast-featured-img":"","footer-sml-layout":"","theme-transparent-header-meta":"default","adv-header-id-meta":"","stick-header-meta":"","header-above-stick-meta":"","header-main-stick-meta":"","header-below-stick-meta":"","astra-migrate-meta-layouts":"set","ast-page-background-enabled":"default","ast-page-background-meta":{"desktop":{"background-color":"var(--ast-global-color-4)","background-image":"","background-repeat":"repeat","background-position":"center center","background-size":"auto","background-attachment":"scroll","background-type":"","background-media":"","overlay-type":"","overlay-color":"","overlay-opacity":"","overlay-gradient":""},"tablet":{"background-color":"","background-image":"","background-repeat":"repeat","background-position":"center center","background-size":"auto","background-attachment":"scroll","background-type":"","background-media":"","overlay-type":"","overlay-color":"","overlay-opacity":"","overlay-gradient":""},"mobile":{"background-color":"","background-image":"","background-repeat":"repeat","background-position":"center center","background-size":"auto","background-attachment":"scroll","background-type":"","background-media":"","overlay-type":"","overlay-color":"","overlay-opacity":"","overlay-gradient":""}},"ast-content-background-meta":{"desktop":{"background-color":"var(--ast-global-color-5)","background-image":"","background-repeat":"repeat","background-position":"center center","background-size":"auto","background-attachment":"scroll","background-type":"","background-media":"","overlay-type":"","overlay-color":"","overlay-opacity":"","overlay-gradient":""},"tablet":{"background-color":"var(--ast-global-color-5)","background-image":"","background-repeat":"repeat","background-position":"center center","background-size":"auto","background-attachment":"scroll","background-type":"","background-media":"","overlay-type":"","overlay-color":"","overlay-opacity":"","overlay-gradient":""},"mobile":{"background-color":"var(--ast-global-color-5)","background-image":"","background-repeat":"repeat","background-position":"center center","background-size":"auto","background-attachment":"scroll","background-type":"","background-media":"","overlay-type":"","overlay-color":"","overlay-opacity":"","overlay-gradient":""}},"footnotes":""},"class_list":["post-814","page","type-page","status-publish","has-post-thumbnail","hentry"],"acf":[],"yoast_head":"<!-- This site is optimized with the Yoast SEO Premium plugin v24.0 (Yoast SEO v26.6) - https:\/\/yoast.com\/wordpress\/plugins\/seo\/ -->\n<title>Airport Map - Marsa Alam Airport<\/title>\n<meta name=\"description\" content=\"Navigate Marsa Alam busiest air hub, spot free Wi-Fi zones, and unwind in cozy lounges before your flight.\" \/>\n<meta name=\"robots\" content=\"index, follow, max-snippet:-1, max-image-preview:large, max-video-preview:-1\" \/>\n<link rel=\"canonical\" href=\"https:\/\/marsaalam-airport.com\/pl\/airport-map\/\" \/>\n<meta property=\"og:locale\" content=\"pl_PL\" \/>\n<meta property=\"og:type\" content=\"article\" \/>\n<meta property=\"og:title\" content=\"Marsa Alam Airport &amp; Terminal Map\" \/>\n<meta property=\"og:description\" content=\"Navigate Marsa Alam busiest air hub, spot free Wi-Fi zones, and unwind in cozy lounges before your flight.\" \/>\n<meta property=\"og:url\" content=\"https:\/\/marsaalam-airport.com\/pl\/airport-map\/\" \/>\n<meta property=\"article:publisher\" content=\"https:\/\/www.facebook.com\/marsaalamairportinternational\" \/>\n<meta property=\"article:modified_time\" content=\"2025-06-11T18:14:56+00:00\" \/>\n<meta property=\"og:image\" content=\"https:\/\/marsaalam-airport.com\/wp-content\/uploads\/marsa-alam-airport-map.png\" \/>\n\t<meta property=\"og:image:width\" content=\"2000\" \/>\n\t<meta property=\"og:image:height\" content=\"2000\" \/>\n\t<meta property=\"og:image:type\" content=\"image\/png\" \/>\n<meta name=\"twitter:card\" content=\"summary_large_image\" \/>\n<meta name=\"twitter:label1\" content=\"Szacowany czas czytania\" \/>\n\t<meta name=\"twitter:data1\" content=\"2 minuty\" \/>\n<script type=\"application\/ld+json\" class=\"yoast-schema-graph\">{\"@context\":\"https:\/\/schema.org\",\"@graph\":[{\"@type\":\"WebPage\",\"@id\":\"https:\/\/marsaalam-airport.com\/airport-map\/\",\"url\":\"https:\/\/marsaalam-airport.com\/airport-map\/\",\"name\":\"Airport Map - Marsa Alam Airport\",\"isPartOf\":{\"@id\":\"https:\/\/marsaalam-airport.com\/#website\"},\"primaryImageOfPage\":{\"@id\":\"https:\/\/marsaalam-airport.com\/airport-map\/#primaryimage\"},\"image\":{\"@id\":\"https:\/\/marsaalam-airport.com\/airport-map\/#primaryimage\"},\"thumbnailUrl\":\"https:\/\/marsaalam-airport.com\/wp-content\/uploads\/marsa-alam-airport-map.png\",\"datePublished\":\"2024-12-25T21:38:31+00:00\",\"dateModified\":\"2025-06-11T18:14:56+00:00\",\"description\":\"Navigate Marsa Alam busiest air hub, spot free Wi-Fi zones, and unwind in cozy lounges before your flight.\",\"breadcrumb\":{\"@id\":\"https:\/\/marsaalam-airport.com\/airport-map\/#breadcrumb\"},\"inLanguage\":\"pl-PL\",\"potentialAction\":[{\"@type\":\"ReadAction\",\"target\":[\"https:\/\/marsaalam-airport.com\/airport-map\/\"]}]},{\"@type\":\"ImageObject\",\"inLanguage\":\"pl-PL\",\"@id\":\"https:\/\/marsaalam-airport.com\/airport-map\/#primaryimage\",\"url\":\"https:\/\/marsaalam-airport.com\/wp-content\/uploads\/marsa-alam-airport-map.png\",\"contentUrl\":\"https:\/\/marsaalam-airport.com\/wp-content\/uploads\/marsa-alam-airport-map.png\",\"width\":2000,\"height\":2000,\"caption\":\"Marsa alam airport map, egypt\"},{\"@type\":\"BreadcrumbList\",\"@id\":\"https:\/\/marsaalam-airport.com\/airport-map\/#breadcrumb\",\"itemListElement\":[{\"@type\":\"ListItem\",\"position\":1,\"name\":\"Home\",\"item\":\"https:\/\/marsaalam-airport.com\/\"},{\"@type\":\"ListItem\",\"position\":2,\"name\":\"Marsa Alam Airport &#038; Terminal Map\"}]},{\"@type\":\"WebSite\",\"@id\":\"https:\/\/marsaalam-airport.com\/#website\",\"url\":\"https:\/\/marsaalam-airport.com\/\",\"name\":\"Marsa Alam International Airport\",\"description\":\"\",\"publisher\":{\"@id\":\"https:\/\/marsaalam-airport.com\/#organization\"},\"alternateName\":\"RMF\",\"potentialAction\":[{\"@type\":\"SearchAction\",\"target\":{\"@type\":\"EntryPoint\",\"urlTemplate\":\"https:\/\/marsaalam-airport.com\/?s={search_term_string}\"},\"query-input\":{\"@type\":\"PropertyValueSpecification\",\"valueRequired\":true,\"valueName\":\"search_term_string\"}}],\"inLanguage\":\"pl-PL\"},{\"@type\":\"Organization\",\"@id\":\"https:\/\/marsaalam-airport.com\/#organization\",\"name\":\"Marsa Alam International Airport\",\"alternateName\":\"RMF\",\"url\":\"https:\/\/marsaalam-airport.com\/\",\"logo\":{\"@type\":\"ImageObject\",\"inLanguage\":\"pl-PL\",\"@id\":\"https:\/\/marsaalam-airport.com\/#\/schema\/logo\/image\/\",\"url\":\"https:\/\/marsaalam-airport.com\/wp-content\/uploads\/cropped-rmf-logo.png\",\"contentUrl\":\"https:\/\/marsaalam-airport.com\/wp-content\/uploads\/cropped-rmf-logo.png\",\"width\":1998,\"height\":667,\"caption\":\"Marsa Alam International Airport\"},\"image\":{\"@id\":\"https:\/\/marsaalam-airport.com\/#\/schema\/logo\/image\/\"},\"sameAs\":[\"https:\/\/www.facebook.com\/marsaalamairportinternational\"],\"description\":\"Marsa Alam Airport (RMF) provides live tracking for arrivals & departures plus comfortable airport hotels with free shuttles.\",\"email\":\"info@marsaalam-airport.com\",\"legalName\":\"Marsa Alam Airport\"}]}<\/script>\n<!-- \/ Yoast SEO Premium plugin. -->","yoast_head_json":{"title":"Airport Map - Marsa Alam Airport","description":"Navigate Marsa Alam busiest air hub, spot free Wi-Fi zones, and unwind in cozy lounges before your flight.","robots":{"index":"index","follow":"follow","max-snippet":"max-snippet:-1","max-image-preview":"max-image-preview:large","max-video-preview":"max-video-preview:-1"},"canonical":"https:\/\/marsaalam-airport.com\/pl\/airport-map\/","og_locale":"pl_PL","og_type":"article","og_title":"Marsa Alam Airport & Terminal Map","og_description":"Navigate Marsa Alam busiest air hub, spot free Wi-Fi zones, and unwind in cozy lounges before your flight.","og_url":"https:\/\/marsaalam-airport.com\/pl\/airport-map\/","article_publisher":"https:\/\/www.facebook.com\/marsaalamairportinternational","article_modified_time":"2025-06-11T18:14:56+00:00","og_image":[{"width":2000,"height":2000,"url":"https:\/\/marsaalam-airport.com\/wp-content\/uploads\/marsa-alam-airport-map.png","type":"image\/png"}],"twitter_card":"summary_large_image","twitter_misc":{"Szacowany czas czytania":"2 minuty"},"schema":{"@context":"https:\/\/schema.org","@graph":[{"@type":"WebPage","@id":"https:\/\/marsaalam-airport.com\/airport-map\/","url":"https:\/\/marsaalam-airport.com\/airport-map\/","name":"Airport Map - Marsa Alam Airport","isPartOf":{"@id":"https:\/\/marsaalam-airport.com\/#website"},"primaryImageOfPage":{"@id":"https:\/\/marsaalam-airport.com\/airport-map\/#primaryimage"},"image":{"@id":"https:\/\/marsaalam-airport.com\/airport-map\/#primaryimage"},"thumbnailUrl":"https:\/\/marsaalam-airport.com\/wp-content\/uploads\/marsa-alam-airport-map.png","datePublished":"2024-12-25T21:38:31+00:00","dateModified":"2025-06-11T18:14:56+00:00","description":"Navigate Marsa Alam busiest air hub, spot free Wi-Fi zones, and unwind in cozy lounges before your flight.","breadcrumb":{"@id":"https:\/\/marsaalam-airport.com\/airport-map\/#breadcrumb"},"inLanguage":"pl-PL","potentialAction":[{"@type":"ReadAction","target":["https:\/\/marsaalam-airport.com\/airport-map\/"]}]},{"@type":"ImageObject","inLanguage":"pl-PL","@id":"https:\/\/marsaalam-airport.com\/airport-map\/#primaryimage","url":"https:\/\/marsaalam-airport.com\/wp-content\/uploads\/marsa-alam-airport-map.png","contentUrl":"https:\/\/marsaalam-airport.com\/wp-content\/uploads\/marsa-alam-airport-map.png","width":2000,"height":2000,"caption":"Marsa alam airport map, egypt"},{"@type":"BreadcrumbList","@id":"https:\/\/marsaalam-airport.com\/airport-map\/#breadcrumb","itemListElement":[{"@type":"ListItem","position":1,"name":"Home","item":"https:\/\/marsaalam-airport.com\/"},{"@type":"ListItem","position":2,"name":"Marsa Alam Airport &#038; Terminal Map"}]},{"@type":"WebSite","@id":"https:\/\/marsaalam-airport.com\/#website","url":"https:\/\/marsaalam-airport.com\/","name":"Marsa Alam International Airport","description":"","publisher":{"@id":"https:\/\/marsaalam-airport.com\/#organization"},"alternateName":"RMF","potentialAction":[{"@type":"SearchAction","target":{"@type":"EntryPoint","urlTemplate":"https:\/\/marsaalam-airport.com\/?s={search_term_string}"},"query-input":{"@type":"PropertyValueSpecification","valueRequired":true,"valueName":"search_term_string"}}],"inLanguage":"pl-PL"},{"@type":"Organization","@id":"https:\/\/marsaalam-airport.com\/#organization","name":"Marsa Alam International Airport","alternateName":"RMF","url":"https:\/\/marsaalam-airport.com\/","logo":{"@type":"ImageObject","inLanguage":"pl-PL","@id":"https:\/\/marsaalam-airport.com\/#\/schema\/logo\/image\/","url":"https:\/\/marsaalam-airport.com\/wp-content\/uploads\/cropped-rmf-logo.png","contentUrl":"https:\/\/marsaalam-airport.com\/wp-content\/uploads\/cropped-rmf-logo.png","width":1998,"height":667,"caption":"Marsa Alam International Airport"},"image":{"@id":"https:\/\/marsaalam-airport.com\/#\/schema\/logo\/image\/"},"sameAs":["https:\/\/www.facebook.com\/marsaalamairportinternational"],"description":"Marsa Alam Airport (RMF) provides live tracking for arrivals & departures plus comfortable airport hotels with free shuttles.","email":"info@marsaalam-airport.com","legalName":"Marsa Alam Airport"}]}},"_links":{"self":[{"href":"https:\/\/marsaalam-airport.com\/pl\/wp-json\/wp\/v2\/pages\/814","targetHints":{"allow":["GET"]}}],"collection":[{"href":"https:\/\/marsaalam-airport.com\/pl\/wp-json\/wp\/v2\/pages"}],"about":[{"href":"https:\/\/marsaalam-airport.com\/pl\/wp-json\/wp\/v2\/types\/page"}],"author":[{"embeddable":true,"href":"https:\/\/marsaalam-airport.com\/pl\/wp-json\/wp\/v2\/users\/1"}],"replies":[{"embeddable":true,"href":"https:\/\/marsaalam-airport.com\/pl\/wp-json\/wp\/v2\/comments?post=814"}],"version-history":[{"count":1,"href":"https:\/\/marsaalam-airport.com\/pl\/wp-json\/wp\/v2\/pages\/814\/revisions"}],"predecessor-version":[{"id":1130,"href":"https:\/\/marsaalam-airport.com\/pl\/wp-json\/wp\/v2\/pages\/814\/revisions\/1130"}],"wp:featuredmedia":[{"embeddable":true,"href":"https:\/\/marsaalam-airport.com\/pl\/wp-json\/wp\/v2\/media\/1031"}],"wp:attachment":[{"href":"https:\/\/marsaalam-airport.com\/pl\/wp-json\/wp\/v2\/media?parent=814"}],"curies":[{"name":"wp","href":"https:\/\/api.w.org\/{rel}","templated":true}]}}