{"id":363,"date":"2024-11-18T12:32:18","date_gmt":"2024-11-18T12:32:18","guid":{"rendered":"http:\/\/deneme.local\/?page_id=363"},"modified":"2025-07-20T23:39:26","modified_gmt":"2025-07-20T23:39:26","slug":"departures","status":"publish","type":"page","link":"https:\/\/marsaalam-airport.com\/pl\/departures\/","title":{"rendered":"Odloty z mi\u0119dzynarodowego lotniska Marsa Alam"},"content":{"rendered":"<p>Te wspania\u0142e wakacje w Marsa Alam, gdzie s\u0142o\u0144ce ogrzewa sk\u00f3r\u0119, podwodny \u015bwiat fascynuje, a dusza odpoczywa w ciszy pustyni, mog\u0105 dobiega\u0107 ko\u0144ca. Ale nie smu\u0107 si\u0119! Musimy po\u017cegna\u0107 si\u0119 z ka\u017cd\u0105 pi\u0119kn\u0105 chwil\u0105. Sprawi\u0119, \u017ce to po\u017cegnanie b\u0119dzie tak wygodne i bezstresowe, jak to tylko mo\u017cliwe. Oto jestem z Twoim przewodnikiem odlot\u00f3w z lotniska Marsa Alam (RMF), kt\u00f3ry poprowadzi Ci\u0119 podczas opuszczania per\u0142y Morza Czerwonego!<\/p>\n<p>Chcesz wiedzie\u0107, czy Tw\u00f3j lot odleci o czasie lub czy masz troch\u0119 wi\u0119cej czasu na ostatni\u0105 egipsk\u0105 kaw\u0119? Najprostszym sposobem, aby si\u0119 tego dowiedzie\u0107, jest \u015bledzenie aktualnych informacji o odlotach na lotnisku. W poni\u017cszej tabeli mo\u017cna znale\u017a\u0107 aktualne informacje, takie jak czas odlotu, status op\u00f3\u017anienia i numer bramki.<\/p>\n<p>W poni\u017cszej tabeli znajdziesz informacje na temat aktualnych lot\u00f3w dla Terminal 1, Marsa Alam Airport Departures (RMF Departures ). Informacje obejmuj\u0105 loty krajowe i mi\u0119dzynarodowe, w tym wszystkie dzisiejsze odloty z lotniska Marsa Alam.<\/p>\n<p>Szukasz zamiast tego przylot\u00f3w do Marsa Alam? <a href=\"https:\/\/marsaalam-airport.com\/pl\/arrivals\/\">Kliknij tutaj.<\/a><\/p>\n<div class=\"iframe-wrapper\" style=\"overflow-x:auto; -webkit-overflow-scrolling:touch; width:100%;\">\r\n  <iframe loading=\"lazy\" \r\n    src=\"\/\/tracker.flightview.com\/customersetup\/FlightViewWebFids\/cachedFids\/?vmode=departures&amp;Apt=RMF&amp;mainPage=tracker.flightview.com\"\r\n    width=\"670\" height=\"790\" scrolling=\"no\"\r\n    style=\"display:block; min-width:670px; border:0;\">\r\n  <\/iframe>\r\n<\/div>\n<h2>Aktualizacje na \u017cywo dla odlot\u00f3w z lotniska Marsa Alam<\/h2>\n<p>&nbsp;<\/p>\n<p>Aby dotrze\u0107 na lotnisko samochodem z centrum Marsa Alam, nale\u017cy jecha\u0107 drog\u0105 El-Quseir-Marsa Alam (droga 85) i kierowa\u0107 si\u0119 na p\u00f3\u0142noc. Po oko\u0142o 5 km mo\u017cna zobaczy\u0107 znaki \"Marsa Alam Airport\". Jed\u017a w kierunku autostrady Hurghada-Aswan (droga 70). Jed\u017a przez oko\u0142o 60 km, trzymaj\u0105c wybrze\u017ce Morza Czerwonego po lewej stronie. Na drodze w obu kierunkach znajduj\u0105 si\u0119 stacje benzynowe, kt\u00f3re prowadz\u0105 na lotnisko Marsa Alam.<\/p>\n<p>Po oko\u0142o 50 km na poboczu drogi zaczn\u0105 pojawia\u0107 si\u0119 znaki \"Marsa Alam Airport\". Pod\u0105\u017caj za znakami ostro\u017cnie, aby nie przegapi\u0107 ostatniego zjazdu. Skr\u0119\u0107 w prawo, pod\u0105\u017caj\u0105c za znakami. Je\u015bli korzystasz z GPS, wybierz \"Marsa Alam International Airport (RMF)\" jako miejsce docelowe. Czas podr\u00f3\u017cy wynosi 50-60 minut w zale\u017cno\u015bci od nat\u0119\u017cenia ruchu.<\/p>\n<h3>\nJak wysadzi\u0107 pasa\u017cer\u00f3w na lotnisku odlot\u00f3w Marsa Alam?<\/h3>\n<p>Tu\u017c przed wej\u015bciem do terminalu znajduje si\u0119 \"strefa wysiadania\". Mo\u017cesz skorzysta\u0107 z tej strefy, aby wysi\u0105\u015b\u0107 z samochodu i poczeka\u0107 przez kr\u00f3tki czas. Je\u015bli przebywasz na lotnisku d\u0142u\u017cej ni\u017c 10 minut, powiniene\u015b zaparkowa\u0107 samoch\u00f3d na parkingu przylegaj\u0105cym do budynku terminalu.<\/p>\n<p>Nale\u017cy pami\u0119ta\u0107, \u017ce strefa wysiadania nie jest przystosowana do d\u0142ugiego oczekiwania. Po wyj\u015bciu z samochodu i odebraniu baga\u017cu kierowca musi natychmiast opu\u015bci\u0107 stref\u0119. Je\u015bli chcesz towarzyszy\u0107 swojemu pasa\u017cerowi do terminalu, powiniene\u015b zaparkowa\u0107 samoch\u00f3d na parkingu kr\u00f3tkoterminowym.<\/p>\n<h3>Wskaz\u00f3wki dotycz\u0105ce hali odlot\u00f3w<\/h3>\n<p>Po przekroczeniu bramy wej\u015bciowej Terminalu 1 widoczne s\u0105 stanowiska odprawy. Po odprawie nale\u017cy pod\u0105\u017ca\u0107 za znakami kieruj\u0105cymi do punkt\u00f3w kontroli bezpiecze\u0144stwa i kontroli paszportowej. Poczekalnie na lotnisku s\u0105 bardzo wygodne.<\/p>\n<h4>\nW kt\u00f3rym terminalu znajduj\u0105 si\u0119 odloty na lotnisku Marsa Alam?<\/h4>\n<p>Lotnisko Marsa Alam jest proste i kompaktowe. Zar\u00f3wno odloty, jak i przyloty na lotnisku Marsa Alam s\u0105 obs\u0142ugiwane przez Terminal 1. Wszystkie loty mi\u0119dzynarodowe odlatuj\u0105 z tego samego budynku terminalu. Mo\u017cna wi\u0119c \u0142atwo znale\u017a\u0107 drog\u0119 wok\u00f3\u0142 terminalu bez zamieszania, pod\u0105\u017caj\u0105c za znakami.<\/p>\n<h4>\nStanowiska odprawy \/ Przechowalnia baga\u017cu<\/h4>\n<p>Przy wej\u015bciu do terminalu znajduj\u0105 si\u0119 stanowiska odpraw linii lotniczych. Numer stanowiska danej linii lotniczej mo\u017cna natychmiast znale\u017a\u0107 na ekranach informacji o locie. G\u0142\u00f3wne linie lotnicze, takie jak EgyptAir, Air Cairo, easyJet, TUI Fly, Neos maj\u0105 oddzielne stanowiska. Nawet je\u015bli odprawi\u0142e\u015b si\u0119 online, musisz zatrzyma\u0107 si\u0119 przy tych stanowiskach, aby nada\u0107 baga\u017c. Odbi\u00f3r baga\u017cu odbywa si\u0119 na przeno\u015bnikach ta\u015bmowych w tym samym obszarze po odprawie.<\/p>\n<p>W przypadku lot\u00f3w mi\u0119dzynarodowych zalecam stawienie si\u0119 na lotnisku co najmniej 2-3 godziny przed czasem lotu. W ten spos\u00f3b mo\u017cna bezstresowo przej\u015b\u0107 proces odprawy. Mo\u017cesz tak\u017ce sp\u0119dzi\u0107 czas na zakupach w terminalu.<\/p>\n<h4>Pomoc dla pasa\u017cer\u00f3w o ograniczonej sprawno\u015bci ruchowej<\/h4>\n<p>Lotnisko zapewnia bezp\u0142atn\u0105 obs\u0142ug\u0119 w\u00f3zk\u00f3w inwalidzkich i eskort\u0119 dla os\u00f3b o specjalnych potrzebach. Aby skorzysta\u0107 z tej us\u0142ugi, nale\u017cy poinformowa\u0107 o tym lini\u0119 lotnicz\u0105 z co najmniej 48-godzinnym wyprzedzeniem na etapie sprzeda\u017cy biletu. W\u00f3zek mo\u017cna zabra\u0107 ze sob\u0105 do ko\u0144ca lotu i korzysta\u0107 z niego bezp\u0142atnie podczas l\u0105dowania i wysiadania.<\/p>\n<h3>\nBezpiecze\u0144stwo na lotnisku odlot\u00f3w Marsa Alam<\/h3>\n<p>&nbsp;<\/p>\n<h4>Jak d\u0142ugo trwa przej\u015bcie przez kontrol\u0119 bezpiecze\u0144stwa na lotnisku w Marsa Alam?<\/h4>\n<p>Kontrola bezpiecze\u0144stwa znajduje si\u0119 tu\u017c za stref\u0105 odprawy. Przed podej\u015bciem do urz\u0105dze\u0144 rentgenowskich nale\u017cy upewni\u0107 si\u0119, \u017ce ilo\u015b\u0107 p\u0142yn\u00f3w nie przekracza 100 ml. Urz\u0105dzenia elektroniczne nale\u017cy umie\u015bci\u0107 w osobnych tackach. Kontrola bezpiecze\u0144stwa na lotnisku Marsa Alam przebiega zazwyczaj szybko i sprawnie. Mo\u017ce jednak potrwa\u0107 nieco d\u0142u\u017cej w godzinach szczytu. \u015arednio procedury kontroli bezpiecze\u0144stwa trwaj\u0105 od 15 do 30 minut.<\/p>\n<h4>\nGdzie znajduje si\u0119 punkt kontroli bezpiecze\u0144stwa w Marsa Alam Departures?<\/h4>\n<p>Po zako\u0144czeniu procedur odprawy i odbioru baga\u017cu nale\u017cy post\u0119powa\u0107 zgodnie ze wskaz\u00f3wkami dotycz\u0105cymi \"Kontroli paszportowej i bramek lot\u00f3w\", aby dotrze\u0107 do punktu kontroli bezpiecze\u0144stwa.<\/p>\n<h4>Czy potrzebuj\u0119 karty pok\u0142adowej do kontroli bezpiecze\u0144stwa na lotnisku Marsa Alam?<\/h4>\n<p>Tak, podczas kontroli bezpiecze\u0144stwa nale\u017cy okaza\u0107 paszport z wydrukowan\u0105 lub mobiln\u0105 kart\u0105 pok\u0142adow\u0105. Akceptowana jest mobilna karta pok\u0142adowa. Powiniene\u015b mie\u0107 te dokumenty pod r\u0119k\u0105, aby pokaza\u0107 je urz\u0119dnikom.<\/p>\n<h4>\nBaga\u017c podr\u0119czny: przedmioty dozwolone przez ochron\u0119 lotniska Marsa Alam<\/h4>\n<p>W baga\u017cu podr\u0119cznym nale\u017cy przewozi\u0107 p\u0142yny o pojemno\u015bci nieprzekraczaj\u0105cej 100 ml w przezroczystej i zamkni\u0119tej torbie zgodnie z przepisami mi\u0119dzynarodowymi. Narz\u0119dzia do ci\u0119cia, przek\u0142uwania i materia\u0142y \u0142atwopalne s\u0105 surowo zabronione. W przypadku regularnego przyjmowania lek\u00f3w nale\u017cy mie\u0107 przy sobie recept\u0119.<\/p>\n<p>Specjalna rada dla Ciebie: Nie zabieraj \u017cadnych koralowc\u00f3w ani du\u017cych muszli, kt\u00f3re zebra\u0142e\u015b podczas podziwiania pi\u0119kna Morza Czerwonego! Pami\u0119taj, \u017ce s\u0105 one chronione.<\/p>\n<p>Cenne przedmioty nale\u017cy przewozi\u0107 w baga\u017cu podr\u0119cznym. Miej w zasi\u0119gu r\u0119ki dow\u00f3d to\u017csamo\u015bci i karty pok\u0142adowe. Powiniene\u015b by\u0107 w terminalu co najmniej 2 godziny przed lotem, aby mie\u0107 czas na kontrol\u0119 bezpiecze\u0144stwa. Nie zapomnij stosowa\u0107 si\u0119 do aktualnych ostrze\u017ce\u0144 agencji lub linii lotniczych.<\/p>\n<h4>Szybka \u015bcie\u017cka<\/h4>\n<p>Us\u0142uga \"Fast Track\" umo\u017cliwia szybkie przej\u015bcie przez specjalne kana\u0142y kontroli bezpiecze\u0144stwa i kontroli paszportowej. Mo\u017cesz skorzysta\u0107 z tej us\u0142ugi, je\u015bli nie chcesz czeka\u0107 w kolejce lub masz ma\u0142o czasu przed lotem. Firmy takie jak Paradigm Meet &amp; Greet lub Airport Assist pomog\u0105 Ci we wszystkich procedurach przed wej\u015bciem na pok\u0142ad i eskortuj\u0105 Ci\u0119 przez stanowiska VIP do bramki lotu.<\/p>\n<h4>\nSklepy i restauracje<\/h4>\n<p>W tym obszarze znajduj\u0105 si\u0119 sklepy z egipskimi pami\u0105tkami i klasycznymi produktami wolnoc\u0142owymi (perfumy, czekoladki, napoje alkoholowe), w kt\u00f3rych mo\u017cna zabra\u0107 do domu ostatnie pami\u0105tki z Morza Czerwonego. W lewym i prawym korytarzu strefy odlot\u00f3w znajduj\u0105 si\u0119 sklepy wolnoc\u0142owe i ma\u0142e butiki. W terminalu znajduj\u0105 si\u0119 r\u00f3wnie\u017c ma\u0142e kawiarnie i restauracje, w kt\u00f3rych mo\u017cna zje\u015b\u0107 przek\u0105sk\u0119 lub napi\u0107 si\u0119 kawy przed oczekiwaniem na lot.<\/p>\n<h4>\nSalon VIP<\/h4>\n<p>Je\u015bli chcesz sp\u0119dzi\u0107 czas przed lotem w bardziej komfortowym i spokojnym otoczeniu, mo\u017cesz poczeka\u0107 na sw\u00f3j lot w strefie VIP Lounge wewn\u0105trz terminalu. Dost\u0119p do tej strefy mo\u017cna uzyska\u0107 dzi\u0119ki cz\u0142onkostwu, FlyEgypt Gold Pass lub pakietom Fast Track. Poczekalnia oferuje przek\u0105ski, bezprzewodowy internet i wygodne miejsca do siedzenia.<\/p>\n<h4>\nKontrola paszportowa<\/h4>\n<p>Po kontroli bezpiecze\u0144stwa ostatnim oficjalnym punktem, w kt\u00f3rym zostaniesz ostemplowany poza Egiptem, jest kontrola paszportowa. Wystarczy przekaza\u0107 funkcjonariuszowi paszport i kart\u0119 pok\u0142adow\u0105. Proces ten zajmuje kilka minut. W godzinach wzmo\u017conego ruchu kolejka mo\u017ce by\u0107 d\u0142u\u017csza. Czas oczekiwania wynosi zwykle od 5 do 10 minut.<\/p>","protected":false},"excerpt":{"rendered":"<p>Cudowne wakacje w Marsa Alam, gdzie s\u0142o\u0144ce ogrzewa sk\u00f3r\u0119, podwodny \u015bwiat fascynuje, a dusza odpoczywa [...]<\/p>","protected":false},"author":1,"featured_media":1045,"parent":0,"menu_order":0,"comment_status":"closed","ping_status":"closed","template":"","meta":{"_acf_changed":false,"site-sidebar-layout":"default","site-content-layout":"","ast-site-content-layout":"default","site-content-style":"default","site-sidebar-style":"default","ast-global-header-display":"","ast-banner-title-visibility":"","ast-main-header-display":"","ast-hfb-above-header-display":"","ast-hfb-below-header-display":"","ast-hfb-mobile-header-display":"","site-post-title":"","ast-breadcrumbs-content":"","ast-featured-img":"","footer-sml-layout":"","theme-transparent-header-meta":"default","adv-header-id-meta":"","stick-header-meta":"","header-above-stick-meta":"","header-main-stick-meta":"","header-below-stick-meta":"","astra-migrate-meta-layouts":"set","ast-page-background-enabled":"default","ast-page-background-meta":{"desktop":{"background-color":"var(--ast-global-color-4)","background-image":"","background-repeat":"repeat","background-position":"center center","background-size":"auto","background-attachment":"scroll","background-type":"","background-media":"","overlay-type":"","overlay-color":"","overlay-opacity":"","overlay-gradient":""},"tablet":{"background-color":"","background-image":"","background-repeat":"repeat","background-position":"center center","background-size":"auto","background-attachment":"scroll","background-type":"","background-media":"","overlay-type":"","overlay-color":"","overlay-opacity":"","overlay-gradient":""},"mobile":{"background-color":"","background-image":"","background-repeat":"repeat","background-position":"center center","background-size":"auto","background-attachment":"scroll","background-type":"","background-media":"","overlay-type":"","overlay-color":"","overlay-opacity":"","overlay-gradient":""}},"ast-content-background-meta":{"desktop":{"background-color":"var(--ast-global-color-5)","background-image":"","background-repeat":"repeat","background-position":"center center","background-size":"auto","background-attachment":"scroll","background-type":"","background-media":"","overlay-type":"","overlay-color":"","overlay-opacity":"","overlay-gradient":""},"tablet":{"background-color":"var(--ast-global-color-5)","background-image":"","background-repeat":"repeat","background-position":"center center","background-size":"auto","background-attachment":"scroll","background-type":"","background-media":"","overlay-type":"","overlay-color":"","overlay-opacity":"","overlay-gradient":""},"mobile":{"background-color":"var(--ast-global-color-5)","background-image":"","background-repeat":"repeat","background-position":"center center","background-size":"auto","background-attachment":"scroll","background-type":"","background-media":"","overlay-type":"","overlay-color":"","overlay-opacity":"","overlay-gradient":""}},"footnotes":""},"class_list":["post-363","page","type-page","status-publish","has-post-thumbnail","hentry"],"acf":[],"yoast_head":"<!-- This site is optimized with the Yoast SEO Premium plugin v24.0 (Yoast SEO v26.6) - https:\/\/yoast.com\/wordpress\/plugins\/seo\/ -->\n<title>Marsa Alam Airport Departures | Live Flight Status &amp; Updates<\/title>\n<meta name=\"description\" content=\"Departures from Marsa Alam Airport; View real-time flight departure information, delays and cancelations, and current weather conditions at Marsa Alam airport.\" \/>\n<meta name=\"robots\" content=\"index, follow, max-snippet:-1, max-image-preview:large, max-video-preview:-1\" \/>\n<link rel=\"canonical\" href=\"https:\/\/marsaalam-airport.com\/pl\/departures\/\" \/>\n<meta property=\"og:locale\" content=\"pl_PL\" \/>\n<meta property=\"og:type\" content=\"article\" \/>\n<meta property=\"og:title\" content=\"Marsa Alam International Airport Departures\" \/>\n<meta property=\"og:description\" content=\"Departures from Marsa Alam Airport; View real-time flight departure information, delays and cancelations, and current weather conditions at Marsa Alam airport.\" \/>\n<meta property=\"og:url\" content=\"https:\/\/marsaalam-airport.com\/pl\/departures\/\" \/>\n<meta property=\"article:publisher\" content=\"https:\/\/www.facebook.com\/marsaalamairportinternational\" \/>\n<meta property=\"article:modified_time\" content=\"2025-07-20T23:39:26+00:00\" \/>\n<meta property=\"og:image\" content=\"https:\/\/marsaalam-airport.com\/wp-content\/uploads\/rmf-departure-1.png\" \/><meta property=\"og:image\" content=\"https:\/\/marsaalam-airport.com\/wp-content\/uploads\/rmf-departure-1.png\" \/>\n\t<meta property=\"og:image:width\" content=\"200\" \/>\n\t<meta property=\"og:image:height\" content=\"200\" \/>\n\t<meta property=\"og:image:type\" content=\"image\/jpeg\" \/>\n<meta name=\"twitter:card\" content=\"summary_large_image\" \/>\n<meta name=\"twitter:image\" content=\"https:\/\/marsaalam-airport.com\/wp-content\/uploads\/rmf-departure-1.png\" \/>\n<meta name=\"twitter:label1\" content=\"Szacowany czas czytania\" \/>\n\t<meta name=\"twitter:data1\" content=\"6 minut\" \/>\n<script type=\"application\/ld+json\" class=\"yoast-schema-graph\">{\"@context\":\"https:\/\/schema.org\",\"@graph\":[{\"@type\":\"WebPage\",\"@id\":\"https:\/\/marsaalam-airport.com\/departures\/\",\"url\":\"https:\/\/marsaalam-airport.com\/departures\/\",\"name\":\"Marsa Alam Airport Departures | Live Flight Status & Updates\",\"isPartOf\":{\"@id\":\"https:\/\/marsaalam-airport.com\/#website\"},\"primaryImageOfPage\":{\"@id\":\"https:\/\/marsaalam-airport.com\/departures\/#primaryimage\"},\"image\":{\"@id\":\"https:\/\/marsaalam-airport.com\/departures\/#primaryimage\"},\"thumbnailUrl\":\"https:\/\/i2.wp.com\/marsaalam-airport.com\/wp-content\/uploads\/rmf-departure-1.png?w=200&resize=200,200&ssl=1\",\"datePublished\":\"2024-11-18T12:32:18+00:00\",\"dateModified\":\"2025-07-20T23:39:26+00:00\",\"description\":\"Departures from Marsa Alam Airport; View real-time flight departure information, delays and cancelations, and current weather conditions at Marsa Alam airport.\",\"breadcrumb\":{\"@id\":\"https:\/\/marsaalam-airport.com\/departures\/#breadcrumb\"},\"inLanguage\":\"pl-PL\",\"potentialAction\":[{\"@type\":\"ReadAction\",\"target\":[\"https:\/\/marsaalam-airport.com\/departures\/\"]}]},{\"@type\":\"ImageObject\",\"inLanguage\":\"pl-PL\",\"@id\":\"https:\/\/marsaalam-airport.com\/departures\/#primaryimage\",\"url\":\"https:\/\/i2.wp.com\/marsaalam-airport.com\/wp-content\/uploads\/rmf-departure-1.png?w=200&resize=200,200&ssl=1\",\"contentUrl\":\"https:\/\/i2.wp.com\/marsaalam-airport.com\/wp-content\/uploads\/rmf-departure-1.png?w=200&resize=200,200&ssl=1\",\"width\":\"200\",\"height\":\"200\"},{\"@type\":\"BreadcrumbList\",\"@id\":\"https:\/\/marsaalam-airport.com\/departures\/#breadcrumb\",\"itemListElement\":[{\"@type\":\"ListItem\",\"position\":1,\"name\":\"Home\",\"item\":\"https:\/\/marsaalam-airport.com\/\"},{\"@type\":\"ListItem\",\"position\":2,\"name\":\"Marsa Alam International Airport Departures\"}]},{\"@type\":\"WebSite\",\"@id\":\"https:\/\/marsaalam-airport.com\/#website\",\"url\":\"https:\/\/marsaalam-airport.com\/\",\"name\":\"Marsa Alam International Airport\",\"description\":\"\",\"publisher\":{\"@id\":\"https:\/\/marsaalam-airport.com\/#organization\"},\"alternateName\":\"RMF\",\"potentialAction\":[{\"@type\":\"SearchAction\",\"target\":{\"@type\":\"EntryPoint\",\"urlTemplate\":\"https:\/\/marsaalam-airport.com\/?s={search_term_string}\"},\"query-input\":{\"@type\":\"PropertyValueSpecification\",\"valueRequired\":true,\"valueName\":\"search_term_string\"}}],\"inLanguage\":\"pl-PL\"},{\"@type\":\"Organization\",\"@id\":\"https:\/\/marsaalam-airport.com\/#organization\",\"name\":\"Marsa Alam International Airport\",\"alternateName\":\"RMF\",\"url\":\"https:\/\/marsaalam-airport.com\/\",\"logo\":{\"@type\":\"ImageObject\",\"inLanguage\":\"pl-PL\",\"@id\":\"https:\/\/marsaalam-airport.com\/#\/schema\/logo\/image\/\",\"url\":\"https:\/\/marsaalam-airport.com\/wp-content\/uploads\/cropped-rmf-logo.png\",\"contentUrl\":\"https:\/\/marsaalam-airport.com\/wp-content\/uploads\/cropped-rmf-logo.png\",\"width\":1998,\"height\":667,\"caption\":\"Marsa Alam International Airport\"},\"image\":{\"@id\":\"https:\/\/marsaalam-airport.com\/#\/schema\/logo\/image\/\"},\"sameAs\":[\"https:\/\/www.facebook.com\/marsaalamairportinternational\"],\"description\":\"Marsa Alam Airport (RMF) provides live tracking for arrivals & departures plus comfortable airport hotels with free shuttles.\",\"email\":\"info@marsaalam-airport.com\",\"legalName\":\"Marsa Alam Airport\"}]}<\/script>\n<!-- \/ Yoast SEO Premium plugin. -->","yoast_head_json":{"title":"Marsa Alam Airport Departures | Live Flight Status & Updates","description":"Departures from Marsa Alam Airport; View real-time flight departure information, delays and cancelations, and current weather conditions at Marsa Alam airport.","robots":{"index":"index","follow":"follow","max-snippet":"max-snippet:-1","max-image-preview":"max-image-preview:large","max-video-preview":"max-video-preview:-1"},"canonical":"https:\/\/marsaalam-airport.com\/pl\/departures\/","og_locale":"pl_PL","og_type":"article","og_title":"Marsa Alam International Airport Departures","og_description":"Departures from Marsa Alam Airport; View real-time flight departure information, delays and cancelations, and current weather conditions at Marsa Alam airport.","og_url":"https:\/\/marsaalam-airport.com\/pl\/departures\/","article_publisher":"https:\/\/www.facebook.com\/marsaalamairportinternational","article_modified_time":"2025-07-20T23:39:26+00:00","og_image":[{"url":"https:\/\/marsaalam-airport.com\/wp-content\/uploads\/rmf-departure-1.png","type":"","width":"","height":""},{"width":200,"height":200,"url":"https:\/\/marsaalam-airport.com\/wp-content\/uploads\/rmf-departure-1.png","type":"image\/jpeg"}],"twitter_card":"summary_large_image","twitter_image":"https:\/\/marsaalam-airport.com\/wp-content\/uploads\/rmf-departure-1.png","twitter_misc":{"Szacowany czas czytania":"6 minut"},"schema":{"@context":"https:\/\/schema.org","@graph":[{"@type":"WebPage","@id":"https:\/\/marsaalam-airport.com\/departures\/","url":"https:\/\/marsaalam-airport.com\/departures\/","name":"Marsa Alam Airport Departures | Live Flight Status & Updates","isPartOf":{"@id":"https:\/\/marsaalam-airport.com\/#website"},"primaryImageOfPage":{"@id":"https:\/\/marsaalam-airport.com\/departures\/#primaryimage"},"image":{"@id":"https:\/\/marsaalam-airport.com\/departures\/#primaryimage"},"thumbnailUrl":"https:\/\/i2.wp.com\/marsaalam-airport.com\/wp-content\/uploads\/rmf-departure-1.png?w=200&resize=200,200&ssl=1","datePublished":"2024-11-18T12:32:18+00:00","dateModified":"2025-07-20T23:39:26+00:00","description":"Departures from Marsa Alam Airport; View real-time flight departure information, delays and cancelations, and current weather conditions at Marsa Alam airport.","breadcrumb":{"@id":"https:\/\/marsaalam-airport.com\/departures\/#breadcrumb"},"inLanguage":"pl-PL","potentialAction":[{"@type":"ReadAction","target":["https:\/\/marsaalam-airport.com\/departures\/"]}]},{"@type":"ImageObject","inLanguage":"pl-PL","@id":"https:\/\/marsaalam-airport.com\/departures\/#primaryimage","url":"https:\/\/i2.wp.com\/marsaalam-airport.com\/wp-content\/uploads\/rmf-departure-1.png?w=200&resize=200,200&ssl=1","contentUrl":"https:\/\/i2.wp.com\/marsaalam-airport.com\/wp-content\/uploads\/rmf-departure-1.png?w=200&resize=200,200&ssl=1","width":"200","height":"200"},{"@type":"BreadcrumbList","@id":"https:\/\/marsaalam-airport.com\/departures\/#breadcrumb","itemListElement":[{"@type":"ListItem","position":1,"name":"Home","item":"https:\/\/marsaalam-airport.com\/"},{"@type":"ListItem","position":2,"name":"Marsa Alam International Airport Departures"}]},{"@type":"WebSite","@id":"https:\/\/marsaalam-airport.com\/#website","url":"https:\/\/marsaalam-airport.com\/","name":"Marsa Alam International Airport","description":"","publisher":{"@id":"https:\/\/marsaalam-airport.com\/#organization"},"alternateName":"RMF","potentialAction":[{"@type":"SearchAction","target":{"@type":"EntryPoint","urlTemplate":"https:\/\/marsaalam-airport.com\/?s={search_term_string}"},"query-input":{"@type":"PropertyValueSpecification","valueRequired":true,"valueName":"search_term_string"}}],"inLanguage":"pl-PL"},{"@type":"Organization","@id":"https:\/\/marsaalam-airport.com\/#organization","name":"Marsa Alam International Airport","alternateName":"RMF","url":"https:\/\/marsaalam-airport.com\/","logo":{"@type":"ImageObject","inLanguage":"pl-PL","@id":"https:\/\/marsaalam-airport.com\/#\/schema\/logo\/image\/","url":"https:\/\/marsaalam-airport.com\/wp-content\/uploads\/cropped-rmf-logo.png","contentUrl":"https:\/\/marsaalam-airport.com\/wp-content\/uploads\/cropped-rmf-logo.png","width":1998,"height":667,"caption":"Marsa Alam International Airport"},"image":{"@id":"https:\/\/marsaalam-airport.com\/#\/schema\/logo\/image\/"},"sameAs":["https:\/\/www.facebook.com\/marsaalamairportinternational"],"description":"Marsa Alam Airport (RMF) provides live tracking for arrivals & departures plus comfortable airport hotels with free shuttles.","email":"info@marsaalam-airport.com","legalName":"Marsa Alam Airport"}]}},"_links":{"self":[{"href":"https:\/\/marsaalam-airport.com\/pl\/wp-json\/wp\/v2\/pages\/363","targetHints":{"allow":["GET"]}}],"collection":[{"href":"https:\/\/marsaalam-airport.com\/pl\/wp-json\/wp\/v2\/pages"}],"about":[{"href":"https:\/\/marsaalam-airport.com\/pl\/wp-json\/wp\/v2\/types\/page"}],"author":[{"embeddable":true,"href":"https:\/\/marsaalam-airport.com\/pl\/wp-json\/wp\/v2\/users\/1"}],"replies":[{"embeddable":true,"href":"https:\/\/marsaalam-airport.com\/pl\/wp-json\/wp\/v2\/comments?post=363"}],"version-history":[{"count":4,"href":"https:\/\/marsaalam-airport.com\/pl\/wp-json\/wp\/v2\/pages\/363\/revisions"}],"predecessor-version":[{"id":1137,"href":"https:\/\/marsaalam-airport.com\/pl\/wp-json\/wp\/v2\/pages\/363\/revisions\/1137"}],"wp:featuredmedia":[{"embeddable":true,"href":"https:\/\/marsaalam-airport.com\/pl\/wp-json\/wp\/v2\/media\/1045"}],"wp:attachment":[{"href":"https:\/\/marsaalam-airport.com\/pl\/wp-json\/wp\/v2\/media?parent=363"}],"curies":[{"name":"wp","href":"https:\/\/api.w.org\/{rel}","templated":true}]}}