{"id":1166,"date":"2025-07-21T11:22:21","date_gmt":"2025-07-21T11:22:21","guid":{"rendered":"https:\/\/marsaalam-airport.com\/?page_id=1166"},"modified":"2025-07-21T11:22:21","modified_gmt":"2025-07-21T11:22:21","slug":"fast-track","status":"publish","type":"page","link":"https:\/\/marsaalam-airport.com\/pl\/fast-track\/","title":{"rendered":"Szybka \u015bcie\u017cka bezpiecze\u0144stwa na lotnisku Marsa Alam"},"content":{"rendered":"<p>Te ostatnie kilka minut przed wej\u015bciem na pok\u0142ad samolotu... Ale co to jest? D\u0142uga kolejka do kontroli bezpiecze\u0144stwa! Ta scena mo\u017ce w jednej chwili zrujnowa\u0107 ca\u0142y wakacyjny nastr\u00f3j. Ale na szcz\u0119\u015bcie istnieje us\u0142uga Fast Track. Czy us\u0142uga ta jest dost\u0119pna w Marsa Alam, spokojnym porcie nad Morzem Czerwonym? Odkryjmy sekrety poruszania si\u0119 po lotnisku jak VIP.<\/p>\n<h2>Co to jest Fast Track Security na lotnisku Marsa Alam?<\/h2>\n<p>Fast Track to przywilej, kt\u00f3ry pozwala pasa\u017cerom omin\u0105\u0107 standardowe kolejki do punkt\u00f3w kontroli bezpiecze\u0144stwa i przej\u015b\u0107 przez dedykowany pas bezpiecze\u0144stwa znacznie szybciej. Celem jest znaczne skr\u00f3cenie czasu oczekiwania, dzi\u0119ki czemu pasa\u017cerowie mog\u0105 szybciej dotrze\u0107 do swoich bramek lub salonik\u00f3w. Fast Track zazwyczaj oferuje us\u0142ugi VIP podczas ca\u0142ego procesu, od odprawy po kontrol\u0119 paszportow\u0105 i bezpiecze\u0144stwa.<\/p>\n<h3>Czy Fast Track na lotnisku Marsa Alam jest tego warte?<\/h3>\n<p>Odpowied\u017a na to pytanie zale\u017cy wy\u0142\u0105cznie od stylu podr\u00f3\u017cowania i aktualnego nat\u0119\u017cenia ruchu na lotnisku.<\/p>\n<p>Je\u015bli przyby\u0142e\u015b na lotnisko w ostatniej chwili, podr\u00f3\u017cujesz z ma\u0142ymi dzie\u0107mi, masz ograniczon\u0105 mobilno\u015b\u0107 lub po prostu nie lubisz czeka\u0107, mo\u017cesz skorzysta\u0107 z us\u0142ugi Fast Track. Zw\u0142aszcza w godzinach du\u017cego ruchu, gdy kilka lot\u00f3w du\u017cych touroperator\u00f3w odlatuje w tym samym czasie, oczekiwanie mo\u017ce zaj\u0105\u0107 du\u017co czasu. W takich momentach us\u0142uga Fast Track pozwala zaoszcz\u0119dzi\u0107 co najmniej 30-40 minut.<\/p>\n<p>Marsa Alam jest do\u015b\u0107 spokojne w niekt\u00f3rych porach roku. To lotnisko jest lotniskiem butikowym. Je\u015bli podr\u00f3\u017cujesz poza sezonem, na lotnisku nie b\u0119dzie zbyt wielu ludzi. W takich przypadkach mo\u017ce nie by\u0107 konieczne p\u0142acenie dodatkowo za Fast Track.<\/p>\n<h2>Szybka \u015bcie\u017cka na lotnisko Marsa Alam<\/h2>\n<p>Us\u0142ugi Fast Track na lotnisku Marsa Alam nie mo\u017cna kupi\u0107 na oficjalnej stronie internetowej lotniska. Us\u0142uga ta jest \u015bwiadczona przez zewn\u0119trznych dostawc\u00f3w us\u0142ug VIP\/assist. W zwi\u0105zku z tym ceny mog\u0105 si\u0119 r\u00f3\u017cni\u0107 w zale\u017cno\u015bci od wybranej platformy i zawarto\u015bci pakietu. Poni\u017cej znajduj\u0105 si\u0119 aktualne ceny us\u0142ugi Fast Track Security:<\/p>\n<p>Meet &amp; Assist (Pearl Assist): Szybka \u015bcie\u017cka bezpiecze\u0144stwa, prze\u015bwietlenie, odprawa i kontrola paszportowa z pierwsze\u0144stwem odlotu: $35-40<\/p>\n<p>Globalny marketing - Fast Track Marsa Alam<br \/>\nTylko szybka \u015bcie\u017cka bezpiecze\u0144stwa: Doro\u015bli (12+ lat): $40-50<\/p>\n<p>Niekt\u00f3re pakiety oferuj\u0105 jedynie pierwsze\u0144stwo w korytarzu bezpiecze\u0144stwa. Pakiety \"Meet &amp; Assist\" lub \"VIP\" oferuj\u0105 r\u00f3wnie\u017c dodatkowe us\u0142ugi, takie jak obs\u0142uga baga\u017cu, dost\u0119p do poczekalni lub eskorta od drzwi do drzwi. Na wi\u0119kszo\u015bci platform cena dla dzieci i doros\u0142ych jest taka sama. Przy wyborze rodzaju biletu nale\u017cy poda\u0107 sw\u00f3j wiek.<\/p>\n<h2>Jak mog\u0119 uzyska\u0107 dost\u0119p do szybkiej \u015bcie\u017cki na lotnisko Marsa Alam?<\/h2>\n<p>Us\u0142ug\u0119 Fast Track mo\u017cna wykupi\u0107 z wyprzedzeniem, dokonuj\u0105c rezerwacji online. Us\u0142ug\u0119 Fast Track mo\u017cna kupi\u0107 na mi\u0119dzynarodowych platformach, takich jak Musement, VABA, Airssist i Paradigmairportservices. Mo\u017cna te\u017c dokona\u0107 zakupu bezpo\u015brednio w jednostkach VIP na lotnisku. Podczas procesu rezerwacji nale\u017cy wprowadzi\u0107 numer lotu, dat\u0119 i godzin\u0119. Po zako\u0144czeniu rezerwacji otrzymasz e-voucher.<\/p>\n<h3>\nCzy musz\u0119 wydrukowa\u0107 bilety Fast Track?<\/h3>\n<p>Wi\u0119kszo\u015b\u0107 platform rezerwacji online umo\u017cliwia korzystanie z \"mobilnych voucher\u00f3w\". Oznacza to, \u017ce wystarczy pokaza\u0107 na smartfonie kod QR lub plik PDF przes\u0142any na adres e-mail. Aby jednak unikn\u0105\u0107 problem\u00f3w technicznych, mo\u017cna wydrukowa\u0107 dokument i mie\u0107 go przy sobie.<\/p>\n<h4>\nCzy mog\u0119 otrzyma\u0107 zwrot pieni\u0119dzy za bilet Marsa Alam Fast Track?<\/h4>\n<p>Zale\u017cy to od polityki zwrot\u00f3w firmy, od kt\u00f3rej zakupiono us\u0142ug\u0119. Og\u00f3lnie rzecz bior\u0105c, tego typu us\u0142ugi nie podlegaj\u0105 zwrotom. Wa\u017cne jest, aby dok\u0142adnie zapozna\u0107 si\u0119 z warunkami anulowania i zwrotu koszt\u00f3w przed dokonaniem zakupu. Platformy takie jak Musement zazwyczaj oferuj\u0105 bezp\u0142atne anulowanie i zwroty do 24 godzin przed odlotem.<\/p>\n<h4>\nJak d\u0142ugo wa\u017cne s\u0105 bilety Fast Track?<\/h4>\n<p>Bilety Fast Track s\u0105 wa\u017cne tylko na dat\u0119 i godzin\u0119 lotu okre\u015blone na bilecie. Bilety te s\u0105 jednorazowego u\u017cytku. Nie mo\u017cna przenie\u015b\u0107 tej us\u0142ugi na inn\u0105 dat\u0119 lub lot.<\/p>\n<h3>\nCzy istnieje szybka \u015bcie\u017cka dla rodzin i dzieci?<\/h3>\n<p>Wiele platform oferuje zni\u017ckowe bilety dla dzieci i niemowl\u0105t. Rodziny podr\u00f3\u017cuj\u0105ce z dzie\u0107mi maj\u0105 zapewnion\u0105 szybk\u0105 \u015bcie\u017ck\u0119 i pomoc tragarza. Bilety mo\u017cna kupi\u0107 w kategorii \"Dziecko\" lub \"Niemowl\u0119\", wprowadzaj\u0105c informacje o wieku podczas rezerwacji.<\/p>\n<h3>Linie lotnicze dost\u0119pne w ramach us\u0142ugi FAST TRACK Marsa Alam<\/h3>\n<p>Us\u0142uga Fast Track jest dost\u0119pna dla wszystkich pasa\u017cer\u00f3w mi\u0119dzynarodowych i krajowych lec\u0105cych z Marsa Alam. Z us\u0142ugi Fast Track mo\u017cna r\u00f3wnie\u017c skorzysta\u0107 w przypadku lot\u00f3w czarterowych i wakacyjnych. Linie lotnicze obs\u0142uguj\u0105ce lotnisko Marsa Alam:<\/p>\n<p><strong>Air Cairo<\/strong><br \/>\n<strong>Neos<\/strong><br \/>\n<strong>Eurowings<\/strong><br \/>\n<strong>TUI Fly<\/strong><br \/>\n<strong>SmartWings<\/strong><br \/>\n<strong>Luxair<\/strong><br \/>\n<strong>Corendon Airlines<\/strong><br \/>\n<strong>Wizz Air Malta<\/strong><br \/>\n<strong>TUI Airways<\/strong><br \/>\n<strong>Chair Airlines<\/strong><br \/>\n<strong>FlexFlight<\/strong><br \/>\n<strong>Transavia<\/strong><br \/>\n<strong>UTair<\/strong><\/p>\n<p>&nbsp;<\/p>\n<h4>Jakie przedmioty mo\u017cna przewie\u017a\u0107 przez szybk\u0105 \u015bcie\u017ck\u0119 bezpiecze\u0144stwa w Marsa Alam?<\/h4>\n<p>Fast Track daje jedynie przywilej przej\u015bcia przez oddzieln\u0105 kolejk\u0119. Nie zmienia to zasad bezpiecze\u0144stwa. Wszystkie zasady maj\u0105ce zastosowanie do standardowej linii bezpiecze\u0144stwa s\u0105 dok\u0142adnie takie same dla linii Fast Track.<\/p>\n<p><strong>Nale\u017cy przestrzega\u0107 ogranicze\u0144 dotycz\u0105cych p\u0142yn\u00f3w (zazwyczaj 100 ml na pojemnik, wszystko w przezroczystej torebce).<\/strong><br \/>\n<strong>Laptopy i du\u017ce urz\u0105dzenia elektroniczne nale\u017cy umieszcza\u0107 oddzielnie na tacach.<\/strong><br \/>\n<strong>Nie wolno mie\u0107 przy sobie zabronionych przedmiot\u00f3w, takich jak ostre, kolczaste lub \u0142atwopalne materia\u0142y. <\/strong><br \/>\n<strong>Bilet Fast Track nale\u017cy zarezerwowa\u0107 co najmniej 48 godzin przed lotem. Dzi\u0119ki wcze\u015bniejszej rezerwacji mo\u017cna uzyska\u0107 obni\u017cone ceny.<\/strong><\/p>\n<p>Us\u0142uga Fast Track nie zwalnia z obowi\u0105zku przestrzegania przepis\u00f3w, a jedynie pozwala zaoszcz\u0119dzi\u0107 czas. Zw\u0142aszcza w sezonie letnim i okresach wzmo\u017conego ruchu zwi\u0105zanego z pakietami wakacyjnymi, mo\u017cesz zostawi\u0107 za sob\u0105 stresuj\u0105ce kolejki i cieszy\u0107 si\u0119 wygodn\u0105 podr\u00f3\u017c\u0105.<\/p>","protected":false},"excerpt":{"rendered":"<p>Te ostatnie kilka minut przed wej\u015bciem na pok\u0142ad samolotu... Ale co to jest? D\u0142uga kolejka do kontroli bezpiecze\u0144stwa! Ta scena mo\u017ce zrujnowa\u0107 [...]<\/p>","protected":false},"author":1,"featured_media":0,"parent":0,"menu_order":0,"comment_status":"closed","ping_status":"closed","template":"","meta":{"_acf_changed":false,"site-sidebar-layout":"default","site-content-layout":"","ast-site-content-layout":"default","site-content-style":"default","site-sidebar-style":"default","ast-global-header-display":"","ast-banner-title-visibility":"","ast-main-header-display":"","ast-hfb-above-header-display":"","ast-hfb-below-header-display":"","ast-hfb-mobile-header-display":"","site-post-title":"","ast-breadcrumbs-content":"","ast-featured-img":"","footer-sml-layout":"","theme-transparent-header-meta":"default","adv-header-id-meta":"","stick-header-meta":"","header-above-stick-meta":"","header-main-stick-meta":"","header-below-stick-meta":"","astra-migrate-meta-layouts":"set","ast-page-background-enabled":"default","ast-page-background-meta":{"desktop":{"background-color":"var(--ast-global-color-4)","background-image":"","background-repeat":"repeat","background-position":"center center","background-size":"auto","background-attachment":"scroll","background-type":"","background-media":"","overlay-type":"","overlay-color":"","overlay-opacity":"","overlay-gradient":""},"tablet":{"background-color":"","background-image":"","background-repeat":"repeat","background-position":"center center","background-size":"auto","background-attachment":"scroll","background-type":"","background-media":"","overlay-type":"","overlay-color":"","overlay-opacity":"","overlay-gradient":""},"mobile":{"background-color":"","background-image":"","background-repeat":"repeat","background-position":"center center","background-size":"auto","background-attachment":"scroll","background-type":"","background-media":"","overlay-type":"","overlay-color":"","overlay-opacity":"","overlay-gradient":""}},"ast-content-background-meta":{"desktop":{"background-color":"var(--ast-global-color-5)","background-image":"","background-repeat":"repeat","background-position":"center center","background-size":"auto","background-attachment":"scroll","background-type":"","background-media":"","overlay-type":"","overlay-color":"","overlay-opacity":"","overlay-gradient":""},"tablet":{"background-color":"var(--ast-global-color-5)","background-image":"","background-repeat":"repeat","background-position":"center center","background-size":"auto","background-attachment":"scroll","background-type":"","background-media":"","overlay-type":"","overlay-color":"","overlay-opacity":"","overlay-gradient":""},"mobile":{"background-color":"var(--ast-global-color-5)","background-image":"","background-repeat":"repeat","background-position":"center center","background-size":"auto","background-attachment":"scroll","background-type":"","background-media":"","overlay-type":"","overlay-color":"","overlay-opacity":"","overlay-gradient":""}},"footnotes":""},"class_list":["post-1166","page","type-page","status-publish","hentry"],"acf":[],"yoast_head":"<!-- This site is optimized with the Yoast SEO Premium plugin v24.0 (Yoast SEO v26.6) - https:\/\/yoast.com\/wordpress\/plugins\/seo\/ -->\n<title>Fast Track Security Marsa Alam Airport Guide<\/title>\n<meta name=\"description\" content=\"Guide to Fast Track Marsa AlamAirport security lane including prices, where to buy, what airlines offer it.\" \/>\n<meta name=\"robots\" content=\"index, follow, max-snippet:-1, max-image-preview:large, max-video-preview:-1\" \/>\n<link rel=\"canonical\" href=\"https:\/\/marsaalam-airport.com\/pl\/fast-track\/\" \/>\n<meta property=\"og:locale\" content=\"pl_PL\" \/>\n<meta property=\"og:type\" content=\"article\" \/>\n<meta property=\"og:title\" content=\"Fast Track Security Marsa Alam Airport\" \/>\n<meta property=\"og:description\" content=\"Guide to Fast Track Marsa AlamAirport security lane including prices, where to buy, what airlines offer it.\" \/>\n<meta property=\"og:url\" content=\"https:\/\/marsaalam-airport.com\/pl\/fast-track\/\" \/>\n<meta property=\"article:publisher\" content=\"https:\/\/www.facebook.com\/marsaalamairportinternational\" \/>\n<meta property=\"og:image\" content=\"https:\/\/marsaalam-airport.com\/wp-content\/uploads\/marsa-alam-airport-1.webp\" \/>\n\t<meta property=\"og:image:width\" content=\"1024\" \/>\n\t<meta property=\"og:image:height\" content=\"683\" \/>\n\t<meta property=\"og:image:type\" content=\"image\/webp\" \/>\n<meta name=\"twitter:card\" content=\"summary_large_image\" \/>\n<meta name=\"twitter:label1\" content=\"Szacowany czas czytania\" \/>\n\t<meta name=\"twitter:data1\" content=\"4 minuty\" \/>\n<script type=\"application\/ld+json\" class=\"yoast-schema-graph\">{\"@context\":\"https:\/\/schema.org\",\"@graph\":[{\"@type\":\"WebPage\",\"@id\":\"https:\/\/marsaalam-airport.com\/fast-track\/\",\"url\":\"https:\/\/marsaalam-airport.com\/fast-track\/\",\"name\":\"Fast Track Security Marsa Alam Airport Guide\",\"isPartOf\":{\"@id\":\"https:\/\/marsaalam-airport.com\/#website\"},\"datePublished\":\"2025-07-21T11:22:21+00:00\",\"description\":\"Guide to Fast Track Marsa AlamAirport security lane including prices, where to buy, what airlines offer it.\",\"breadcrumb\":{\"@id\":\"https:\/\/marsaalam-airport.com\/fast-track\/#breadcrumb\"},\"inLanguage\":\"pl-PL\",\"potentialAction\":[{\"@type\":\"ReadAction\",\"target\":[\"https:\/\/marsaalam-airport.com\/fast-track\/\"]}]},{\"@type\":\"BreadcrumbList\",\"@id\":\"https:\/\/marsaalam-airport.com\/fast-track\/#breadcrumb\",\"itemListElement\":[{\"@type\":\"ListItem\",\"position\":1,\"name\":\"Home\",\"item\":\"https:\/\/marsaalam-airport.com\/\"},{\"@type\":\"ListItem\",\"position\":2,\"name\":\"Fast Track Security Marsa Alam Airport\"}]},{\"@type\":\"WebSite\",\"@id\":\"https:\/\/marsaalam-airport.com\/#website\",\"url\":\"https:\/\/marsaalam-airport.com\/\",\"name\":\"Marsa Alam International Airport\",\"description\":\"\",\"publisher\":{\"@id\":\"https:\/\/marsaalam-airport.com\/#organization\"},\"alternateName\":\"RMF\",\"potentialAction\":[{\"@type\":\"SearchAction\",\"target\":{\"@type\":\"EntryPoint\",\"urlTemplate\":\"https:\/\/marsaalam-airport.com\/?s={search_term_string}\"},\"query-input\":{\"@type\":\"PropertyValueSpecification\",\"valueRequired\":true,\"valueName\":\"search_term_string\"}}],\"inLanguage\":\"pl-PL\"},{\"@type\":\"Organization\",\"@id\":\"https:\/\/marsaalam-airport.com\/#organization\",\"name\":\"Marsa Alam International Airport\",\"alternateName\":\"RMF\",\"url\":\"https:\/\/marsaalam-airport.com\/\",\"logo\":{\"@type\":\"ImageObject\",\"inLanguage\":\"pl-PL\",\"@id\":\"https:\/\/marsaalam-airport.com\/#\/schema\/logo\/image\/\",\"url\":\"https:\/\/marsaalam-airport.com\/wp-content\/uploads\/cropped-rmf-logo.png\",\"contentUrl\":\"https:\/\/marsaalam-airport.com\/wp-content\/uploads\/cropped-rmf-logo.png\",\"width\":1998,\"height\":667,\"caption\":\"Marsa Alam International Airport\"},\"image\":{\"@id\":\"https:\/\/marsaalam-airport.com\/#\/schema\/logo\/image\/\"},\"sameAs\":[\"https:\/\/www.facebook.com\/marsaalamairportinternational\"],\"description\":\"Marsa Alam Airport (RMF) provides live tracking for arrivals & departures plus comfortable airport hotels with free shuttles.\",\"email\":\"info@marsaalam-airport.com\",\"legalName\":\"Marsa Alam Airport\"}]}<\/script>\n<!-- \/ Yoast SEO Premium plugin. -->","yoast_head_json":{"title":"Fast Track Security Marsa Alam Airport Guide","description":"Guide to Fast Track Marsa AlamAirport security lane including prices, where to buy, what airlines offer it.","robots":{"index":"index","follow":"follow","max-snippet":"max-snippet:-1","max-image-preview":"max-image-preview:large","max-video-preview":"max-video-preview:-1"},"canonical":"https:\/\/marsaalam-airport.com\/pl\/fast-track\/","og_locale":"pl_PL","og_type":"article","og_title":"Fast Track Security Marsa Alam Airport","og_description":"Guide to Fast Track Marsa AlamAirport security lane including prices, where to buy, what airlines offer it.","og_url":"https:\/\/marsaalam-airport.com\/pl\/fast-track\/","article_publisher":"https:\/\/www.facebook.com\/marsaalamairportinternational","og_image":[{"width":1024,"height":683,"url":"https:\/\/marsaalam-airport.com\/wp-content\/uploads\/marsa-alam-airport-1.webp","type":"image\/webp"}],"twitter_card":"summary_large_image","twitter_misc":{"Szacowany czas czytania":"4 minuty"},"schema":{"@context":"https:\/\/schema.org","@graph":[{"@type":"WebPage","@id":"https:\/\/marsaalam-airport.com\/fast-track\/","url":"https:\/\/marsaalam-airport.com\/fast-track\/","name":"Fast Track Security Marsa Alam Airport Guide","isPartOf":{"@id":"https:\/\/marsaalam-airport.com\/#website"},"datePublished":"2025-07-21T11:22:21+00:00","description":"Guide to Fast Track Marsa AlamAirport security lane including prices, where to buy, what airlines offer it.","breadcrumb":{"@id":"https:\/\/marsaalam-airport.com\/fast-track\/#breadcrumb"},"inLanguage":"pl-PL","potentialAction":[{"@type":"ReadAction","target":["https:\/\/marsaalam-airport.com\/fast-track\/"]}]},{"@type":"BreadcrumbList","@id":"https:\/\/marsaalam-airport.com\/fast-track\/#breadcrumb","itemListElement":[{"@type":"ListItem","position":1,"name":"Home","item":"https:\/\/marsaalam-airport.com\/"},{"@type":"ListItem","position":2,"name":"Fast Track Security Marsa Alam Airport"}]},{"@type":"WebSite","@id":"https:\/\/marsaalam-airport.com\/#website","url":"https:\/\/marsaalam-airport.com\/","name":"Marsa Alam International Airport","description":"","publisher":{"@id":"https:\/\/marsaalam-airport.com\/#organization"},"alternateName":"RMF","potentialAction":[{"@type":"SearchAction","target":{"@type":"EntryPoint","urlTemplate":"https:\/\/marsaalam-airport.com\/?s={search_term_string}"},"query-input":{"@type":"PropertyValueSpecification","valueRequired":true,"valueName":"search_term_string"}}],"inLanguage":"pl-PL"},{"@type":"Organization","@id":"https:\/\/marsaalam-airport.com\/#organization","name":"Marsa Alam International Airport","alternateName":"RMF","url":"https:\/\/marsaalam-airport.com\/","logo":{"@type":"ImageObject","inLanguage":"pl-PL","@id":"https:\/\/marsaalam-airport.com\/#\/schema\/logo\/image\/","url":"https:\/\/marsaalam-airport.com\/wp-content\/uploads\/cropped-rmf-logo.png","contentUrl":"https:\/\/marsaalam-airport.com\/wp-content\/uploads\/cropped-rmf-logo.png","width":1998,"height":667,"caption":"Marsa Alam International Airport"},"image":{"@id":"https:\/\/marsaalam-airport.com\/#\/schema\/logo\/image\/"},"sameAs":["https:\/\/www.facebook.com\/marsaalamairportinternational"],"description":"Marsa Alam Airport (RMF) provides live tracking for arrivals & departures plus comfortable airport hotels with free shuttles.","email":"info@marsaalam-airport.com","legalName":"Marsa Alam Airport"}]}},"_links":{"self":[{"href":"https:\/\/marsaalam-airport.com\/pl\/wp-json\/wp\/v2\/pages\/1166","targetHints":{"allow":["GET"]}}],"collection":[{"href":"https:\/\/marsaalam-airport.com\/pl\/wp-json\/wp\/v2\/pages"}],"about":[{"href":"https:\/\/marsaalam-airport.com\/pl\/wp-json\/wp\/v2\/types\/page"}],"author":[{"embeddable":true,"href":"https:\/\/marsaalam-airport.com\/pl\/wp-json\/wp\/v2\/users\/1"}],"replies":[{"embeddable":true,"href":"https:\/\/marsaalam-airport.com\/pl\/wp-json\/wp\/v2\/comments?post=1166"}],"version-history":[{"count":1,"href":"https:\/\/marsaalam-airport.com\/pl\/wp-json\/wp\/v2\/pages\/1166\/revisions"}],"predecessor-version":[{"id":1168,"href":"https:\/\/marsaalam-airport.com\/pl\/wp-json\/wp\/v2\/pages\/1166\/revisions\/1168"}],"wp:attachment":[{"href":"https:\/\/marsaalam-airport.com\/pl\/wp-json\/wp\/v2\/media?parent=1166"}],"curies":[{"name":"wp","href":"https:\/\/api.w.org\/{rel}","templated":true}]}}