{"id":1160,"date":"2025-07-21T11:14:57","date_gmt":"2025-07-21T11:14:57","guid":{"rendered":"https:\/\/marsaalam-airport.com\/?page_id=1160"},"modified":"2025-07-21T11:14:57","modified_gmt":"2025-07-21T11:14:57","slug":"shopping","status":"publish","type":"page","link":"https:\/\/marsaalam-airport.com\/pl\/shopping\/","title":{"rendered":"Zakupy na lotnisku Marsa Alam"},"content":{"rendered":"<p>Dotar\u0142e\u015b do ko\u0144ca wakacji wype\u0142nionych magi\u0105 Morza Czerwonego, br\u0105zow\u0105 opalenizn\u0105 i niezliczonymi wspomnieniami. Czy przed powrotem do domu chcia\u0142by\u015b zabra\u0107 ze sob\u0105 ma\u0142y kawa\u0142ek tej wspania\u0142ej egipskiej przygody? A mo\u017ce chcia\u0142by\u015b przywie\u017a\u0107 prezent, kt\u00f3ry przypomni Twoim bliskim Egipt. Na lotnisku Marsa Alam znajduj\u0105 si\u0119 ma\u0142e sklepy, w kt\u00f3rych mo\u017cna zrobi\u0107 zakupy. To lotnisko nie ma ogromnych obszar\u00f3w handlowych, takich jak du\u017ce lotniska. Oferuje butik i kameralne zakupy, kt\u00f3re zapewniaj\u0105 podstawowe artyku\u0142y pierwszej potrzeby i autentyczne pami\u0105tki. Oto wszystko, co musisz wiedzie\u0107 przed wydaniem ostatnich egipskich funt\u00f3w!<\/p>\n<h2>\nGdzie znajduj\u0105 si\u0119 sklepy na lotnisku Marsa Alam?<\/h2>\n<p>&nbsp;<\/p>\n<p><strong>Strefa wst\u0119pnej odprawy<\/strong>: Po wej\u015bciu do hali odlot\u00f3w, ale przed przej\u015bciem przez kontrol\u0119 paszportow\u0105, znajduje si\u0119 kilka ma\u0142ych sklep\u00f3w. Mo\u017cna w nich kupi\u0107 przek\u0105ski, napoje i czasopisma.<\/p>\n<p><strong>Salon odlot\u00f3w<\/strong>: Prawdziwe zakupy zaczynaj\u0105 si\u0119 po przej\u015bciu przez kontrol\u0119 paszportow\u0105 i kontrol\u0119 bezpiecze\u0144stwa. W tym obszarze, w kt\u00f3rym b\u0119dziesz czeka\u0107 na sw\u00f3j lot, znajdziesz g\u0142\u00f3wny sklep wolnoc\u0142owy i r\u00f3\u017cne sklepy z pami\u0105tkami. Wszystkie sklepy znajduj\u0105 si\u0119 blisko siebie.<\/p>\n<h3>\nJakie s\u0105 godziny otwarcia sklepu na lotnisku Marsa Alam?<\/h3>\n<p>Liczba lot\u00f3w na lotnisku Marsa Alam jest ograniczona. W zwi\u0105zku z tym godziny otwarcia sklep\u00f3w s\u0105 ca\u0142kowicie uzale\u017cnione od rozk\u0142adu lot\u00f3w na dany dzie\u0144. Sklepy s\u0105 otwierane na kilka godzin przed pierwszym zaplanowanym lotem i dzia\u0142aj\u0105 do ostatniego odlotu. Oznacza to, \u017ce je\u015bli Tw\u00f3j lot jest zaplanowany, mo\u017cesz mie\u0107 pewno\u015b\u0107, \u017ce sklepy b\u0119d\u0105 otwarte.<\/p>\n<h4>Czy zakupy na lotnisku Marsa Alam s\u0105 tanie?<\/h4>\n<p>Pami\u0105tki: Autentyczne egipskie pami\u0105tki, takie jak papirus, ma\u0142e pos\u0105\u017cki i zestawy przypraw s\u0105 dro\u017csze na lotnisku ni\u017c na targu w mie\u015bcie lub w sklepach w El Quseir. Tutaj p\u0142acisz sta\u0142\u0105 i wy\u017csz\u0105 cen\u0119 za produkt, kt\u00f3ry m\u00f3g\u0142by\u015b kupi\u0107 po ni\u017cszej cenie targuj\u0105c si\u0119 w mie\u015bcie. Dlatego zalecam robienie zakup\u00f3w pami\u0105tek podczas wakacji.<\/p>\n<p>Produkty bezc\u0142owe: Klasyczne produkty bezc\u0142owe, takie jak perfumy, kosmetyki, napoje alkoholowe i wyroby tytoniowe, mog\u0105 by\u0107 bardziej przyst\u0119pne ni\u017c ceny detaliczne w danym kraju, poniewa\u017c s\u0105 zwolnione z podatku. Nie zawsze oznacza to jednak, \u017ce s\u0105 one najta\u0144sze. Nie zapomnij wi\u0119c por\u00f3wna\u0107 cen.<\/p>\n<h3>Zakupy bezc\u0142owe<\/h3>\n<p>Zakupy bezc\u0142owe oznaczaj\u0105 dok\u0142adnie to, co m\u00f3wi\u0105: zakupy bez p\u0142acenia podatk\u00f3w. Pozwala to pasa\u017cerom odlatuj\u0105cym z kraju lotem mi\u0119dzynarodowym na zakup niekt\u00f3rych produkt\u00f3w bez p\u0142acenia lokalnych podatk\u00f3w. Aby dokona\u0107 zakupu, przy kasie nale\u017cy okaza\u0107 paszport i kart\u0119 pok\u0142adow\u0105. Dowodzi to, \u017ce opuszczasz kraj i kwalifikujesz si\u0119 do tego przywileju. Ale uwaga! Istniej\u0105 limity ilo\u015bci alkoholu i wyrob\u00f3w tytoniowych, kt\u00f3re ka\u017cdy pasa\u017cer mo\u017ce wwie\u017a\u0107 do swojego kraju. Aby unikn\u0105\u0107 przekroczenia tych limit\u00f3w, nale\u017cy z wyprzedzeniem sprawdzi\u0107 przepisy celne kraju, do kt\u00f3rego podr\u00f3\u017cujesz.<\/p>\n<h3>\nNasze 5 najlepszych wskaz\u00f3wek dotycz\u0105cych zakup\u00f3w na lotnisku w Marsa Alam<\/h3>\n<p>&nbsp;<\/p>\n<p><strong>Por\u00f3wnaj ceny<\/strong>: Je\u015bli podczas wakacji znajdziesz pami\u0105tk\u0119, kt\u00f3ra Ci si\u0119 podoba, spr\u00f3buj kupi\u0107 j\u0105 w sklepie w mie\u015bcie po targowaniu si\u0119. Lotnisko powinno by\u0107 opcj\u0105 tylko dla prezent\u00f3w \"last minute\" lub zapomnianych.<br \/>\n<strong>Znajomo\u015b\u0107 limit\u00f3w celnych<\/strong>: Zw\u0142aszcza je\u015bli planujesz zakup alkoholu lub papieros\u00f3w, upewnij si\u0119, \u017ce nie przekraczasz limit\u00f3w zwolnie\u0144 celnych w swoim kraju. Nadmiar przedmiot\u00f3w mo\u017ce zosta\u0107 skonfiskowany lub b\u0119dziesz musia\u0142 zap\u0142aci\u0107 wysokie podatki.<br \/>\n<strong>Wydaj swoje ostatnie egipskie funty<\/strong>: Wykorzystaj ostatnie egipskie funty w portfelu, aby kupi\u0107 butelk\u0119 wody, przek\u0105sk\u0119 lub ma\u0142y magnes.<br \/>\n<strong>Opcje p\u0142atno\u015bci<\/strong>: Wi\u0119kszo\u015b\u0107 sklep\u00f3w akceptuje euro, dolary ameryka\u0144skie i funty egipskie. Akceptowane s\u0105 r\u00f3wnie\u017c karty kredytowe. Og\u00f3lnie rzecz bior\u0105c, staraj si\u0119 p\u0142aci\u0107 w walucie wymienionej na metce z cen\u0105 (zwykle w euro lub dolarach), aby unikn\u0105\u0107 r\u00f3\u017cnic kursowych.<\/p>\n<p><strong>Koncentracja na autentycznych produktach<\/strong>: Zamiast mi\u0119dzynarodowych marek, polecam kupowanie lokalnych produkt\u00f3w, takich jak ma\u0142e r\u0119cznie robione przedmioty unikalne dla Egiptu i wysokiej jako\u015bci tkaniny bawe\u0142niane. Nie wsz\u0119dzie znajdziesz takie produkty.<\/p>\n<h3>Lista sklep\u00f3w w porcie lotniczym Marsa Alam<\/h3>\n<p>&nbsp;<\/p>\n<p><strong>EGYPTAIR Duty Free<\/strong>: Najwi\u0119kszy sklep wolnoc\u0142owy znajduje si\u0119 za kontrol\u0105 paszportow\u0105. Mo\u017cna tu znale\u017a\u0107 perfumy, kosmetyki, napoje alkoholowe, wyroby tytoniowe, czekolad\u0119 i produkty niekt\u00f3rych mi\u0119dzynarodowych marek. Sklep ten znajduje si\u0119 zaraz na pocz\u0105tku mi\u0119dzynarodowego korytarza odlot\u00f3w, po prawej stronie po przej\u015bciu przez kontrol\u0119 paszportow\u0105. Gdy tylko wejdziesz do \u015brodka, przywita Ci\u0119 przestronna powierzchnia przekraczaj\u0105ca 300 m\u00b2. Mo\u017cna tu znale\u017a\u0107 kolekcje perfum i kosmetyk\u00f3w \u015bwiatowych gigant\u00f3w, takich jak Chanel, Dior, Lanc\u00f4me, Est\u00e9e Lauder, Gucci i Versace, wyroby tytoniowe takich marek jak Marlboro i Davidoff oraz czekolady i s\u0142odycze z ca\u0142ego \u015bwiata (Lindt, Toblerone, Ferrero Rocher). Sklep wy\u015bwietla cen\u0119 netto, zwolnion\u0105 z podatku \"tax free\", dla ka\u017cdej grupy produkt\u00f3w.<\/p>\n<p><strong>Overseas Duty Free<\/strong>: Overseas Duty Free znajduje si\u0119 w mi\u0119dzynarodowej sekcji odlot\u00f3w lotniska, w korytarzu r\u00f3wnoleg\u0142ym do EGYPTAIR Duty Free. Jego przestronny sklep o powierzchni 200 m\u00b2 sprzedaje produkty mi\u0119dzynarodowych marek akcesori\u00f3w i mody. Ponadto sklep oferuje produkty takich marek jak Samsonite, Delsey, Tumi i Kipling w baga\u017cach, torbach i zestawach podr\u00f3\u017cnych. Sklep cz\u0119sto oferuje zni\u017cki \"kup 3, zap\u0142a\u0107 za 2\" i \"zestaw w pakiecie\", zapewniaj\u0105c korzystne mo\u017cliwo\u015bci dla os\u00f3b dbaj\u0105cych o bud\u017cet.<\/p>\n<p><strong>Sklepy i Bazary<\/strong>: Na ma\u0142ych straganach obok stref wolnoc\u0142owych mo\u017cna znale\u017a\u0107 produkty odzwierciedlaj\u0105ce tysi\u0105ce lat egipskiej tradycji rzemie\u015blniczej. Te ma\u0142e sklepy s\u0105 idealne dla os\u00f3b poszukuj\u0105cych tradycyjnych egipskich pami\u0105tek. Mo\u017cna tu kupi\u0107 pos\u0105gi faraon\u00f3w, malowid\u0142a na papirusie, figurki \"sfinks\u00f3w\" i inne artyku\u0142y turystyczne.<\/p>\n<p>Mieszanki przypraw (dzika r\u00f3\u017ca, kminek, kardamon, szafran) s\u0105 sprzedawane w aromatycznych szklanych s\u0142oikach. Te specjalne mieszanki mo\u017cna wykorzysta\u0107 podczas gotowania. Ponadto lotnisko oferuje r\u0119cznie robion\u0105 bi\u017cuteri\u0119, kolorowe szklane koraliki, srebrne filigrany i turkusowe naszyjniki, bransoletki i kolczyki. Ceny na lotnisku s\u0105 sta\u0142e. Nie pr\u00f3buj si\u0119 tutaj targowa\u0107. Sp\u0119d\u017a ostatnie godziny w Marsa Alam, szukaj\u0105c ostatniej egipskiej pami\u0105tki na tym spokojnym i relaksuj\u0105cym lotnisku. \u017byczymy bezpiecznego lotu.<\/p>","protected":false},"excerpt":{"rendered":"<p>Dotar\u0142e\u015b do ko\u0144ca wakacji wype\u0142nionych magi\u0105 Morza Czerwonego, br\u0105zow\u0105 opalenizn\u0105 i [...]<\/p>","protected":false},"author":1,"featured_media":0,"parent":0,"menu_order":0,"comment_status":"closed","ping_status":"closed","template":"","meta":{"_acf_changed":false,"site-sidebar-layout":"default","site-content-layout":"","ast-site-content-layout":"default","site-content-style":"default","site-sidebar-style":"default","ast-global-header-display":"","ast-banner-title-visibility":"","ast-main-header-display":"","ast-hfb-above-header-display":"","ast-hfb-below-header-display":"","ast-hfb-mobile-header-display":"","site-post-title":"","ast-breadcrumbs-content":"","ast-featured-img":"","footer-sml-layout":"","theme-transparent-header-meta":"default","adv-header-id-meta":"","stick-header-meta":"","header-above-stick-meta":"","header-main-stick-meta":"","header-below-stick-meta":"","astra-migrate-meta-layouts":"set","ast-page-background-enabled":"default","ast-page-background-meta":{"desktop":{"background-color":"var(--ast-global-color-4)","background-image":"","background-repeat":"repeat","background-position":"center center","background-size":"auto","background-attachment":"scroll","background-type":"","background-media":"","overlay-type":"","overlay-color":"","overlay-opacity":"","overlay-gradient":""},"tablet":{"background-color":"","background-image":"","background-repeat":"repeat","background-position":"center center","background-size":"auto","background-attachment":"scroll","background-type":"","background-media":"","overlay-type":"","overlay-color":"","overlay-opacity":"","overlay-gradient":""},"mobile":{"background-color":"","background-image":"","background-repeat":"repeat","background-position":"center center","background-size":"auto","background-attachment":"scroll","background-type":"","background-media":"","overlay-type":"","overlay-color":"","overlay-opacity":"","overlay-gradient":""}},"ast-content-background-meta":{"desktop":{"background-color":"var(--ast-global-color-5)","background-image":"","background-repeat":"repeat","background-position":"center center","background-size":"auto","background-attachment":"scroll","background-type":"","background-media":"","overlay-type":"","overlay-color":"","overlay-opacity":"","overlay-gradient":""},"tablet":{"background-color":"var(--ast-global-color-5)","background-image":"","background-repeat":"repeat","background-position":"center center","background-size":"auto","background-attachment":"scroll","background-type":"","background-media":"","overlay-type":"","overlay-color":"","overlay-opacity":"","overlay-gradient":""},"mobile":{"background-color":"var(--ast-global-color-5)","background-image":"","background-repeat":"repeat","background-position":"center center","background-size":"auto","background-attachment":"scroll","background-type":"","background-media":"","overlay-type":"","overlay-color":"","overlay-opacity":"","overlay-gradient":""}},"footnotes":""},"class_list":["post-1160","page","type-page","status-publish","hentry"],"acf":[],"yoast_head":"<!-- This site is optimized with the Yoast SEO Premium plugin v24.0 (Yoast SEO v26.6) - https:\/\/yoast.com\/wordpress\/plugins\/seo\/ -->\n<title>Marsa Alam Airport Shops - Shopping At Marsa Alam Airport<\/title>\n<meta name=\"description\" content=\"Lists the different shops in Marsa Alam Airport, where they are, and duty-free limits explained. Plus tips for Marsa Alam Airport shopping.\" \/>\n<meta name=\"robots\" content=\"index, follow, max-snippet:-1, max-image-preview:large, max-video-preview:-1\" \/>\n<link rel=\"canonical\" href=\"https:\/\/marsaalam-airport.com\/pl\/shopping\/\" \/>\n<meta property=\"og:locale\" content=\"pl_PL\" \/>\n<meta property=\"og:type\" content=\"article\" \/>\n<meta property=\"og:title\" content=\"Shopping Marsa Alam Airport\" \/>\n<meta property=\"og:description\" content=\"Lists the different shops in Marsa Alam Airport, where they are, and duty-free limits explained. Plus tips for Marsa Alam Airport shopping.\" \/>\n<meta property=\"og:url\" content=\"https:\/\/marsaalam-airport.com\/pl\/shopping\/\" \/>\n<meta property=\"article:publisher\" content=\"https:\/\/www.facebook.com\/marsaalamairportinternational\" \/>\n<meta property=\"og:image\" content=\"https:\/\/marsaalam-airport.com\/wp-content\/uploads\/marsa-alam-airport-1.webp\" \/>\n\t<meta property=\"og:image:width\" content=\"1024\" \/>\n\t<meta property=\"og:image:height\" content=\"683\" \/>\n\t<meta property=\"og:image:type\" content=\"image\/webp\" \/>\n<meta name=\"twitter:card\" content=\"summary_large_image\" \/>\n<meta name=\"twitter:label1\" content=\"Szacowany czas czytania\" \/>\n\t<meta name=\"twitter:data1\" content=\"5 minut\" \/>\n<script type=\"application\/ld+json\" class=\"yoast-schema-graph\">{\"@context\":\"https:\/\/schema.org\",\"@graph\":[{\"@type\":\"WebPage\",\"@id\":\"https:\/\/marsaalam-airport.com\/shopping\/\",\"url\":\"https:\/\/marsaalam-airport.com\/shopping\/\",\"name\":\"Marsa Alam Airport Shops - Shopping At Marsa Alam Airport\",\"isPartOf\":{\"@id\":\"https:\/\/marsaalam-airport.com\/#website\"},\"datePublished\":\"2025-07-21T11:14:57+00:00\",\"description\":\"Lists the different shops in Marsa Alam Airport, where they are, and duty-free limits explained. Plus tips for Marsa Alam Airport shopping.\",\"breadcrumb\":{\"@id\":\"https:\/\/marsaalam-airport.com\/shopping\/#breadcrumb\"},\"inLanguage\":\"pl-PL\",\"potentialAction\":[{\"@type\":\"ReadAction\",\"target\":[\"https:\/\/marsaalam-airport.com\/shopping\/\"]}]},{\"@type\":\"BreadcrumbList\",\"@id\":\"https:\/\/marsaalam-airport.com\/shopping\/#breadcrumb\",\"itemListElement\":[{\"@type\":\"ListItem\",\"position\":1,\"name\":\"Home\",\"item\":\"https:\/\/marsaalam-airport.com\/\"},{\"@type\":\"ListItem\",\"position\":2,\"name\":\"Shopping Marsa Alam Airport\"}]},{\"@type\":\"WebSite\",\"@id\":\"https:\/\/marsaalam-airport.com\/#website\",\"url\":\"https:\/\/marsaalam-airport.com\/\",\"name\":\"Marsa Alam International Airport\",\"description\":\"\",\"publisher\":{\"@id\":\"https:\/\/marsaalam-airport.com\/#organization\"},\"alternateName\":\"RMF\",\"potentialAction\":[{\"@type\":\"SearchAction\",\"target\":{\"@type\":\"EntryPoint\",\"urlTemplate\":\"https:\/\/marsaalam-airport.com\/?s={search_term_string}\"},\"query-input\":{\"@type\":\"PropertyValueSpecification\",\"valueRequired\":true,\"valueName\":\"search_term_string\"}}],\"inLanguage\":\"pl-PL\"},{\"@type\":\"Organization\",\"@id\":\"https:\/\/marsaalam-airport.com\/#organization\",\"name\":\"Marsa Alam International Airport\",\"alternateName\":\"RMF\",\"url\":\"https:\/\/marsaalam-airport.com\/\",\"logo\":{\"@type\":\"ImageObject\",\"inLanguage\":\"pl-PL\",\"@id\":\"https:\/\/marsaalam-airport.com\/#\/schema\/logo\/image\/\",\"url\":\"https:\/\/marsaalam-airport.com\/wp-content\/uploads\/cropped-rmf-logo.png\",\"contentUrl\":\"https:\/\/marsaalam-airport.com\/wp-content\/uploads\/cropped-rmf-logo.png\",\"width\":1998,\"height\":667,\"caption\":\"Marsa Alam International Airport\"},\"image\":{\"@id\":\"https:\/\/marsaalam-airport.com\/#\/schema\/logo\/image\/\"},\"sameAs\":[\"https:\/\/www.facebook.com\/marsaalamairportinternational\"],\"description\":\"Marsa Alam Airport (RMF) provides live tracking for arrivals & departures plus comfortable airport hotels with free shuttles.\",\"email\":\"info@marsaalam-airport.com\",\"legalName\":\"Marsa Alam Airport\"}]}<\/script>\n<!-- \/ Yoast SEO Premium plugin. -->","yoast_head_json":{"title":"Marsa Alam Airport Shops - Shopping At Marsa Alam Airport","description":"Lists the different shops in Marsa Alam Airport, where they are, and duty-free limits explained. Plus tips for Marsa Alam Airport shopping.","robots":{"index":"index","follow":"follow","max-snippet":"max-snippet:-1","max-image-preview":"max-image-preview:large","max-video-preview":"max-video-preview:-1"},"canonical":"https:\/\/marsaalam-airport.com\/pl\/shopping\/","og_locale":"pl_PL","og_type":"article","og_title":"Shopping Marsa Alam Airport","og_description":"Lists the different shops in Marsa Alam Airport, where they are, and duty-free limits explained. Plus tips for Marsa Alam Airport shopping.","og_url":"https:\/\/marsaalam-airport.com\/pl\/shopping\/","article_publisher":"https:\/\/www.facebook.com\/marsaalamairportinternational","og_image":[{"width":1024,"height":683,"url":"https:\/\/marsaalam-airport.com\/wp-content\/uploads\/marsa-alam-airport-1.webp","type":"image\/webp"}],"twitter_card":"summary_large_image","twitter_misc":{"Szacowany czas czytania":"5 minut"},"schema":{"@context":"https:\/\/schema.org","@graph":[{"@type":"WebPage","@id":"https:\/\/marsaalam-airport.com\/shopping\/","url":"https:\/\/marsaalam-airport.com\/shopping\/","name":"Marsa Alam Airport Shops - Shopping At Marsa Alam Airport","isPartOf":{"@id":"https:\/\/marsaalam-airport.com\/#website"},"datePublished":"2025-07-21T11:14:57+00:00","description":"Lists the different shops in Marsa Alam Airport, where they are, and duty-free limits explained. Plus tips for Marsa Alam Airport shopping.","breadcrumb":{"@id":"https:\/\/marsaalam-airport.com\/shopping\/#breadcrumb"},"inLanguage":"pl-PL","potentialAction":[{"@type":"ReadAction","target":["https:\/\/marsaalam-airport.com\/shopping\/"]}]},{"@type":"BreadcrumbList","@id":"https:\/\/marsaalam-airport.com\/shopping\/#breadcrumb","itemListElement":[{"@type":"ListItem","position":1,"name":"Home","item":"https:\/\/marsaalam-airport.com\/"},{"@type":"ListItem","position":2,"name":"Shopping Marsa Alam Airport"}]},{"@type":"WebSite","@id":"https:\/\/marsaalam-airport.com\/#website","url":"https:\/\/marsaalam-airport.com\/","name":"Marsa Alam International Airport","description":"","publisher":{"@id":"https:\/\/marsaalam-airport.com\/#organization"},"alternateName":"RMF","potentialAction":[{"@type":"SearchAction","target":{"@type":"EntryPoint","urlTemplate":"https:\/\/marsaalam-airport.com\/?s={search_term_string}"},"query-input":{"@type":"PropertyValueSpecification","valueRequired":true,"valueName":"search_term_string"}}],"inLanguage":"pl-PL"},{"@type":"Organization","@id":"https:\/\/marsaalam-airport.com\/#organization","name":"Marsa Alam International Airport","alternateName":"RMF","url":"https:\/\/marsaalam-airport.com\/","logo":{"@type":"ImageObject","inLanguage":"pl-PL","@id":"https:\/\/marsaalam-airport.com\/#\/schema\/logo\/image\/","url":"https:\/\/marsaalam-airport.com\/wp-content\/uploads\/cropped-rmf-logo.png","contentUrl":"https:\/\/marsaalam-airport.com\/wp-content\/uploads\/cropped-rmf-logo.png","width":1998,"height":667,"caption":"Marsa Alam International Airport"},"image":{"@id":"https:\/\/marsaalam-airport.com\/#\/schema\/logo\/image\/"},"sameAs":["https:\/\/www.facebook.com\/marsaalamairportinternational"],"description":"Marsa Alam Airport (RMF) provides live tracking for arrivals & departures plus comfortable airport hotels with free shuttles.","email":"info@marsaalam-airport.com","legalName":"Marsa Alam Airport"}]}},"_links":{"self":[{"href":"https:\/\/marsaalam-airport.com\/pl\/wp-json\/wp\/v2\/pages\/1160","targetHints":{"allow":["GET"]}}],"collection":[{"href":"https:\/\/marsaalam-airport.com\/pl\/wp-json\/wp\/v2\/pages"}],"about":[{"href":"https:\/\/marsaalam-airport.com\/pl\/wp-json\/wp\/v2\/types\/page"}],"author":[{"embeddable":true,"href":"https:\/\/marsaalam-airport.com\/pl\/wp-json\/wp\/v2\/users\/1"}],"replies":[{"embeddable":true,"href":"https:\/\/marsaalam-airport.com\/pl\/wp-json\/wp\/v2\/comments?post=1160"}],"version-history":[{"count":1,"href":"https:\/\/marsaalam-airport.com\/pl\/wp-json\/wp\/v2\/pages\/1160\/revisions"}],"predecessor-version":[{"id":1162,"href":"https:\/\/marsaalam-airport.com\/pl\/wp-json\/wp\/v2\/pages\/1160\/revisions\/1162"}],"wp:attachment":[{"href":"https:\/\/marsaalam-airport.com\/pl\/wp-json\/wp\/v2\/media?parent=1160"}],"curies":[{"name":"wp","href":"https:\/\/api.w.org\/{rel}","templated":true}]}}