{"id":1154,"date":"2025-07-21T11:09:04","date_gmt":"2025-07-21T11:09:04","guid":{"rendered":"https:\/\/marsaalam-airport.com\/?page_id=1154"},"modified":"2025-10-08T00:20:19","modified_gmt":"2025-10-08T00:20:19","slug":"taxis","status":"publish","type":"page","link":"https:\/\/marsaalam-airport.com\/pl\/taxis\/","title":{"rendered":"Taks\u00f3wki Lotnisko Marsa Alam"},"content":{"rendered":"<p>Tw\u00f3j samolot wyl\u0105dowa\u0142 w Marsa Alam, spokojnej perle Morza Czerwonego. Po locie mo\u017cesz chcie\u0107 jak najszybciej dosta\u0107 si\u0119 do hotelu i zrelaksowa\u0107 si\u0119 nad krystalicznie czystymi wodami. Je\u015bli nie zorganizowa\u0142e\u015b transferu z wyprzedzeniem, mo\u017cesz wskoczy\u0107 do taks\u00f3wki zaraz po wyj\u015bciu z terminalu i uda\u0107 si\u0119 do hotelu. Je\u015bli odwiedzasz Egipt po raz pierwszy, jest kilka rzeczy, kt\u00f3re powiniene\u015b wiedzie\u0107 o taks\u00f3wkach. Ale nie martw si\u0119! Dzi\u0119ki temu przewodnikowi b\u0119dziesz w stanie targowa\u0107 si\u0119 jak profesjonalista, uzgodni\u0107 odpowiedni\u0105 cen\u0119 i bezpiecznie dotrze\u0107 do hotelu. Je\u015bli chcesz pozna\u0107 wszystkie tajniki korzystania z taks\u00f3wek na lotnisku Marsa Alam, polecam przeczytanie tego szczeg\u00f3\u0142owego artyku\u0142u. Oto wszystko, co musisz wiedzie\u0107 o taks\u00f3wkach na lotnisku Marsa Alam!<\/p>\n<p><br \/>\n<br \/>\n<br \/>\n<br \/>\n<br \/>\n<br \/>\n<br \/>\n<br \/>\n<br \/>\n<script async src=\"https:\/\/tpscr.com\/content?trs=405879&shmarker=621353&locale=pl&city=Marsa%20Alam&show_header=true&powered_by=false&campaign_id=627&promo_id=8951\" charset=\"utf-8\"><\/script><br \/>\n<\/p>\n<h2>Taks\u00f3wki na lotnisku Marsa Alam: Ceny, jak znale\u017a\u0107 i wskaz\u00f3wki<\/h2>\n<p>Po wyj\u015bciu z lotniska Marsa Alam na zewn\u0105trz terminalu na pasa\u017cer\u00f3w czekaj\u0105 taks\u00f3wki. Przed budynkiem terminalu znajduj\u0105 si\u0119 postoje taks\u00f3wek. Taks\u00f3wki na lotnisku kursuj\u0105 w zale\u017cno\u015bci od ruchu lotniczego. Wi\u0119kszo\u015b\u0107 taks\u00f3wek na lotnisku ma liczniki, ale wi\u0119kszo\u015b\u0107 kierowc\u00f3w ich nie u\u017cywa. Kierowcy maj\u0105 w\u0142asne cenniki. Nale\u017cy negocjowa\u0107 z kierowc\u0105 przed wej\u015bciem do taks\u00f3wki. Nie nale\u017cy akceptowa\u0107 pierwszej oferowanej ceny. Pami\u0119taj, aby poda\u0107 kierowcy cel podr\u00f3\u017cy i uzgodni\u0107 cen\u0119 przed wej\u015bciem do samochodu.<\/p>\n<p>Upewnij si\u0119, \u017ce masz przy sobie wystarczaj\u0105c\u0105 ilo\u015b\u0107 lokalnej waluty (EGP), poniewa\u017c prawie \u017cadna taks\u00f3wka nie akceptuje kart kredytowych. W przypadku d\u0142ugich dystans\u00f3w lub nocnych podr\u00f3\u017cy wybierz taks\u00f3wk\u0119 ze sta\u0142\u0105 taryf\u0105 zamiast taks\u00f3wki z licznikiem. Je\u015bli podr\u00f3\u017cujesz z dzie\u0107mi, nie zapomnij zabra\u0107 ze sob\u0105 przeno\u015bnego fotelika dzieci\u0119cego, poniewa\u017c taks\u00f3wki w Egipcie nie s\u0105 wyposa\u017cone w foteliki dzieci\u0119ce.<\/p>\n<h3>Szybkie spojrzenie na ceny taks\u00f3wek na lotnisku Marsa Alam<\/h3>\n<p>Op\u0142ata pocz\u0105tkowa za taks\u00f3wki z licznikiem wynosi 10 EGP. Op\u0142ata za kilometr wynosi 3,5 EGP. Wi\u0119kszo\u015b\u0107 kierowc\u00f3w oferuje jednak sta\u0142\u0105 cen\u0119. Przy wyj\u015bciu z lotniska negocjuj z kierowc\u0105 na podstawie miejsca docelowego. Pami\u0119taj, aby doprecyzowa\u0107 cen\u0119 przed wyj\u015bciem z taks\u00f3wki, aby unikn\u0105\u0107 niespodzianek.<br \/>\nKoszt taks\u00f3wki z lotniska Marsa Alam do pobliskiego hotelu, takiego jak Port Ghalib, wynosi od 15 do 20 USD. Kwota ta mo\u017ce wzrosn\u0105\u0107 lub zmale\u0107 w zale\u017cno\u015bci od umiej\u0119tno\u015bci targowania si\u0119, pory dnia i dok\u0142adnej lokalizacji hotelu.<\/p>\n<h2>Ceny taks\u00f3wek na lotnisku Marsa Alam<\/h2>\n<p>Chocia\u017c trudno jest poda\u0107 szczeg\u00f3\u0142owe ceny, oto kilka \u015brednich wynegocjowanych taryf dla popularnych tras, aby da\u0107 ci og\u00f3lne wyobra\u017cenie:<\/p>\n<p>Sta\u0142a op\u0142ata za przejazd do centrum Marsa Alam: $20-30<br \/>\nPort Ghalib: $11-18<br \/>\nEl Quseir: $44-55<br \/>\nHurghada: 60-66 USD<\/p>\n<p>Nale\u017cy pami\u0119ta\u0107, \u017ce liczby te s\u0105 punktami wyj\u015bcia. Pocz\u0105tkowa cena kierowcy b\u0119dzie zazwyczaj wy\u017csza. Dzi\u0119ki umiej\u0119tno\u015bciom negocjacyjnym mo\u017cesz uzyska\u0107 bardziej przyst\u0119pn\u0105 cen\u0119 przejazdu.<\/p>\n<h3>Jak dzia\u0142aj\u0105 taks\u00f3wki na lotnisku Marsa Alam? Czy taks\u00f3wki w Marsa Alam maj\u0105 taksometry?<\/h3>\n<p>Oto najwa\u017cniejsza kwestia: Taks\u00f3wki w Marsa Alam albo nie maj\u0105 licznik\u00f3w, albo ich nie u\u017cywaj\u0105. Ceny s\u0105 ca\u0142kowicie oparte na negocjacjach. Jest to integralna cz\u0119\u015b\u0107 podr\u00f3\u017cowania po Egipcie. Oto jak to dzia\u0142a:<br \/>\nPodajesz kierowcy nazw\u0119 hotelu, do kt\u00f3rego chcesz si\u0119 uda\u0107.<br \/>\nKierowca poda cen\u0119.<br \/>\nSk\u0142adasz kontrofert\u0119 zbli\u017con\u0105 do ceny, kt\u00f3r\u0105 uwa\u017casz za rozs\u0105dn\u0105.<br \/>\nPo kilku rundach negocjacji udaje si\u0119 wypracowa\u0107 kompromis.<br \/>\nNajwa\u017cniejsza zasada: Nigdy nie wsiadaj do taks\u00f3wki ani nie rozpoczynaj podr\u00f3\u017cy bez uzgodnienia ceny. Upewnij si\u0119, \u017ce uzgodniona kwota jest ca\u0142kowit\u0105 op\u0142at\u0105 za przejazd. Je\u015bli nie mo\u017cesz uzgodni\u0107 ceny, negocjuj z innym kierowc\u0105.<\/p>\n<h3>Gdzie znajduje si\u0119 post\u00f3j taks\u00f3wek na lotnisku Marsa Alam Airport Arrivals?<\/h3>\n<p>Znalezienie taks\u00f3wki na tym lotnisku jest do\u015b\u0107 \u0142atwe. Po odebraniu baga\u017cu i wyj\u015bciu z hali przylot\u00f3w, tu\u017c przed sob\u0105 zobaczysz post\u00f3j taks\u00f3wek. Post\u00f3j taks\u00f3wek znajduje si\u0119 tu\u017c przed budynkiem terminalu.<\/p>\n<h4>Ile os\u00f3b mo\u017ce podr\u00f3\u017cowa\u0107 taks\u00f3wk\u0105 w Marsa Alam? Co z w\u00f3zkami inwalidzkimi? A foteliki dzieci\u0119ce?<\/h4>\n<p>Taks\u00f3wki na lotnisku Marsa Alam to zazwyczaj standardowe pojazdy typu sedan. S\u0105 idealne dla 3 pasa\u017cer\u00f3w i baga\u017cu, kt\u00f3ry zmie\u015bci si\u0119 w baga\u017cniku, z wy\u0142\u0105czeniem kierowcy. Je\u015bli jest was 4 i macie niewielki baga\u017c, r\u00f3wnie\u017c si\u0119 zmie\u015bcicie. Je\u015bli jeste\u015b du\u017c\u0105 grup\u0105 lub masz du\u017co baga\u017cu, lepszym rozwi\u0105zaniem mo\u017ce by\u0107 zorganizowanie prywatnego transferu minibusem.<br \/>\nStandardowe taks\u00f3wki lotniskowe nie s\u0105 przystosowane do przewozu w\u00f3zk\u00f3w inwalidzkich. Je\u015bli masz tego typu specjalne potrzeby, mo\u017cesz zorganizowa\u0107 prywatny transfer lub wycieczk\u0119.<br \/>\nW taks\u00f3wkach w Marsa Alam nie ma fotelik\u00f3w dzieci\u0119cych. Jest to powszechne w ca\u0142ym Egipcie. Osoby podr\u00f3\u017cuj\u0105ce z dzie\u0107mi mog\u0105 zabra\u0107 ze sob\u0105 w\u0142asny przeno\u015bny fotelik samochodowy. Alternatywnie mo\u017cna zarezerwowa\u0107 prywatny pojazd transferowy, kt\u00f3ry mo\u017ce zapewni\u0107 fotelik dzieci\u0119cy na \u017cyczenie.<\/p>\n<h4>Czy kolejki do taks\u00f3wek s\u0105 d\u0142ugie?<\/h4>\n<p>Lotnisko Marsa Alam to butikowe i ciche lotnisko w por\u00f3wnaniu z du\u017cymi lotniskami, takimi jak Kair czy Hurghada. Przed terminalem znajduje si\u0119 wystarczaj\u0105ca liczba taks\u00f3wek. Nie b\u0119dziesz musia\u0142 d\u0142ugo czeka\u0107 w kolejce na taks\u00f3wk\u0119. O ile kilka du\u017cych samolot\u00f3w nie l\u0105duje na lotnisku w tym samym czasie, mo\u017cna szybko znale\u017a\u0107 taks\u00f3wk\u0119 i ruszy\u0107 w drog\u0119.<\/p>\n<h4>Bezpiecze\u0144stwo dzieci w taks\u00f3wkach w Marsa Alam<\/h4>\n<p>Nale\u017cy to jeszcze raz podkre\u015bli\u0107: Bezpiecze\u0144stwo jest najwa\u017cniejsze. W taks\u00f3wkach w Marsa Alam nie ma fotelik\u00f3w dla dzieci. Je\u015bli nie masz w\u0142asnego fotelika, mo\u017cesz trzyma\u0107 dziecko na kolanach podczas podr\u00f3\u017cy. Foteliki dzieci\u0119ce nie s\u0105 obowi\u0105zkowe w oficjalnych taks\u00f3wkach. Dla wygody i bezpiecze\u0144stwa nale\u017cy zawsze mie\u0107 przy sobie w\u0142asny fotelik dzieci\u0119cy. Upewnij si\u0119, \u017ce pasy bezpiecze\u0144stwa w poje\u017adzie s\u0105 sprawne, a dziecko ma prawid\u0142owo zapi\u0119te pasy.<\/p>\n<p><strong>Wskaz\u00f3wki dotycz\u0105ce bezpiecznego i \u0142atwego korzystania z taks\u00f3wek w Marsa Alam:<\/strong><\/p>\n<p><strong>Wyja\u015bnienie taryfy<\/strong>: Nie wsiadaj do pojazdu bez uzgodnienia ceny. Targuj si\u0119 spokojnie, z u\u015bmiechem, ale b\u0105d\u017a stanowczy.<br \/>\n<strong>Got\u00f3wka jest kr\u00f3lem<\/strong>: Nale\u017cy mie\u0107 przy sobie drobne banknoty w funtach egipskich (EGP). Kierowcy cz\u0119sto m\u00f3wi\u0105, \u017ce nie maj\u0105 drobnych.<br \/>\n<strong>Poka\u017c adres<\/strong>: Wyra\u017anie poka\u017c kierowcy nazw\u0119 i adres hotelu w telefonie lub na kartce papieru.<br \/>\n<strong>Oficjalne taks\u00f3wki<\/strong>: Wybieraj taks\u00f3wki, kt\u00f3re s\u0105 wyra\u017anie oznaczone jako oficjalne i znajduj\u0105 si\u0119 tu\u017c przed terminalem.<\/p>\n<p><strong>Uber i Careem<\/strong><\/p>\n<p>Uber i Careem s\u0105 legalne w Egipcie. Aplikacje te s\u0105 najcz\u0119\u015bciej u\u017cywane w Kairze i Hurghadzie. W Marsa Alam rzadko mo\u017cna znale\u017a\u0107 aktywne pojazdy. Po otwarciu tych aplikacji na telefonie mo\u017cesz nie by\u0107 w stanie znale\u017a\u0107 \u017cadnych pojazd\u00f3w w okolicy. Nawet Careem, lokalna aplikacja w Egipcie, ma bardzo ograniczon\u0105 sie\u0107 us\u0142ug w tym regionie. Careem jest szeroko rozpowszechniony w miastach takich jak Hurghada, Asuan i Luksor. Marsa Alam nie znajduje si\u0119 na li\u015bcie \"obs\u0142ugiwanych miast\" w aplikacji. Dlatego zamiast polega\u0107 na technologii, powiniene\u015b ucieka\u0107 si\u0119 do tradycyjnych metod.<\/p>\n<p>Rozwa\u017c powy\u017csze wskaz\u00f3wki, aby uzyska\u0107 niedrogi, bezpieczny pojazd, kt\u00f3ry zabierze Ci\u0119 bezpo\u015brednio do serca wakacji. \u017byczymy przyjemnej podr\u00f3\u017cy!<\/p>","protected":false},"excerpt":{"rendered":"<p>Tw\u00f3j lot wyl\u0105dowa\u0142 w Marsa Alam, spokojnej perle Morza Czerwonego. Po locie mo\u017cesz chcie\u0107 [...]<\/p>","protected":false},"author":1,"featured_media":0,"parent":0,"menu_order":0,"comment_status":"closed","ping_status":"closed","template":"","meta":{"_acf_changed":false,"site-sidebar-layout":"default","site-content-layout":"","ast-site-content-layout":"default","site-content-style":"default","site-sidebar-style":"default","ast-global-header-display":"","ast-banner-title-visibility":"","ast-main-header-display":"","ast-hfb-above-header-display":"","ast-hfb-below-header-display":"","ast-hfb-mobile-header-display":"","site-post-title":"","ast-breadcrumbs-content":"","ast-featured-img":"","footer-sml-layout":"","theme-transparent-header-meta":"default","adv-header-id-meta":"","stick-header-meta":"","header-above-stick-meta":"","header-main-stick-meta":"","header-below-stick-meta":"","astra-migrate-meta-layouts":"set","ast-page-background-enabled":"default","ast-page-background-meta":{"desktop":{"background-color":"var(--ast-global-color-4)","background-image":"","background-repeat":"repeat","background-position":"center center","background-size":"auto","background-attachment":"scroll","background-type":"","background-media":"","overlay-type":"","overlay-color":"","overlay-opacity":"","overlay-gradient":""},"tablet":{"background-color":"","background-image":"","background-repeat":"repeat","background-position":"center center","background-size":"auto","background-attachment":"scroll","background-type":"","background-media":"","overlay-type":"","overlay-color":"","overlay-opacity":"","overlay-gradient":""},"mobile":{"background-color":"","background-image":"","background-repeat":"repeat","background-position":"center center","background-size":"auto","background-attachment":"scroll","background-type":"","background-media":"","overlay-type":"","overlay-color":"","overlay-opacity":"","overlay-gradient":""}},"ast-content-background-meta":{"desktop":{"background-color":"var(--ast-global-color-5)","background-image":"","background-repeat":"repeat","background-position":"center center","background-size":"auto","background-attachment":"scroll","background-type":"","background-media":"","overlay-type":"","overlay-color":"","overlay-opacity":"","overlay-gradient":""},"tablet":{"background-color":"var(--ast-global-color-5)","background-image":"","background-repeat":"repeat","background-position":"center center","background-size":"auto","background-attachment":"scroll","background-type":"","background-media":"","overlay-type":"","overlay-color":"","overlay-opacity":"","overlay-gradient":""},"mobile":{"background-color":"var(--ast-global-color-5)","background-image":"","background-repeat":"repeat","background-position":"center center","background-size":"auto","background-attachment":"scroll","background-type":"","background-media":"","overlay-type":"","overlay-color":"","overlay-opacity":"","overlay-gradient":""}},"footnotes":""},"class_list":["post-1154","page","type-page","status-publish","hentry"],"acf":[],"yoast_head":"<!-- This site is optimized with the Yoast SEO Premium plugin v24.0 (Yoast SEO v26.6) - https:\/\/yoast.com\/wordpress\/plugins\/seo\/ -->\n<title>Marsa Alam Airport Taxis - Getting a Taxi at Marsa Alam Airport<\/title>\n<meta name=\"description\" content=\"All the information you need to know about Marsa Alam Airport Taxis and details of fares to different destinations along the Marsa Alam.\" \/>\n<meta name=\"robots\" content=\"index, follow, max-snippet:-1, max-image-preview:large, max-video-preview:-1\" \/>\n<link rel=\"canonical\" href=\"https:\/\/marsaalam-airport.com\/pl\/taxis\/\" \/>\n<meta property=\"og:locale\" content=\"pl_PL\" \/>\n<meta property=\"og:type\" content=\"article\" \/>\n<meta property=\"og:title\" content=\"Taxis Marsa Alam Airport\" \/>\n<meta property=\"og:description\" content=\"All the information you need to know about Marsa Alam Airport Taxis and details of fares to different destinations along the Marsa Alam.\" \/>\n<meta property=\"og:url\" content=\"https:\/\/marsaalam-airport.com\/pl\/taxis\/\" \/>\n<meta property=\"article:publisher\" content=\"https:\/\/www.facebook.com\/marsaalamairportinternational\" \/>\n<meta property=\"article:modified_time\" content=\"2025-10-08T00:20:19+00:00\" \/>\n<meta property=\"og:image\" content=\"https:\/\/marsaalam-airport.com\/wp-content\/uploads\/marsa-alam-airport-1.webp\" \/>\n\t<meta property=\"og:image:width\" content=\"1024\" \/>\n\t<meta property=\"og:image:height\" content=\"683\" \/>\n\t<meta property=\"og:image:type\" content=\"image\/webp\" \/>\n<meta name=\"twitter:card\" content=\"summary_large_image\" \/>\n<meta name=\"twitter:label1\" content=\"Szacowany czas czytania\" \/>\n\t<meta name=\"twitter:data1\" content=\"6 minut\" \/>\n<script type=\"application\/ld+json\" class=\"yoast-schema-graph\">{\"@context\":\"https:\/\/schema.org\",\"@graph\":[{\"@type\":\"WebPage\",\"@id\":\"https:\/\/marsaalam-airport.com\/taxis\/\",\"url\":\"https:\/\/marsaalam-airport.com\/taxis\/\",\"name\":\"Marsa Alam Airport Taxis - Getting a Taxi at Marsa Alam Airport\",\"isPartOf\":{\"@id\":\"https:\/\/marsaalam-airport.com\/#website\"},\"datePublished\":\"2025-07-21T11:09:04+00:00\",\"dateModified\":\"2025-10-08T00:20:19+00:00\",\"description\":\"All the information you need to know about Marsa Alam Airport Taxis and details of fares to different destinations along the Marsa Alam.\",\"breadcrumb\":{\"@id\":\"https:\/\/marsaalam-airport.com\/taxis\/#breadcrumb\"},\"inLanguage\":\"pl-PL\",\"potentialAction\":[{\"@type\":\"ReadAction\",\"target\":[\"https:\/\/marsaalam-airport.com\/taxis\/\"]}]},{\"@type\":\"BreadcrumbList\",\"@id\":\"https:\/\/marsaalam-airport.com\/taxis\/#breadcrumb\",\"itemListElement\":[{\"@type\":\"ListItem\",\"position\":1,\"name\":\"Home\",\"item\":\"https:\/\/marsaalam-airport.com\/\"},{\"@type\":\"ListItem\",\"position\":2,\"name\":\"Taxis Marsa Alam Airport\"}]},{\"@type\":\"WebSite\",\"@id\":\"https:\/\/marsaalam-airport.com\/#website\",\"url\":\"https:\/\/marsaalam-airport.com\/\",\"name\":\"Marsa Alam International Airport\",\"description\":\"\",\"publisher\":{\"@id\":\"https:\/\/marsaalam-airport.com\/#organization\"},\"alternateName\":\"RMF\",\"potentialAction\":[{\"@type\":\"SearchAction\",\"target\":{\"@type\":\"EntryPoint\",\"urlTemplate\":\"https:\/\/marsaalam-airport.com\/?s={search_term_string}\"},\"query-input\":{\"@type\":\"PropertyValueSpecification\",\"valueRequired\":true,\"valueName\":\"search_term_string\"}}],\"inLanguage\":\"pl-PL\"},{\"@type\":\"Organization\",\"@id\":\"https:\/\/marsaalam-airport.com\/#organization\",\"name\":\"Marsa Alam International Airport\",\"alternateName\":\"RMF\",\"url\":\"https:\/\/marsaalam-airport.com\/\",\"logo\":{\"@type\":\"ImageObject\",\"inLanguage\":\"pl-PL\",\"@id\":\"https:\/\/marsaalam-airport.com\/#\/schema\/logo\/image\/\",\"url\":\"https:\/\/marsaalam-airport.com\/wp-content\/uploads\/cropped-rmf-logo.png\",\"contentUrl\":\"https:\/\/marsaalam-airport.com\/wp-content\/uploads\/cropped-rmf-logo.png\",\"width\":1998,\"height\":667,\"caption\":\"Marsa Alam International Airport\"},\"image\":{\"@id\":\"https:\/\/marsaalam-airport.com\/#\/schema\/logo\/image\/\"},\"sameAs\":[\"https:\/\/www.facebook.com\/marsaalamairportinternational\"],\"description\":\"Marsa Alam Airport (RMF) provides live tracking for arrivals & departures plus comfortable airport hotels with free shuttles.\",\"email\":\"info@marsaalam-airport.com\",\"legalName\":\"Marsa Alam Airport\"}]}<\/script>\n<!-- \/ Yoast SEO Premium plugin. -->","yoast_head_json":{"title":"Marsa Alam Airport Taxis - Getting a Taxi at Marsa Alam Airport","description":"All the information you need to know about Marsa Alam Airport Taxis and details of fares to different destinations along the Marsa Alam.","robots":{"index":"index","follow":"follow","max-snippet":"max-snippet:-1","max-image-preview":"max-image-preview:large","max-video-preview":"max-video-preview:-1"},"canonical":"https:\/\/marsaalam-airport.com\/pl\/taxis\/","og_locale":"pl_PL","og_type":"article","og_title":"Taxis Marsa Alam Airport","og_description":"All the information you need to know about Marsa Alam Airport Taxis and details of fares to different destinations along the Marsa Alam.","og_url":"https:\/\/marsaalam-airport.com\/pl\/taxis\/","article_publisher":"https:\/\/www.facebook.com\/marsaalamairportinternational","article_modified_time":"2025-10-08T00:20:19+00:00","og_image":[{"width":1024,"height":683,"url":"https:\/\/marsaalam-airport.com\/wp-content\/uploads\/marsa-alam-airport-1.webp","type":"image\/webp"}],"twitter_card":"summary_large_image","twitter_misc":{"Szacowany czas czytania":"6 minut"},"schema":{"@context":"https:\/\/schema.org","@graph":[{"@type":"WebPage","@id":"https:\/\/marsaalam-airport.com\/taxis\/","url":"https:\/\/marsaalam-airport.com\/taxis\/","name":"Marsa Alam Airport Taxis - Getting a Taxi at Marsa Alam Airport","isPartOf":{"@id":"https:\/\/marsaalam-airport.com\/#website"},"datePublished":"2025-07-21T11:09:04+00:00","dateModified":"2025-10-08T00:20:19+00:00","description":"All the information you need to know about Marsa Alam Airport Taxis and details of fares to different destinations along the Marsa Alam.","breadcrumb":{"@id":"https:\/\/marsaalam-airport.com\/taxis\/#breadcrumb"},"inLanguage":"pl-PL","potentialAction":[{"@type":"ReadAction","target":["https:\/\/marsaalam-airport.com\/taxis\/"]}]},{"@type":"BreadcrumbList","@id":"https:\/\/marsaalam-airport.com\/taxis\/#breadcrumb","itemListElement":[{"@type":"ListItem","position":1,"name":"Home","item":"https:\/\/marsaalam-airport.com\/"},{"@type":"ListItem","position":2,"name":"Taxis Marsa Alam Airport"}]},{"@type":"WebSite","@id":"https:\/\/marsaalam-airport.com\/#website","url":"https:\/\/marsaalam-airport.com\/","name":"Marsa Alam International Airport","description":"","publisher":{"@id":"https:\/\/marsaalam-airport.com\/#organization"},"alternateName":"RMF","potentialAction":[{"@type":"SearchAction","target":{"@type":"EntryPoint","urlTemplate":"https:\/\/marsaalam-airport.com\/?s={search_term_string}"},"query-input":{"@type":"PropertyValueSpecification","valueRequired":true,"valueName":"search_term_string"}}],"inLanguage":"pl-PL"},{"@type":"Organization","@id":"https:\/\/marsaalam-airport.com\/#organization","name":"Marsa Alam International Airport","alternateName":"RMF","url":"https:\/\/marsaalam-airport.com\/","logo":{"@type":"ImageObject","inLanguage":"pl-PL","@id":"https:\/\/marsaalam-airport.com\/#\/schema\/logo\/image\/","url":"https:\/\/marsaalam-airport.com\/wp-content\/uploads\/cropped-rmf-logo.png","contentUrl":"https:\/\/marsaalam-airport.com\/wp-content\/uploads\/cropped-rmf-logo.png","width":1998,"height":667,"caption":"Marsa Alam International Airport"},"image":{"@id":"https:\/\/marsaalam-airport.com\/#\/schema\/logo\/image\/"},"sameAs":["https:\/\/www.facebook.com\/marsaalamairportinternational"],"description":"Marsa Alam Airport (RMF) provides live tracking for arrivals & departures plus comfortable airport hotels with free shuttles.","email":"info@marsaalam-airport.com","legalName":"Marsa Alam Airport"}]}},"_links":{"self":[{"href":"https:\/\/marsaalam-airport.com\/pl\/wp-json\/wp\/v2\/pages\/1154","targetHints":{"allow":["GET"]}}],"collection":[{"href":"https:\/\/marsaalam-airport.com\/pl\/wp-json\/wp\/v2\/pages"}],"about":[{"href":"https:\/\/marsaalam-airport.com\/pl\/wp-json\/wp\/v2\/types\/page"}],"author":[{"embeddable":true,"href":"https:\/\/marsaalam-airport.com\/pl\/wp-json\/wp\/v2\/users\/1"}],"replies":[{"embeddable":true,"href":"https:\/\/marsaalam-airport.com\/pl\/wp-json\/wp\/v2\/comments?post=1154"}],"version-history":[{"count":2,"href":"https:\/\/marsaalam-airport.com\/pl\/wp-json\/wp\/v2\/pages\/1154\/revisions"}],"predecessor-version":[{"id":1225,"href":"https:\/\/marsaalam-airport.com\/pl\/wp-json\/wp\/v2\/pages\/1154\/revisions\/1225"}],"wp:attachment":[{"href":"https:\/\/marsaalam-airport.com\/pl\/wp-json\/wp\/v2\/media?parent=1154"}],"curies":[{"name":"wp","href":"https:\/\/api.w.org\/{rel}","templated":true}]}}