{"id":1148,"date":"2025-07-21T11:03:04","date_gmt":"2025-07-21T11:03:04","guid":{"rendered":"https:\/\/marsaalam-airport.com\/?page_id=1148"},"modified":"2025-07-21T11:03:04","modified_gmt":"2025-07-21T11:03:04","slug":"transfers","status":"publish","type":"page","link":"https:\/\/marsaalam-airport.com\/pl\/transfers\/","title":{"rendered":"Prywatne transfery z lotniska Marsa Alam"},"content":{"rendered":"<p>Witamy na g\u0142\u0119bokich, b\u0142\u0119kitnych wodach Morza Czerwonego! Po d\u0142ugim i ekscytuj\u0105cym oczekiwaniu Tw\u00f3j samolot wyl\u0105dowa\u0142. Witaj\u0105 Ci\u0119 palmy i wyj\u0105tkowa harmonia pustyni. Teraz wszystko, czego potrzebujesz, to pojazd, kt\u00f3ry zabierze Ci\u0119 do wspania\u0142ego hotelu, w kt\u00f3rym rozpoczn\u0105 si\u0119 Twoje wakacje. Je\u015bli chcesz dotrze\u0107 do hotelu wygodnie, bezpiecznie i stylowo, przeczytaj m\u00f3j kompleksowy przewodnik po transferze lotniskowym. Zostaw za sob\u0105 k\u0142opoty zwi\u0105zane z targowaniem si\u0119 i czekaniem. Rozpocznij swoje wakacje jak VIP!<\/p>\n<h2>Jak zarezerwowa\u0107 prywatny transfer na lotnisko Marsa Alam?<\/h2>\n<p>Rezerwacja prywatnego transferu z wyprzedzeniem to jedna z najm\u0105drzejszych rzeczy, jakie mo\u017cna zrobi\u0107, aby pierwsze chwile wakacji przebieg\u0142y bez zak\u0142\u00f3ce\u0144. Podczas planowania podr\u00f3\u017cy bardzo wa\u017cne jest, aby wybra\u0107 niezawodnego dostawc\u0119 transferu.<\/p>\n<p><strong>Badania i wyb\u00f3r<\/strong>: Wyszukuj\u0105c w Internecie has\u0142o \"prywatny transfer z lotniska Marsa Alam\", mo\u017cna znale\u017a\u0107 wiele wiarygodnych firm. Mo\u017cesz zorientowa\u0107 si\u0119 w jako\u015bci us\u0142ug, czytaj\u0105c opinie u\u017cytkownik\u00f3w na platformach takich jak Viator, GetYourGuide i Booking.com. Mo\u017cesz wybra\u0107 firm\u0119, kt\u00f3ra najbardziej Ci odpowiada, por\u00f3wnuj\u0105c ceny.<br \/>\n<strong>Wprowad\u017a szczeg\u00f3\u0142y<\/strong>: Wype\u0142nij szczeg\u00f3\u0142y lotu (data przylotu, godzina, numer lotu), nazw\u0119 hotelu i liczb\u0119 pasa\u017cer\u00f3w w prostym formularzu rezerwacji na stronie internetowej firmy.<br \/>\n<strong>Wybierz sw\u00f3j pojazd<\/strong>: Podr\u00f3\u017cujesz samotnie czy w parze? A mo\u017ce masz du\u017c\u0105 rodzin\u0119? Wybierz pojazd najbardziej odpowiedni dla liczby pasa\u017cer\u00f3w.<br \/>\nJe\u015bli podr\u00f3\u017cujesz z rodzin\u0105 lub grup\u0105 przyjaci\u00f3\u0142, mo\u017cesz uczyni\u0107 swoj\u0105 podr\u00f3\u017c bardziej komfortow\u0105, wybieraj\u0105c przestronny minibus.<br \/>\n<strong>Potwierd\u017a i zrelaksuj si\u0119<\/strong>: Dokonaj bezpiecznej p\u0142atno\u015bci online. Voucher zawieraj\u0105cy wszystkie szczeg\u00f3\u0142y i miejsce spotkania zostanie wkr\u00f3tce wys\u0142any na Tw\u00f3j adres e-mail.<\/p>\n<h2>\nPrywatne transfery Marsa Alam<\/h2>\n<p>Prywatny transfer to prawdziwie spersonalizowane do\u015bwiadczenie. Po wyj\u015bciu z hali przylot\u00f3w przywita Ci\u0119 przyjazny kierowca trzymaj\u0105cy tabliczk\u0119 z Twoim imieniem i nazwiskiem. Personel pomo\u017ce ci z baga\u017cem. Pojazdy s\u0105 klimatyzowane i wygodne.<\/p>\n<p>Dzi\u0119ki us\u0142udze prywatnego transferu mo\u017cesz szybko dotrze\u0107 do hotelu bez czekania na innych pasa\u017cer\u00f3w lub zatrzymywania si\u0119 w r\u00f3\u017cnych hotelach. Pojazdy s\u0105 zazwyczaj klimatyzowane i maj\u0105 du\u017co miejsca na baga\u017c. Kierowcy dobrze m\u00f3wi\u0105 po angielsku. Us\u0142ugi zawarte w prywatnych transferach:<\/p>\n<p>Spotkanie i powitanie<br \/>\n\u015aledzenie lotu. Brak dodatkowych op\u0142at za oczekiwanie w przypadku op\u00f3\u017anie\u0144<br \/>\nWoda, przek\u0105ski lub us\u0142uga Wi-Fi<br \/>\nOpcje VIP (luksusowy SUV lub minibus)<\/p>\n<h3>\nBezpiecze\u0144stwo niemowl\u0105t i dzieci<\/h3>\n<p>Bezpiecze\u0144stwo dzieci jest najwy\u017cszym priorytetem dla rodzin podr\u00f3\u017cuj\u0105cych razem. Niestety, lokalne taks\u00f3wki w Egipcie nie s\u0105 wyposa\u017cone w foteliki dzieci\u0119ce. Tutaj z pomoc\u0105 przychodz\u0105 prywatne firmy transferowe. Je\u015bli podczas rezerwacji okre\u015blisz wiek swojego dziecka, firma zapewni mi\u0119dzynarodowy standard fotelika bezpiecze\u0144stwa dla Twojego pojazdu.<\/p>\n<p>Us\u0142uga fotelika dla niemowl\u0119cia\/dziecka jest oferowana przez wielu operator\u00f3w jako \"opcja dodatkowa\". Wystarczy poprosi\u0107 o to podczas procesu rezerwacji. Pami\u0119taj, aby wybra\u0107 fotelik samochodowy odpowiedni do wieku i wagi dziecka, kt\u00f3ry zostanie zainstalowany na tylnym siedzeniu. Zwi\u0119kszy to bezpiecze\u0144stwo podczas ca\u0142ej podr\u00f3\u017cy. Segment minivan\u00f3w lub SUV-\u00f3w jest najbardziej odpowiedni\u0105 opcj\u0105 dla rodzin z dzie\u0107mi. Pojazdy te maj\u0105 zar\u00f3wno du\u017ce baga\u017cniki, jak i wystarczaj\u0105co du\u017co miejsca na foteliki dzieci\u0119ce. Nale\u017cy jednak pami\u0119ta\u0107, \u017ce nie wszystkie firmy oferuj\u0105 tak\u0105 us\u0142ug\u0119. Powiniene\u015b potwierdzi\u0107 ten szczeg\u00f3\u0142 podczas dokonywania rezerwacji.<\/p>\n<h3>Przelewy wsp\u00f3\u0142dzielone<\/h3>\n<p>Je\u015bli masz mniejszy bud\u017cet i nie masz nic przeciwko czekaniu, mo\u017cesz podr\u00f3\u017cowa\u0107 wsp\u00f3\u0142dzielonymi pojazdami transferowymi. W tej opcji b\u0119dziesz podr\u00f3\u017cowa\u0107 z innymi podr\u00f3\u017cnymi udaj\u0105cymi si\u0119 do hoteli w tym samym kierunku co Ty. Us\u0142uga ta jest bardziej ekonomiczna ni\u017c prywatne transfery. Mo\u017ce si\u0119 jednak zdarzy\u0107, \u017ce b\u0119dziesz musia\u0142 poczeka\u0107 na zatankowanie pojazdu. Ponadto pojazd mo\u017ce zatrzyma\u0107 si\u0119 na kilku przystankach, aby wysadzi\u0107 innych pasa\u017cer\u00f3w przed dotarciem do hotelu. Je\u015bli podr\u00f3\u017cujesz sam, jest to bardziej odpowiednia opcja dla Ciebie.<\/p>\n<h3>\nWsp\u00f3lny transfer VS transport publiczny<\/h3>\n<p>W Marsa Alam nie ma regularnego systemu transportu publicznego obs\u0142uguj\u0105cego szeroki pas wybrze\u017ca, na kt\u00f3rym znajduj\u0105 si\u0119 hotele. W zwi\u0105zku z tym nie b\u0119dzie mo\u017cna znale\u017a\u0107 autobusu, kt\u00f3ry zabierze Ci\u0119 z lotniska do hotelu. Z tego powodu powiniene\u015b wybra\u0107 taks\u00f3wk\u0119 lub pojazd transferowy, aby podr\u00f3\u017cowa\u0107 z lotniska do innej lokalizacji.<\/p>\n<h3>\nPor\u00f3wnanie koszt\u00f3w prywatnych transfer\u00f3w z lotniska Marsa Alam i taks\u00f3wek<\/h3>\n<p>&nbsp;<\/p>\n<h4>Przejd\u017amy teraz do najwa\u017cniejszego pytania: Taks\u00f3wka czy prywatny transfer?<\/h4>\n<p><strong>Ceny taks\u00f3wek<\/strong>: Taks\u00f3wki na lotnisku Marsa Alam zazwyczaj nie u\u017cywaj\u0105 taksometr\u00f3w. Przed wej\u015bciem do taks\u00f3wki nale\u017cy poda\u0107 kierowcy cel podr\u00f3\u017cy i negocjowa\u0107 cen\u0119. Mo\u017ce to by\u0107 stresuj\u0105ce do\u015bwiadczenie, zw\u0142aszcza po m\u0119cz\u0105cej podr\u00f3\u017cy. \u015arednio podr\u00f3\u017c z lotniska do centrum miasta lub pobliskiego obiektu kosztuje oko\u0142o $20. Liczba ta zale\u017cy jednak ca\u0142kowicie od umiej\u0119tno\u015bci targowania si\u0119.<\/p>\n<p><strong>Ceny prywatnych transfer\u00f3w na lotnisko Marsa Alam<\/strong>: Najwi\u0119ksz\u0105 zalet\u0105 prywatnych transfer\u00f3w jest to, \u017ce ceny s\u0105 sta\u0142e. W ten spos\u00f3b nie napotkasz \u017cadnych niespodziewanych koszt\u00f3w. Ceny s\u0105 zazwyczaj ustalane za pojazd, a nie za osob\u0119.<\/p>\n<p><strong>Prywatny samoch\u00f3d typu sedan (1-4 osoby)<\/strong>: Ceny zazwyczaj zaczynaj\u0105 si\u0119 od 15-20 USD. Ceny r\u00f3\u017cni\u0105 si\u0119 w zale\u017cno\u015bci od odleg\u0142o\u015bci hotelu od lotniska.<br \/>\n<strong>Prywatny minibus (do 9 os\u00f3b)<\/strong>: Dla du\u017cej rodziny lub grupy koszt na osob\u0119 jest do\u015b\u0107 niski. Cena za osob\u0119 wynosi oko\u0142o 5-9 USD.<\/p>\n<p>Podsumowuj\u0105c, je\u015bli nie chcesz si\u0119 targowa\u0107 i pracujesz z ustalonym bud\u017cetem, polecam wybra\u0107 prywatn\u0105 us\u0142ug\u0119 transferu. B\u0119dziesz podr\u00f3\u017cowa\u0107 z angloj\u0119zycznym kierowc\u0105 i nie b\u0119dziesz musia\u0142 wyja\u015bnia\u0107 swojej trasy.<\/p>\n<h4>Ceny prywatnych transfer\u00f3w na lotnisko Marsa Alam<\/h4>\n<p>Poni\u017cej znajdziesz ceny prywatnych transfer\u00f3w (w jedn\u0105 stron\u0119) dla najpopularniejszych tras z lotniska Marsa Alam:<\/p>\n<p>Ceny prywatnego transferu na lotnisko Marsa Alam (za pojazd \/ USD)<\/p>\n<p><strong>Lotnisko Marsa Alam do centrum Marsa Alam<\/strong><br \/>\nSedan (Kia\/Toyota\/Hyundai, 1-3 pasa\u017cer\u00f3w): 15-20 USD<br \/>\nKlimatyzacja, maksymalnie 3 \u015bredniej wielko\u015bci walizki<\/p>\n<p>Minivan (Toyota Hiace, 4-8 pasa\u017cer\u00f3w): 23-30 USD<br \/>\nPrzestronne wn\u0119trze, dodatkowa przestrze\u0144 baga\u017cowa, klimatyzacja<\/p>\n<p><strong>Lotnisko Marsa Alam do Port Ghalib<\/strong><br \/>\nSedan (Kia\/Toyota\/Hyundai, 1-3 pasa\u017cer\u00f3w): 50-60 USD<br \/>\nKlimatyzacja, us\u0142uga \"meet &amp; greet\", us\u0142uga \u015bledzenia lotu<\/p>\n<p>Minivan (Toyota Hiace, 4-8 pasa\u017cer\u00f3w): 90-105 USD<br \/>\n8 walizek \u015bredniej wielko\u015bci, szeroki rozstaw foteli, klimatyzacja<\/p>\n<p>Minibus (Toyota Coaster, 9-15 pasa\u017cer\u00f3w): $170-185<br \/>\nKlimatyzowany, z du\u017c\u0105 przestrzeni\u0105 baga\u017cow\u0105, odpowiedni do transfer\u00f3w grupowych<\/p>\n<p><strong>Lotnisko Marsa Alam do Hurghady<\/strong><\/p>\n<p>Sedan (Kia\/Toyota\/Hyundai, 1-3 pasa\u017cer\u00f3w): $80-90<br \/>\nKlimatyzacja, \u015bledzenie lotu, brak op\u0142aty za oczekiwanie w przypadku op\u00f3\u017anienia<\/p>\n<p>Minivan (Toyota Hiace, 4-8 pasa\u017cer\u00f3w): 90-100 USD<br \/>\nSzeroki rozstaw foteli, dodatkowa przestrze\u0144 baga\u017cowa, klimatyzacja<\/p>\n<p>Minibus (Toyota Coaster, 9-15 pasa\u017cer\u00f3w): 250-270 USD<br \/>\nKlimatyzowana opcja transferu dla du\u017cych grup<\/p>\n<p><strong>Lotnisko Marsa Alam do El Quseir<\/strong><br \/>\nSedan (Kia\/Toyota\/Hyundai, 1-3 pasa\u017cer\u00f3w): 60-70 USD<br \/>\nKlimatyzacja, pojemno\u015b\u0107 na 3 \u015bredniej wielko\u015bci walizki<\/p>\n<p>Minivan (Toyota Hiace, 4-8 pasa\u017cer\u00f3w): 90-100 USD<br \/>\nPrzestronne wn\u0119trze, klimatyzacja<\/p>\n<p><strong>Lotnisko Marsa Alam do Safaga<\/strong><br \/>\nSedan (Kia\/Toyota\/Hyundai, 1-3 pasa\u017cer\u00f3w): 80-90 USD<br \/>\nKlimatyzacja, us\u0142uga \"meet &amp; greet\", pojemno\u015b\u0107 3 walizek<\/p>\n<p>Minivan (Toyota Hiace, 4-8 pasa\u017cer\u00f3w): 100-115 USD<br \/>\nPrzestronny baga\u017cnik, klimatyzacja<\/p>\n<p>Minibus (Toyota Coaster, 9-15 pasa\u017cer\u00f3w): 200-240 USD<br \/>\nKlimatyzowany, idealny do podr\u00f3\u017cy grupowych<\/p>\n<p><strong>Uwaga: Ceny s\u0105 sta\u0142e i dotycz\u0105 jednego pojazdu w jedn\u0105 stron\u0119. Ceny mog\u0105 si\u0119 r\u00f3\u017cni\u0107 w zale\u017cno\u015bci od sezonu, platformy rezerwacyjnej i kurs\u00f3w wymiany walut. Ceny te s\u0105 prawid\u0142owe w chwili pisania tego tekstu. Aby uzyska\u0107 dok\u0142adne ceny, nale\u017cy wybra\u0107 dat\u0119 i tras\u0119 na stronach internetowych rezerwacji.<\/strong><\/p>\n<h3>\nWskaz\u00f3wki dotycz\u0105ce transfer\u00f3w lotniskowych<\/h3>\n<p><strong>Wczesna rezerwacja<\/strong>: Zw\u0142aszcza w szczycie sezonu nale\u017cy dokona\u0107 rezerwacji z co najmniej tygodniowym wyprzedzeniem, aby zagwarantowa\u0107 najlepsz\u0105 cen\u0119 i unikn\u0105\u0107 problem\u00f3w z dost\u0119pno\u015bci\u0105 pojazdu.<br \/>\n<strong>Szczeg\u00f3\u0142y lotu ratuj\u0105 \u017cycie<\/strong>: Upewnij si\u0119, \u017ce podczas dokonywania rezerwacji poprawnie wprowadzi\u0142e\u015b numer lotu. Umo\u017cliwi to firmom transferowym \u015bledzenie op\u00f3\u017anie\u0144 lot\u00f3w, aby kierowca m\u00f3g\u0142 spotka\u0107 si\u0119 z Tob\u0105 na czas.<\/p>\n<p><strong>Zachowaj sw\u00f3j dokument potwierdzaj\u0105cy przy sobie<\/strong>: Zapisz w telefonie dokument zawieraj\u0105cy informacje takie jak miejsce spotkania i numer telefonu alarmowego z potwierdzenia rezerwacji.<br \/>\n<strong>Pozosta\u0144 w kontakcie<\/strong>: Miej pod r\u0119k\u0105 dane kontaktowe firmy na wypadek jakichkolwiek problem\u00f3w (op\u00f3\u017anienia wizowe, problemy z baga\u017cem itp.).<br \/>\n<strong>Przypomnienie o foteliku dzieci\u0119cym<\/strong>: Je\u015bli w rodzinie znajduj\u0105 si\u0119 niemowl\u0119ta lub dzieci, nale\u017cy poinformowa\u0107 o tym podczas procesu rezerwacji.<\/p>\n<p>Gdy tylko postawisz stop\u0119 w Marsa Alam, mo\u017cesz rozpocz\u0105\u0107 wakacje od nieskazitelnego pocz\u0105tku. \u017byczymy bezpiecznej podr\u00f3\u017cy.<\/p>","protected":false},"excerpt":{"rendered":"<p>Witamy na g\u0142\u0119bokich, b\u0142\u0119kitnych wodach Morza Czerwonego! Po d\u0142ugim i ekscytuj\u0105cym oczekiwaniu Tw\u00f3j samolot wyl\u0105dowa\u0142. [...]<\/p>","protected":false},"author":1,"featured_media":0,"parent":0,"menu_order":0,"comment_status":"closed","ping_status":"closed","template":"","meta":{"_acf_changed":false,"site-sidebar-layout":"default","site-content-layout":"","ast-site-content-layout":"default","site-content-style":"default","site-sidebar-style":"default","ast-global-header-display":"","ast-banner-title-visibility":"","ast-main-header-display":"","ast-hfb-above-header-display":"","ast-hfb-below-header-display":"","ast-hfb-mobile-header-display":"","site-post-title":"","ast-breadcrumbs-content":"","ast-featured-img":"","footer-sml-layout":"","theme-transparent-header-meta":"default","adv-header-id-meta":"","stick-header-meta":"","header-above-stick-meta":"","header-main-stick-meta":"","header-below-stick-meta":"","astra-migrate-meta-layouts":"set","ast-page-background-enabled":"default","ast-page-background-meta":{"desktop":{"background-color":"var(--ast-global-color-4)","background-image":"","background-repeat":"repeat","background-position":"center center","background-size":"auto","background-attachment":"scroll","background-type":"","background-media":"","overlay-type":"","overlay-color":"","overlay-opacity":"","overlay-gradient":""},"tablet":{"background-color":"","background-image":"","background-repeat":"repeat","background-position":"center center","background-size":"auto","background-attachment":"scroll","background-type":"","background-media":"","overlay-type":"","overlay-color":"","overlay-opacity":"","overlay-gradient":""},"mobile":{"background-color":"","background-image":"","background-repeat":"repeat","background-position":"center center","background-size":"auto","background-attachment":"scroll","background-type":"","background-media":"","overlay-type":"","overlay-color":"","overlay-opacity":"","overlay-gradient":""}},"ast-content-background-meta":{"desktop":{"background-color":"var(--ast-global-color-5)","background-image":"","background-repeat":"repeat","background-position":"center center","background-size":"auto","background-attachment":"scroll","background-type":"","background-media":"","overlay-type":"","overlay-color":"","overlay-opacity":"","overlay-gradient":""},"tablet":{"background-color":"var(--ast-global-color-5)","background-image":"","background-repeat":"repeat","background-position":"center center","background-size":"auto","background-attachment":"scroll","background-type":"","background-media":"","overlay-type":"","overlay-color":"","overlay-opacity":"","overlay-gradient":""},"mobile":{"background-color":"var(--ast-global-color-5)","background-image":"","background-repeat":"repeat","background-position":"center center","background-size":"auto","background-attachment":"scroll","background-type":"","background-media":"","overlay-type":"","overlay-color":"","overlay-opacity":"","overlay-gradient":""}},"footnotes":""},"class_list":["post-1148","page","type-page","status-publish","hentry"],"acf":[],"yoast_head":"<!-- This site is optimized with the Yoast SEO Premium plugin v24.0 (Yoast SEO v26.6) - https:\/\/yoast.com\/wordpress\/plugins\/seo\/ -->\n<title>Book a Private Transfer from Marsa Alam Airport Transfers<\/title>\n<meta name=\"description\" content=\"All the information you need to book a Marsa Alam Airport Private Transfer in advance a stress free way to travel to your final destination\" \/>\n<meta name=\"robots\" content=\"index, follow, max-snippet:-1, max-image-preview:large, max-video-preview:-1\" \/>\n<link rel=\"canonical\" href=\"https:\/\/marsaalam-airport.com\/pl\/transfers\/\" \/>\n<meta property=\"og:locale\" content=\"pl_PL\" \/>\n<meta property=\"og:type\" content=\"article\" \/>\n<meta property=\"og:title\" content=\"Marsa Alam Airport Private Transfers\" \/>\n<meta property=\"og:description\" content=\"All the information you need to book a Marsa Alam Airport Private Transfer in advance a stress free way to travel to your final destination\" \/>\n<meta property=\"og:url\" content=\"https:\/\/marsaalam-airport.com\/pl\/transfers\/\" \/>\n<meta property=\"article:publisher\" content=\"https:\/\/www.facebook.com\/marsaalamairportinternational\" \/>\n<meta property=\"og:image\" content=\"https:\/\/marsaalam-airport.com\/wp-content\/uploads\/marsa-alam-airport-1.webp\" \/>\n\t<meta property=\"og:image:width\" content=\"1024\" \/>\n\t<meta property=\"og:image:height\" content=\"683\" \/>\n\t<meta property=\"og:image:type\" content=\"image\/webp\" \/>\n<meta name=\"twitter:card\" content=\"summary_large_image\" \/>\n<meta name=\"twitter:label1\" content=\"Szacowany czas czytania\" \/>\n\t<meta name=\"twitter:data1\" content=\"6 minut\" \/>\n<script type=\"application\/ld+json\" class=\"yoast-schema-graph\">{\"@context\":\"https:\/\/schema.org\",\"@graph\":[{\"@type\":\"WebPage\",\"@id\":\"https:\/\/marsaalam-airport.com\/transfers\/\",\"url\":\"https:\/\/marsaalam-airport.com\/transfers\/\",\"name\":\"Book a Private Transfer from Marsa Alam Airport Transfers\",\"isPartOf\":{\"@id\":\"https:\/\/marsaalam-airport.com\/#website\"},\"datePublished\":\"2025-07-21T11:03:04+00:00\",\"description\":\"All the information you need to book a Marsa Alam Airport Private Transfer in advance a stress free way to travel to your final destination\",\"breadcrumb\":{\"@id\":\"https:\/\/marsaalam-airport.com\/transfers\/#breadcrumb\"},\"inLanguage\":\"pl-PL\",\"potentialAction\":[{\"@type\":\"ReadAction\",\"target\":[\"https:\/\/marsaalam-airport.com\/transfers\/\"]}]},{\"@type\":\"BreadcrumbList\",\"@id\":\"https:\/\/marsaalam-airport.com\/transfers\/#breadcrumb\",\"itemListElement\":[{\"@type\":\"ListItem\",\"position\":1,\"name\":\"Home\",\"item\":\"https:\/\/marsaalam-airport.com\/\"},{\"@type\":\"ListItem\",\"position\":2,\"name\":\"Marsa Alam Airport Private Transfers\"}]},{\"@type\":\"WebSite\",\"@id\":\"https:\/\/marsaalam-airport.com\/#website\",\"url\":\"https:\/\/marsaalam-airport.com\/\",\"name\":\"Marsa Alam International Airport\",\"description\":\"\",\"publisher\":{\"@id\":\"https:\/\/marsaalam-airport.com\/#organization\"},\"alternateName\":\"RMF\",\"potentialAction\":[{\"@type\":\"SearchAction\",\"target\":{\"@type\":\"EntryPoint\",\"urlTemplate\":\"https:\/\/marsaalam-airport.com\/?s={search_term_string}\"},\"query-input\":{\"@type\":\"PropertyValueSpecification\",\"valueRequired\":true,\"valueName\":\"search_term_string\"}}],\"inLanguage\":\"pl-PL\"},{\"@type\":\"Organization\",\"@id\":\"https:\/\/marsaalam-airport.com\/#organization\",\"name\":\"Marsa Alam International Airport\",\"alternateName\":\"RMF\",\"url\":\"https:\/\/marsaalam-airport.com\/\",\"logo\":{\"@type\":\"ImageObject\",\"inLanguage\":\"pl-PL\",\"@id\":\"https:\/\/marsaalam-airport.com\/#\/schema\/logo\/image\/\",\"url\":\"https:\/\/marsaalam-airport.com\/wp-content\/uploads\/cropped-rmf-logo.png\",\"contentUrl\":\"https:\/\/marsaalam-airport.com\/wp-content\/uploads\/cropped-rmf-logo.png\",\"width\":1998,\"height\":667,\"caption\":\"Marsa Alam International Airport\"},\"image\":{\"@id\":\"https:\/\/marsaalam-airport.com\/#\/schema\/logo\/image\/\"},\"sameAs\":[\"https:\/\/www.facebook.com\/marsaalamairportinternational\"],\"description\":\"Marsa Alam Airport (RMF) provides live tracking for arrivals & departures plus comfortable airport hotels with free shuttles.\",\"email\":\"info@marsaalam-airport.com\",\"legalName\":\"Marsa Alam Airport\"}]}<\/script>\n<!-- \/ Yoast SEO Premium plugin. -->","yoast_head_json":{"title":"Book a Private Transfer from Marsa Alam Airport Transfers","description":"All the information you need to book a Marsa Alam Airport Private Transfer in advance a stress free way to travel to your final destination","robots":{"index":"index","follow":"follow","max-snippet":"max-snippet:-1","max-image-preview":"max-image-preview:large","max-video-preview":"max-video-preview:-1"},"canonical":"https:\/\/marsaalam-airport.com\/pl\/transfers\/","og_locale":"pl_PL","og_type":"article","og_title":"Marsa Alam Airport Private Transfers","og_description":"All the information you need to book a Marsa Alam Airport Private Transfer in advance a stress free way to travel to your final destination","og_url":"https:\/\/marsaalam-airport.com\/pl\/transfers\/","article_publisher":"https:\/\/www.facebook.com\/marsaalamairportinternational","og_image":[{"width":1024,"height":683,"url":"https:\/\/marsaalam-airport.com\/wp-content\/uploads\/marsa-alam-airport-1.webp","type":"image\/webp"}],"twitter_card":"summary_large_image","twitter_misc":{"Szacowany czas czytania":"6 minut"},"schema":{"@context":"https:\/\/schema.org","@graph":[{"@type":"WebPage","@id":"https:\/\/marsaalam-airport.com\/transfers\/","url":"https:\/\/marsaalam-airport.com\/transfers\/","name":"Book a Private Transfer from Marsa Alam Airport Transfers","isPartOf":{"@id":"https:\/\/marsaalam-airport.com\/#website"},"datePublished":"2025-07-21T11:03:04+00:00","description":"All the information you need to book a Marsa Alam Airport Private Transfer in advance a stress free way to travel to your final destination","breadcrumb":{"@id":"https:\/\/marsaalam-airport.com\/transfers\/#breadcrumb"},"inLanguage":"pl-PL","potentialAction":[{"@type":"ReadAction","target":["https:\/\/marsaalam-airport.com\/transfers\/"]}]},{"@type":"BreadcrumbList","@id":"https:\/\/marsaalam-airport.com\/transfers\/#breadcrumb","itemListElement":[{"@type":"ListItem","position":1,"name":"Home","item":"https:\/\/marsaalam-airport.com\/"},{"@type":"ListItem","position":2,"name":"Marsa Alam Airport Private Transfers"}]},{"@type":"WebSite","@id":"https:\/\/marsaalam-airport.com\/#website","url":"https:\/\/marsaalam-airport.com\/","name":"Marsa Alam International Airport","description":"","publisher":{"@id":"https:\/\/marsaalam-airport.com\/#organization"},"alternateName":"RMF","potentialAction":[{"@type":"SearchAction","target":{"@type":"EntryPoint","urlTemplate":"https:\/\/marsaalam-airport.com\/?s={search_term_string}"},"query-input":{"@type":"PropertyValueSpecification","valueRequired":true,"valueName":"search_term_string"}}],"inLanguage":"pl-PL"},{"@type":"Organization","@id":"https:\/\/marsaalam-airport.com\/#organization","name":"Marsa Alam International Airport","alternateName":"RMF","url":"https:\/\/marsaalam-airport.com\/","logo":{"@type":"ImageObject","inLanguage":"pl-PL","@id":"https:\/\/marsaalam-airport.com\/#\/schema\/logo\/image\/","url":"https:\/\/marsaalam-airport.com\/wp-content\/uploads\/cropped-rmf-logo.png","contentUrl":"https:\/\/marsaalam-airport.com\/wp-content\/uploads\/cropped-rmf-logo.png","width":1998,"height":667,"caption":"Marsa Alam International Airport"},"image":{"@id":"https:\/\/marsaalam-airport.com\/#\/schema\/logo\/image\/"},"sameAs":["https:\/\/www.facebook.com\/marsaalamairportinternational"],"description":"Marsa Alam Airport (RMF) provides live tracking for arrivals & departures plus comfortable airport hotels with free shuttles.","email":"info@marsaalam-airport.com","legalName":"Marsa Alam Airport"}]}},"_links":{"self":[{"href":"https:\/\/marsaalam-airport.com\/pl\/wp-json\/wp\/v2\/pages\/1148","targetHints":{"allow":["GET"]}}],"collection":[{"href":"https:\/\/marsaalam-airport.com\/pl\/wp-json\/wp\/v2\/pages"}],"about":[{"href":"https:\/\/marsaalam-airport.com\/pl\/wp-json\/wp\/v2\/types\/page"}],"author":[{"embeddable":true,"href":"https:\/\/marsaalam-airport.com\/pl\/wp-json\/wp\/v2\/users\/1"}],"replies":[{"embeddable":true,"href":"https:\/\/marsaalam-airport.com\/pl\/wp-json\/wp\/v2\/comments?post=1148"}],"version-history":[{"count":1,"href":"https:\/\/marsaalam-airport.com\/pl\/wp-json\/wp\/v2\/pages\/1148\/revisions"}],"predecessor-version":[{"id":1150,"href":"https:\/\/marsaalam-airport.com\/pl\/wp-json\/wp\/v2\/pages\/1148\/revisions\/1150"}],"wp:attachment":[{"href":"https:\/\/marsaalam-airport.com\/pl\/wp-json\/wp\/v2\/media?parent=1148"}],"curies":[{"name":"wp","href":"https:\/\/api.w.org\/{rel}","templated":true}]}}