{"id":975,"date":"2025-02-26T14:07:49","date_gmt":"2025-02-26T14:07:49","guid":{"rendered":"https:\/\/marsaalam-airport.com\/?page_id=975"},"modified":"2025-10-03T11:26:38","modified_gmt":"2025-10-03T11:26:38","slug":"about-us","status":"publish","type":"page","link":"https:\/\/marsaalam-airport.com\/it\/about-us\/","title":{"rendered":"Chi siamo"},"content":{"rendered":"<p>L'aeroporto di Marsa Alam \u00e8 un gateway unico che serve i voli charter, soprattutto dall'Europa, e i resort privati e le barche da immersione (liveaboard) nel sud del Mar Rosso. Abbiamo osservato che i passeggeri hanno spesso difficolt\u00e0 a tenere traccia delle informazioni sui voli charter, che sono spesso disperse in diverse fonti, e a chiarire i dettagli specifici dei trasferimenti e dei trasporti a terra (orari, percorsi, costi, ecc.), soprattutto per i resort o le barche situati lontano dall'aeroporto.<\/p>\n<p>Abbiamo creato questo sito web non ufficiale per consolidare queste informazioni logistiche critiche (monitoraggio aggiornato dello stato dei voli, opzioni di trasporto specifiche per i diversi resort, informazioni affidabili sulle compagnie di trasferimento, ecc.) in un unico luogo, aiutando i viaggiatori in arrivo e in partenza da Marsa Alam a pianificare pi\u00f9 facilmente l'inizio e la fine dei loro viaggi, soprattutto quelli che prevedono lunghi trasferimenti.<\/p>\n<style id=\"wpforms-css-vars-1085\">\n\t\t\t\t#wpforms-1085 {\n\t\t\t\t\n\t\t\t}\n\t\t\t<\/style><div class=\"wpforms-container wpforms-container-full wpforms-render-modern\" id=\"wpforms-1085\"><form id=\"wpforms-form-1085\" class=\"wpforms-validate wpforms-form wpforms-ajax-form\" data-formid=\"1085\" method=\"post\" enctype=\"multipart\/form-data\" action=\"\/wp-json\/wp\/v2\/pages\/975\" data-token=\"7a417197d71762efe901db07dc5b0f3b\" data-token-time=\"1777520017\" data-trp-original-action=\"\/it\/wp-json\/wp\/v2\/pages\/975\"><noscript class=\"wpforms-error-noscript\">Abilita JavaScript nel browser per completare questo modulo.<\/noscript><div id=\"wpforms-error-noscript\" style=\"display: none;\">Abilita JavaScript nel browser per completare questo modulo.<\/div><div class=\"wpforms-field-container\"><div id=\"wpforms-1085-field_1-container\" class=\"wpforms-field wpforms-field-name\" data-field-id=\"1\"><fieldset><legend class=\"wpforms-field-label\">Nome <span class=\"wpforms-required-label\" aria-hidden=\"true\">*<\/span><\/legend><div class=\"wpforms-field-row wpforms-field-medium\"><div class=\"wpforms-field-row-block wpforms-first wpforms-one-half\"><input type=\"text\" id=\"wpforms-1085-field_1\" class=\"wpforms-field-name-first wpforms-field-required\" name=\"wpforms[fields][1][first]\" aria-errormessage=\"wpforms-1085-field_1-error\" required><label for=\"wpforms-1085-field_1\" class=\"wpforms-field-sublabel after\">Nome<\/label><\/div><div class=\"wpforms-field-row-block wpforms-one-half\"><input type=\"text\" id=\"wpforms-1085-field_1-last\" class=\"wpforms-field-name-last wpforms-field-required\" name=\"wpforms[fields][1][last]\" aria-errormessage=\"wpforms-1085-field_1-last-error\" required><label for=\"wpforms-1085-field_1-last\" class=\"wpforms-field-sublabel after\">Cognome<\/label><\/div><\/div><\/fieldset><\/div>\t\t<div id=\"wpforms-1085-field_4-container\"\n\t\t\tclass=\"wpforms-field wpforms-field-text\"\n\t\t\tdata-field-type=\"text\"\n\t\t\tdata-field-id=\"4\"\n\t\t\t>\n\t\t\t<label class=\"wpforms-field-label\" for=\"wpforms-1085-field_4\" >Messaggio e-mail Nome<\/label>\n\t\t\t<input type=\"text\" id=\"wpforms-1085-field_4\" class=\"wpforms-field-medium\" name=\"wpforms[fields][4]\" >\n\t\t<\/div>\n\t\t<div id=\"wpforms-1085-field_2-container\" class=\"wpforms-field wpforms-field-email\" data-field-id=\"2\"><label class=\"wpforms-field-label\" for=\"wpforms-1085-field_2\">Email <span class=\"wpforms-required-label\" aria-hidden=\"true\">*<\/span><\/label><input type=\"email\" id=\"wpforms-1085-field_2\" class=\"wpforms-field-medium wpforms-field-required\" name=\"wpforms[fields][2]\" spellcheck=\"false\" aria-errormessage=\"wpforms-1085-field_2-error\" required><\/div><div id=\"wpforms-1085-field_3-container\" class=\"wpforms-field wpforms-field-textarea\" data-field-id=\"3\"><label class=\"wpforms-field-label\" for=\"wpforms-1085-field_3\">Messaggio <span class=\"wpforms-required-label\" aria-hidden=\"true\">*<\/span><\/label><textarea id=\"wpforms-1085-field_3\" class=\"wpforms-field-medium wpforms-field-required\" name=\"wpforms[fields][3]\" aria-errormessage=\"wpforms-1085-field_3-error\" required><\/textarea><\/div><script>\n\t\t\t\t( function() {\n\t\t\t\t\tconst style = document.createElement( 'style' );\n\t\t\t\t\tstyle.appendChild( document.createTextNode( '#wpforms-1085-field_4-container { position: absolute !important; overflow: hidden !important; display: inline !important; height: 1px !important; width: 1px !important; z-index: -1000 !important; padding: 0 !important; } #wpforms-1085-field_4-container input { visibility: hidden; } #wpforms-conversational-form-page #wpforms-1085-field_4-container label { counter-increment: none; }' ) );\n\t\t\t\t\tdocument.head.appendChild( style );\n\t\t\t\t\tdocument.currentScript?.remove();\n\t\t\t\t} )();\n\t\t\t<\/script><\/div><!-- .wpforms-field-container --><div class=\"wpforms-submit-container\" ><input type=\"hidden\" name=\"wpforms[id]\" value=\"1085\"><input type=\"hidden\" name=\"page_title\" value=\"\"><input type=\"hidden\" name=\"page_url\" value=\"https:\/\/marsaalam-airport.com\/it\/wp-json\/wp\/v2\/pages\/975\"><input type=\"hidden\" name=\"url_referer\" value=\"\"><button type=\"submit\" name=\"wpforms[submit]\" id=\"wpforms-submit-1085\" class=\"wpforms-submit\" data-alt-text=\"Sending...\" data-submit-text=\"Submit\" aria-live=\"assertive\" value=\"wpforms-submit\">Invia<\/button><img decoding=\"async\" src=\"https:\/\/marsaalam-airport.com\/wp-content\/plugins\/wpforms-lite\/assets\/images\/submit-spin.svg\" class=\"wpforms-submit-spinner\" style=\"display: none;\" width=\"26\" height=\"26\" alt=\"Caricamento\"><\/div><input type=\"hidden\" name=\"trp-form-language\" value=\"it\"\/><\/form><\/div>  <!-- .wpforms-container -->\n<h3>Chi siamo<\/h3>\n<p data-sourcepos=\"5:1-5:406\"><strong>Viaggio Mar Rosso Porta Sud<\/strong> \u00e8 stata fondata nel 2015 come sogno comune di due professionisti appassionati delle incontaminate barriere coralline e dei sereni paesaggi desertici di Marsa Alam. Uno dei nostri fondatori \u00e8 un esperto subacqueo che ha trascorso anni a guidare esplorazioni nelle profondit\u00e0 del Mar Rosso; l'altro \u00e8 un esperto di ospitalit\u00e0 dedicato alla massima soddisfazione degli ospiti, avendo gestito hotel selezionati nella regione.<\/p>\n<p data-sourcepos=\"7:1-7:567\">Con questa partnership unica, il nostro obiettivo \u00e8 preservare l'atmosfera autentica e tranquilla di Marsa Alam, offrendo ai nostri ospiti non solo una vacanza, ma esperienze di viaggio personalizzate e responsabili, integrate con le meraviglie naturali della regione. Tracciamo itinerari unici grazie alla nostra profonda conoscenza del territorio, soprattutto per gli appassionati di immersioni, gli amanti della natura e coloro che cercano la tranquillit\u00e0 lontano dalla folla. Come Red Sea South Gate Travel, siamo qui per garantire che ogni visitatore di Marsa Alam viva la magia di questa geografia speciale nella sua forma pi\u00f9 pura ed esclusiva.<\/p>\n<p data-sourcepos=\"15:1-15:8\"><strong>Contatto<\/strong>:<\/p>\n<p data-sourcepos=\"17:1-18:33\"><strong>Indirizzo<\/strong>: 67km Al Qusair - Marsa Allam Rd, Marsa Alam, Governatorato del Mar Rosso 1927220, Egitto<\/p>\n<p data-sourcepos=\"17:1-18:33\"><strong>Email<\/strong>: info@marsaalam-airport.com<\/p>","protected":false},"excerpt":{"rendered":"<p>L'aeroporto di Marsa Alam \u00e8 un gateway unico che serve voli charter, soprattutto dall'Europa, e resort privati e barche per immersioni (liveaboard) [...]<\/p>","protected":false},"author":1,"featured_media":0,"parent":0,"menu_order":0,"comment_status":"closed","ping_status":"closed","template":"","meta":{"_acf_changed":false,"site-sidebar-layout":"default","site-content-layout":"","ast-site-content-layout":"default","site-content-style":"default","site-sidebar-style":"default","ast-global-header-display":"","ast-banner-title-visibility":"","ast-main-header-display":"","ast-hfb-above-header-display":"","ast-hfb-below-header-display":"","ast-hfb-mobile-header-display":"","site-post-title":"","ast-breadcrumbs-content":"","ast-featured-img":"","footer-sml-layout":"","theme-transparent-header-meta":"default","adv-header-id-meta":"","stick-header-meta":"","header-above-stick-meta":"","header-main-stick-meta":"","header-below-stick-meta":"","astra-migrate-meta-layouts":"set","ast-page-background-enabled":"default","ast-page-background-meta":{"desktop":{"background-color":"var(--ast-global-color-4)","background-image":"","background-repeat":"repeat","background-position":"center center","background-size":"auto","background-attachment":"scroll","background-type":"","background-media":"","overlay-type":"","overlay-color":"","overlay-opacity":"","overlay-gradient":""},"tablet":{"background-color":"","background-image":"","background-repeat":"repeat","background-position":"center center","background-size":"auto","background-attachment":"scroll","background-type":"","background-media":"","overlay-type":"","overlay-color":"","overlay-opacity":"","overlay-gradient":""},"mobile":{"background-color":"","background-image":"","background-repeat":"repeat","background-position":"center center","background-size":"auto","background-attachment":"scroll","background-type":"","background-media":"","overlay-type":"","overlay-color":"","overlay-opacity":"","overlay-gradient":""}},"ast-content-background-meta":{"desktop":{"background-color":"var(--ast-global-color-5)","background-image":"","background-repeat":"repeat","background-position":"center center","background-size":"auto","background-attachment":"scroll","background-type":"","background-media":"","overlay-type":"","overlay-color":"","overlay-opacity":"","overlay-gradient":""},"tablet":{"background-color":"var(--ast-global-color-5)","background-image":"","background-repeat":"repeat","background-position":"center center","background-size":"auto","background-attachment":"scroll","background-type":"","background-media":"","overlay-type":"","overlay-color":"","overlay-opacity":"","overlay-gradient":""},"mobile":{"background-color":"var(--ast-global-color-5)","background-image":"","background-repeat":"repeat","background-position":"center center","background-size":"auto","background-attachment":"scroll","background-type":"","background-media":"","overlay-type":"","overlay-color":"","overlay-opacity":"","overlay-gradient":""}},"footnotes":""},"class_list":["post-975","page","type-page","status-publish","hentry"],"acf":[],"yoast_head":"<!-- This site is optimized with the Yoast SEO Premium plugin v24.0 (Yoast SEO v26.6) - https:\/\/yoast.com\/wordpress\/plugins\/seo\/ -->\n<title>About Us - Marsa Alam International Airport<\/title>\n<meta name=\"description\" content=\"About us page marsa alam international airport\" \/>\n<meta name=\"robots\" content=\"index, follow, max-snippet:-1, max-image-preview:large, max-video-preview:-1\" \/>\n<link rel=\"canonical\" href=\"https:\/\/marsaalam-airport.com\/it\/about-us\/\" \/>\n<meta property=\"og:locale\" content=\"it_IT\" \/>\n<meta property=\"og:type\" content=\"article\" \/>\n<meta property=\"og:title\" content=\"About Us\" \/>\n<meta property=\"og:description\" content=\"About us page marsa alam international airport\" \/>\n<meta property=\"og:url\" content=\"https:\/\/marsaalam-airport.com\/it\/about-us\/\" \/>\n<meta property=\"article:publisher\" content=\"https:\/\/www.facebook.com\/marsaalamairportinternational\" \/>\n<meta property=\"article:modified_time\" content=\"2025-10-03T11:26:38+00:00\" \/>\n<meta property=\"og:image\" content=\"https:\/\/marsaalam-airport.com\/wp-content\/uploads\/marsa-alam-airport-1.webp\" \/>\n\t<meta property=\"og:image:width\" content=\"1024\" \/>\n\t<meta property=\"og:image:height\" content=\"683\" \/>\n\t<meta property=\"og:image:type\" content=\"image\/webp\" \/>\n<meta name=\"twitter:card\" content=\"summary_large_image\" \/>\n<meta name=\"twitter:label1\" content=\"Tempo di lettura stimato\" \/>\n\t<meta name=\"twitter:data1\" content=\"2 minuti\" \/>\n<script type=\"application\/ld+json\" class=\"yoast-schema-graph\">{\"@context\":\"https:\/\/schema.org\",\"@graph\":[{\"@type\":\"WebPage\",\"@id\":\"https:\/\/marsaalam-airport.com\/about-us\/\",\"url\":\"https:\/\/marsaalam-airport.com\/about-us\/\",\"name\":\"About Us - Marsa Alam International Airport\",\"isPartOf\":{\"@id\":\"https:\/\/marsaalam-airport.com\/#website\"},\"datePublished\":\"2025-02-26T14:07:49+00:00\",\"dateModified\":\"2025-10-03T11:26:38+00:00\",\"description\":\"About us page marsa alam international airport\",\"breadcrumb\":{\"@id\":\"https:\/\/marsaalam-airport.com\/about-us\/#breadcrumb\"},\"inLanguage\":\"it-IT\",\"potentialAction\":[{\"@type\":\"ReadAction\",\"target\":[\"https:\/\/marsaalam-airport.com\/about-us\/\"]}]},{\"@type\":\"BreadcrumbList\",\"@id\":\"https:\/\/marsaalam-airport.com\/about-us\/#breadcrumb\",\"itemListElement\":[{\"@type\":\"ListItem\",\"position\":1,\"name\":\"Home\",\"item\":\"https:\/\/marsaalam-airport.com\/\"},{\"@type\":\"ListItem\",\"position\":2,\"name\":\"About Us\"}]},{\"@type\":\"WebSite\",\"@id\":\"https:\/\/marsaalam-airport.com\/#website\",\"url\":\"https:\/\/marsaalam-airport.com\/\",\"name\":\"Marsa Alam International Airport\",\"description\":\"\",\"publisher\":{\"@id\":\"https:\/\/marsaalam-airport.com\/#organization\"},\"alternateName\":\"RMF\",\"potentialAction\":[{\"@type\":\"SearchAction\",\"target\":{\"@type\":\"EntryPoint\",\"urlTemplate\":\"https:\/\/marsaalam-airport.com\/?s={search_term_string}\"},\"query-input\":{\"@type\":\"PropertyValueSpecification\",\"valueRequired\":true,\"valueName\":\"search_term_string\"}}],\"inLanguage\":\"it-IT\"},{\"@type\":\"Organization\",\"@id\":\"https:\/\/marsaalam-airport.com\/#organization\",\"name\":\"Marsa Alam International Airport\",\"alternateName\":\"RMF\",\"url\":\"https:\/\/marsaalam-airport.com\/\",\"logo\":{\"@type\":\"ImageObject\",\"inLanguage\":\"it-IT\",\"@id\":\"https:\/\/marsaalam-airport.com\/#\/schema\/logo\/image\/\",\"url\":\"https:\/\/marsaalam-airport.com\/wp-content\/uploads\/cropped-rmf-logo.png\",\"contentUrl\":\"https:\/\/marsaalam-airport.com\/wp-content\/uploads\/cropped-rmf-logo.png\",\"width\":1998,\"height\":667,\"caption\":\"Marsa Alam International Airport\"},\"image\":{\"@id\":\"https:\/\/marsaalam-airport.com\/#\/schema\/logo\/image\/\"},\"sameAs\":[\"https:\/\/www.facebook.com\/marsaalamairportinternational\"],\"description\":\"Marsa Alam Airport (RMF) provides live tracking for arrivals & departures plus comfortable airport hotels with free shuttles.\",\"email\":\"info@marsaalam-airport.com\",\"legalName\":\"Marsa Alam Airport\"}]}<\/script>\n<!-- \/ Yoast SEO Premium plugin. -->","yoast_head_json":{"title":"About Us - Marsa Alam International Airport","description":"About us page marsa alam international airport","robots":{"index":"index","follow":"follow","max-snippet":"max-snippet:-1","max-image-preview":"max-image-preview:large","max-video-preview":"max-video-preview:-1"},"canonical":"https:\/\/marsaalam-airport.com\/it\/about-us\/","og_locale":"it_IT","og_type":"article","og_title":"About Us","og_description":"About us page marsa alam international airport","og_url":"https:\/\/marsaalam-airport.com\/it\/about-us\/","article_publisher":"https:\/\/www.facebook.com\/marsaalamairportinternational","article_modified_time":"2025-10-03T11:26:38+00:00","og_image":[{"width":1024,"height":683,"url":"https:\/\/marsaalam-airport.com\/wp-content\/uploads\/marsa-alam-airport-1.webp","type":"image\/webp"}],"twitter_card":"summary_large_image","twitter_misc":{"Tempo di lettura stimato":"2 minuti"},"schema":{"@context":"https:\/\/schema.org","@graph":[{"@type":"WebPage","@id":"https:\/\/marsaalam-airport.com\/about-us\/","url":"https:\/\/marsaalam-airport.com\/about-us\/","name":"About Us - Marsa Alam International Airport","isPartOf":{"@id":"https:\/\/marsaalam-airport.com\/#website"},"datePublished":"2025-02-26T14:07:49+00:00","dateModified":"2025-10-03T11:26:38+00:00","description":"About us page marsa alam international airport","breadcrumb":{"@id":"https:\/\/marsaalam-airport.com\/about-us\/#breadcrumb"},"inLanguage":"it-IT","potentialAction":[{"@type":"ReadAction","target":["https:\/\/marsaalam-airport.com\/about-us\/"]}]},{"@type":"BreadcrumbList","@id":"https:\/\/marsaalam-airport.com\/about-us\/#breadcrumb","itemListElement":[{"@type":"ListItem","position":1,"name":"Home","item":"https:\/\/marsaalam-airport.com\/"},{"@type":"ListItem","position":2,"name":"About Us"}]},{"@type":"WebSite","@id":"https:\/\/marsaalam-airport.com\/#website","url":"https:\/\/marsaalam-airport.com\/","name":"Marsa Alam International Airport","description":"","publisher":{"@id":"https:\/\/marsaalam-airport.com\/#organization"},"alternateName":"RMF","potentialAction":[{"@type":"SearchAction","target":{"@type":"EntryPoint","urlTemplate":"https:\/\/marsaalam-airport.com\/?s={search_term_string}"},"query-input":{"@type":"PropertyValueSpecification","valueRequired":true,"valueName":"search_term_string"}}],"inLanguage":"it-IT"},{"@type":"Organization","@id":"https:\/\/marsaalam-airport.com\/#organization","name":"Marsa Alam International Airport","alternateName":"RMF","url":"https:\/\/marsaalam-airport.com\/","logo":{"@type":"ImageObject","inLanguage":"it-IT","@id":"https:\/\/marsaalam-airport.com\/#\/schema\/logo\/image\/","url":"https:\/\/marsaalam-airport.com\/wp-content\/uploads\/cropped-rmf-logo.png","contentUrl":"https:\/\/marsaalam-airport.com\/wp-content\/uploads\/cropped-rmf-logo.png","width":1998,"height":667,"caption":"Marsa Alam International Airport"},"image":{"@id":"https:\/\/marsaalam-airport.com\/#\/schema\/logo\/image\/"},"sameAs":["https:\/\/www.facebook.com\/marsaalamairportinternational"],"description":"Marsa Alam Airport (RMF) provides live tracking for arrivals & departures plus comfortable airport hotels with free shuttles.","email":"info@marsaalam-airport.com","legalName":"Marsa Alam Airport"}]}},"_links":{"self":[{"href":"https:\/\/marsaalam-airport.com\/it\/wp-json\/wp\/v2\/pages\/975","targetHints":{"allow":["GET"]}}],"collection":[{"href":"https:\/\/marsaalam-airport.com\/it\/wp-json\/wp\/v2\/pages"}],"about":[{"href":"https:\/\/marsaalam-airport.com\/it\/wp-json\/wp\/v2\/types\/page"}],"author":[{"embeddable":true,"href":"https:\/\/marsaalam-airport.com\/it\/wp-json\/wp\/v2\/users\/1"}],"replies":[{"embeddable":true,"href":"https:\/\/marsaalam-airport.com\/it\/wp-json\/wp\/v2\/comments?post=975"}],"version-history":[{"count":6,"href":"https:\/\/marsaalam-airport.com\/it\/wp-json\/wp\/v2\/pages\/975\/revisions"}],"predecessor-version":[{"id":1207,"href":"https:\/\/marsaalam-airport.com\/it\/wp-json\/wp\/v2\/pages\/975\/revisions\/1207"}],"wp:attachment":[{"href":"https:\/\/marsaalam-airport.com\/it\/wp-json\/wp\/v2\/media?parent=975"}],"curies":[{"name":"wp","href":"https:\/\/api.w.org\/{rel}","templated":true}]}}