{"id":764,"date":"2024-12-20T21:30:47","date_gmt":"2024-12-20T21:30:47","guid":{"rendered":"https:\/\/hurghada-airport.com\/?page_id=764"},"modified":"2025-05-11T22:49:26","modified_gmt":"2025-05-11T22:49:26","slug":"airlines","status":"publish","type":"page","link":"https:\/\/marsaalam-airport.com\/it\/airlines\/","title":{"rendered":"Compagnie aeree"},"content":{"rendered":"<p>L'aeroporto internazionale di Marsa Alam \u00e8 un aeroporto internazionale che serve Marsa Alam, una delle pi\u00f9 popolari localit\u00e0 di villeggiatura dell'Egitto, e ospita numerosi voli dall'Europa e da altre regioni. Air Cairo offre un'ampia rete di voli per l'Europa e opera voli regolari per Marsa Alam durante tutto l'anno. Tra le destinazioni verso cui Air Cairo vola ci sono citt\u00e0 come Vienna, Colonia-Bonn, D\u00fcsseldorf, Francoforte, Hannover, Monaco, Stoccarda, Bratislava, Zurigo e Milano. Eurowings effettua voli regolari da D\u00fcsseldorf a Marsa Alam durante tutto l'anno. Durante le stagioni di punta, questa compagnia aerea opera anche voli da Marsa Alam a Salisburgo, Norimberga e Stoccarda.<\/p>\n<p>TUI Fly opera tutto l'anno voli per D\u00fcsseldorf, Francoforte, Monaco e Stoccarda. Questa compagnia opera anche voli stagionali per Hannover. Corendon opera voli tutto l'anno da Marsa Alam a D\u00fcsseldorf e voli stagionali per Hannover. easyJet opera voli tutto l'anno per Marsa Alam da destinazioni popolari come Ginevra, Milano, Napoli e Berlino. Chair Airlines, Edelweiss Air e FlexFlight operano <a href=\"https:\/\/marsaalam-airport.com\/it\/flights\/\">voli regolari tra Marsa Alam e Zurigo<\/a> durante tutto l'anno.<\/p>\n<p>Discover Airlines opera voli stagionali da Marsa Alam a Francoforte. Neos offre voli tutto l'anno per Bologna, Milano, Roma, Verona e Bergamo. Wizz Air opera voli regolari per Malta e Roma da Marsa Alam. SmartWings: SmartWings opera voli stagionali per Brno, Ostrava e Praga.<\/p>\n<p>UTair opera tutto l'anno voli per Praga e Katowice. Luxair opera voli regolari per il Lussemburgo da Marsa Alam. TUI Airways offre voli stagionali per Londra Gatwick.<\/p>\n<style>\n    body {<br \/>        font-family: Arial, sans-serif;<br \/>        background-color: #f4f4f4;<br \/>        color: #333;<br \/>        line-height: 1.6;<br \/>        margin: 0;<br \/>        padding: 20px;<br \/>        display: flex;<br \/>        justify-content: center;<br \/>        align-items: center;<br \/>        min-height: 100vh;<br \/>    }<br \/>    .table-container {<br \/>        width: 95%;<br \/>        max-width: 1200px;<br \/>        background-color: #fff;<br \/>        border-radius: 8px;<br \/>        box-shadow: 0 2px 10px rgba(0, 0, 0, 0.1);<br \/>        overflow-x: auto;<br \/>    }<br \/>    table {<br \/>        width: 100%;<br \/>        border-collapse: collapse;<br \/>        margin: 0;<br \/>        white-space: nowrap;<br \/>    }<br \/>    thead {<br \/>        background-color: #007bff;<br \/>        color: white;<br \/>    }<br \/>    th, td {<br \/>        padding: 12px 15px;<br \/>        text-align: left;<br \/>        border-bottom: 1px solid #ddd;<br \/>        word-break: keep-all;<br \/>    }<br \/>    th {<br \/>        font-weight: 600;<br \/>    }<br \/>    tbody tr:nth-child(even) {<br \/>        background-color: #f9f9f9;<br \/>    }<br \/>    tbody tr:hover {<br \/>        background-color: #f0f0f0;<br \/>    }<br \/>    a {<br \/>        color: #007bff;<br \/>        text-decoration: none;<br \/>    }<br \/>    a:hover {<br \/>        text-decoration: underline;<br \/>    }<br \/>    @media (max-width: 768px) {<br \/>        body {<br \/>            padding: 10px;<br \/>        }<br \/>        .table-container {<br \/>            width: 100%;<br \/>        }<br \/>        th, td {<br \/>            padding: 8px 10px;<br \/>        }<br \/>        table {<br \/>            font-size: 0.9em;<br \/>        }<br \/>    }<br \/>    @media (max-width: 480px) {<br \/>        table {<br \/>            font-size: 0.8em;<br \/>        }<br \/>    }<br \/><\/style>\n<div class=\"table-container\">\n<table>\n<thead>\n<tr>\n<th>Compagnie aeree<\/th>\n<th>Destinazioni<\/th>\n<\/tr>\n<\/thead>\n<tbody>\n<tr>\n<td><a href=\"https:\/\/www.flyaircairo.com\/\" target=\"_blank\" rel=\"nofollow noopener\"><br \/>\nAria Cairo<br \/>\n<\/a><\/td>\n<td>Cairo, Bruxelles, Amsterdam, Parigi-Charles de Gaulle, Francoforte, Monaco, Amburgo,<br \/>\nBerlino, Colonia\/Bonn, D\u00fcsseldorf, Hannover, Lipsia\/Halle, Stoccarda,<br \/>\nMilano-Malpensa, Napoli, Roma-Fiumicino, Verona, Belgrado, Bratislava,<br \/>\nPraga, Katowice, Zurigo<\/td>\n<\/tr>\n<tr>\n<td><a href=\"https:\/\/www.amcairlines.com\/\" target=\"_blank\" rel=\"nofollow noopener\"><br \/>\nAMC Airlines<br \/>\n<\/a><\/td>\n<td>Il Cairo<\/td>\n<\/tr>\n<tr>\n<td><a href=\"https:\/\/www.easyjet.com\/\" target=\"_blank\" rel=\"nofollow noopener\"><br \/>\neasyJet<br \/>\n<\/a><\/td>\n<td>Londra-Gatwick, Londra-Luton, Manchester, Bristol<\/td>\n<\/tr>\n<tr>\n<td><a href=\"https:\/\/www.egyptair.com\/en\" target=\"_blank\" rel=\"nofollow noopener\"><br \/>\nEgyptAir<br \/>\n<\/a><\/td>\n<td>Il Cairo<\/td>\n<\/tr>\n<tr>\n<td><a href=\"https:\/\/en.enterair.pl\/\" target=\"_blank\" rel=\"nofollow noopener\"><br \/>\nInserire l'aria<br \/>\n<\/a><\/td>\n<td>Danzica, Katowice, Pozna\u0144, Varsavia-Chopin, Wroc\u0142aw<\/td>\n<\/tr>\n<tr>\n<td><a href=\"https:\/\/www.neosair.it\/en\/\" target=\"_blank\" rel=\"nofollow noopener\"><br \/>\nNeos<br \/>\n<\/a><\/td>\n<td>Milano-Malpensa, Verona, Bologna, Roma-Fiumicino<\/td>\n<\/tr>\n<tr>\n<td><a href=\"https:\/\/www.nesmaairlines.com\/\" target=\"_blank\" rel=\"nofollow noopener\"><br \/>\nNesma Airlines<br \/>\n<\/a><\/td>\n<td>Il Cairo<\/td>\n<\/tr>\n<tr>\n<td><a href=\"https:\/\/pegasfly.com\/en\" target=\"_blank\" rel=\"nofollow noopener\"><br \/>\nPegas Fly<br \/>\n<\/a><\/td>\n<td>Mosca-Sheremetyevo<\/td>\n<\/tr>\n<tr>\n<td><a href=\"https:\/\/www.tuifly.be\/en\" target=\"_blank\" rel=\"nofollow noopener\"><br \/>\nTUI fly Belgio<br \/>\n<\/a><\/td>\n<td>Bruxelles<\/td>\n<\/tr>\n<tr>\n<td><a href=\"https:\/\/www.tuifly.com\/\" target=\"_blank\" rel=\"nofollow noopener\"><br \/>\nTUI fly Deutschland<br \/>\n<\/a><\/td>\n<td>Colonia\/Bonn, D\u00fcsseldorf, Francoforte, Hannover, Monaco, Stoccarda<\/td>\n<\/tr>\n<tr>\n<td><a href=\"https:\/\/www.tui.co.uk\/\" target=\"_blank\" rel=\"nofollow noopener\"><br \/>\nTUI Airways (Regno Unito)<br \/>\n<\/a><\/td>\n<td>Birmingham, Bristol, Londra-Gatwick, Manchester<\/td>\n<\/tr>\n<tr>\n<td><a href=\"https:\/\/www.corendonairlines.com\/\" target=\"_blank\" rel=\"nofollow noopener\"><br \/>\nCorendon Airlines<br \/>\n<\/a><\/td>\n<td>Amburgo, D\u00fcsseldorf, Lipsia\/Halle, Hannover<\/td>\n<\/tr>\n<tr>\n<td><a href=\"https:\/\/www.corendonairlines.com\/\" target=\"_blank\" rel=\"nofollow noopener\"><br \/>\nCorendon Airlines Europa<br \/>\n<\/a><\/td>\n<td>Basilea, Zurigo<\/td>\n<\/tr>\n<tr>\n<td><a href=\"https:\/\/www.smartwings.com\/en\" target=\"_blank\" rel=\"nofollow noopener\"><br \/>\nSmartwings<br \/>\n<\/a><\/td>\n<td>Praga, Bratislava<\/td>\n<\/tr>\n<tr>\n<td><a href=\"https:\/\/wizzair.com\/en-gb#\/\" target=\"_blank\" rel=\"nofollow noopener\"><br \/>\nWizz Air<br \/>\n<\/a><\/td>\n<td>Budapest, Milano-Malpensa, Roma-Fiumicino, Vienna<\/td>\n<\/tr>\n<tr>\n<td><a href=\"https:\/\/www.condor.com\/us\/\" target=\"_blank\" rel=\"nofollow noopener\"><br \/>\nCondor<br \/>\n<\/a><\/td>\n<td>Francoforte<\/td>\n<\/tr>\n<tr>\n<td><a href=\"https:\/\/www.eurowings.com\/en.html\" target=\"_blank\" rel=\"nofollow noopener\"><br \/>\nEurowings<br \/>\n<\/a><\/td>\n<td>Colonia\/Bonn, D\u00fcsseldorf, Amburgo, Stoccarda<\/td>\n<\/tr>\n<p><!-- Add additional airlines\/destinations here if needed, ensuring nothing is missed --><\/tbody>\n<\/table>\n<\/div>","protected":false},"excerpt":{"rendered":"<p>L'aeroporto internazionale di Marsa Alam \u00e8 un aeroporto internazionale che serve Marsa Alam, una delle pi\u00f9 popolari localit\u00e0 di villeggiatura dell'Egitto, e ospita molti [...]<\/p>","protected":false},"author":1,"featured_media":1049,"parent":0,"menu_order":0,"comment_status":"closed","ping_status":"closed","template":"","meta":{"_acf_changed":false,"site-sidebar-layout":"default","site-content-layout":"","ast-site-content-layout":"default","site-content-style":"default","site-sidebar-style":"default","ast-global-header-display":"","ast-banner-title-visibility":"","ast-main-header-display":"","ast-hfb-above-header-display":"","ast-hfb-below-header-display":"","ast-hfb-mobile-header-display":"","site-post-title":"","ast-breadcrumbs-content":"","ast-featured-img":"","footer-sml-layout":"","theme-transparent-header-meta":"default","adv-header-id-meta":"","stick-header-meta":"","header-above-stick-meta":"","header-main-stick-meta":"","header-below-stick-meta":"","astra-migrate-meta-layouts":"set","ast-page-background-enabled":"default","ast-page-background-meta":{"desktop":{"background-color":"var(--ast-global-color-4)","background-image":"","background-repeat":"repeat","background-position":"center center","background-size":"auto","background-attachment":"scroll","background-type":"","background-media":"","overlay-type":"","overlay-color":"","overlay-opacity":"","overlay-gradient":""},"tablet":{"background-color":"","background-image":"","background-repeat":"repeat","background-position":"center center","background-size":"auto","background-attachment":"scroll","background-type":"","background-media":"","overlay-type":"","overlay-color":"","overlay-opacity":"","overlay-gradient":""},"mobile":{"background-color":"","background-image":"","background-repeat":"repeat","background-position":"center center","background-size":"auto","background-attachment":"scroll","background-type":"","background-media":"","overlay-type":"","overlay-color":"","overlay-opacity":"","overlay-gradient":""}},"ast-content-background-meta":{"desktop":{"background-color":"var(--ast-global-color-5)","background-image":"","background-repeat":"repeat","background-position":"center center","background-size":"auto","background-attachment":"scroll","background-type":"","background-media":"","overlay-type":"","overlay-color":"","overlay-opacity":"","overlay-gradient":""},"tablet":{"background-color":"var(--ast-global-color-5)","background-image":"","background-repeat":"repeat","background-position":"center center","background-size":"auto","background-attachment":"scroll","background-type":"","background-media":"","overlay-type":"","overlay-color":"","overlay-opacity":"","overlay-gradient":""},"mobile":{"background-color":"var(--ast-global-color-5)","background-image":"","background-repeat":"repeat","background-position":"center center","background-size":"auto","background-attachment":"scroll","background-type":"","background-media":"","overlay-type":"","overlay-color":"","overlay-opacity":"","overlay-gradient":""}},"footnotes":""},"class_list":["post-764","page","type-page","status-publish","has-post-thumbnail","hentry"],"acf":[],"yoast_head":"<!-- This site is optimized with the Yoast SEO Premium plugin v24.0 (Yoast SEO v26.6) - https:\/\/yoast.com\/wordpress\/plugins\/seo\/ -->\n<title>Airlines Operating at Marsa Alam International Airport<\/title>\n<meta name=\"description\" content=\"All Airlines operating at Marsa Alam International Airport. Airlines, IATA Codes, Departure Terminals and Useful links.\" \/>\n<meta name=\"robots\" content=\"index, follow, max-snippet:-1, max-image-preview:large, max-video-preview:-1\" \/>\n<link rel=\"canonical\" href=\"https:\/\/marsaalam-airport.com\/it\/airlines\/\" \/>\n<meta property=\"og:locale\" content=\"it_IT\" \/>\n<meta property=\"og:type\" content=\"article\" \/>\n<meta property=\"og:title\" content=\"Airlines\" \/>\n<meta property=\"og:description\" content=\"All Airlines operating at Marsa Alam International Airport. Airlines, IATA Codes, Departure Terminals and Useful links.\" \/>\n<meta property=\"og:url\" content=\"https:\/\/marsaalam-airport.com\/it\/airlines\/\" \/>\n<meta property=\"article:publisher\" content=\"https:\/\/www.facebook.com\/marsaalamairportinternational\" \/>\n<meta property=\"article:modified_time\" content=\"2025-05-11T22:49:26+00:00\" \/>\n<meta property=\"og:image\" content=\"https:\/\/marsaalam-airport.com\/wp-content\/uploads\/airlines-1.png\" \/><meta property=\"og:image\" content=\"https:\/\/marsaalam-airport.com\/wp-content\/uploads\/airlines-1.png\" \/>\n\t<meta property=\"og:image:width\" content=\"200\" \/>\n\t<meta property=\"og:image:height\" content=\"200\" \/>\n\t<meta property=\"og:image:type\" content=\"image\/jpeg\" \/>\n<meta name=\"twitter:card\" content=\"summary_large_image\" \/>\n<meta name=\"twitter:image\" content=\"https:\/\/marsaalam-airport.com\/wp-content\/uploads\/airlines-1.png\" \/>\n<meta name=\"twitter:label1\" content=\"Tempo di lettura stimato\" \/>\n\t<meta name=\"twitter:data1\" content=\"2 minuti\" \/>\n<script type=\"application\/ld+json\" class=\"yoast-schema-graph\">{\"@context\":\"https:\/\/schema.org\",\"@graph\":[{\"@type\":\"WebPage\",\"@id\":\"https:\/\/marsaalam-airport.com\/airlines\/\",\"url\":\"https:\/\/marsaalam-airport.com\/airlines\/\",\"name\":\"Airlines Operating at Marsa Alam International Airport\",\"isPartOf\":{\"@id\":\"https:\/\/marsaalam-airport.com\/#website\"},\"primaryImageOfPage\":{\"@id\":\"https:\/\/marsaalam-airport.com\/airlines\/#primaryimage\"},\"image\":{\"@id\":\"https:\/\/marsaalam-airport.com\/airlines\/#primaryimage\"},\"thumbnailUrl\":\"https:\/\/i2.wp.com\/marsaalam-airport.com\/wp-content\/uploads\/airlines-1.png?w=200&resize=200,200&ssl=1\",\"datePublished\":\"2024-12-20T21:30:47+00:00\",\"dateModified\":\"2025-05-11T22:49:26+00:00\",\"description\":\"All Airlines operating at Marsa Alam International Airport. Airlines, IATA Codes, Departure Terminals and Useful links.\",\"breadcrumb\":{\"@id\":\"https:\/\/marsaalam-airport.com\/airlines\/#breadcrumb\"},\"inLanguage\":\"it-IT\",\"potentialAction\":[{\"@type\":\"ReadAction\",\"target\":[\"https:\/\/marsaalam-airport.com\/airlines\/\"]}]},{\"@type\":\"ImageObject\",\"inLanguage\":\"it-IT\",\"@id\":\"https:\/\/marsaalam-airport.com\/airlines\/#primaryimage\",\"url\":\"https:\/\/i2.wp.com\/marsaalam-airport.com\/wp-content\/uploads\/airlines-1.png?w=200&resize=200,200&ssl=1\",\"contentUrl\":\"https:\/\/i2.wp.com\/marsaalam-airport.com\/wp-content\/uploads\/airlines-1.png?w=200&resize=200,200&ssl=1\",\"width\":\"200\",\"height\":\"200\"},{\"@type\":\"BreadcrumbList\",\"@id\":\"https:\/\/marsaalam-airport.com\/airlines\/#breadcrumb\",\"itemListElement\":[{\"@type\":\"ListItem\",\"position\":1,\"name\":\"Home\",\"item\":\"https:\/\/marsaalam-airport.com\/\"},{\"@type\":\"ListItem\",\"position\":2,\"name\":\"Airlines\"}]},{\"@type\":\"WebSite\",\"@id\":\"https:\/\/marsaalam-airport.com\/#website\",\"url\":\"https:\/\/marsaalam-airport.com\/\",\"name\":\"Marsa Alam International Airport\",\"description\":\"\",\"publisher\":{\"@id\":\"https:\/\/marsaalam-airport.com\/#organization\"},\"alternateName\":\"RMF\",\"potentialAction\":[{\"@type\":\"SearchAction\",\"target\":{\"@type\":\"EntryPoint\",\"urlTemplate\":\"https:\/\/marsaalam-airport.com\/?s={search_term_string}\"},\"query-input\":{\"@type\":\"PropertyValueSpecification\",\"valueRequired\":true,\"valueName\":\"search_term_string\"}}],\"inLanguage\":\"it-IT\"},{\"@type\":\"Organization\",\"@id\":\"https:\/\/marsaalam-airport.com\/#organization\",\"name\":\"Marsa Alam International Airport\",\"alternateName\":\"RMF\",\"url\":\"https:\/\/marsaalam-airport.com\/\",\"logo\":{\"@type\":\"ImageObject\",\"inLanguage\":\"it-IT\",\"@id\":\"https:\/\/marsaalam-airport.com\/#\/schema\/logo\/image\/\",\"url\":\"https:\/\/marsaalam-airport.com\/wp-content\/uploads\/cropped-rmf-logo.png\",\"contentUrl\":\"https:\/\/marsaalam-airport.com\/wp-content\/uploads\/cropped-rmf-logo.png\",\"width\":1998,\"height\":667,\"caption\":\"Marsa Alam International Airport\"},\"image\":{\"@id\":\"https:\/\/marsaalam-airport.com\/#\/schema\/logo\/image\/\"},\"sameAs\":[\"https:\/\/www.facebook.com\/marsaalamairportinternational\"],\"description\":\"Marsa Alam Airport (RMF) provides live tracking for arrivals & departures plus comfortable airport hotels with free shuttles.\",\"email\":\"info@marsaalam-airport.com\",\"legalName\":\"Marsa Alam Airport\"}]}<\/script>\n<!-- \/ Yoast SEO Premium plugin. -->","yoast_head_json":{"title":"Airlines Operating at Marsa Alam International Airport","description":"All Airlines operating at Marsa Alam International Airport. Airlines, IATA Codes, Departure Terminals and Useful links.","robots":{"index":"index","follow":"follow","max-snippet":"max-snippet:-1","max-image-preview":"max-image-preview:large","max-video-preview":"max-video-preview:-1"},"canonical":"https:\/\/marsaalam-airport.com\/it\/airlines\/","og_locale":"it_IT","og_type":"article","og_title":"Airlines","og_description":"All Airlines operating at Marsa Alam International Airport. Airlines, IATA Codes, Departure Terminals and Useful links.","og_url":"https:\/\/marsaalam-airport.com\/it\/airlines\/","article_publisher":"https:\/\/www.facebook.com\/marsaalamairportinternational","article_modified_time":"2025-05-11T22:49:26+00:00","og_image":[{"url":"https:\/\/marsaalam-airport.com\/wp-content\/uploads\/airlines-1.png","type":"","width":"","height":""},{"width":200,"height":200,"url":"https:\/\/marsaalam-airport.com\/wp-content\/uploads\/airlines-1.png","type":"image\/jpeg"}],"twitter_card":"summary_large_image","twitter_image":"https:\/\/marsaalam-airport.com\/wp-content\/uploads\/airlines-1.png","twitter_misc":{"Tempo di lettura stimato":"2 minuti"},"schema":{"@context":"https:\/\/schema.org","@graph":[{"@type":"WebPage","@id":"https:\/\/marsaalam-airport.com\/airlines\/","url":"https:\/\/marsaalam-airport.com\/airlines\/","name":"Airlines Operating at Marsa Alam International Airport","isPartOf":{"@id":"https:\/\/marsaalam-airport.com\/#website"},"primaryImageOfPage":{"@id":"https:\/\/marsaalam-airport.com\/airlines\/#primaryimage"},"image":{"@id":"https:\/\/marsaalam-airport.com\/airlines\/#primaryimage"},"thumbnailUrl":"https:\/\/i2.wp.com\/marsaalam-airport.com\/wp-content\/uploads\/airlines-1.png?w=200&resize=200,200&ssl=1","datePublished":"2024-12-20T21:30:47+00:00","dateModified":"2025-05-11T22:49:26+00:00","description":"All Airlines operating at Marsa Alam International Airport. Airlines, IATA Codes, Departure Terminals and Useful links.","breadcrumb":{"@id":"https:\/\/marsaalam-airport.com\/airlines\/#breadcrumb"},"inLanguage":"it-IT","potentialAction":[{"@type":"ReadAction","target":["https:\/\/marsaalam-airport.com\/airlines\/"]}]},{"@type":"ImageObject","inLanguage":"it-IT","@id":"https:\/\/marsaalam-airport.com\/airlines\/#primaryimage","url":"https:\/\/i2.wp.com\/marsaalam-airport.com\/wp-content\/uploads\/airlines-1.png?w=200&resize=200,200&ssl=1","contentUrl":"https:\/\/i2.wp.com\/marsaalam-airport.com\/wp-content\/uploads\/airlines-1.png?w=200&resize=200,200&ssl=1","width":"200","height":"200"},{"@type":"BreadcrumbList","@id":"https:\/\/marsaalam-airport.com\/airlines\/#breadcrumb","itemListElement":[{"@type":"ListItem","position":1,"name":"Home","item":"https:\/\/marsaalam-airport.com\/"},{"@type":"ListItem","position":2,"name":"Airlines"}]},{"@type":"WebSite","@id":"https:\/\/marsaalam-airport.com\/#website","url":"https:\/\/marsaalam-airport.com\/","name":"Marsa Alam International Airport","description":"","publisher":{"@id":"https:\/\/marsaalam-airport.com\/#organization"},"alternateName":"RMF","potentialAction":[{"@type":"SearchAction","target":{"@type":"EntryPoint","urlTemplate":"https:\/\/marsaalam-airport.com\/?s={search_term_string}"},"query-input":{"@type":"PropertyValueSpecification","valueRequired":true,"valueName":"search_term_string"}}],"inLanguage":"it-IT"},{"@type":"Organization","@id":"https:\/\/marsaalam-airport.com\/#organization","name":"Marsa Alam International Airport","alternateName":"RMF","url":"https:\/\/marsaalam-airport.com\/","logo":{"@type":"ImageObject","inLanguage":"it-IT","@id":"https:\/\/marsaalam-airport.com\/#\/schema\/logo\/image\/","url":"https:\/\/marsaalam-airport.com\/wp-content\/uploads\/cropped-rmf-logo.png","contentUrl":"https:\/\/marsaalam-airport.com\/wp-content\/uploads\/cropped-rmf-logo.png","width":1998,"height":667,"caption":"Marsa Alam International Airport"},"image":{"@id":"https:\/\/marsaalam-airport.com\/#\/schema\/logo\/image\/"},"sameAs":["https:\/\/www.facebook.com\/marsaalamairportinternational"],"description":"Marsa Alam Airport (RMF) provides live tracking for arrivals & departures plus comfortable airport hotels with free shuttles.","email":"info@marsaalam-airport.com","legalName":"Marsa Alam Airport"}]}},"_links":{"self":[{"href":"https:\/\/marsaalam-airport.com\/it\/wp-json\/wp\/v2\/pages\/764","targetHints":{"allow":["GET"]}}],"collection":[{"href":"https:\/\/marsaalam-airport.com\/it\/wp-json\/wp\/v2\/pages"}],"about":[{"href":"https:\/\/marsaalam-airport.com\/it\/wp-json\/wp\/v2\/types\/page"}],"author":[{"embeddable":true,"href":"https:\/\/marsaalam-airport.com\/it\/wp-json\/wp\/v2\/users\/1"}],"replies":[{"embeddable":true,"href":"https:\/\/marsaalam-airport.com\/it\/wp-json\/wp\/v2\/comments?post=764"}],"version-history":[{"count":0,"href":"https:\/\/marsaalam-airport.com\/it\/wp-json\/wp\/v2\/pages\/764\/revisions"}],"wp:featuredmedia":[{"embeddable":true,"href":"https:\/\/marsaalam-airport.com\/it\/wp-json\/wp\/v2\/media\/1049"}],"wp:attachment":[{"href":"https:\/\/marsaalam-airport.com\/it\/wp-json\/wp\/v2\/media?parent=764"}],"curies":[{"name":"wp","href":"https:\/\/api.w.org\/{rel}","templated":true}]}}