{"id":351,"date":"2024-11-18T12:16:14","date_gmt":"2024-11-18T12:16:14","guid":{"rendered":"http:\/\/deneme.local\/?page_id=351"},"modified":"2025-07-20T23:34:43","modified_gmt":"2025-07-20T23:34:43","slug":"arrivals","status":"publish","type":"page","link":"https:\/\/marsaalam-airport.com\/it\/arrivals\/","title":{"rendered":"Arrivi all'aeroporto internazionale di Marsa Alam"},"content":{"rendered":"<p>Se volete raggiungere le incontaminate barriere coralline, le calme acque turchesi e i deserti dorati del Mar Rosso, l'aeroporto di Marsa Alam \u00e8 la vostra prima tappa. Dal primo momento in cui metterete piede in questa magica geografia, la vostra avventura inizier\u00e0 immediatamente! Potete iniziare la vostra vacanza senza stress leggendo il mio articolo sugli arrivi all'aeroporto di Marsa Alam. Ecco la guida per i passeggeri agli arrivi dell'Aeroporto Internazionale di Marsa Alam (RMF) che ho preparato appositamente per voi!<\/p>\n<p>Cerchi invece le partenze da Marsa Alam? <a href=\"https:\/\/marsaalam-airport.com\/it\/departures\/\">Fare clic qui.<\/a><\/p>\n<div class=\"iframe-wrapper\" style=\"overflow-x:auto; -webkit-overflow-scrolling:touch; width:100%;\">\r\n  <iframe loading=\"lazy\" \r\n    src=\"\/\/tracker.flightview.com\/customersetup\/FlightViewWebFids\/cachedFids\/?vmode=departures&amp;Apt=RMF&amp;mainPage=tracker.flightview.com\"\r\n    width=\"670\" height=\"790\" scrolling=\"no\"\r\n    style=\"display:block; min-width:670px; border:0;\">\r\n  <\/iframe>\r\n<\/div>\n<h2>Aggiornamenti in tempo reale per gli arrivi all'aeroporto di Marsa Alam<\/h2>\n<p>Vi state chiedendo se il vostro volo \u00e8 stato ritardato o a che ora i vostri cari saranno l\u00ec ad accogliervi? Consultate le ultime informazioni sugli arrivi all'aeroporto di Marsa Alam. Potete controllare le informazioni sul vostro volo dalle informazioni sugli arrivi in tempo reale qui sotto per essere preparati a eventuali sorprese dell'ultimo minuto.<\/p>\n<p>La tabella sottostante mostra le informazioni sui voli in diretta per il Terminal 1 per gli arrivi all'aeroporto di Marsa Alam (RMF Arrivals). In questa tabella \u00e8 possibile trovare tutte le informazioni, compresi i voli nazionali e internazionali, tutti gli arrivi all'aeroporto di Marsa Alam di oggi e gli arrivi a Marsa Alam di domani. Basta selezionare l'orario di arrivo qui sotto.<\/p>\n<h2>Guida alla sala arrivi<\/h2>\n<p>&nbsp;<\/p>\n<h3>Qual \u00e8 il terminal degli arrivi all'aeroporto di Marsa Alam?<\/h3>\n<p>L'aeroporto di Marsa Alam ha un unico terminal. Si tratta di un terminal boutique e compatto. Tutti i voli internazionali e nazionali partono da questo terminal. Una volta usciti dal gate di atterraggio, \u00e8 sufficiente seguire le indicazioni verdi con la scritta \"Arrivi\" sui cartelli direzionali. Dall'aereo al terminal la passeggiata \u00e8 breve.<\/p>\n<p>&nbsp;<\/p>\n<p>Grazie alla struttura piccola e organizzata dell'aeroporto, il controllo passaporti, l'area di ritiro bagagli e i gate di uscita sono molto vicini tra loro. Una volta scesi dall'aereo, \u00e8 possibile raggiungere facilmente l'edificio del terminal a piedi. Non \u00e8 necessario un servizio navetta.<\/p>\n<h3>\nAssistenza e accessibilit\u00e0<\/h3>\n<p>&nbsp;<\/p>\n<p>L'aeroporto offre un servizio gratuito di accompagnamento e sedie a rotelle per i passeggeri a mobilit\u00e0 ridotta o che necessitano di assistenza speciale. Se volete richiedere questo servizio, dovete contattare la vostra compagnia aerea durante la prenotazione del volo. Un assistente speciale vi accompagner\u00e0 dal momento in cui scenderete dall'aereo. Nel terminal sono presenti anche servizi igienici privi di barriere architettoniche, una sala per l'assistenza ai bambini e un ascensore.<\/p>\n<h3>Controllo passaporti<\/h3>\n<p>Quando atterrate all'aeroporto di Marsa Alam, il personale di bordo vi consegner\u00e0 una \"Carta di atterraggio\" in inglese e arabo non appena scenderete dall'aereo. Questo modulo contiene informazioni di base come nome, cognome, data di nascita, numero di passaporto e nome dell'hotel in cui soggiornate. Il modulo deve essere compilato in ogni sua parte. Non si deve perdere questa carta. La carta di atterraggio \u00e8 necessaria per il controllo dei passaporti e per il rilascio del visto.<\/p>\n<h3>Visto turistico all'arrivo a Marsa Alam<\/h3>\n<p>Dopo aver ottenuto la carta di atterraggio, \u00e8 necessario recarsi nell'area in cui si trovano gli sportelli bancari. Prima del controllo dei passaporti \u00e8 necessario pagare la tassa per il visto. A volte c'\u00e8 una fila davanti agli sportelli bancari. Quando \u00e8 il vostro turno, pagate la tassa per il visto. Le carte di debito o di credito non sono valide per il pagamento del visto. Pertanto, non dimenticate di avere con voi dei contanti. La tassa \u00e8 di 25 USD e 25 EUR.<\/p>\n<p>Una volta acquistato il visto e ricevuto l'adesivo attaccato al passaporto, ci si pu\u00f2 dirigere verso gli sportelli bianchi di fronte al banco con l'insegna \"Visa\". Qui dovrete consegnare il passaporto, il visto e la carta di atterraggio all'addetto al controllo passaporti. Il trattamento avverr\u00e0 in breve tempo.<\/p>\n<h4>Quanto tempo ci vuole per passare il controllo passaporti all'aeroporto di Marsa Alam?<\/h4>\n<p>&nbsp;<\/p>\n<p>La procedura di controllo dei passaporti dura in genere 15-30 minuti. Durante le stagioni di punta, la fila per il controllo passaporti \u00e8 lunga. Il tempo di attesa pu\u00f2 arrivare a 45 minuti. Di solito \u00e8 possibile completare l'intero processo in 30 minuti.<\/p>\n<h4>\nRecupero bagagli<\/h4>\n<p>&nbsp;<\/p>\n<p>Dopo aver superato il controllo passaporti al piano degli arrivi, si trova la sezione di controllo bagagli. Dopo aver portato il bagaglio sul nastro portabagagli, questo viene sottoposto a un rapido controllo a raggi X. Al termine di questa procedura, \u00e8 possibile lasciare l'aeroporto.<\/p>\n<h4>\nPortare solo il bagaglio a mano?<\/h4>\n<p>&nbsp;<\/p>\n<p>Se siete viaggiatori pratici come me e portate con voi solo il bagaglio a mano, il vostro lavoro \u00e8 molto pi\u00f9 semplice! Dopo aver superato il controllo passaporti, potete lasciare direttamente l'aeroporto senza dover aspettare nell'area di ritiro bagagli.<\/p>\n<h4>Come ritirare il bagaglio registrato all'aeroporto di Marsa Alam?<\/h4>\n<p>&nbsp;<\/p>\n<p>I numeri dei nastri bagagli sono scritti sugli schermi dell'aeroporto. Dopo il controllo passaporti, cercate il nastro bagagli con il vostro numero di volo sugli schermi. A volte pu\u00f2 essere necessario un po' di tempo prima che il vostro bagaglio arrivi sul nastro. Dopo aver ricevuto i bagagli, \u00e8 possibile uscire rapidamente dalla dogana scegliendo il canale \"Niente da dichiarare\". Davanti al gate di uscita si trovano stand informativi, cambio valuta, acquisto di carte SIM locali e punti di informazione turistica.<\/p>\n<h4>\nConsigli per la sicurezza<\/h4>\n<p>&nbsp;<\/p>\n<p>Come in ogni aeroporto, \u00e8 necessario fare attenzione ai propri effetti personali. Non dimenticate di controllare l'etichetta dopo aver ritirato i bagagli. I carrelli portabagagli gratuiti sono disponibili in vari punti del terminal.<\/p>\n<h4>Negozi<\/h4>\n<p>Nella sala arrivi ci sono piccole cabine dove \u00e8 possibile acquistare carte SIM. In aeroporto sono presenti anche uffici di cambio valuta e sportelli bancomat, e un piccolo negozio Duty-Free con prodotti classici come cioccolatini e bevande.<\/p>\n<h3>\nRistoranti, caff\u00e8, cibo<\/h3>\n<p>&nbsp;<\/p>\n<p>L'aeroporto di Marsa Alam dispone di un numero limitato di punti di ristoro nella sala arrivi. L'aeroporto dispone di una piccola caffetteria e di un buffet dove \u00e8 possibile acquistare snack. Il Wegi Coffee e vari panini\/snack bar si trovano al piano degli arrivi del terminal.<\/p>\n<h4>Come faccio a prelevare qualcuno dagli arrivi dell'aeroporto di Marsa Alam?<\/h4>\n<p>&nbsp;<\/p>\n<p>I passeggeri arrivano alla reception principale del terminal dopo aver ritirato i bagagli e superato la dogana. Il luogo ideale per il saluto \u00e8 appena fuori dai cancelli automatici. Qui troverete molti rappresentanti di hotel e autisti di compagnie di trasferimento in attesa con cartelli con i loro nomi. Le panchine di fronte al Gate \"A\" sono riservate all'accoglienza degli ospiti.<\/p>\n<h3>Punti di incontro vicino alle porte di uscita degli Arrivi<\/h3>\n<p>&nbsp;<\/p>\n<p>Come la maggior parte degli aeroporti, Marsa Alam vieta il parcheggio a lungo termine proprio di fronte al terminal degli arrivi. \u00c8 possibile utilizzare l'area di parcheggio a breve termine per prelevare il proprio passeggero. Potete parcheggiare la vostra auto qui e aspettare il vostro passeggero davanti al Gate A.<\/p>\n<h4>Opzioni di trasporto Aeroporto di Marsa Alam Arrivi<\/h4>\n<p>&nbsp;<\/p>\n<p>Situato nel bel mezzo del deserto, l'aeroporto offre diverse opzioni per raggiungere l'hotel. Tuttavia, i trasporti pubblici sono molto limitati. Ecco perch\u00e9 \u00e8 cos\u00ec importante pianificare in anticipo!<\/p>\n<h3>\nAutonoleggio situato all'interno degli arrivi dell'aeroporto di Marsa Alam<\/h3>\n<p>&nbsp;<\/p>\n<p>L'opzione migliore per i viaggiatori amanti della libert\u00e0 \u00e8 quella di noleggiare un'auto immediatamente dall'aeroporto. All'interno dell'aeroporto si trovano uffici di compagnie internazionali come Sixt, Europcar e Avis. Potete noleggiare l'auto a un prezzo conveniente prenotando online in anticipo. In questo modo potrete ritirare rapidamente l'auto una volta arrivati in aeroporto.<\/p>\n<h4>Taxi agli arrivi dell'aeroporto di Marsa Alam<\/h4>\n<p>&nbsp;<\/p>\n<p>All'uscita del terminal dell'aeroporto si trovano le fermate dei taxi. L\u00ec i taxi prestano servizio in base agli orari dei voli. Quando scendete dall'aereo, potete prendere immediatamente un taxi per raggiungere la destinazione desiderata. Oppure potete effettuare una prenotazione online prima del volo con compagnie locali e affidabili come \"Steven's Taxi\" o \"Marsa Alam Taxi\". Il vostro taxi sar\u00e0 pronto non appena scenderete dall'aereo.<\/p>\n<h3>Trasferimento privato dagli arrivi all'aeroporto di Marsa Alam<\/h3>\n<p>&nbsp;<\/p>\n<p>Il metodo di trasporto pi\u00f9 comune e logico a Marsa Alam \u00e8 un servizio di trasferimento privato fornito dal vostro hotel o tour operator. La maggior parte degli hotel fornisce un servizio di trasferimento dall'aeroporto per i propri ospiti. Non dimenticate di chiedere informazioni sulla navetta al momento della prenotazione dell'hotel.<\/p>\n<p>In alternativa, potete prenotare un servizio di trasferimento attraverso piattaforme come Booking.com o Viator. In questo modo potrete raggiungere il vostro hotel velocemente e senza stress.<\/p>\n<p>Ho preparato questa guida dettagliata per rendere l'intero processo veloce, sicuro e confortevole dal momento in cui arrivate a Marsa Alam. Potrete iniziare la vostra vacanza senza stress approfittando di tutte le strutture dell'aeroporto prima di raggiungere le affascinanti acque del Mar Rosso.<\/p>\n<p>Benvenuti a Marsa Alam!<\/p>","protected":false},"excerpt":{"rendered":"<p>Se volete raggiungere le incontaminate barriere coralline, le calme acque turchesi e i deserti dorati del Mar Rosso, Marsa [...]<\/p>","protected":false},"author":1,"featured_media":1047,"parent":0,"menu_order":0,"comment_status":"closed","ping_status":"closed","template":"","meta":{"_acf_changed":false,"site-sidebar-layout":"default","site-content-layout":"","ast-site-content-layout":"default","site-content-style":"default","site-sidebar-style":"default","ast-global-header-display":"","ast-banner-title-visibility":"","ast-main-header-display":"","ast-hfb-above-header-display":"","ast-hfb-below-header-display":"","ast-hfb-mobile-header-display":"","site-post-title":"","ast-breadcrumbs-content":"","ast-featured-img":"","footer-sml-layout":"","theme-transparent-header-meta":"default","adv-header-id-meta":"","stick-header-meta":"","header-above-stick-meta":"","header-main-stick-meta":"","header-below-stick-meta":"","astra-migrate-meta-layouts":"set","ast-page-background-enabled":"default","ast-page-background-meta":{"desktop":{"background-color":"var(--ast-global-color-4)","background-image":"","background-repeat":"repeat","background-position":"center center","background-size":"auto","background-attachment":"scroll","background-type":"","background-media":"","overlay-type":"","overlay-color":"","overlay-opacity":"","overlay-gradient":""},"tablet":{"background-color":"","background-image":"","background-repeat":"repeat","background-position":"center center","background-size":"auto","background-attachment":"scroll","background-type":"","background-media":"","overlay-type":"","overlay-color":"","overlay-opacity":"","overlay-gradient":""},"mobile":{"background-color":"","background-image":"","background-repeat":"repeat","background-position":"center center","background-size":"auto","background-attachment":"scroll","background-type":"","background-media":"","overlay-type":"","overlay-color":"","overlay-opacity":"","overlay-gradient":""}},"ast-content-background-meta":{"desktop":{"background-color":"var(--ast-global-color-5)","background-image":"","background-repeat":"repeat","background-position":"center center","background-size":"auto","background-attachment":"scroll","background-type":"","background-media":"","overlay-type":"","overlay-color":"","overlay-opacity":"","overlay-gradient":""},"tablet":{"background-color":"var(--ast-global-color-5)","background-image":"","background-repeat":"repeat","background-position":"center center","background-size":"auto","background-attachment":"scroll","background-type":"","background-media":"","overlay-type":"","overlay-color":"","overlay-opacity":"","overlay-gradient":""},"mobile":{"background-color":"var(--ast-global-color-5)","background-image":"","background-repeat":"repeat","background-position":"center center","background-size":"auto","background-attachment":"scroll","background-type":"","background-media":"","overlay-type":"","overlay-color":"","overlay-opacity":"","overlay-gradient":""}},"footnotes":""},"class_list":["post-351","page","type-page","status-publish","has-post-thumbnail","hentry"],"acf":[],"yoast_head":"<!-- This site is optimized with the Yoast SEO Premium plugin v24.0 (Yoast SEO v26.6) - https:\/\/yoast.com\/wordpress\/plugins\/seo\/ -->\n<title>Marsa Alam Airport Arrivals | Live Flight Status &amp; Updates<\/title>\n<meta name=\"description\" content=\"Arrivals at Marsa Alam Airport; View real-time flight arrival information, delays and cancelations, and current weather conditions at Marsa Alam Airport.\" \/>\n<meta name=\"robots\" content=\"index, follow, max-snippet:-1, max-image-preview:large, max-video-preview:-1\" \/>\n<link rel=\"canonical\" href=\"https:\/\/marsaalam-airport.com\/it\/arrivals\/\" \/>\n<meta property=\"og:locale\" content=\"it_IT\" \/>\n<meta property=\"og:type\" content=\"article\" \/>\n<meta property=\"og:title\" content=\"Marsa Alam International Airport Arrivals\" \/>\n<meta property=\"og:description\" content=\"Arrivals at Marsa Alam Airport; View real-time flight arrival information, delays and cancelations, and current weather conditions at Marsa Alam Airport.\" \/>\n<meta property=\"og:url\" content=\"https:\/\/marsaalam-airport.com\/it\/arrivals\/\" \/>\n<meta property=\"article:publisher\" content=\"https:\/\/www.facebook.com\/marsaalamairportinternational\" \/>\n<meta property=\"article:modified_time\" content=\"2025-07-20T23:34:43+00:00\" \/>\n<meta property=\"og:image\" content=\"https:\/\/marsaalam-airport.com\/wp-content\/uploads\/rmf-arrivals-1.png\" \/><meta property=\"og:image\" content=\"https:\/\/marsaalam-airport.com\/wp-content\/uploads\/rmf-arrivals-1.png\" \/>\n\t<meta property=\"og:image:width\" content=\"200\" \/>\n\t<meta property=\"og:image:height\" content=\"200\" \/>\n\t<meta property=\"og:image:type\" content=\"image\/jpeg\" \/>\n<meta name=\"twitter:card\" content=\"summary_large_image\" \/>\n<meta name=\"twitter:image\" content=\"https:\/\/marsaalam-airport.com\/wp-content\/uploads\/rmf-arrivals-1.png\" \/>\n<meta name=\"twitter:label1\" content=\"Tempo di lettura stimato\" \/>\n\t<meta name=\"twitter:data1\" content=\"7 minuti\" \/>\n<script type=\"application\/ld+json\" class=\"yoast-schema-graph\">{\"@context\":\"https:\/\/schema.org\",\"@graph\":[{\"@type\":\"WebPage\",\"@id\":\"https:\/\/marsaalam-airport.com\/arrivals\/\",\"url\":\"https:\/\/marsaalam-airport.com\/arrivals\/\",\"name\":\"Marsa Alam Airport Arrivals | Live Flight Status & Updates\",\"isPartOf\":{\"@id\":\"https:\/\/marsaalam-airport.com\/#website\"},\"primaryImageOfPage\":{\"@id\":\"https:\/\/marsaalam-airport.com\/arrivals\/#primaryimage\"},\"image\":{\"@id\":\"https:\/\/marsaalam-airport.com\/arrivals\/#primaryimage\"},\"thumbnailUrl\":\"https:\/\/i3.wp.com\/marsaalam-airport.com\/wp-content\/uploads\/rmf-arrivals-1.png?w=200&resize=200,200&ssl=1\",\"datePublished\":\"2024-11-18T12:16:14+00:00\",\"dateModified\":\"2025-07-20T23:34:43+00:00\",\"description\":\"Arrivals at Marsa Alam Airport; View real-time flight arrival information, delays and cancelations, and current weather conditions at Marsa Alam Airport.\",\"breadcrumb\":{\"@id\":\"https:\/\/marsaalam-airport.com\/arrivals\/#breadcrumb\"},\"inLanguage\":\"it-IT\",\"potentialAction\":[{\"@type\":\"ReadAction\",\"target\":[\"https:\/\/marsaalam-airport.com\/arrivals\/\"]}]},{\"@type\":\"ImageObject\",\"inLanguage\":\"it-IT\",\"@id\":\"https:\/\/marsaalam-airport.com\/arrivals\/#primaryimage\",\"url\":\"https:\/\/i3.wp.com\/marsaalam-airport.com\/wp-content\/uploads\/rmf-arrivals-1.png?w=200&resize=200,200&ssl=1\",\"contentUrl\":\"https:\/\/i3.wp.com\/marsaalam-airport.com\/wp-content\/uploads\/rmf-arrivals-1.png?w=200&resize=200,200&ssl=1\",\"width\":\"200\",\"height\":\"200\"},{\"@type\":\"BreadcrumbList\",\"@id\":\"https:\/\/marsaalam-airport.com\/arrivals\/#breadcrumb\",\"itemListElement\":[{\"@type\":\"ListItem\",\"position\":1,\"name\":\"Home\",\"item\":\"https:\/\/marsaalam-airport.com\/\"},{\"@type\":\"ListItem\",\"position\":2,\"name\":\"Marsa Alam International Airport Arrivals\"}]},{\"@type\":\"WebSite\",\"@id\":\"https:\/\/marsaalam-airport.com\/#website\",\"url\":\"https:\/\/marsaalam-airport.com\/\",\"name\":\"Marsa Alam International Airport\",\"description\":\"\",\"publisher\":{\"@id\":\"https:\/\/marsaalam-airport.com\/#organization\"},\"alternateName\":\"RMF\",\"potentialAction\":[{\"@type\":\"SearchAction\",\"target\":{\"@type\":\"EntryPoint\",\"urlTemplate\":\"https:\/\/marsaalam-airport.com\/?s={search_term_string}\"},\"query-input\":{\"@type\":\"PropertyValueSpecification\",\"valueRequired\":true,\"valueName\":\"search_term_string\"}}],\"inLanguage\":\"it-IT\"},{\"@type\":\"Organization\",\"@id\":\"https:\/\/marsaalam-airport.com\/#organization\",\"name\":\"Marsa Alam International Airport\",\"alternateName\":\"RMF\",\"url\":\"https:\/\/marsaalam-airport.com\/\",\"logo\":{\"@type\":\"ImageObject\",\"inLanguage\":\"it-IT\",\"@id\":\"https:\/\/marsaalam-airport.com\/#\/schema\/logo\/image\/\",\"url\":\"https:\/\/marsaalam-airport.com\/wp-content\/uploads\/cropped-rmf-logo.png\",\"contentUrl\":\"https:\/\/marsaalam-airport.com\/wp-content\/uploads\/cropped-rmf-logo.png\",\"width\":1998,\"height\":667,\"caption\":\"Marsa Alam International Airport\"},\"image\":{\"@id\":\"https:\/\/marsaalam-airport.com\/#\/schema\/logo\/image\/\"},\"sameAs\":[\"https:\/\/www.facebook.com\/marsaalamairportinternational\"],\"description\":\"Marsa Alam Airport (RMF) provides live tracking for arrivals & departures plus comfortable airport hotels with free shuttles.\",\"email\":\"info@marsaalam-airport.com\",\"legalName\":\"Marsa Alam Airport\"}]}<\/script>\n<!-- \/ Yoast SEO Premium plugin. -->","yoast_head_json":{"title":"Marsa Alam Airport Arrivals | Live Flight Status & Updates","description":"Arrivals at Marsa Alam Airport; View real-time flight arrival information, delays and cancelations, and current weather conditions at Marsa Alam Airport.","robots":{"index":"index","follow":"follow","max-snippet":"max-snippet:-1","max-image-preview":"max-image-preview:large","max-video-preview":"max-video-preview:-1"},"canonical":"https:\/\/marsaalam-airport.com\/it\/arrivals\/","og_locale":"it_IT","og_type":"article","og_title":"Marsa Alam International Airport Arrivals","og_description":"Arrivals at Marsa Alam Airport; View real-time flight arrival information, delays and cancelations, and current weather conditions at Marsa Alam Airport.","og_url":"https:\/\/marsaalam-airport.com\/it\/arrivals\/","article_publisher":"https:\/\/www.facebook.com\/marsaalamairportinternational","article_modified_time":"2025-07-20T23:34:43+00:00","og_image":[{"url":"https:\/\/marsaalam-airport.com\/wp-content\/uploads\/rmf-arrivals-1.png","type":"","width":"","height":""},{"width":200,"height":200,"url":"https:\/\/marsaalam-airport.com\/wp-content\/uploads\/rmf-arrivals-1.png","type":"image\/jpeg"}],"twitter_card":"summary_large_image","twitter_image":"https:\/\/marsaalam-airport.com\/wp-content\/uploads\/rmf-arrivals-1.png","twitter_misc":{"Tempo di lettura stimato":"7 minuti"},"schema":{"@context":"https:\/\/schema.org","@graph":[{"@type":"WebPage","@id":"https:\/\/marsaalam-airport.com\/arrivals\/","url":"https:\/\/marsaalam-airport.com\/arrivals\/","name":"Marsa Alam Airport Arrivals | Live Flight Status & Updates","isPartOf":{"@id":"https:\/\/marsaalam-airport.com\/#website"},"primaryImageOfPage":{"@id":"https:\/\/marsaalam-airport.com\/arrivals\/#primaryimage"},"image":{"@id":"https:\/\/marsaalam-airport.com\/arrivals\/#primaryimage"},"thumbnailUrl":"https:\/\/i3.wp.com\/marsaalam-airport.com\/wp-content\/uploads\/rmf-arrivals-1.png?w=200&resize=200,200&ssl=1","datePublished":"2024-11-18T12:16:14+00:00","dateModified":"2025-07-20T23:34:43+00:00","description":"Arrivals at Marsa Alam Airport; View real-time flight arrival information, delays and cancelations, and current weather conditions at Marsa Alam Airport.","breadcrumb":{"@id":"https:\/\/marsaalam-airport.com\/arrivals\/#breadcrumb"},"inLanguage":"it-IT","potentialAction":[{"@type":"ReadAction","target":["https:\/\/marsaalam-airport.com\/arrivals\/"]}]},{"@type":"ImageObject","inLanguage":"it-IT","@id":"https:\/\/marsaalam-airport.com\/arrivals\/#primaryimage","url":"https:\/\/i3.wp.com\/marsaalam-airport.com\/wp-content\/uploads\/rmf-arrivals-1.png?w=200&resize=200,200&ssl=1","contentUrl":"https:\/\/i3.wp.com\/marsaalam-airport.com\/wp-content\/uploads\/rmf-arrivals-1.png?w=200&resize=200,200&ssl=1","width":"200","height":"200"},{"@type":"BreadcrumbList","@id":"https:\/\/marsaalam-airport.com\/arrivals\/#breadcrumb","itemListElement":[{"@type":"ListItem","position":1,"name":"Home","item":"https:\/\/marsaalam-airport.com\/"},{"@type":"ListItem","position":2,"name":"Marsa Alam International Airport Arrivals"}]},{"@type":"WebSite","@id":"https:\/\/marsaalam-airport.com\/#website","url":"https:\/\/marsaalam-airport.com\/","name":"Marsa Alam International Airport","description":"","publisher":{"@id":"https:\/\/marsaalam-airport.com\/#organization"},"alternateName":"RMF","potentialAction":[{"@type":"SearchAction","target":{"@type":"EntryPoint","urlTemplate":"https:\/\/marsaalam-airport.com\/?s={search_term_string}"},"query-input":{"@type":"PropertyValueSpecification","valueRequired":true,"valueName":"search_term_string"}}],"inLanguage":"it-IT"},{"@type":"Organization","@id":"https:\/\/marsaalam-airport.com\/#organization","name":"Marsa Alam International Airport","alternateName":"RMF","url":"https:\/\/marsaalam-airport.com\/","logo":{"@type":"ImageObject","inLanguage":"it-IT","@id":"https:\/\/marsaalam-airport.com\/#\/schema\/logo\/image\/","url":"https:\/\/marsaalam-airport.com\/wp-content\/uploads\/cropped-rmf-logo.png","contentUrl":"https:\/\/marsaalam-airport.com\/wp-content\/uploads\/cropped-rmf-logo.png","width":1998,"height":667,"caption":"Marsa Alam International Airport"},"image":{"@id":"https:\/\/marsaalam-airport.com\/#\/schema\/logo\/image\/"},"sameAs":["https:\/\/www.facebook.com\/marsaalamairportinternational"],"description":"Marsa Alam Airport (RMF) provides live tracking for arrivals & departures plus comfortable airport hotels with free shuttles.","email":"info@marsaalam-airport.com","legalName":"Marsa Alam Airport"}]}},"_links":{"self":[{"href":"https:\/\/marsaalam-airport.com\/it\/wp-json\/wp\/v2\/pages\/351","targetHints":{"allow":["GET"]}}],"collection":[{"href":"https:\/\/marsaalam-airport.com\/it\/wp-json\/wp\/v2\/pages"}],"about":[{"href":"https:\/\/marsaalam-airport.com\/it\/wp-json\/wp\/v2\/types\/page"}],"author":[{"embeddable":true,"href":"https:\/\/marsaalam-airport.com\/it\/wp-json\/wp\/v2\/users\/1"}],"replies":[{"embeddable":true,"href":"https:\/\/marsaalam-airport.com\/it\/wp-json\/wp\/v2\/comments?post=351"}],"version-history":[{"count":4,"href":"https:\/\/marsaalam-airport.com\/it\/wp-json\/wp\/v2\/pages\/351\/revisions"}],"predecessor-version":[{"id":1136,"href":"https:\/\/marsaalam-airport.com\/it\/wp-json\/wp\/v2\/pages\/351\/revisions\/1136"}],"wp:featuredmedia":[{"embeddable":true,"href":"https:\/\/marsaalam-airport.com\/it\/wp-json\/wp\/v2\/media\/1047"}],"wp:attachment":[{"href":"https:\/\/marsaalam-airport.com\/it\/wp-json\/wp\/v2\/media?parent=351"}],"curies":[{"name":"wp","href":"https:\/\/api.w.org\/{rel}","templated":true}]}}