{"id":1172,"date":"2025-07-21T11:29:22","date_gmt":"2025-07-21T11:29:22","guid":{"rendered":"https:\/\/marsaalam-airport.com\/?page_id=1172"},"modified":"2025-07-21T11:29:22","modified_gmt":"2025-07-21T11:29:22","slug":"weather","status":"publish","type":"page","link":"https:\/\/marsaalam-airport.com\/it\/weather\/","title":{"rendered":"Tempo a Marsa Alam"},"content":{"rendered":"<p>State programmando un viaggio a Marsa Alam, il paradiso incontaminato del Mar Rosso? So che avete in mente avventure subacquee e spiagge dorate. Ma cosa mettere in valigia per una vacanza perfetta? Verrete in visita durante il caldo torrido dell'estate? O verrete qui durante la mite stagione invernale? Non preoccupatevi! Questa guida \u00e8 stata preparata per aiutarvi a svelare i segreti del clima di Marsa Alam e a godervi al meglio la vostra vacanza.<\/p>\n<h2>Panoramica del tempo a Marsa Alam<\/h2>\n<p>Marsa Alam, situata sulla costa orientale del Mar Rosso, ha un clima desertico subtropicale. Questo significa una cosa: sole, sole e ancora sole! Il clima \u00e8 caldo, secco e sereno tutto l'anno. Qui non piove quasi mai. La regione vanta cieli limpidi, temperature elevate e leggere brezze marine. Le temperature dell'acqua del mare variano da 22\u00b0C a 29\u00b0C.<\/p>\n<h2>Temperature medie massime a Marsa Alam<\/h2>\n<p><strong>Temperature massime medie (\u00b0C)<\/strong><br \/>\nGennaio: 24.1<br \/>\nFebbraio: 25.1<br \/>\nMarzo: 26.9<br \/>\nAprile: 29,8<br \/>\nMaggio: 33.1<br \/>\nGiugno: 34.7<br \/>\nLuglio: 35.5<br \/>\nAgosto: 35.6<br \/>\nSettembre: 34,2<br \/>\nOttobre: 32.6<br \/>\nNovembre: 29,3<br \/>\nDicembre: 25,5<\/p>\n<p><strong>Il mese pi\u00f9 caldo dell'anno \u00e8 agosto, mentre quello pi\u00f9 fresco \u00e8 gennaio.<\/strong><\/p>\n<h3>\nUmidit\u00e0 relativa media a Marsa Alam<\/h3>\n<p>Grazie al suo clima desertico, l'umidit\u00e0 a Marsa Alam \u00e8 generalmente bassa. Ci\u00f2 significa che le alte temperature non sono opprimenti. L'umidit\u00e0 media oscilla tra 40% e 50%.<\/p>\n<p><strong>Umidit\u00e0 relativa media (%)<\/strong><\/p>\n<p>Gennaio: 41%<br \/>\nFebbraio: 33%<br \/>\nMarzo: 25%<br \/>\nAprile: 19%<br \/>\nMaggio: 17%<br \/>\nGiugno: 17%<br \/>\nLuglio: 19%<br \/>\nAgosto: 20%<br \/>\nSettembre: 23%<br \/>\nOttobre: 27%<br \/>\nNovembre: 37%<br \/>\nDicembre: 42%<\/p>\n<h3>Precipitazioni medie a Marsa Alam<\/h3>\n<p>Marsa Alam \u00e8 uno dei luoghi pi\u00f9 aridi del mondo. La media annuale delle precipitazioni \u00e8 di pochi millimetri. Ci\u00f2 significa che le possibilit\u00e0 che la vostra vacanza sia rovinata dalla pioggia sono quasi nulle. Non \u00e8 necessario mettere in valigia un ombrello o un impermeabile.<\/p>\n<p><strong>Precipitazioni medie (mm)<\/strong><\/p>\n<p>Gennaio: 0<br \/>\nFebbraio: 1<br \/>\nMarzo: 1<br \/>\nAprile: 1<br \/>\nMaggio: 0<br \/>\nGiugno: 0<br \/>\nLuglio: 0<br \/>\nAgosto: 0<br \/>\nSettembre: 0<br \/>\nOttobre: 1<br \/>\nNovembre: 3<br \/>\nDicembre: 2<\/p>\n<h3>\nInsolazione media giornaliera<\/h3>\n<p>Non dimenticate gli occhiali da sole e la protezione solare! Marsa Alam gode di molto sole durante tutto l'anno. In media ci sono 12-13 ore di sole al giorno in estate e 9-10 ore in inverno.<\/p>\n<p><strong>Media delle ore di sole giornaliere (ore)<\/strong><\/p>\n<p>Gennaio: 9<br \/>\nFebbraio: 10<br \/>\nMarzo: 10<br \/>\nAprile: 11<br \/>\nMaggio: 12<br \/>\nGiugno: 13<br \/>\nLuglio: 13<br \/>\nAgosto: 12<br \/>\nSettembre: 11<br \/>\nOttobre: 10<br \/>\nNovembre: 10<br \/>\nDicembre: 9<\/p>\n<p>A Marsa Alam le giornate di sole continuano quasi ininterrottamente per tutto l'anno.<\/p>\n<h3>Tempo estivo a Marsa Alam<\/h3>\n<p>I mesi di giugno, luglio e agosto sono dedicati a chi ama il caldo e crede che \"una vacanza debba essere calda\". Il sole inizia a splendere al mattino presto. Il cielo \u00e8 luminoso per tutto il giorno. La temperatura del mare \u00e8 di 28-29\u00b0C, quindi non vorrete uscire dall'acqua per ore. Anche le notti sono abbastanza calde.<\/p>\n<h3>Cosa mettere in valigia per un'estate a Marsa Alam?<\/h3>\n<p><strong>Abbigliamento leggero e sciolto<\/strong>: T-shirt, pantaloncini, abiti e gonne in tessuti traspiranti come cotone e lino.<br \/>\n<strong>Tanti costumi da bagno<\/strong>: Trascorrerete la maggior parte della giornata in acqua o nei dintorni!<br \/>\n<strong>Protezione solare<\/strong>: Cappello a tesa larga, occhiali da sole di alta qualit\u00e0 con protezione UV e crema solare ad alto SPF (SPF 50+).<br \/>\n<strong>Protezione per il rash<\/strong>: Se avete intenzione di fare snorkeling o immersioni, una muta sottile \u00e8 una buona idea per proteggervi dal sole e dal possibile contatto con le creature marine.<\/p>\n<h3>Tempo invernale a Marsa Alam<\/h3>\n<p>I mesi invernali sono perfetti per sfuggire al freddo dell'Europa e rifugiarsi al sole. Durante il giorno si pu\u00f2 comodamente passeggiare in maglietta e prendere il sole in spiaggia. La temperatura dell'acqua del mare si aggira intorno ai 22-24\u00b0C. Quindi, il mare \u00e8 ancora abbastanza caldo per fare il bagno. La differenza maggiore si avverte dopo il tramonto. La sera, le temperature possono scendere a 14-15\u00b0C.<\/p>\n<h3>Cosa mettere in valigia per un inverno a Marsa Alam?<\/h3>\n<p><strong>Abbigliamento<\/strong>: T-shirt e pantaloncini per il giorno, e una felpa a maniche lunghe, un pile leggero o una giacca sottile per la sera.<br \/>\n<strong>Pantaloni lunghi<\/strong>: Un paio di jeans o di comodi pantaloni di cotone sono una salvezza per le cene o le passeggiate.<br \/>\n<strong>Costumi da bagno<\/strong>: Portate con voi il costume da bagno per godervi il sole durante il giorno!<br \/>\n<strong>Scarpe chiuse<\/strong>: Oltre ai sandali, portate con voi un paio di scarpe chiuse come le sneakers per le serate pi\u00f9 fresche.<br \/>\n<strong>Protezione solare<\/strong>: Anche in inverno, il sole egiziano \u00e8 forte. Non dimenticate cappello, occhiali da sole e crema solare.<\/p>\n<h3>\nIl momento migliore per visitare Marsa Alam<\/h3>\n<p>Sebbene sia un paradiso per le vacanze 365 giorni all'anno, i periodi migliori per visitare Marsa Alam sono la primavera (marzo, aprile, maggio) e l'autunno (ottobre, novembre).<\/p>\n<p>In questi mesi il clima \u00e8 perfetto. Non c'\u00e8 il caldo soffocante dell'estate n\u00e9 le fresche serate dell'inverno. L'acqua del mare \u00e8 ideale per le immersioni e lo snorkeling. Si possono praticare tutti i tipi di attivit\u00e0 durante la giornata senza sentirsi sopraffatti.<\/p>\n<p>Marzo e aprile, con le prime brezze primaverili, sono i periodi migliori per osservare i coralli colorati e la vivace vita sottomarina. Le temperature diurne variano da 27 a 31\u00b0C. Se state programmando una vacanza prima dei mesi estivi, potete visitare Marsa Alam in questi mesi.<\/p>\n<p>Preparate le valigie, perch\u00e9 il sole infinito e il mare ipnotico di Marsa Alam vi aspettano.<\/p>","protected":false},"excerpt":{"rendered":"<p>Avete in programma un viaggio a Marsa Alam, il paradiso incontaminato del Mar Rosso? So che avete delle immersioni [...]<\/p>","protected":false},"author":1,"featured_media":0,"parent":0,"menu_order":0,"comment_status":"closed","ping_status":"closed","template":"","meta":{"_acf_changed":false,"site-sidebar-layout":"default","site-content-layout":"","ast-site-content-layout":"default","site-content-style":"default","site-sidebar-style":"default","ast-global-header-display":"","ast-banner-title-visibility":"","ast-main-header-display":"","ast-hfb-above-header-display":"","ast-hfb-below-header-display":"","ast-hfb-mobile-header-display":"","site-post-title":"","ast-breadcrumbs-content":"","ast-featured-img":"","footer-sml-layout":"","theme-transparent-header-meta":"default","adv-header-id-meta":"","stick-header-meta":"","header-above-stick-meta":"","header-main-stick-meta":"","header-below-stick-meta":"","astra-migrate-meta-layouts":"set","ast-page-background-enabled":"default","ast-page-background-meta":{"desktop":{"background-color":"var(--ast-global-color-4)","background-image":"","background-repeat":"repeat","background-position":"center center","background-size":"auto","background-attachment":"scroll","background-type":"","background-media":"","overlay-type":"","overlay-color":"","overlay-opacity":"","overlay-gradient":""},"tablet":{"background-color":"","background-image":"","background-repeat":"repeat","background-position":"center center","background-size":"auto","background-attachment":"scroll","background-type":"","background-media":"","overlay-type":"","overlay-color":"","overlay-opacity":"","overlay-gradient":""},"mobile":{"background-color":"","background-image":"","background-repeat":"repeat","background-position":"center center","background-size":"auto","background-attachment":"scroll","background-type":"","background-media":"","overlay-type":"","overlay-color":"","overlay-opacity":"","overlay-gradient":""}},"ast-content-background-meta":{"desktop":{"background-color":"var(--ast-global-color-5)","background-image":"","background-repeat":"repeat","background-position":"center center","background-size":"auto","background-attachment":"scroll","background-type":"","background-media":"","overlay-type":"","overlay-color":"","overlay-opacity":"","overlay-gradient":""},"tablet":{"background-color":"var(--ast-global-color-5)","background-image":"","background-repeat":"repeat","background-position":"center center","background-size":"auto","background-attachment":"scroll","background-type":"","background-media":"","overlay-type":"","overlay-color":"","overlay-opacity":"","overlay-gradient":""},"mobile":{"background-color":"var(--ast-global-color-5)","background-image":"","background-repeat":"repeat","background-position":"center center","background-size":"auto","background-attachment":"scroll","background-type":"","background-media":"","overlay-type":"","overlay-color":"","overlay-opacity":"","overlay-gradient":""}},"footnotes":""},"class_list":["post-1172","page","type-page","status-publish","hentry"],"acf":[],"yoast_head":"<!-- This site is optimized with the Yoast SEO Premium plugin v24.0 (Yoast SEO v26.6) - https:\/\/yoast.com\/wordpress\/plugins\/seo\/ -->\n<title>Marsa Alam Weather<\/title>\n<meta name=\"robots\" content=\"index, follow, max-snippet:-1, max-image-preview:large, max-video-preview:-1\" \/>\n<link rel=\"canonical\" href=\"https:\/\/marsaalam-airport.com\/it\/weather\/\" \/>\n<meta property=\"og:locale\" content=\"it_IT\" \/>\n<meta property=\"og:type\" content=\"article\" \/>\n<meta property=\"og:title\" content=\"Marsa Alam Weather\" \/>\n<meta property=\"og:description\" content=\"Are you planning a trip to Marsa Alam, the untouched paradise of the Red Sea? I know you have diving [&hellip;]\" \/>\n<meta property=\"og:url\" content=\"https:\/\/marsaalam-airport.com\/it\/weather\/\" \/>\n<meta property=\"article:publisher\" content=\"https:\/\/www.facebook.com\/marsaalamairportinternational\" \/>\n<meta property=\"og:image\" content=\"https:\/\/marsaalam-airport.com\/wp-content\/uploads\/marsa-alam-airport-1.webp\" \/>\n\t<meta property=\"og:image:width\" content=\"1024\" \/>\n\t<meta property=\"og:image:height\" content=\"683\" \/>\n\t<meta property=\"og:image:type\" content=\"image\/webp\" \/>\n<meta name=\"twitter:card\" content=\"summary_large_image\" \/>\n<meta name=\"twitter:label1\" content=\"Tempo di lettura stimato\" \/>\n\t<meta name=\"twitter:data1\" content=\"4 minuti\" \/>\n<script type=\"application\/ld+json\" class=\"yoast-schema-graph\">{\"@context\":\"https:\/\/schema.org\",\"@graph\":[{\"@type\":\"WebPage\",\"@id\":\"https:\/\/marsaalam-airport.com\/weather\/\",\"url\":\"https:\/\/marsaalam-airport.com\/weather\/\",\"name\":\"Marsa Alam Weather\",\"isPartOf\":{\"@id\":\"https:\/\/marsaalam-airport.com\/#website\"},\"datePublished\":\"2025-07-21T11:29:22+00:00\",\"breadcrumb\":{\"@id\":\"https:\/\/marsaalam-airport.com\/weather\/#breadcrumb\"},\"inLanguage\":\"it-IT\",\"potentialAction\":[{\"@type\":\"ReadAction\",\"target\":[\"https:\/\/marsaalam-airport.com\/weather\/\"]}]},{\"@type\":\"BreadcrumbList\",\"@id\":\"https:\/\/marsaalam-airport.com\/weather\/#breadcrumb\",\"itemListElement\":[{\"@type\":\"ListItem\",\"position\":1,\"name\":\"Home\",\"item\":\"https:\/\/marsaalam-airport.com\/\"},{\"@type\":\"ListItem\",\"position\":2,\"name\":\"Marsa Alam Weather\"}]},{\"@type\":\"WebSite\",\"@id\":\"https:\/\/marsaalam-airport.com\/#website\",\"url\":\"https:\/\/marsaalam-airport.com\/\",\"name\":\"Marsa Alam International Airport\",\"description\":\"\",\"publisher\":{\"@id\":\"https:\/\/marsaalam-airport.com\/#organization\"},\"alternateName\":\"RMF\",\"potentialAction\":[{\"@type\":\"SearchAction\",\"target\":{\"@type\":\"EntryPoint\",\"urlTemplate\":\"https:\/\/marsaalam-airport.com\/?s={search_term_string}\"},\"query-input\":{\"@type\":\"PropertyValueSpecification\",\"valueRequired\":true,\"valueName\":\"search_term_string\"}}],\"inLanguage\":\"it-IT\"},{\"@type\":\"Organization\",\"@id\":\"https:\/\/marsaalam-airport.com\/#organization\",\"name\":\"Marsa Alam International Airport\",\"alternateName\":\"RMF\",\"url\":\"https:\/\/marsaalam-airport.com\/\",\"logo\":{\"@type\":\"ImageObject\",\"inLanguage\":\"it-IT\",\"@id\":\"https:\/\/marsaalam-airport.com\/#\/schema\/logo\/image\/\",\"url\":\"https:\/\/marsaalam-airport.com\/wp-content\/uploads\/cropped-rmf-logo.png\",\"contentUrl\":\"https:\/\/marsaalam-airport.com\/wp-content\/uploads\/cropped-rmf-logo.png\",\"width\":1998,\"height\":667,\"caption\":\"Marsa Alam International Airport\"},\"image\":{\"@id\":\"https:\/\/marsaalam-airport.com\/#\/schema\/logo\/image\/\"},\"sameAs\":[\"https:\/\/www.facebook.com\/marsaalamairportinternational\"],\"description\":\"Marsa Alam Airport (RMF) provides live tracking for arrivals & departures plus comfortable airport hotels with free shuttles.\",\"email\":\"info@marsaalam-airport.com\",\"legalName\":\"Marsa Alam Airport\"}]}<\/script>\n<!-- \/ Yoast SEO Premium plugin. -->","yoast_head_json":{"title":"Marsa Alam Weather","robots":{"index":"index","follow":"follow","max-snippet":"max-snippet:-1","max-image-preview":"max-image-preview:large","max-video-preview":"max-video-preview:-1"},"canonical":"https:\/\/marsaalam-airport.com\/it\/weather\/","og_locale":"it_IT","og_type":"article","og_title":"Marsa Alam Weather","og_description":"Are you planning a trip to Marsa Alam, the untouched paradise of the Red Sea? I know you have diving [&hellip;]","og_url":"https:\/\/marsaalam-airport.com\/it\/weather\/","article_publisher":"https:\/\/www.facebook.com\/marsaalamairportinternational","og_image":[{"width":1024,"height":683,"url":"https:\/\/marsaalam-airport.com\/wp-content\/uploads\/marsa-alam-airport-1.webp","type":"image\/webp"}],"twitter_card":"summary_large_image","twitter_misc":{"Tempo di lettura stimato":"4 minuti"},"schema":{"@context":"https:\/\/schema.org","@graph":[{"@type":"WebPage","@id":"https:\/\/marsaalam-airport.com\/weather\/","url":"https:\/\/marsaalam-airport.com\/weather\/","name":"Marsa Alam Weather","isPartOf":{"@id":"https:\/\/marsaalam-airport.com\/#website"},"datePublished":"2025-07-21T11:29:22+00:00","breadcrumb":{"@id":"https:\/\/marsaalam-airport.com\/weather\/#breadcrumb"},"inLanguage":"it-IT","potentialAction":[{"@type":"ReadAction","target":["https:\/\/marsaalam-airport.com\/weather\/"]}]},{"@type":"BreadcrumbList","@id":"https:\/\/marsaalam-airport.com\/weather\/#breadcrumb","itemListElement":[{"@type":"ListItem","position":1,"name":"Home","item":"https:\/\/marsaalam-airport.com\/"},{"@type":"ListItem","position":2,"name":"Marsa Alam Weather"}]},{"@type":"WebSite","@id":"https:\/\/marsaalam-airport.com\/#website","url":"https:\/\/marsaalam-airport.com\/","name":"Marsa Alam International Airport","description":"","publisher":{"@id":"https:\/\/marsaalam-airport.com\/#organization"},"alternateName":"RMF","potentialAction":[{"@type":"SearchAction","target":{"@type":"EntryPoint","urlTemplate":"https:\/\/marsaalam-airport.com\/?s={search_term_string}"},"query-input":{"@type":"PropertyValueSpecification","valueRequired":true,"valueName":"search_term_string"}}],"inLanguage":"it-IT"},{"@type":"Organization","@id":"https:\/\/marsaalam-airport.com\/#organization","name":"Marsa Alam International Airport","alternateName":"RMF","url":"https:\/\/marsaalam-airport.com\/","logo":{"@type":"ImageObject","inLanguage":"it-IT","@id":"https:\/\/marsaalam-airport.com\/#\/schema\/logo\/image\/","url":"https:\/\/marsaalam-airport.com\/wp-content\/uploads\/cropped-rmf-logo.png","contentUrl":"https:\/\/marsaalam-airport.com\/wp-content\/uploads\/cropped-rmf-logo.png","width":1998,"height":667,"caption":"Marsa Alam International Airport"},"image":{"@id":"https:\/\/marsaalam-airport.com\/#\/schema\/logo\/image\/"},"sameAs":["https:\/\/www.facebook.com\/marsaalamairportinternational"],"description":"Marsa Alam Airport (RMF) provides live tracking for arrivals & departures plus comfortable airport hotels with free shuttles.","email":"info@marsaalam-airport.com","legalName":"Marsa Alam Airport"}]}},"_links":{"self":[{"href":"https:\/\/marsaalam-airport.com\/it\/wp-json\/wp\/v2\/pages\/1172","targetHints":{"allow":["GET"]}}],"collection":[{"href":"https:\/\/marsaalam-airport.com\/it\/wp-json\/wp\/v2\/pages"}],"about":[{"href":"https:\/\/marsaalam-airport.com\/it\/wp-json\/wp\/v2\/types\/page"}],"author":[{"embeddable":true,"href":"https:\/\/marsaalam-airport.com\/it\/wp-json\/wp\/v2\/users\/1"}],"replies":[{"embeddable":true,"href":"https:\/\/marsaalam-airport.com\/it\/wp-json\/wp\/v2\/comments?post=1172"}],"version-history":[{"count":1,"href":"https:\/\/marsaalam-airport.com\/it\/wp-json\/wp\/v2\/pages\/1172\/revisions"}],"predecessor-version":[{"id":1174,"href":"https:\/\/marsaalam-airport.com\/it\/wp-json\/wp\/v2\/pages\/1172\/revisions\/1174"}],"wp:attachment":[{"href":"https:\/\/marsaalam-airport.com\/it\/wp-json\/wp\/v2\/media?parent=1172"}],"curies":[{"name":"wp","href":"https:\/\/api.w.org\/{rel}","templated":true}]}}