{"id":1169,"date":"2025-07-21T11:26:06","date_gmt":"2025-07-21T11:26:06","guid":{"rendered":"https:\/\/marsaalam-airport.com\/?page_id=1169"},"modified":"2025-09-21T18:41:31","modified_gmt":"2025-09-21T18:41:31","slug":"vip-lounge","status":"publish","type":"page","link":"https:\/\/marsaalam-airport.com\/it\/vip-lounge\/","title":{"rendered":"Sala VIP all'aeroporto di Marsa Alam"},"content":{"rendered":"<p>Il viaggio di ritorno inizia dopo una splendida vacanza. Tuttavia, le sale d'attesa affollate e il rumore degli aeroporti possono rovinare in un attimo l'umore della vacanza. Ma se volete, potete concludere la vostra vacanza in stile VIP. Ecco l'oasi nascosta dell'aeroporto di Marsa Alam (RMF): La Sala VIP.<\/p>\n<h2>Dove si trova la sala VIP dell'aeroporto di Marsa Alam?<\/h2>\n<p>Il nome della sala passeggeri privata dell'aeroporto di Marsa Alam \u00e8 Pearl Lounge. \u00c8 facile trovare questo luogo tranquillo. Dopo aver completato le procedure di check-in e di controllo dei passaporti, la lounge si trova nella sala partenze, dopo i negozi duty-free, sul corridoio di destra. Potete trovare quest'area seguendo le indicazioni. Dopo aver esibito la carta d'imbarco, \u00e8 possibile accedere direttamente a quest'area lounge attraverso l'apposita porta d'ingresso.<\/p>\n<p><img decoding=\"async\" class=\"alignnone size-full wp-image-1200\" src=\"https:\/\/marsaalam-airport.com\/wp-content\/uploads\/pearl-assist-marsa-alam-lounge.webp\" alt=\"\" width=\"1015\" height=\"399\" srcset=\"https:\/\/marsaalam-airport.com\/wp-content\/uploads\/pearl-assist-marsa-alam-lounge.webp 1015w, https:\/\/marsaalam-airport.com\/wp-content\/uploads\/pearl-assist-marsa-alam-lounge-768x302.webp 768w, https:\/\/marsaalam-airport.com\/wp-content\/uploads\/pearl-assist-marsa-alam-lounge-18x7.webp 18w\" sizes=\"(max-width: 1015px) 100vw, 1015px\" \/><\/p>\n<a\r\n  class=\"cta-barolo\"\r\n  href=\"https:\/\/prioritypass.tpx.lt\/fm7eZ2ga\"\r\n  aria-label=\"Lounge dell&#039;aeroporto di Marsa Alam\"\r\n  rel=\"nofollow sponsored\"\r\n>\r\n  UNIRSI AL PASS PRIORITARIO\r\n<\/a>\r\n\r\n<style>\r\n  .cta-barolo,\r\n  .cta-barolo:link,\r\n  .cta-barolo:visited{\r\n    display:block;\r\n    width:100%;\r\n    padding:18px 24px;\r\n    background:#827127;\r\n    color:#fff !important;\r\n    text-align:center;\r\n    text-decoration:none !important;\r\n    font:700 16px Arial, Helvetica, sans-serif;\r\n    text-transform:uppercase;\r\n    border-radius:12px;\r\n    line-height:1;\r\n    box-shadow:0 2px 8px rgba(0,0,0,0.06);\r\n    transition:background-color .2s ease, transform .06s ease;\r\n    -webkit-tap-highlight-color:transparent;\r\n  }\r\n  .cta-barolo:hover,\r\n  .cta-barolo:focus{\r\n    background:#222;\r\n    color:#fff !important;\r\n    text-decoration:none !important;\r\n  }\r\n  .cta-barolo:active{ transform:scale(0.99); }\r\n  .cta-barolo:focus-visible{\r\n    outline:2px solid #111;\r\n    outline-offset:2px;\r\n  }\r\n  @media (max-width:1080px){\r\n    .cta-barolo{ padding:20px 18px; }\r\n  }\r\n  @media (prefers-reduced-motion:reduce){\r\n    .cta-barolo{ transition:none; }\r\n  }\r\n<\/style>\n<h3>WiFi gratuito e comfort<\/h3>\n<p>Non appena si entra nella lounge, ci si lascia alle spalle il rumore del terminal. Si viene accolti da comode poltrone e divani dove rilassarsi in attesa del volo. Uno dei servizi pi\u00f9 importanti \u00e8 senza dubbio il servizio WiFi gratuito, veloce e ininterrotto. Ci sono anche prese di corrente per ricaricare il telefono o il computer portatile. In quest'area ci si pu\u00f2 rilassare individualmente o in piccoli gruppi. Nella lounge \u00e8 presente anche un'area fumatori separata.<\/p>\n<p><strong>Servizi inclusi<\/strong><\/p>\n<p>Quando si paga l'ingresso a una sala VIP, si acquista in realt\u00e0 un pacchetto di comfort. I servizi inclusi sono:<br \/>\nAree di soggiorno confortevoli e private<br \/>\nServizio di ristorazione illimitato<br \/>\nConnessione internet veloce e gratuita (WiFi)<br \/>\nStazioni di ricarica<br \/>\nSchermi di informazione sul volo<br \/>\nGiornali e riviste<br \/>\nPiccoli giocattoli e un'area giochi per bambini<\/p>\n<p><strong>Cibo e bevande<\/strong><\/p>\n<p>Dimenticatevi di pagare prezzi esorbitanti nei caff\u00e8 del terminal. Nella lounge viene servito cibo a buffet. Il buffet comprende panini freschi, insalate, tartine, torte, biscotti e snack vari. \u00c8 possibile consumare t\u00e8, caff\u00e8 o bevande analcoliche. T\u00e8, caff\u00e8, succhi di frutta freschi e bevande fredde analcoliche vengono serviti durante tutto il giorno. Tutti questi cibi e bevande sono inclusi nel biglietto d'ingresso.<\/p>\n<p><strong>Schermi di volo \/ Annunci senza altoparlante<\/strong><\/p>\n<p>Una delle caratteristiche migliori delle sale VIP \u00e8 che sono prive di annunci continui e rumorosi. Invece del caos degli annunci in tutto il terminal, qui si ascolta musica tranquilla. Come fare per tenere traccia del vostro volo? Non preoccupatevi. Gli schermi informativi sui voli, facilmente visibili da qualsiasi punto della lounge, mostrano informazioni aggiornate sul volo (ritardi, cambi di gate, imbarco, ecc.). \u00c8 vostra responsabilit\u00e0 seguire il vostro volo.<\/p>\n<h3>Orari di apertura Sala VIP Aeroporto di Marsa Alam<\/h3>\n<p>La Pearl Assist Lounge opera in base agli orari dei voli. Funziona in base agli orari dei voli internazionali. \u00c8 possibile utilizzare la lounge indipendentemente dal fatto che si abbia un volo al mattino presto o una partenza in tarda serata.<\/p>\n<h3>Prezzi e modalit\u00e0 di accesso alla Sala VIP<\/h3>\n<p><strong>Ingresso a piedi<\/strong>: Anche se non si \u00e8 soci, si pu\u00f2 entrare pagando l'ingresso alla reception all'ingresso della sala. I prezzi si aggirano intorno ai 30-40 USD a persona.<br \/>\n<strong>Programmi per soci lounge<\/strong>: Se siete viaggiatori frequenti, potete iscrivervi a programmi di lounge internazionali come Priority Pass, LoungeKey o DragonPass. Queste carte consentono l'accesso gratuito o scontato a migliaia di lounge in tutto il mondo.<br \/>\n<strong>Marketing globale<\/strong>: \u00c8 possibile effettuare la prenotazione sul sito web di Global Marketing. Costo: 40-45 USD. Il prezzo \u00e8 uguale per bambini e adulti.<\/p>\n<h3>Soggiorno massimo Lounge VIP Aeroporto di Marsa Alam<\/h3>\n<p>La durata della permanenza nella lounge varia a seconda della piattaforma. Ai soci Priority Pass \u00e8 consentito un massimo di 3 ore. Anche Global Marketing e altri fornitori concedono generalmente 2-3 ore. Questo tempo \u00e8 pi\u00f9 che sufficiente per rilassarsi prima del volo, mangiare un boccone e accedere a Internet.<\/p>\n<h4>Esiste un accesso a mobilit\u00e0 ridotta?<\/h4>\n<p>Tutte le aree della lounge sono accessibili alle sedie a rotelle. Anche le toilette e le aree di seduta sono adatte ai passeggeri con mobilit\u00e0 limitata.<\/p>\n<h4>Vale la pena di prenotare la VIP Lounge dell'aeroporto di Marsa Alam?<\/h4>\n<p>Invece di aspettare in lunghe code, potete aspettare il vostro volo in un ambiente spazioso e tranquillo. Se avete 2-3 ore prima del volo, potete trascorrere il tempo in aeroporto in modo efficiente. La disponibilit\u00e0 24 ore su 24, 7 giorni su 7, la connessione Wi-Fi illimitata, i rinfreschi gratuiti e le comode aree di seduta offrono la massima comodit\u00e0, soprattutto a chi viaggia per lavoro. Anche se per poco tempo, consiglio vivamente di prendere in considerazione la VIP Lounge per trasformare la vostra stressante esperienza in aeroporto in un'esperienza di lusso e comfort.<\/p>","protected":false},"excerpt":{"rendered":"<p>Dopo una splendida vacanza inizia il viaggio di ritorno. Tuttavia, le sale d'attesa affollate e il rumore negli aeroporti possono rovinare la vostra vacanza [...]<\/p>","protected":false},"author":1,"featured_media":1200,"parent":0,"menu_order":0,"comment_status":"closed","ping_status":"closed","template":"","meta":{"_acf_changed":false,"site-sidebar-layout":"default","site-content-layout":"","ast-site-content-layout":"default","site-content-style":"default","site-sidebar-style":"default","ast-global-header-display":"","ast-banner-title-visibility":"","ast-main-header-display":"","ast-hfb-above-header-display":"","ast-hfb-below-header-display":"","ast-hfb-mobile-header-display":"","site-post-title":"","ast-breadcrumbs-content":"","ast-featured-img":"","footer-sml-layout":"","theme-transparent-header-meta":"default","adv-header-id-meta":"","stick-header-meta":"","header-above-stick-meta":"","header-main-stick-meta":"","header-below-stick-meta":"","astra-migrate-meta-layouts":"set","ast-page-background-enabled":"default","ast-page-background-meta":{"desktop":{"background-color":"var(--ast-global-color-4)","background-image":"","background-repeat":"repeat","background-position":"center center","background-size":"auto","background-attachment":"scroll","background-type":"","background-media":"","overlay-type":"","overlay-color":"","overlay-opacity":"","overlay-gradient":""},"tablet":{"background-color":"","background-image":"","background-repeat":"repeat","background-position":"center center","background-size":"auto","background-attachment":"scroll","background-type":"","background-media":"","overlay-type":"","overlay-color":"","overlay-opacity":"","overlay-gradient":""},"mobile":{"background-color":"","background-image":"","background-repeat":"repeat","background-position":"center center","background-size":"auto","background-attachment":"scroll","background-type":"","background-media":"","overlay-type":"","overlay-color":"","overlay-opacity":"","overlay-gradient":""}},"ast-content-background-meta":{"desktop":{"background-color":"var(--ast-global-color-5)","background-image":"","background-repeat":"repeat","background-position":"center center","background-size":"auto","background-attachment":"scroll","background-type":"","background-media":"","overlay-type":"","overlay-color":"","overlay-opacity":"","overlay-gradient":""},"tablet":{"background-color":"var(--ast-global-color-5)","background-image":"","background-repeat":"repeat","background-position":"center center","background-size":"auto","background-attachment":"scroll","background-type":"","background-media":"","overlay-type":"","overlay-color":"","overlay-opacity":"","overlay-gradient":""},"mobile":{"background-color":"var(--ast-global-color-5)","background-image":"","background-repeat":"repeat","background-position":"center center","background-size":"auto","background-attachment":"scroll","background-type":"","background-media":"","overlay-type":"","overlay-color":"","overlay-opacity":"","overlay-gradient":""}},"footnotes":""},"class_list":["post-1169","page","type-page","status-publish","has-post-thumbnail","hentry"],"acf":[],"yoast_head":"<!-- This site is optimized with the Yoast SEO Premium plugin v24.0 (Yoast SEO v26.6) - https:\/\/yoast.com\/wordpress\/plugins\/seo\/ -->\n<title>VIP Lounge Marsa Alam Airport With Free WIFI Access<\/title>\n<meta name=\"description\" content=\"All details on the VIP Lounge Marsa Alam Airport with FREE WIFI. How to gain access, prices, times, food.\" \/>\n<meta name=\"robots\" content=\"index, follow, max-snippet:-1, max-image-preview:large, max-video-preview:-1\" \/>\n<link rel=\"canonical\" href=\"https:\/\/marsaalam-airport.com\/it\/vip-lounge\/\" \/>\n<meta property=\"og:locale\" content=\"it_IT\" \/>\n<meta property=\"og:type\" content=\"article\" \/>\n<meta property=\"og:title\" content=\"VIP Lounge at Marsa Alam Airport\" \/>\n<meta property=\"og:description\" content=\"All details on the VIP Lounge Marsa Alam Airport with FREE WIFI. How to gain access, prices, times, food.\" \/>\n<meta property=\"og:url\" content=\"https:\/\/marsaalam-airport.com\/it\/vip-lounge\/\" \/>\n<meta property=\"article:publisher\" content=\"https:\/\/www.facebook.com\/marsaalamairportinternational\" \/>\n<meta property=\"article:modified_time\" content=\"2025-09-21T18:41:31+00:00\" \/>\n<meta property=\"og:image\" content=\"https:\/\/marsaalam-airport.com\/wp-content\/uploads\/pearl-assist-marsa-alam-lounge.webp\" \/>\n\t<meta property=\"og:image:width\" content=\"1015\" \/>\n\t<meta property=\"og:image:height\" content=\"399\" \/>\n\t<meta property=\"og:image:type\" content=\"image\/webp\" \/>\n<meta name=\"twitter:card\" content=\"summary_large_image\" \/>\n<meta name=\"twitter:label1\" content=\"Tempo di lettura stimato\" \/>\n\t<meta name=\"twitter:data1\" content=\"4 minuti\" \/>\n<script type=\"application\/ld+json\" class=\"yoast-schema-graph\">{\"@context\":\"https:\/\/schema.org\",\"@graph\":[{\"@type\":\"WebPage\",\"@id\":\"https:\/\/marsaalam-airport.com\/vip-lounge\/\",\"url\":\"https:\/\/marsaalam-airport.com\/vip-lounge\/\",\"name\":\"VIP Lounge Marsa Alam Airport With Free WIFI Access\",\"isPartOf\":{\"@id\":\"https:\/\/marsaalam-airport.com\/#website\"},\"primaryImageOfPage\":{\"@id\":\"https:\/\/marsaalam-airport.com\/vip-lounge\/#primaryimage\"},\"image\":{\"@id\":\"https:\/\/marsaalam-airport.com\/vip-lounge\/#primaryimage\"},\"thumbnailUrl\":\"https:\/\/marsaalam-airport.com\/wp-content\/uploads\/pearl-assist-marsa-alam-lounge.webp\",\"datePublished\":\"2025-07-21T11:26:06+00:00\",\"dateModified\":\"2025-09-21T18:41:31+00:00\",\"description\":\"All details on the VIP Lounge Marsa Alam Airport with FREE WIFI. How to gain access, prices, times, food.\",\"breadcrumb\":{\"@id\":\"https:\/\/marsaalam-airport.com\/vip-lounge\/#breadcrumb\"},\"inLanguage\":\"it-IT\",\"potentialAction\":[{\"@type\":\"ReadAction\",\"target\":[\"https:\/\/marsaalam-airport.com\/vip-lounge\/\"]}]},{\"@type\":\"ImageObject\",\"inLanguage\":\"it-IT\",\"@id\":\"https:\/\/marsaalam-airport.com\/vip-lounge\/#primaryimage\",\"url\":\"https:\/\/marsaalam-airport.com\/wp-content\/uploads\/pearl-assist-marsa-alam-lounge.webp\",\"contentUrl\":\"https:\/\/marsaalam-airport.com\/wp-content\/uploads\/pearl-assist-marsa-alam-lounge.webp\",\"width\":1015,\"height\":399},{\"@type\":\"BreadcrumbList\",\"@id\":\"https:\/\/marsaalam-airport.com\/vip-lounge\/#breadcrumb\",\"itemListElement\":[{\"@type\":\"ListItem\",\"position\":1,\"name\":\"Home\",\"item\":\"https:\/\/marsaalam-airport.com\/\"},{\"@type\":\"ListItem\",\"position\":2,\"name\":\"VIP Lounge at Marsa Alam Airport\"}]},{\"@type\":\"WebSite\",\"@id\":\"https:\/\/marsaalam-airport.com\/#website\",\"url\":\"https:\/\/marsaalam-airport.com\/\",\"name\":\"Marsa Alam International Airport\",\"description\":\"\",\"publisher\":{\"@id\":\"https:\/\/marsaalam-airport.com\/#organization\"},\"alternateName\":\"RMF\",\"potentialAction\":[{\"@type\":\"SearchAction\",\"target\":{\"@type\":\"EntryPoint\",\"urlTemplate\":\"https:\/\/marsaalam-airport.com\/?s={search_term_string}\"},\"query-input\":{\"@type\":\"PropertyValueSpecification\",\"valueRequired\":true,\"valueName\":\"search_term_string\"}}],\"inLanguage\":\"it-IT\"},{\"@type\":\"Organization\",\"@id\":\"https:\/\/marsaalam-airport.com\/#organization\",\"name\":\"Marsa Alam International Airport\",\"alternateName\":\"RMF\",\"url\":\"https:\/\/marsaalam-airport.com\/\",\"logo\":{\"@type\":\"ImageObject\",\"inLanguage\":\"it-IT\",\"@id\":\"https:\/\/marsaalam-airport.com\/#\/schema\/logo\/image\/\",\"url\":\"https:\/\/marsaalam-airport.com\/wp-content\/uploads\/cropped-rmf-logo.png\",\"contentUrl\":\"https:\/\/marsaalam-airport.com\/wp-content\/uploads\/cropped-rmf-logo.png\",\"width\":1998,\"height\":667,\"caption\":\"Marsa Alam International Airport\"},\"image\":{\"@id\":\"https:\/\/marsaalam-airport.com\/#\/schema\/logo\/image\/\"},\"sameAs\":[\"https:\/\/www.facebook.com\/marsaalamairportinternational\"],\"description\":\"Marsa Alam Airport (RMF) provides live tracking for arrivals & departures plus comfortable airport hotels with free shuttles.\",\"email\":\"info@marsaalam-airport.com\",\"legalName\":\"Marsa Alam Airport\"}]}<\/script>\n<!-- \/ Yoast SEO Premium plugin. -->","yoast_head_json":{"title":"VIP Lounge Marsa Alam Airport With Free WIFI Access","description":"All details on the VIP Lounge Marsa Alam Airport with FREE WIFI. How to gain access, prices, times, food.","robots":{"index":"index","follow":"follow","max-snippet":"max-snippet:-1","max-image-preview":"max-image-preview:large","max-video-preview":"max-video-preview:-1"},"canonical":"https:\/\/marsaalam-airport.com\/it\/vip-lounge\/","og_locale":"it_IT","og_type":"article","og_title":"VIP Lounge at Marsa Alam Airport","og_description":"All details on the VIP Lounge Marsa Alam Airport with FREE WIFI. How to gain access, prices, times, food.","og_url":"https:\/\/marsaalam-airport.com\/it\/vip-lounge\/","article_publisher":"https:\/\/www.facebook.com\/marsaalamairportinternational","article_modified_time":"2025-09-21T18:41:31+00:00","og_image":[{"width":1015,"height":399,"url":"https:\/\/marsaalam-airport.com\/wp-content\/uploads\/pearl-assist-marsa-alam-lounge.webp","type":"image\/webp"}],"twitter_card":"summary_large_image","twitter_misc":{"Tempo di lettura stimato":"4 minuti"},"schema":{"@context":"https:\/\/schema.org","@graph":[{"@type":"WebPage","@id":"https:\/\/marsaalam-airport.com\/vip-lounge\/","url":"https:\/\/marsaalam-airport.com\/vip-lounge\/","name":"VIP Lounge Marsa Alam Airport With Free WIFI Access","isPartOf":{"@id":"https:\/\/marsaalam-airport.com\/#website"},"primaryImageOfPage":{"@id":"https:\/\/marsaalam-airport.com\/vip-lounge\/#primaryimage"},"image":{"@id":"https:\/\/marsaalam-airport.com\/vip-lounge\/#primaryimage"},"thumbnailUrl":"https:\/\/marsaalam-airport.com\/wp-content\/uploads\/pearl-assist-marsa-alam-lounge.webp","datePublished":"2025-07-21T11:26:06+00:00","dateModified":"2025-09-21T18:41:31+00:00","description":"All details on the VIP Lounge Marsa Alam Airport with FREE WIFI. How to gain access, prices, times, food.","breadcrumb":{"@id":"https:\/\/marsaalam-airport.com\/vip-lounge\/#breadcrumb"},"inLanguage":"it-IT","potentialAction":[{"@type":"ReadAction","target":["https:\/\/marsaalam-airport.com\/vip-lounge\/"]}]},{"@type":"ImageObject","inLanguage":"it-IT","@id":"https:\/\/marsaalam-airport.com\/vip-lounge\/#primaryimage","url":"https:\/\/marsaalam-airport.com\/wp-content\/uploads\/pearl-assist-marsa-alam-lounge.webp","contentUrl":"https:\/\/marsaalam-airport.com\/wp-content\/uploads\/pearl-assist-marsa-alam-lounge.webp","width":1015,"height":399},{"@type":"BreadcrumbList","@id":"https:\/\/marsaalam-airport.com\/vip-lounge\/#breadcrumb","itemListElement":[{"@type":"ListItem","position":1,"name":"Home","item":"https:\/\/marsaalam-airport.com\/"},{"@type":"ListItem","position":2,"name":"VIP Lounge at Marsa Alam Airport"}]},{"@type":"WebSite","@id":"https:\/\/marsaalam-airport.com\/#website","url":"https:\/\/marsaalam-airport.com\/","name":"Marsa Alam International Airport","description":"","publisher":{"@id":"https:\/\/marsaalam-airport.com\/#organization"},"alternateName":"RMF","potentialAction":[{"@type":"SearchAction","target":{"@type":"EntryPoint","urlTemplate":"https:\/\/marsaalam-airport.com\/?s={search_term_string}"},"query-input":{"@type":"PropertyValueSpecification","valueRequired":true,"valueName":"search_term_string"}}],"inLanguage":"it-IT"},{"@type":"Organization","@id":"https:\/\/marsaalam-airport.com\/#organization","name":"Marsa Alam International Airport","alternateName":"RMF","url":"https:\/\/marsaalam-airport.com\/","logo":{"@type":"ImageObject","inLanguage":"it-IT","@id":"https:\/\/marsaalam-airport.com\/#\/schema\/logo\/image\/","url":"https:\/\/marsaalam-airport.com\/wp-content\/uploads\/cropped-rmf-logo.png","contentUrl":"https:\/\/marsaalam-airport.com\/wp-content\/uploads\/cropped-rmf-logo.png","width":1998,"height":667,"caption":"Marsa Alam International Airport"},"image":{"@id":"https:\/\/marsaalam-airport.com\/#\/schema\/logo\/image\/"},"sameAs":["https:\/\/www.facebook.com\/marsaalamairportinternational"],"description":"Marsa Alam Airport (RMF) provides live tracking for arrivals & departures plus comfortable airport hotels with free shuttles.","email":"info@marsaalam-airport.com","legalName":"Marsa Alam Airport"}]}},"_links":{"self":[{"href":"https:\/\/marsaalam-airport.com\/it\/wp-json\/wp\/v2\/pages\/1169","targetHints":{"allow":["GET"]}}],"collection":[{"href":"https:\/\/marsaalam-airport.com\/it\/wp-json\/wp\/v2\/pages"}],"about":[{"href":"https:\/\/marsaalam-airport.com\/it\/wp-json\/wp\/v2\/types\/page"}],"author":[{"embeddable":true,"href":"https:\/\/marsaalam-airport.com\/it\/wp-json\/wp\/v2\/users\/1"}],"replies":[{"embeddable":true,"href":"https:\/\/marsaalam-airport.com\/it\/wp-json\/wp\/v2\/comments?post=1169"}],"version-history":[{"count":3,"href":"https:\/\/marsaalam-airport.com\/it\/wp-json\/wp\/v2\/pages\/1169\/revisions"}],"predecessor-version":[{"id":1203,"href":"https:\/\/marsaalam-airport.com\/it\/wp-json\/wp\/v2\/pages\/1169\/revisions\/1203"}],"wp:featuredmedia":[{"embeddable":true,"href":"https:\/\/marsaalam-airport.com\/it\/wp-json\/wp\/v2\/media\/1200"}],"wp:attachment":[{"href":"https:\/\/marsaalam-airport.com\/it\/wp-json\/wp\/v2\/media?parent=1169"}],"curies":[{"name":"wp","href":"https:\/\/api.w.org\/{rel}","templated":true}]}}