{"id":1166,"date":"2025-07-21T11:22:21","date_gmt":"2025-07-21T11:22:21","guid":{"rendered":"https:\/\/marsaalam-airport.com\/?page_id=1166"},"modified":"2025-07-21T11:22:21","modified_gmt":"2025-07-21T11:22:21","slug":"fast-track","status":"publish","type":"page","link":"https:\/\/marsaalam-airport.com\/it\/fast-track\/","title":{"rendered":"Sicurezza veloce all'aeroporto di Marsa Alam"},"content":{"rendered":"<p>Gli ultimi minuti prima di imbarcarsi sul volo... Ma cos'\u00e8? Una lunga coda ai controlli di sicurezza! Questa scena pu\u00f2 rovinare in un attimo l'atmosfera della vostra vacanza. Ma per fortuna esiste il servizio Fast Track. E questo servizio \u00e8 disponibile a Marsa Alam, il tranquillo porto sul Mar Rosso? Scopriamo i segreti per muoversi in aeroporto come un VIP.<\/p>\n<h2>Che cos'\u00e8 il Fast Track Security dell'aeroporto di Marsa Alam?<\/h2>\n<p>Il Fast Track \u00e8 un privilegio che consente ai passeggeri di evitare le code dei controlli di sicurezza standard e di passare attraverso una corsia di sicurezza dedicata molto pi\u00f9 velocemente. L'obiettivo \u00e8 quello di ridurre significativamente i tempi di attesa, in modo che i passeggeri possano raggiungere pi\u00f9 rapidamente i gate o le lounge. Il Fast Track offre solitamente un servizio VIP durante l'intero processo, dal check-in ai controlli di sicurezza e passaporto.<\/p>\n<h3>Il Fast Track all'aeroporto di Marsa Alam vale la pena?<\/h3>\n<p>La risposta a questa domanda dipende interamente dal vostro stile di viaggio e dalla congestione attuale dell'aeroporto.<\/p>\n<p>Se arrivate in aeroporto all'ultimo minuto, viaggiate con bambini piccoli, avete una mobilit\u00e0 limitata o semplicemente non vi piace aspettare, potete usufruire del servizio Fast Track. Soprattutto nelle ore di punta, quando diversi voli di grandi tour operator partono contemporaneamente, l'attesa pu\u00f2 essere lunga. In questi momenti, il Fast Track pu\u00f2 farvi risparmiare almeno 30-40 minuti.<\/p>\n<p>Marsa Alam \u00e8 abbastanza tranquilla in alcuni periodi dell'anno. Questo aeroporto \u00e8 un aeroporto boutique. Se viaggiate in bassa stagione, non ci sar\u00e0 molta gente in aeroporto. In questi casi, potrebbe non essere necessario pagare un extra per il Fast Track.<\/p>\n<h2>Aeroporto di Marsa Alam Prezzo veloce<\/h2>\n<p>Il servizio Fast Track all'aeroporto di Marsa Alam non pu\u00f2 essere acquistato dal sito ufficiale dell'aeroporto. Questo servizio \u00e8 fornito da fornitori terzi di servizi VIP\/assist. Pertanto, i prezzi possono variare a seconda della piattaforma scelta e del contenuto del pacchetto. Di seguito sono riportati i prezzi attuali del Fast Track Security:<\/p>\n<p>Meet &amp; Assist (Pearl Assist): Fast Track di sicurezza, raggi X, check-in e controllo passaporti prioritario per la partenza: $35-40<\/p>\n<p>Marketing globale - Fast Track Marsa Alam<br \/>\nSolo Fast Track Security: Adulti (12+ anni): $40-50<\/p>\n<p>Alcuni pacchetti offrono solo la priorit\u00e0 nel corridoio di sicurezza. I pacchetti \"Meet &amp; Assist\" o \"VIP\" offrono anche servizi aggiuntivi come la gestione dei bagagli, l'accesso alle lounge o il servizio di scorta porta a porta. Sulla maggior parte delle piattaforme, il prezzo per bambini e adulti \u00e8 lo stesso. \u00c8 necessario indicare l'et\u00e0 al momento della selezione del tipo di biglietto.<\/p>\n<h2>Come posso accedere al Fast Track dell'aeroporto di Marsa Alam?<\/h2>\n<p>\u00c8 possibile acquistare il servizio Fast Track in anticipo con una prenotazione online. \u00c8 possibile acquistare il servizio Fast Track da piattaforme internazionali come Musement, VABA, Airssist e Paradigmairportservices. Oppure \u00e8 possibile acquistarlo direttamente presso le unit\u00e0 VIP dell'aeroporto. Durante il processo di prenotazione, \u00e8 necessario inserire il numero del volo, la data e l'ora. Una volta completata la prenotazione, si ricever\u00e0 un voucher elettronico.<\/p>\n<h3>\nDevo stampare i miei biglietti per il Fast Track?<\/h3>\n<p>La maggior parte delle piattaforme di prenotazione online consente l'uso di \"voucher mobili\". Ci\u00f2 significa che \u00e8 sufficiente mostrare sul proprio smartphone il codice QR o il PDF inviato all'e-mail. Tuttavia, per evitare problemi tecnici, potete stampare il documento e portarlo con voi.<\/p>\n<h4>\nPosso ottenere un rimborso per il mio biglietto Marsa Alam Fast Track?<\/h4>\n<p>Ci\u00f2 dipende dalla politica di rimborso dell'azienda presso cui \u00e8 stato acquistato il servizio. In genere, per questi tipi di servizi non sono previsti rimborsi. \u00c8 importante leggere attentamente le condizioni di cancellazione e di rimborso prima di effettuare l'acquisto. Piattaforme come Musement offrono solitamente cancellazioni e rimborsi gratuiti fino a 24 ore prima della partenza.<\/p>\n<h4>\nQuanto durano i biglietti Fast Track?<\/h4>\n<p>I biglietti Fast Track sono validi solo per la data e l'ora del volo specificati sul biglietto. Questi biglietti sono monouso. Non \u00e8 possibile trasferire questo servizio a un'altra data o a un altro volo.<\/p>\n<h3>\nEsiste una corsia preferenziale per le famiglie e i bambini?<\/h3>\n<p>Molte piattaforme offrono biglietti scontati per bambini e neonati. Le famiglie che viaggiano con bambini hanno a disposizione una corsia preferenziale e l'assistenza di un facchino. \u00c8 possibile acquistare i biglietti della categoria \"Bambino\" o \"Neonato\" inserendo i dati relativi all'et\u00e0 durante la prenotazione.<\/p>\n<h3>LINEE AEREE DISPONIBILI SU FAST TRACK Marsa Alam<\/h3>\n<p>Il servizio Fast Track \u00e8 disponibile per tutti i passeggeri internazionali e nazionali che volano da Marsa Alam. \u00c8 possibile usufruire del servizio fast-track anche sui voli charter e delle compagnie di vacanza. Compagnie aeree che operano all'aeroporto di Marsa Alam:<\/p>\n<p><strong>Aria Cairo<\/strong><br \/>\n<strong>Neos<\/strong><br \/>\n<strong>Eurowings<\/strong><br \/>\n<strong>TUI Fly<\/strong><br \/>\n<strong>SmartWings<\/strong><br \/>\n<strong>Luxair<\/strong><br \/>\n<strong>Corendon Airlines<\/strong><br \/>\n<strong>Wizz Air Malta<\/strong><br \/>\n<strong>TUI Airways<\/strong><br \/>\n<strong>Sedia Airlines<\/strong><br \/>\n<strong>FlexFlight<\/strong><br \/>\n<strong>Transavia<\/strong><br \/>\n<strong>UTair<\/strong><\/p>\n<p>&nbsp;<\/p>\n<h4>Quali oggetti posso portare con me attraverso il Fast Track Security a Marsa Alam?<\/h4>\n<p>Il Fast Track d\u00e0 solo il privilegio di passare attraverso una coda separata. Non cambia le regole di sicurezza. Tutte le regole applicabili alla linea di sicurezza standard sono esattamente le stesse per la linea Fast Track.<\/p>\n<p><strong>\u00c8 necessario rispettare le restrizioni relative ai liquidi (generalmente 100 ml per contenitore, tutti in una busta trasparente).<\/strong><br \/>\n<strong>I computer portatili e i dispositivi elettronici di grandi dimensioni devono essere collocati separatamente nei vassoi.<\/strong><br \/>\n<strong>Non \u00e8 consentito portare con s\u00e9 oggetti proibiti come materiali taglienti, perforanti o infiammabili. <\/strong><br \/>\n<strong>\u00c8 necessario prenotare il biglietto Fast Track almeno 48 ore prima del volo. Con la prenotazione anticipata \u00e8 possibile ottenere prezzi scontati.<\/strong><\/p>\n<p>Il Fast Track non vi esenta dalle regole, ma vi fa semplicemente risparmiare tempo. Soprattutto durante la stagione estiva e nei periodi di maggiore affluenza dei pacchetti vacanza, potete lasciarvi alle spalle code stressanti e godervi un viaggio confortevole.<\/p>","protected":false},"excerpt":{"rendered":"<p>Gli ultimi minuti prima di imbarcarsi sul volo... Ma cos'\u00e8? Una lunga coda ai controlli di sicurezza! Questa scena pu\u00f2 rovinare [...]<\/p>","protected":false},"author":1,"featured_media":0,"parent":0,"menu_order":0,"comment_status":"closed","ping_status":"closed","template":"","meta":{"_acf_changed":false,"site-sidebar-layout":"default","site-content-layout":"","ast-site-content-layout":"default","site-content-style":"default","site-sidebar-style":"default","ast-global-header-display":"","ast-banner-title-visibility":"","ast-main-header-display":"","ast-hfb-above-header-display":"","ast-hfb-below-header-display":"","ast-hfb-mobile-header-display":"","site-post-title":"","ast-breadcrumbs-content":"","ast-featured-img":"","footer-sml-layout":"","theme-transparent-header-meta":"default","adv-header-id-meta":"","stick-header-meta":"","header-above-stick-meta":"","header-main-stick-meta":"","header-below-stick-meta":"","astra-migrate-meta-layouts":"set","ast-page-background-enabled":"default","ast-page-background-meta":{"desktop":{"background-color":"var(--ast-global-color-4)","background-image":"","background-repeat":"repeat","background-position":"center center","background-size":"auto","background-attachment":"scroll","background-type":"","background-media":"","overlay-type":"","overlay-color":"","overlay-opacity":"","overlay-gradient":""},"tablet":{"background-color":"","background-image":"","background-repeat":"repeat","background-position":"center center","background-size":"auto","background-attachment":"scroll","background-type":"","background-media":"","overlay-type":"","overlay-color":"","overlay-opacity":"","overlay-gradient":""},"mobile":{"background-color":"","background-image":"","background-repeat":"repeat","background-position":"center center","background-size":"auto","background-attachment":"scroll","background-type":"","background-media":"","overlay-type":"","overlay-color":"","overlay-opacity":"","overlay-gradient":""}},"ast-content-background-meta":{"desktop":{"background-color":"var(--ast-global-color-5)","background-image":"","background-repeat":"repeat","background-position":"center center","background-size":"auto","background-attachment":"scroll","background-type":"","background-media":"","overlay-type":"","overlay-color":"","overlay-opacity":"","overlay-gradient":""},"tablet":{"background-color":"var(--ast-global-color-5)","background-image":"","background-repeat":"repeat","background-position":"center center","background-size":"auto","background-attachment":"scroll","background-type":"","background-media":"","overlay-type":"","overlay-color":"","overlay-opacity":"","overlay-gradient":""},"mobile":{"background-color":"var(--ast-global-color-5)","background-image":"","background-repeat":"repeat","background-position":"center center","background-size":"auto","background-attachment":"scroll","background-type":"","background-media":"","overlay-type":"","overlay-color":"","overlay-opacity":"","overlay-gradient":""}},"footnotes":""},"class_list":["post-1166","page","type-page","status-publish","hentry"],"acf":[],"yoast_head":"<!-- This site is optimized with the Yoast SEO Premium plugin v24.0 (Yoast SEO v26.6) - https:\/\/yoast.com\/wordpress\/plugins\/seo\/ -->\n<title>Fast Track Security Marsa Alam Airport Guide<\/title>\n<meta name=\"description\" content=\"Guide to Fast Track Marsa AlamAirport security lane including prices, where to buy, what airlines offer it.\" \/>\n<meta name=\"robots\" content=\"index, follow, max-snippet:-1, max-image-preview:large, max-video-preview:-1\" \/>\n<link rel=\"canonical\" href=\"https:\/\/marsaalam-airport.com\/it\/fast-track\/\" \/>\n<meta property=\"og:locale\" content=\"it_IT\" \/>\n<meta property=\"og:type\" content=\"article\" \/>\n<meta property=\"og:title\" content=\"Fast Track Security Marsa Alam Airport\" \/>\n<meta property=\"og:description\" content=\"Guide to Fast Track Marsa AlamAirport security lane including prices, where to buy, what airlines offer it.\" \/>\n<meta property=\"og:url\" content=\"https:\/\/marsaalam-airport.com\/it\/fast-track\/\" \/>\n<meta property=\"article:publisher\" content=\"https:\/\/www.facebook.com\/marsaalamairportinternational\" \/>\n<meta property=\"og:image\" content=\"https:\/\/marsaalam-airport.com\/wp-content\/uploads\/marsa-alam-airport-1.webp\" \/>\n\t<meta property=\"og:image:width\" content=\"1024\" \/>\n\t<meta property=\"og:image:height\" content=\"683\" \/>\n\t<meta property=\"og:image:type\" content=\"image\/webp\" \/>\n<meta name=\"twitter:card\" content=\"summary_large_image\" \/>\n<meta name=\"twitter:label1\" content=\"Tempo di lettura stimato\" \/>\n\t<meta name=\"twitter:data1\" content=\"4 minuti\" \/>\n<script type=\"application\/ld+json\" class=\"yoast-schema-graph\">{\"@context\":\"https:\/\/schema.org\",\"@graph\":[{\"@type\":\"WebPage\",\"@id\":\"https:\/\/marsaalam-airport.com\/fast-track\/\",\"url\":\"https:\/\/marsaalam-airport.com\/fast-track\/\",\"name\":\"Fast Track Security Marsa Alam Airport Guide\",\"isPartOf\":{\"@id\":\"https:\/\/marsaalam-airport.com\/#website\"},\"datePublished\":\"2025-07-21T11:22:21+00:00\",\"description\":\"Guide to Fast Track Marsa AlamAirport security lane including prices, where to buy, what airlines offer it.\",\"breadcrumb\":{\"@id\":\"https:\/\/marsaalam-airport.com\/fast-track\/#breadcrumb\"},\"inLanguage\":\"it-IT\",\"potentialAction\":[{\"@type\":\"ReadAction\",\"target\":[\"https:\/\/marsaalam-airport.com\/fast-track\/\"]}]},{\"@type\":\"BreadcrumbList\",\"@id\":\"https:\/\/marsaalam-airport.com\/fast-track\/#breadcrumb\",\"itemListElement\":[{\"@type\":\"ListItem\",\"position\":1,\"name\":\"Home\",\"item\":\"https:\/\/marsaalam-airport.com\/\"},{\"@type\":\"ListItem\",\"position\":2,\"name\":\"Fast Track Security Marsa Alam Airport\"}]},{\"@type\":\"WebSite\",\"@id\":\"https:\/\/marsaalam-airport.com\/#website\",\"url\":\"https:\/\/marsaalam-airport.com\/\",\"name\":\"Marsa Alam International Airport\",\"description\":\"\",\"publisher\":{\"@id\":\"https:\/\/marsaalam-airport.com\/#organization\"},\"alternateName\":\"RMF\",\"potentialAction\":[{\"@type\":\"SearchAction\",\"target\":{\"@type\":\"EntryPoint\",\"urlTemplate\":\"https:\/\/marsaalam-airport.com\/?s={search_term_string}\"},\"query-input\":{\"@type\":\"PropertyValueSpecification\",\"valueRequired\":true,\"valueName\":\"search_term_string\"}}],\"inLanguage\":\"it-IT\"},{\"@type\":\"Organization\",\"@id\":\"https:\/\/marsaalam-airport.com\/#organization\",\"name\":\"Marsa Alam International Airport\",\"alternateName\":\"RMF\",\"url\":\"https:\/\/marsaalam-airport.com\/\",\"logo\":{\"@type\":\"ImageObject\",\"inLanguage\":\"it-IT\",\"@id\":\"https:\/\/marsaalam-airport.com\/#\/schema\/logo\/image\/\",\"url\":\"https:\/\/marsaalam-airport.com\/wp-content\/uploads\/cropped-rmf-logo.png\",\"contentUrl\":\"https:\/\/marsaalam-airport.com\/wp-content\/uploads\/cropped-rmf-logo.png\",\"width\":1998,\"height\":667,\"caption\":\"Marsa Alam International Airport\"},\"image\":{\"@id\":\"https:\/\/marsaalam-airport.com\/#\/schema\/logo\/image\/\"},\"sameAs\":[\"https:\/\/www.facebook.com\/marsaalamairportinternational\"],\"description\":\"Marsa Alam Airport (RMF) provides live tracking for arrivals & departures plus comfortable airport hotels with free shuttles.\",\"email\":\"info@marsaalam-airport.com\",\"legalName\":\"Marsa Alam Airport\"}]}<\/script>\n<!-- \/ Yoast SEO Premium plugin. -->","yoast_head_json":{"title":"Fast Track Security Marsa Alam Airport Guide","description":"Guide to Fast Track Marsa AlamAirport security lane including prices, where to buy, what airlines offer it.","robots":{"index":"index","follow":"follow","max-snippet":"max-snippet:-1","max-image-preview":"max-image-preview:large","max-video-preview":"max-video-preview:-1"},"canonical":"https:\/\/marsaalam-airport.com\/it\/fast-track\/","og_locale":"it_IT","og_type":"article","og_title":"Fast Track Security Marsa Alam Airport","og_description":"Guide to Fast Track Marsa AlamAirport security lane including prices, where to buy, what airlines offer it.","og_url":"https:\/\/marsaalam-airport.com\/it\/fast-track\/","article_publisher":"https:\/\/www.facebook.com\/marsaalamairportinternational","og_image":[{"width":1024,"height":683,"url":"https:\/\/marsaalam-airport.com\/wp-content\/uploads\/marsa-alam-airport-1.webp","type":"image\/webp"}],"twitter_card":"summary_large_image","twitter_misc":{"Tempo di lettura stimato":"4 minuti"},"schema":{"@context":"https:\/\/schema.org","@graph":[{"@type":"WebPage","@id":"https:\/\/marsaalam-airport.com\/fast-track\/","url":"https:\/\/marsaalam-airport.com\/fast-track\/","name":"Fast Track Security Marsa Alam Airport Guide","isPartOf":{"@id":"https:\/\/marsaalam-airport.com\/#website"},"datePublished":"2025-07-21T11:22:21+00:00","description":"Guide to Fast Track Marsa AlamAirport security lane including prices, where to buy, what airlines offer it.","breadcrumb":{"@id":"https:\/\/marsaalam-airport.com\/fast-track\/#breadcrumb"},"inLanguage":"it-IT","potentialAction":[{"@type":"ReadAction","target":["https:\/\/marsaalam-airport.com\/fast-track\/"]}]},{"@type":"BreadcrumbList","@id":"https:\/\/marsaalam-airport.com\/fast-track\/#breadcrumb","itemListElement":[{"@type":"ListItem","position":1,"name":"Home","item":"https:\/\/marsaalam-airport.com\/"},{"@type":"ListItem","position":2,"name":"Fast Track Security Marsa Alam Airport"}]},{"@type":"WebSite","@id":"https:\/\/marsaalam-airport.com\/#website","url":"https:\/\/marsaalam-airport.com\/","name":"Marsa Alam International Airport","description":"","publisher":{"@id":"https:\/\/marsaalam-airport.com\/#organization"},"alternateName":"RMF","potentialAction":[{"@type":"SearchAction","target":{"@type":"EntryPoint","urlTemplate":"https:\/\/marsaalam-airport.com\/?s={search_term_string}"},"query-input":{"@type":"PropertyValueSpecification","valueRequired":true,"valueName":"search_term_string"}}],"inLanguage":"it-IT"},{"@type":"Organization","@id":"https:\/\/marsaalam-airport.com\/#organization","name":"Marsa Alam International Airport","alternateName":"RMF","url":"https:\/\/marsaalam-airport.com\/","logo":{"@type":"ImageObject","inLanguage":"it-IT","@id":"https:\/\/marsaalam-airport.com\/#\/schema\/logo\/image\/","url":"https:\/\/marsaalam-airport.com\/wp-content\/uploads\/cropped-rmf-logo.png","contentUrl":"https:\/\/marsaalam-airport.com\/wp-content\/uploads\/cropped-rmf-logo.png","width":1998,"height":667,"caption":"Marsa Alam International Airport"},"image":{"@id":"https:\/\/marsaalam-airport.com\/#\/schema\/logo\/image\/"},"sameAs":["https:\/\/www.facebook.com\/marsaalamairportinternational"],"description":"Marsa Alam Airport (RMF) provides live tracking for arrivals & departures plus comfortable airport hotels with free shuttles.","email":"info@marsaalam-airport.com","legalName":"Marsa Alam Airport"}]}},"_links":{"self":[{"href":"https:\/\/marsaalam-airport.com\/it\/wp-json\/wp\/v2\/pages\/1166","targetHints":{"allow":["GET"]}}],"collection":[{"href":"https:\/\/marsaalam-airport.com\/it\/wp-json\/wp\/v2\/pages"}],"about":[{"href":"https:\/\/marsaalam-airport.com\/it\/wp-json\/wp\/v2\/types\/page"}],"author":[{"embeddable":true,"href":"https:\/\/marsaalam-airport.com\/it\/wp-json\/wp\/v2\/users\/1"}],"replies":[{"embeddable":true,"href":"https:\/\/marsaalam-airport.com\/it\/wp-json\/wp\/v2\/comments?post=1166"}],"version-history":[{"count":1,"href":"https:\/\/marsaalam-airport.com\/it\/wp-json\/wp\/v2\/pages\/1166\/revisions"}],"predecessor-version":[{"id":1168,"href":"https:\/\/marsaalam-airport.com\/it\/wp-json\/wp\/v2\/pages\/1166\/revisions\/1168"}],"wp:attachment":[{"href":"https:\/\/marsaalam-airport.com\/it\/wp-json\/wp\/v2\/media?parent=1166"}],"curies":[{"name":"wp","href":"https:\/\/api.w.org\/{rel}","templated":true}]}}