{"id":1157,"date":"2025-07-21T11:11:00","date_gmt":"2025-07-21T11:11:00","guid":{"rendered":"https:\/\/marsaalam-airport.com\/?page_id=1157"},"modified":"2025-07-21T11:11:00","modified_gmt":"2025-07-21T11:11:00","slug":"marsa-alam-airport-parking","status":"publish","type":"page","link":"https:\/\/marsaalam-airport.com\/it\/marsa-alam-airport-parking\/","title":{"rendered":"Parcheggio dell'aeroporto di Marsa Alam"},"content":{"rendered":"<p>La vostra avventura a Marsa Alam \u00e8 giunta al termine e dovrete restituire la vostra auto a noleggio o forse andare a prendere qualcuno all'aeroporto. Dimenticate i complicati parcheggi a pi\u00f9 livelli dei grandi aeroporti. L'aeroporto boutique e pratico di Marsa Alam vi offre anche la comodit\u00e0 del parcheggio. Le aree di parcheggio dell'aeroporto si trovano vicino al terminal. Noterete subito le aree di parcheggio intorno al terminal.<\/p>\n<h2>\nParcheggi e tariffe per il parcheggio dell'aeroporto di Marsa Alam<\/h2>\n<p>Il parcheggio dell'aeroporto di Marsa Alam \u00e8 molto semplice, diretto e comodo. C'\u00e8 un ampio parcheggio aperto proprio di fronte all'edificio del terminal. Qui \u00e8 possibile parcheggiare l'auto per periodi lunghi o brevi.<\/p>\n<p>Le tariffe del parcheggio sono calcolate in base alla durata del soggiorno. Per i soggiorni brevi, la tariffa oraria \u00e8 compresa tra 20-30 EGP. Tuttavia, si prega di notare che questo prezzo pu\u00f2 variare a seconda della stagione e della durata del soggiorno. L'area di parcheggio principale, di fronte al terminal, \u00e8 la sezione principale utilizzata da coloro che accompagnano o prelevano i passeggeri. Se state aspettando una persona cara che arriva in aereo o se volete passare un po' di tempo a prendere un caff\u00e8 dopo aver accompagnato qualcuno, potete parcheggiare il vostro veicolo in quest'area. L'area di parcheggio \u00e8 abbastanza spaziosa e trovare un posto non \u00e8 generalmente un problema.<\/p>\n<h3>Parcheggi Marsa Alam Aeroporto<\/h3>\n<p>Dovete accompagnare qualcuno all'aeroporto e ripartire velocemente? Nessun problema. Davanti al terminal delle partenze dell'aeroporto di Marsa Alam, c'\u00e8 una corsia speciale dove i veicoli possono fermarsi per lasciare passeggeri e bagagli. Il parcheggio non \u00e8 a pagamento. \u00c8 possibile sostare in quest'area solo per pochi minuti. Se avete bisogno di fermarvi per pi\u00f9 di qualche minuto, dovete parcheggiare il vostro veicolo nel parcheggio. Quest'area \u00e8 destinata allo scarico rapido dei bagagli o al ritiro dei passeggeri.<\/p>\n<h3>Parcheggio auto<\/h3>\n<p>L'area di parcheggio dell'aeroporto di Marsa Alam non \u00e8 estesa o grande come quella di altri aeroporti principali. L'aeroporto serve principalmente i turisti che visitano la zona per le vacanze e che partono da qui. Pertanto, non esiste un'area di \"parcheggio a lungo termine\" dove i passeggeri possono lasciare i loro veicoli privati per settimane. Inoltre, all'aeroporto di Marsa Alam non esiste un'area di \"parcheggio a breve termine\" designata separatamente. \u00c8 possibile parcheggiare il proprio veicolo nell'area di parcheggio principale. L'area di parcheggio principale viene utilizzata per esigenze di parcheggio a breve termine di poche ore. Il parcheggio \u00e8 a pagamento su base oraria. Pertanto, anche l'area utilizzata per prelevare o accompagnare qualcuno \u00e8 considerata un parcheggio a breve termine.<\/p>\n<h3>Parcheggio per il noleggio auto<\/h3>\n<p>L'area di parcheggio pi\u00f9 utilizzata in aeroporto \u00e8 quella riservata alle societ\u00e0 di autonoleggio. Questo parcheggio \u00e8 di grandi dimensioni. Compagnie come Sixt, Europcar, Avis e Budget hanno i loro parcheggi riservati in aeroporto. \u00c8 qui che ritirerete l'auto a noleggio o la restituirete alla fine della vostra vacanza. Il personale della societ\u00e0 di noleggio vi indirizzer\u00e0 al vostro veicolo in quest'area una volta completate le procedure.<\/p>\n<h3>Parcheggio VIP<\/h3>\n<p>All'interno del parcheggio principale del terminal, nella posizione pi\u00f9 vicina all'ingresso del terminal, c'\u00e8 una sezione riservata ai passeggeri VIP, ai veicoli diplomatici o ai veicoli con permessi speciali. Quest'area non \u00e8 aperta ai passeggeri normali.<\/p>\n<h3>Parcheggio voli privati<\/h3>\n<p>L'aeroporto di Marsa Alam ospita anche jet privati e voli charter. Il terminal dell'aviazione generale utilizzato per questi voli dispone di un'area di parcheggio sicura separata dal terminal commerciale. Quest'area di parcheggio assicura che i passeggeri e i membri dell'equipaggio dei voli privati possano accedere ai loro veicoli con privacy e comodit\u00e0.<\/p>\n<p>\u00c8 possibile pagare il parcheggio in contanti o con carta di credito. Se si paga in contanti, \u00e8 necessario avere con s\u00e9 EGP. Non sono accettati dollari o altre valute. Le aree di parcheggio sono sorvegliate da telecamere di sicurezza.<\/p>\n<p>In breve, trovare un parcheggio all'aeroporto di Marsa Alam \u00e8 abbastanza facile. Non ci sono indicazioni complicate o parcheggi a pi\u00f9 piani. Potete parcheggiare il vostro veicolo nell'area di sosta proprio accanto al terminal.<\/p>","protected":false},"excerpt":{"rendered":"<p>La vostra avventura a Marsa Alam \u00e8 giunta al termine e dovrete restituire la vostra auto a noleggio o forse [...]<\/p>","protected":false},"author":1,"featured_media":0,"parent":0,"menu_order":0,"comment_status":"closed","ping_status":"closed","template":"","meta":{"_acf_changed":false,"site-sidebar-layout":"default","site-content-layout":"","ast-site-content-layout":"default","site-content-style":"default","site-sidebar-style":"default","ast-global-header-display":"","ast-banner-title-visibility":"","ast-main-header-display":"","ast-hfb-above-header-display":"","ast-hfb-below-header-display":"","ast-hfb-mobile-header-display":"","site-post-title":"","ast-breadcrumbs-content":"","ast-featured-img":"","footer-sml-layout":"","theme-transparent-header-meta":"default","adv-header-id-meta":"","stick-header-meta":"","header-above-stick-meta":"","header-main-stick-meta":"","header-below-stick-meta":"","astra-migrate-meta-layouts":"set","ast-page-background-enabled":"default","ast-page-background-meta":{"desktop":{"background-color":"var(--ast-global-color-4)","background-image":"","background-repeat":"repeat","background-position":"center center","background-size":"auto","background-attachment":"scroll","background-type":"","background-media":"","overlay-type":"","overlay-color":"","overlay-opacity":"","overlay-gradient":""},"tablet":{"background-color":"","background-image":"","background-repeat":"repeat","background-position":"center center","background-size":"auto","background-attachment":"scroll","background-type":"","background-media":"","overlay-type":"","overlay-color":"","overlay-opacity":"","overlay-gradient":""},"mobile":{"background-color":"","background-image":"","background-repeat":"repeat","background-position":"center center","background-size":"auto","background-attachment":"scroll","background-type":"","background-media":"","overlay-type":"","overlay-color":"","overlay-opacity":"","overlay-gradient":""}},"ast-content-background-meta":{"desktop":{"background-color":"var(--ast-global-color-5)","background-image":"","background-repeat":"repeat","background-position":"center center","background-size":"auto","background-attachment":"scroll","background-type":"","background-media":"","overlay-type":"","overlay-color":"","overlay-opacity":"","overlay-gradient":""},"tablet":{"background-color":"var(--ast-global-color-5)","background-image":"","background-repeat":"repeat","background-position":"center center","background-size":"auto","background-attachment":"scroll","background-type":"","background-media":"","overlay-type":"","overlay-color":"","overlay-opacity":"","overlay-gradient":""},"mobile":{"background-color":"var(--ast-global-color-5)","background-image":"","background-repeat":"repeat","background-position":"center center","background-size":"auto","background-attachment":"scroll","background-type":"","background-media":"","overlay-type":"","overlay-color":"","overlay-opacity":"","overlay-gradient":""}},"footnotes":""},"class_list":["post-1157","page","type-page","status-publish","hentry"],"acf":[],"yoast_head":"<!-- This site is optimized with the Yoast SEO Premium plugin v24.0 (Yoast SEO v26.6) - https:\/\/yoast.com\/wordpress\/plugins\/seo\/ -->\n<title>Parking Marsa Alam Airport Short and Long Term Parking<\/title>\n<meta name=\"robots\" content=\"index, follow, max-snippet:-1, max-image-preview:large, max-video-preview:-1\" \/>\n<link rel=\"canonical\" href=\"https:\/\/marsaalam-airport.com\/it\/marsa-alam-airport-parking\/\" \/>\n<meta property=\"og:locale\" content=\"it_IT\" \/>\n<meta property=\"og:type\" content=\"article\" \/>\n<meta property=\"og:title\" content=\"Marsa Alam Airport Parking\" \/>\n<meta property=\"og:description\" content=\"Your adventure in Marsa Alam has come to an end, and you will be returning your rental car or perhaps [&hellip;]\" \/>\n<meta property=\"og:url\" content=\"https:\/\/marsaalam-airport.com\/it\/marsa-alam-airport-parking\/\" \/>\n<meta property=\"article:publisher\" content=\"https:\/\/www.facebook.com\/marsaalamairportinternational\" \/>\n<meta property=\"og:image\" content=\"https:\/\/marsaalam-airport.com\/wp-content\/uploads\/marsa-alam-airport-1.webp\" \/>\n\t<meta property=\"og:image:width\" content=\"1024\" \/>\n\t<meta property=\"og:image:height\" content=\"683\" \/>\n\t<meta property=\"og:image:type\" content=\"image\/webp\" \/>\n<meta name=\"twitter:card\" content=\"summary_large_image\" \/>\n<meta name=\"twitter:label1\" content=\"Tempo di lettura stimato\" \/>\n\t<meta name=\"twitter:data1\" content=\"3 minuti\" \/>\n<script type=\"application\/ld+json\" class=\"yoast-schema-graph\">{\"@context\":\"https:\/\/schema.org\",\"@graph\":[{\"@type\":\"WebPage\",\"@id\":\"https:\/\/marsaalam-airport.com\/marsa-alam-airport-parking\/\",\"url\":\"https:\/\/marsaalam-airport.com\/marsa-alam-airport-parking\/\",\"name\":\"Parking Marsa Alam Airport Short and Long Term Parking\",\"isPartOf\":{\"@id\":\"https:\/\/marsaalam-airport.com\/#website\"},\"datePublished\":\"2025-07-21T11:11:00+00:00\",\"breadcrumb\":{\"@id\":\"https:\/\/marsaalam-airport.com\/marsa-alam-airport-parking\/#breadcrumb\"},\"inLanguage\":\"it-IT\",\"potentialAction\":[{\"@type\":\"ReadAction\",\"target\":[\"https:\/\/marsaalam-airport.com\/marsa-alam-airport-parking\/\"]}]},{\"@type\":\"BreadcrumbList\",\"@id\":\"https:\/\/marsaalam-airport.com\/marsa-alam-airport-parking\/#breadcrumb\",\"itemListElement\":[{\"@type\":\"ListItem\",\"position\":1,\"name\":\"Home\",\"item\":\"https:\/\/marsaalam-airport.com\/\"},{\"@type\":\"ListItem\",\"position\":2,\"name\":\"Marsa Alam Airport Parking\"}]},{\"@type\":\"WebSite\",\"@id\":\"https:\/\/marsaalam-airport.com\/#website\",\"url\":\"https:\/\/marsaalam-airport.com\/\",\"name\":\"Marsa Alam International Airport\",\"description\":\"\",\"publisher\":{\"@id\":\"https:\/\/marsaalam-airport.com\/#organization\"},\"alternateName\":\"RMF\",\"potentialAction\":[{\"@type\":\"SearchAction\",\"target\":{\"@type\":\"EntryPoint\",\"urlTemplate\":\"https:\/\/marsaalam-airport.com\/?s={search_term_string}\"},\"query-input\":{\"@type\":\"PropertyValueSpecification\",\"valueRequired\":true,\"valueName\":\"search_term_string\"}}],\"inLanguage\":\"it-IT\"},{\"@type\":\"Organization\",\"@id\":\"https:\/\/marsaalam-airport.com\/#organization\",\"name\":\"Marsa Alam International Airport\",\"alternateName\":\"RMF\",\"url\":\"https:\/\/marsaalam-airport.com\/\",\"logo\":{\"@type\":\"ImageObject\",\"inLanguage\":\"it-IT\",\"@id\":\"https:\/\/marsaalam-airport.com\/#\/schema\/logo\/image\/\",\"url\":\"https:\/\/marsaalam-airport.com\/wp-content\/uploads\/cropped-rmf-logo.png\",\"contentUrl\":\"https:\/\/marsaalam-airport.com\/wp-content\/uploads\/cropped-rmf-logo.png\",\"width\":1998,\"height\":667,\"caption\":\"Marsa Alam International Airport\"},\"image\":{\"@id\":\"https:\/\/marsaalam-airport.com\/#\/schema\/logo\/image\/\"},\"sameAs\":[\"https:\/\/www.facebook.com\/marsaalamairportinternational\"],\"description\":\"Marsa Alam Airport (RMF) provides live tracking for arrivals & departures plus comfortable airport hotels with free shuttles.\",\"email\":\"info@marsaalam-airport.com\",\"legalName\":\"Marsa Alam Airport\"}]}<\/script>\n<!-- \/ Yoast SEO Premium plugin. -->","yoast_head_json":{"title":"Parking Marsa Alam Airport Short and Long Term Parking","robots":{"index":"index","follow":"follow","max-snippet":"max-snippet:-1","max-image-preview":"max-image-preview:large","max-video-preview":"max-video-preview:-1"},"canonical":"https:\/\/marsaalam-airport.com\/it\/marsa-alam-airport-parking\/","og_locale":"it_IT","og_type":"article","og_title":"Marsa Alam Airport Parking","og_description":"Your adventure in Marsa Alam has come to an end, and you will be returning your rental car or perhaps [&hellip;]","og_url":"https:\/\/marsaalam-airport.com\/it\/marsa-alam-airport-parking\/","article_publisher":"https:\/\/www.facebook.com\/marsaalamairportinternational","og_image":[{"width":1024,"height":683,"url":"https:\/\/marsaalam-airport.com\/wp-content\/uploads\/marsa-alam-airport-1.webp","type":"image\/webp"}],"twitter_card":"summary_large_image","twitter_misc":{"Tempo di lettura stimato":"3 minuti"},"schema":{"@context":"https:\/\/schema.org","@graph":[{"@type":"WebPage","@id":"https:\/\/marsaalam-airport.com\/marsa-alam-airport-parking\/","url":"https:\/\/marsaalam-airport.com\/marsa-alam-airport-parking\/","name":"Parking Marsa Alam Airport Short and Long Term Parking","isPartOf":{"@id":"https:\/\/marsaalam-airport.com\/#website"},"datePublished":"2025-07-21T11:11:00+00:00","breadcrumb":{"@id":"https:\/\/marsaalam-airport.com\/marsa-alam-airport-parking\/#breadcrumb"},"inLanguage":"it-IT","potentialAction":[{"@type":"ReadAction","target":["https:\/\/marsaalam-airport.com\/marsa-alam-airport-parking\/"]}]},{"@type":"BreadcrumbList","@id":"https:\/\/marsaalam-airport.com\/marsa-alam-airport-parking\/#breadcrumb","itemListElement":[{"@type":"ListItem","position":1,"name":"Home","item":"https:\/\/marsaalam-airport.com\/"},{"@type":"ListItem","position":2,"name":"Marsa Alam Airport Parking"}]},{"@type":"WebSite","@id":"https:\/\/marsaalam-airport.com\/#website","url":"https:\/\/marsaalam-airport.com\/","name":"Marsa Alam International Airport","description":"","publisher":{"@id":"https:\/\/marsaalam-airport.com\/#organization"},"alternateName":"RMF","potentialAction":[{"@type":"SearchAction","target":{"@type":"EntryPoint","urlTemplate":"https:\/\/marsaalam-airport.com\/?s={search_term_string}"},"query-input":{"@type":"PropertyValueSpecification","valueRequired":true,"valueName":"search_term_string"}}],"inLanguage":"it-IT"},{"@type":"Organization","@id":"https:\/\/marsaalam-airport.com\/#organization","name":"Marsa Alam International Airport","alternateName":"RMF","url":"https:\/\/marsaalam-airport.com\/","logo":{"@type":"ImageObject","inLanguage":"it-IT","@id":"https:\/\/marsaalam-airport.com\/#\/schema\/logo\/image\/","url":"https:\/\/marsaalam-airport.com\/wp-content\/uploads\/cropped-rmf-logo.png","contentUrl":"https:\/\/marsaalam-airport.com\/wp-content\/uploads\/cropped-rmf-logo.png","width":1998,"height":667,"caption":"Marsa Alam International Airport"},"image":{"@id":"https:\/\/marsaalam-airport.com\/#\/schema\/logo\/image\/"},"sameAs":["https:\/\/www.facebook.com\/marsaalamairportinternational"],"description":"Marsa Alam Airport (RMF) provides live tracking for arrivals & departures plus comfortable airport hotels with free shuttles.","email":"info@marsaalam-airport.com","legalName":"Marsa Alam Airport"}]}},"_links":{"self":[{"href":"https:\/\/marsaalam-airport.com\/it\/wp-json\/wp\/v2\/pages\/1157","targetHints":{"allow":["GET"]}}],"collection":[{"href":"https:\/\/marsaalam-airport.com\/it\/wp-json\/wp\/v2\/pages"}],"about":[{"href":"https:\/\/marsaalam-airport.com\/it\/wp-json\/wp\/v2\/types\/page"}],"author":[{"embeddable":true,"href":"https:\/\/marsaalam-airport.com\/it\/wp-json\/wp\/v2\/users\/1"}],"replies":[{"embeddable":true,"href":"https:\/\/marsaalam-airport.com\/it\/wp-json\/wp\/v2\/comments?post=1157"}],"version-history":[{"count":1,"href":"https:\/\/marsaalam-airport.com\/it\/wp-json\/wp\/v2\/pages\/1157\/revisions"}],"predecessor-version":[{"id":1159,"href":"https:\/\/marsaalam-airport.com\/it\/wp-json\/wp\/v2\/pages\/1157\/revisions\/1159"}],"wp:attachment":[{"href":"https:\/\/marsaalam-airport.com\/it\/wp-json\/wp\/v2\/media?parent=1157"}],"curies":[{"name":"wp","href":"https:\/\/api.w.org\/{rel}","templated":true}]}}