{"id":1154,"date":"2025-07-21T11:09:04","date_gmt":"2025-07-21T11:09:04","guid":{"rendered":"https:\/\/marsaalam-airport.com\/?page_id=1154"},"modified":"2025-10-08T00:20:19","modified_gmt":"2025-10-08T00:20:19","slug":"taxis","status":"publish","type":"page","link":"https:\/\/marsaalam-airport.com\/it\/taxis\/","title":{"rendered":"Taxi Aeroporto di Marsa Alam"},"content":{"rendered":"<p>Il vostro volo \u00e8 atterrato a Marsa Alam, la tranquilla perla del Mar Rosso. Dopo il volo, vorrete raggiungere il vostro hotel il prima possibile e rilassarvi sulle acque cristalline. Se non avete organizzato un trasferimento in anticipo, potete salire su un taxi appena usciti dal terminal e recarvi in hotel. Se visitate l'Egitto per la prima volta, ci sono alcune cose da sapere sui taxi. Ma non preoccupatevi! Grazie a questa guida, sarete in grado di contrattare come un professionista, di concordare il prezzo giusto e di raggiungere il vostro hotel in tutta sicurezza. Se volete conoscere tutti i dettagli dell'utilizzo dei taxi all'aeroporto di Marsa Alam, vi consiglio di leggere questo articolo dettagliato. Ecco tutto quello che c'\u00e8 da sapere sui taxi all'aeroporto di Marsa Alam!<\/p>\n<p><br \/>\n<br \/>\n<br \/>\n<br \/>\n<script async src=\"https:\/\/tpscr.com\/content?trs=405879&shmarker=621353&locale=it&city=Marsa%20Alam&show_header=true&powered_by=false&campaign_id=627&promo_id=8951\" charset=\"utf-8\"><\/script><br \/>\n<br \/>\n<br \/>\n<br \/>\n<br \/>\n<br \/>\n<\/p>\n<h2>Taxi dell'aeroporto di Marsa Alam: Tariffe, come trovarli e consigli<\/h2>\n<p>All'uscita dall'aeroporto di Marsa Alam, vedrete i taxi in attesa dei passeggeri fuori dal terminal. All'esterno dell'edificio del terminal sono presenti postazioni per i taxi. I taxi in aeroporto operano in base al traffico dei voli. La maggior parte dei taxi dell'aeroporto ha il tassametro, ma la maggior parte dei conducenti non lo usa. Gli autisti hanno un proprio listino prezzi. \u00c8 necessario negoziare con l'autista prima di salire sul taxi. Non accettate il primo prezzo offerto. Assicuratevi di comunicare all'autista la vostra destinazione e di concordare il prezzo prima di salire in macchina.<\/p>\n<p>Assicuratevi di avere con voi una quantit\u00e0 sufficiente di valuta locale (EGP), poich\u00e9 quasi nessun taxi accetta carte di credito. Per le lunghe distanze o per i viaggi notturni, scegliete un taxi a tariffa fissa anzich\u00e9 a tassametro. Se viaggiate con bambini, non dimenticate di portare con voi un seggiolino portatile, poich\u00e9 i taxi egiziani non dispongono di seggiolini.<\/p>\n<h3>Un rapido sguardo ai prezzi dei taxi per l'aeroporto di Marsa Alam<\/h3>\n<p>La tariffa iniziale per i taxi con tassametro \u00e8 di 10 EGP. La tariffa per chilometro \u00e8 di 3,5 EGP. Tuttavia, la maggior parte degli autisti offre un prezzo fisso. All'uscita dell'aeroporto, contrattate con l'autista in base alla vostra destinazione. Assicurarsi di chiarire il prezzo prima di scendere dal taxi per evitare sorprese.<br \/>\nIl costo di un taxi dall'aeroporto di Marsa Alam a un hotel vicino, come Port Ghalib, \u00e8 compreso tra 15 e 20 USD. Questo importo pu\u00f2 aumentare o diminuire a seconda delle vostre capacit\u00e0 di contrattazione, dell'ora del giorno e della posizione esatta del vostro hotel.<\/p>\n<h2>Prezzi dei taxi per l'aeroporto di Marsa Alam<\/h2>\n<p>Anche se \u00e8 difficile fornire prezzi dettagliati, ecco alcune tariffe medie negoziate per le rotte pi\u00f9 popolari per darvi un'idea generale:<\/p>\n<p>Tariffa fissa per il centro di Marsa Alam: $20-30<br \/>\nPorto Ghalib: $11-18<br \/>\nEl Quseir: $44-55<br \/>\nHurghada: 60-66 USD<\/p>\n<p>Tenete presente che queste cifre sono punti di partenza. Il prezzo iniziale dell'autista sar\u00e0 di solito pi\u00f9 alto. Con la vostra capacit\u00e0 di contrattazione, potrete ottenere un passaggio pi\u00f9 conveniente.<\/p>\n<h3>Come funzionano le tariffe dei taxi dell'aeroporto di Marsa Alam? I taxi di Marsa Alam hanno il tassametro?<\/h3>\n<p>Ecco il punto pi\u00f9 importante: I taxi a Marsa Alam non hanno il tassametro o non lo usano. I prezzi si basano interamente sulla negoziazione. Questa \u00e8 una parte integrante dell'esperienza di viaggio in Egitto. Ecco come funziona:<br \/>\nSi dice all'autista il nome dell'hotel in cui si vuole andare.<br \/>\nL'autista vi proporr\u00e0 un prezzo.<br \/>\nFate una controfferta vicina a quello che considerate un prezzo ragionevole.<br \/>\nDopo alcuni round di negoziazione, vi accordate su una via di mezzo.<br \/>\nLa regola pi\u00f9 importante: Non salite mai su un taxi o iniziate il viaggio senza aver concordato il prezzo. Assicuratevi che l'importo concordato corrisponda alla tariffa totale. Se non riuscite a concordare il prezzo, negoziate con un altro autista.<\/p>\n<h3>Dove si trova la stazione dei taxi agli arrivi dell'aeroporto di Marsa Alam?<\/h3>\n<p>Trovare un taxi in questo aeroporto \u00e8 abbastanza facile. Una volta ritirati i bagagli e usciti dalla sala arrivi, vedrete la stazione dei taxi proprio di fronte a voi. La stazione dei taxi si trova proprio di fronte all'edificio del terminal.<\/p>\n<h4>Quante persone possono viaggiare in un taxi di Marsa Alam? E le sedie a rotelle? E i seggiolini per bambini?<\/h4>\n<p>I taxi all'aeroporto di Marsa Alam sono generalmente veicoli standard di tipo berlina. Sono ideali per 3 passeggeri e bagagli che entrano nel bagagliaio, escluso il conducente. Se siete in 4 e avete pochi bagagli, possono anche starci. Se siete un gruppo numeroso o avete molti bagagli, potrebbe essere meglio organizzare un trasferimento privato di tipo minibus.<br \/>\nI taxi aeroportuali standard non sono accessibili alle sedie a rotelle. Se avete questo tipo di esigenza speciale, potete organizzare un trasferimento privato o un tour operator.<br \/>\nI taxi di Marsa Alam non dispongono di seggiolini per bambini o neonati. Questa situazione \u00e8 comune a tutto l'Egitto. Se viaggiate con bambini, potete portare il vostro seggiolino portatile. In alternativa, \u00e8 possibile prenotare un veicolo di trasferimento privato che pu\u00f2 fornire un seggiolino per bambini su richiesta.<\/p>\n<h4>Le code per i taxi sono lunghe?<\/h4>\n<p>L'aeroporto di Marsa Alam \u00e8 un aeroporto boutique e tranquillo rispetto ai grandi aeroporti come quello del Cairo o di Hurghada. Ci sono abbastanza taxi davanti al terminal. Non dovrete aspettare a lungo in fila per un taxi. A meno che non atterrino diversi aerei di grandi dimensioni nello stesso momento, \u00e8 possibile trovare rapidamente un taxi e mettersi in viaggio.<\/p>\n<h4>Sicurezza dei bambini nei taxi di Marsa Alam<\/h4>\n<p>\u00c8 importante sottolinearlo ancora una volta: La sicurezza viene prima di tutto. I taxi di Marsa Alam non dispongono di seggiolini per bambini. Se non avete portato il vostro seggiolino, potete tenere il bambino in braccio durante il viaggio. I seggiolini per bambini non sono obbligatori sui taxi ufficiali. Per comodit\u00e0 e sicurezza, \u00e8 consigliabile portare sempre con s\u00e9 il proprio seggiolino. Assicuratevi che le cinture di sicurezza del veicolo siano in buone condizioni e che il bambino indossi correttamente la cintura.<\/p>\n<p><strong>Suggerimenti per prendere i taxi di Marsa Alam in modo sicuro e semplice:<\/strong><\/p>\n<p><strong>Chiarire la tariffa<\/strong>: Non salite sul veicolo senza aver concordato il prezzo. Contrattate con calma, con un sorriso, ma con fermezza.<br \/>\n<strong>Il contante \u00e8 il re<\/strong>: Tenete con voi banconote di piccolo taglio in sterline egiziane (EGP). \u00c8 frequente che gli autisti dicano di non avere il resto.<br \/>\n<strong>Mostra l'indirizzo<\/strong>: Mostrate chiaramente all'autista il nome e l'indirizzo dell'hotel dal vostro telefono o da un pezzo di carta.<br \/>\n<strong>Taxi ufficiali<\/strong>: Scegliete i taxi che sono chiaramente contrassegnati come ufficiali e che si trovano proprio di fronte al terminal.<\/p>\n<p><strong>Uber e Careem<\/strong><\/p>\n<p>Uber e Careem sono legali in Egitto. Queste applicazioni sono utilizzate soprattutto al Cairo e a Hurghada. Raramente troverete veicoli attivi a Marsa Alam. Quando aprite queste app sul vostro telefono, potreste non essere in grado di trovare alcun veicolo nella zona. Anche Careem, l'app locale egiziana, ha una rete di servizi molto limitata in questa regione. Careem \u00e8 diffusa in citt\u00e0 come Hurghada, Assuan e Luxor. Marsa Alam non \u00e8 inclusa nell'elenco delle \"citt\u00e0 servite\" dell'app. Pertanto, invece di affidarvi alla tecnologia, dovreste ricorrere ai metodi tradizionali.<\/p>\n<p>Prendete in considerazione i suggerimenti di cui sopra per un veicolo economico e sicuro che vi porter\u00e0 direttamente al cuore della vostra vacanza. Buon viaggio!<\/p>","protected":false},"excerpt":{"rendered":"<p>Il vostro volo \u00e8 atterrato a Marsa Alam, la tranquilla perla del Mar Rosso. Dopo il volo, potreste voler [...]<\/p>","protected":false},"author":1,"featured_media":0,"parent":0,"menu_order":0,"comment_status":"closed","ping_status":"closed","template":"","meta":{"_acf_changed":false,"site-sidebar-layout":"default","site-content-layout":"","ast-site-content-layout":"default","site-content-style":"default","site-sidebar-style":"default","ast-global-header-display":"","ast-banner-title-visibility":"","ast-main-header-display":"","ast-hfb-above-header-display":"","ast-hfb-below-header-display":"","ast-hfb-mobile-header-display":"","site-post-title":"","ast-breadcrumbs-content":"","ast-featured-img":"","footer-sml-layout":"","theme-transparent-header-meta":"default","adv-header-id-meta":"","stick-header-meta":"","header-above-stick-meta":"","header-main-stick-meta":"","header-below-stick-meta":"","astra-migrate-meta-layouts":"set","ast-page-background-enabled":"default","ast-page-background-meta":{"desktop":{"background-color":"var(--ast-global-color-4)","background-image":"","background-repeat":"repeat","background-position":"center center","background-size":"auto","background-attachment":"scroll","background-type":"","background-media":"","overlay-type":"","overlay-color":"","overlay-opacity":"","overlay-gradient":""},"tablet":{"background-color":"","background-image":"","background-repeat":"repeat","background-position":"center center","background-size":"auto","background-attachment":"scroll","background-type":"","background-media":"","overlay-type":"","overlay-color":"","overlay-opacity":"","overlay-gradient":""},"mobile":{"background-color":"","background-image":"","background-repeat":"repeat","background-position":"center center","background-size":"auto","background-attachment":"scroll","background-type":"","background-media":"","overlay-type":"","overlay-color":"","overlay-opacity":"","overlay-gradient":""}},"ast-content-background-meta":{"desktop":{"background-color":"var(--ast-global-color-5)","background-image":"","background-repeat":"repeat","background-position":"center center","background-size":"auto","background-attachment":"scroll","background-type":"","background-media":"","overlay-type":"","overlay-color":"","overlay-opacity":"","overlay-gradient":""},"tablet":{"background-color":"var(--ast-global-color-5)","background-image":"","background-repeat":"repeat","background-position":"center center","background-size":"auto","background-attachment":"scroll","background-type":"","background-media":"","overlay-type":"","overlay-color":"","overlay-opacity":"","overlay-gradient":""},"mobile":{"background-color":"var(--ast-global-color-5)","background-image":"","background-repeat":"repeat","background-position":"center center","background-size":"auto","background-attachment":"scroll","background-type":"","background-media":"","overlay-type":"","overlay-color":"","overlay-opacity":"","overlay-gradient":""}},"footnotes":""},"class_list":["post-1154","page","type-page","status-publish","hentry"],"acf":[],"yoast_head":"<!-- This site is optimized with the Yoast SEO Premium plugin v24.0 (Yoast SEO v26.6) - https:\/\/yoast.com\/wordpress\/plugins\/seo\/ -->\n<title>Marsa Alam Airport Taxis - Getting a Taxi at Marsa Alam Airport<\/title>\n<meta name=\"description\" content=\"All the information you need to know about Marsa Alam Airport Taxis and details of fares to different destinations along the Marsa Alam.\" \/>\n<meta name=\"robots\" content=\"index, follow, max-snippet:-1, max-image-preview:large, max-video-preview:-1\" \/>\n<link rel=\"canonical\" href=\"https:\/\/marsaalam-airport.com\/it\/taxis\/\" \/>\n<meta property=\"og:locale\" content=\"it_IT\" \/>\n<meta property=\"og:type\" content=\"article\" \/>\n<meta property=\"og:title\" content=\"Taxis Marsa Alam Airport\" \/>\n<meta property=\"og:description\" content=\"All the information you need to know about Marsa Alam Airport Taxis and details of fares to different destinations along the Marsa Alam.\" \/>\n<meta property=\"og:url\" content=\"https:\/\/marsaalam-airport.com\/it\/taxis\/\" \/>\n<meta property=\"article:publisher\" content=\"https:\/\/www.facebook.com\/marsaalamairportinternational\" \/>\n<meta property=\"article:modified_time\" content=\"2025-10-08T00:20:19+00:00\" \/>\n<meta property=\"og:image\" content=\"https:\/\/marsaalam-airport.com\/wp-content\/uploads\/marsa-alam-airport-1.webp\" \/>\n\t<meta property=\"og:image:width\" content=\"1024\" \/>\n\t<meta property=\"og:image:height\" content=\"683\" \/>\n\t<meta property=\"og:image:type\" content=\"image\/webp\" \/>\n<meta name=\"twitter:card\" content=\"summary_large_image\" \/>\n<meta name=\"twitter:label1\" content=\"Tempo di lettura stimato\" \/>\n\t<meta name=\"twitter:data1\" content=\"6 minuti\" \/>\n<script type=\"application\/ld+json\" class=\"yoast-schema-graph\">{\"@context\":\"https:\/\/schema.org\",\"@graph\":[{\"@type\":\"WebPage\",\"@id\":\"https:\/\/marsaalam-airport.com\/taxis\/\",\"url\":\"https:\/\/marsaalam-airport.com\/taxis\/\",\"name\":\"Marsa Alam Airport Taxis - Getting a Taxi at Marsa Alam Airport\",\"isPartOf\":{\"@id\":\"https:\/\/marsaalam-airport.com\/#website\"},\"datePublished\":\"2025-07-21T11:09:04+00:00\",\"dateModified\":\"2025-10-08T00:20:19+00:00\",\"description\":\"All the information you need to know about Marsa Alam Airport Taxis and details of fares to different destinations along the Marsa Alam.\",\"breadcrumb\":{\"@id\":\"https:\/\/marsaalam-airport.com\/taxis\/#breadcrumb\"},\"inLanguage\":\"it-IT\",\"potentialAction\":[{\"@type\":\"ReadAction\",\"target\":[\"https:\/\/marsaalam-airport.com\/taxis\/\"]}]},{\"@type\":\"BreadcrumbList\",\"@id\":\"https:\/\/marsaalam-airport.com\/taxis\/#breadcrumb\",\"itemListElement\":[{\"@type\":\"ListItem\",\"position\":1,\"name\":\"Home\",\"item\":\"https:\/\/marsaalam-airport.com\/\"},{\"@type\":\"ListItem\",\"position\":2,\"name\":\"Taxis Marsa Alam Airport\"}]},{\"@type\":\"WebSite\",\"@id\":\"https:\/\/marsaalam-airport.com\/#website\",\"url\":\"https:\/\/marsaalam-airport.com\/\",\"name\":\"Marsa Alam International Airport\",\"description\":\"\",\"publisher\":{\"@id\":\"https:\/\/marsaalam-airport.com\/#organization\"},\"alternateName\":\"RMF\",\"potentialAction\":[{\"@type\":\"SearchAction\",\"target\":{\"@type\":\"EntryPoint\",\"urlTemplate\":\"https:\/\/marsaalam-airport.com\/?s={search_term_string}\"},\"query-input\":{\"@type\":\"PropertyValueSpecification\",\"valueRequired\":true,\"valueName\":\"search_term_string\"}}],\"inLanguage\":\"it-IT\"},{\"@type\":\"Organization\",\"@id\":\"https:\/\/marsaalam-airport.com\/#organization\",\"name\":\"Marsa Alam International Airport\",\"alternateName\":\"RMF\",\"url\":\"https:\/\/marsaalam-airport.com\/\",\"logo\":{\"@type\":\"ImageObject\",\"inLanguage\":\"it-IT\",\"@id\":\"https:\/\/marsaalam-airport.com\/#\/schema\/logo\/image\/\",\"url\":\"https:\/\/marsaalam-airport.com\/wp-content\/uploads\/cropped-rmf-logo.png\",\"contentUrl\":\"https:\/\/marsaalam-airport.com\/wp-content\/uploads\/cropped-rmf-logo.png\",\"width\":1998,\"height\":667,\"caption\":\"Marsa Alam International Airport\"},\"image\":{\"@id\":\"https:\/\/marsaalam-airport.com\/#\/schema\/logo\/image\/\"},\"sameAs\":[\"https:\/\/www.facebook.com\/marsaalamairportinternational\"],\"description\":\"Marsa Alam Airport (RMF) provides live tracking for arrivals & departures plus comfortable airport hotels with free shuttles.\",\"email\":\"info@marsaalam-airport.com\",\"legalName\":\"Marsa Alam Airport\"}]}<\/script>\n<!-- \/ Yoast SEO Premium plugin. -->","yoast_head_json":{"title":"Marsa Alam Airport Taxis - Getting a Taxi at Marsa Alam Airport","description":"All the information you need to know about Marsa Alam Airport Taxis and details of fares to different destinations along the Marsa Alam.","robots":{"index":"index","follow":"follow","max-snippet":"max-snippet:-1","max-image-preview":"max-image-preview:large","max-video-preview":"max-video-preview:-1"},"canonical":"https:\/\/marsaalam-airport.com\/it\/taxis\/","og_locale":"it_IT","og_type":"article","og_title":"Taxis Marsa Alam Airport","og_description":"All the information you need to know about Marsa Alam Airport Taxis and details of fares to different destinations along the Marsa Alam.","og_url":"https:\/\/marsaalam-airport.com\/it\/taxis\/","article_publisher":"https:\/\/www.facebook.com\/marsaalamairportinternational","article_modified_time":"2025-10-08T00:20:19+00:00","og_image":[{"width":1024,"height":683,"url":"https:\/\/marsaalam-airport.com\/wp-content\/uploads\/marsa-alam-airport-1.webp","type":"image\/webp"}],"twitter_card":"summary_large_image","twitter_misc":{"Tempo di lettura stimato":"6 minuti"},"schema":{"@context":"https:\/\/schema.org","@graph":[{"@type":"WebPage","@id":"https:\/\/marsaalam-airport.com\/taxis\/","url":"https:\/\/marsaalam-airport.com\/taxis\/","name":"Marsa Alam Airport Taxis - Getting a Taxi at Marsa Alam Airport","isPartOf":{"@id":"https:\/\/marsaalam-airport.com\/#website"},"datePublished":"2025-07-21T11:09:04+00:00","dateModified":"2025-10-08T00:20:19+00:00","description":"All the information you need to know about Marsa Alam Airport Taxis and details of fares to different destinations along the Marsa Alam.","breadcrumb":{"@id":"https:\/\/marsaalam-airport.com\/taxis\/#breadcrumb"},"inLanguage":"it-IT","potentialAction":[{"@type":"ReadAction","target":["https:\/\/marsaalam-airport.com\/taxis\/"]}]},{"@type":"BreadcrumbList","@id":"https:\/\/marsaalam-airport.com\/taxis\/#breadcrumb","itemListElement":[{"@type":"ListItem","position":1,"name":"Home","item":"https:\/\/marsaalam-airport.com\/"},{"@type":"ListItem","position":2,"name":"Taxis Marsa Alam Airport"}]},{"@type":"WebSite","@id":"https:\/\/marsaalam-airport.com\/#website","url":"https:\/\/marsaalam-airport.com\/","name":"Marsa Alam International Airport","description":"","publisher":{"@id":"https:\/\/marsaalam-airport.com\/#organization"},"alternateName":"RMF","potentialAction":[{"@type":"SearchAction","target":{"@type":"EntryPoint","urlTemplate":"https:\/\/marsaalam-airport.com\/?s={search_term_string}"},"query-input":{"@type":"PropertyValueSpecification","valueRequired":true,"valueName":"search_term_string"}}],"inLanguage":"it-IT"},{"@type":"Organization","@id":"https:\/\/marsaalam-airport.com\/#organization","name":"Marsa Alam International Airport","alternateName":"RMF","url":"https:\/\/marsaalam-airport.com\/","logo":{"@type":"ImageObject","inLanguage":"it-IT","@id":"https:\/\/marsaalam-airport.com\/#\/schema\/logo\/image\/","url":"https:\/\/marsaalam-airport.com\/wp-content\/uploads\/cropped-rmf-logo.png","contentUrl":"https:\/\/marsaalam-airport.com\/wp-content\/uploads\/cropped-rmf-logo.png","width":1998,"height":667,"caption":"Marsa Alam International Airport"},"image":{"@id":"https:\/\/marsaalam-airport.com\/#\/schema\/logo\/image\/"},"sameAs":["https:\/\/www.facebook.com\/marsaalamairportinternational"],"description":"Marsa Alam Airport (RMF) provides live tracking for arrivals & departures plus comfortable airport hotels with free shuttles.","email":"info@marsaalam-airport.com","legalName":"Marsa Alam Airport"}]}},"_links":{"self":[{"href":"https:\/\/marsaalam-airport.com\/it\/wp-json\/wp\/v2\/pages\/1154","targetHints":{"allow":["GET"]}}],"collection":[{"href":"https:\/\/marsaalam-airport.com\/it\/wp-json\/wp\/v2\/pages"}],"about":[{"href":"https:\/\/marsaalam-airport.com\/it\/wp-json\/wp\/v2\/types\/page"}],"author":[{"embeddable":true,"href":"https:\/\/marsaalam-airport.com\/it\/wp-json\/wp\/v2\/users\/1"}],"replies":[{"embeddable":true,"href":"https:\/\/marsaalam-airport.com\/it\/wp-json\/wp\/v2\/comments?post=1154"}],"version-history":[{"count":2,"href":"https:\/\/marsaalam-airport.com\/it\/wp-json\/wp\/v2\/pages\/1154\/revisions"}],"predecessor-version":[{"id":1225,"href":"https:\/\/marsaalam-airport.com\/it\/wp-json\/wp\/v2\/pages\/1154\/revisions\/1225"}],"wp:attachment":[{"href":"https:\/\/marsaalam-airport.com\/it\/wp-json\/wp\/v2\/media?parent=1154"}],"curies":[{"name":"wp","href":"https:\/\/api.w.org\/{rel}","templated":true}]}}