{"id":1148,"date":"2025-07-21T11:03:04","date_gmt":"2025-07-21T11:03:04","guid":{"rendered":"https:\/\/marsaalam-airport.com\/?page_id=1148"},"modified":"2025-07-21T11:03:04","modified_gmt":"2025-07-21T11:03:04","slug":"transfers","status":"publish","type":"page","link":"https:\/\/marsaalam-airport.com\/it\/transfers\/","title":{"rendered":"Trasferimenti privati dall'aeroporto di Marsa Alam"},"content":{"rendered":"<p>Benvenuti nelle profonde acque blu del Mar Rosso! Dopo una lunga ed emozionante attesa, il vostro aereo \u00e8 atterrato. Siete accolti dalle palme e dall'armonia unica del deserto. Ora avete solo bisogno di un veicolo che vi porti al magnifico hotel dove inizier\u00e0 la vostra vacanza. Se volete raggiungere il vostro hotel in tutta comodit\u00e0, sicurezza e stile, leggete la mia guida completa al trasferimento aeroportuale. Lasciatevi alle spalle il fastidio della contrattazione e dell'attesa. Iniziate la vostra vacanza come un VIP!<\/p>\n<h2>Come prenotare un trasferimento privato per l'aeroporto di Marsa Alam<\/h2>\n<p>Prenotare in anticipo il vostro trasferimento privato \u00e8 una delle cose pi\u00f9 intelligenti che possiate fare per assicurarvi che i primi momenti della vostra vacanza si svolgano senza problemi. Quando si pianifica il viaggio, \u00e8 molto importante scegliere un fornitore di trasferimenti affidabile.<\/p>\n<p><strong>Ricerca e selezione<\/strong>: Se cercate \"trasferimento privato aeroporto Marsa Alam\" su internet, troverete molte aziende affidabili. Potete farvi un'idea della qualit\u00e0 del servizio leggendo le recensioni degli utenti su piattaforme come Viator, GetYourGuide e Booking.com. Potrete scegliere l'azienda pi\u00f9 adatta a voi confrontando i prezzi.<br \/>\n<strong>Inserisci i dettagli<\/strong>: Inserite i dettagli del volo (data e ora di arrivo, numero del volo), il nome dell'hotel e il numero di passeggeri nel semplice modulo di prenotazione sul sito web della compagnia.<br \/>\n<strong>Seleziona il tuo veicolo<\/strong>: Viaggiate da soli o in coppia? O avete una famiglia numerosa? Scegliete il veicolo pi\u00f9 adatto al numero di passeggeri.<br \/>\nSe viaggiate con la vostra famiglia o con un gruppo di amici, potete rendere il vostro viaggio pi\u00f9 confortevole scegliendo un minibus spazioso.<br \/>\n<strong>Confermare e rilassarsi<\/strong>: Effettuate il pagamento online in tutta sicurezza. Un voucher contenente tutti i dettagli e il punto d'incontro sar\u00e0 inviato a breve al vostro indirizzo e-mail.<\/p>\n<h2>\nTrasferimenti privati a Marsa Alam<\/h2>\n<p>Un trasferimento privato \u00e8 un'esperienza davvero personalizzata. All'uscita della sala arrivi, un autista amichevole con un cartello con il vostro nome vi accoglier\u00e0. Il personale vi assister\u00e0 con i bagagli. I veicoli sono climatizzati e confortevoli.<\/p>\n<p>Con il servizio di trasferimento privato, potrete raggiungere rapidamente il vostro hotel senza aspettare altri passeggeri o fermarvi in alberghi diversi. I veicoli sono solitamente dotati di aria condizionata e di un ampio spazio per i bagagli. Gli autisti parlano bene l'inglese. Servizi inclusi nei trasferimenti privati:<\/p>\n<p>Incontro e saluto<br \/>\nTracciabilit\u00e0 del volo. Nessun costo di attesa aggiuntivo in caso di ritardo<br \/>\nAcqua, snack o servizio Wi-Fi<br \/>\nOpzioni VIP (SUV o minibus di lusso)<\/p>\n<h3>\nSicurezza dei bambini e dei ragazzi<\/h3>\n<p>La sicurezza dei propri figli \u00e8 la priorit\u00e0 assoluta per le famiglie che viaggiano insieme. Purtroppo, i taxi locali in Egitto non dispongono di seggiolini di sicurezza per bambini o neonati. \u00c8 qui che entrano in gioco le compagnie di trasferimento private. Se si specifica l'et\u00e0 del bambino durante la prenotazione, la societ\u00e0 fornir\u00e0 un seggiolino di sicurezza standard internazionale per il veicolo.<\/p>\n<p>Il servizio di seggiolino per neonati\/bambini \u00e8 offerto come \"extra opzionale\" da molti operatori. \u00c8 sufficiente richiederlo durante il processo di prenotazione. Ricordate di scegliere un seggiolino adatto all'et\u00e0 e al peso del bambino, che verr\u00e0 installato sul sedile posteriore. Questo aumenter\u00e0 la sicurezza durante il viaggio. Il segmento dei minivan o dei SUV \u00e8 l'opzione pi\u00f9 adatta alle famiglie con bambini. Questi veicoli dispongono di ampi vani portabagagli e di spazio sufficiente per i seggiolini per bambini. Tuttavia, tenete presente che non tutte le compagnie offrono questo servizio. \u00c8 necessario confermare questo dettaglio al momento della prenotazione.<\/p>\n<h3>Trasferimenti condivisi<\/h3>\n<p>Se avete un budget limitato e non vi dispiace aspettare un po', potete viaggiare con veicoli di trasferimento condivisi. In questa opzione, viaggerete con altri viaggiatori che si recano in hotel nella vostra stessa direzione. Questo servizio \u00e8 pi\u00f9 economico dei trasferimenti privati. Tuttavia, potreste dover aspettare che il veicolo si riempia. Inoltre, il veicolo potrebbe fermarsi ad alcune fermate per far scendere altri passeggeri prima di raggiungere il vostro hotel. Se viaggiate da soli, questa \u00e8 un'opzione pi\u00f9 adatta a voi.<\/p>\n<h3>\nTrasferimento condiviso VS Trasporto pubblico<\/h3>\n<p>Non esiste un sistema di trasporto pubblico regolare che serva l'ampia fascia costiera in cui si trovano gli hotel di Marsa Alam. Pertanto, non sar\u00e0 possibile trovare un autobus che vi porti dall'aeroporto al vostro hotel. Per questo motivo, dovrete scegliere un taxi o un veicolo di trasferimento per spostarvi dall'aeroporto a un'altra localit\u00e0.<\/p>\n<h3>\nConfronto dei costi dei trasferimenti privati dall'aeroporto di Marsa Alam rispetto ai taxi<\/h3>\n<p>&nbsp;<\/p>\n<h4>Passiamo ora alla domanda pi\u00f9 importante: Taxi o trasferimento privato?<\/h4>\n<p><strong>Prezzi dei taxi<\/strong>: I taxi all'aeroporto di Marsa Alam di solito non usano il tassametro. Prima di salire, \u00e8 necessario comunicare all'autista la propria destinazione e negoziare la tariffa. Questa pu\u00f2 essere un'esperienza stressante, soprattutto dopo un viaggio faticoso. In media, un viaggio dall'aeroporto al centro citt\u00e0 o a una struttura vicina costa circa $20. Tuttavia, questa cifra dipende interamente dalle vostre capacit\u00e0 di contrattazione.<\/p>\n<p><strong>Prezzi del trasferimento privato aeroporto Marsa Alam<\/strong>: Il vantaggio principale dei trasferimenti privati \u00e8 che i prezzi sono fissi. In questo modo non si incorre in costi a sorpresa. I prezzi sono solitamente stabiliti per veicolo, non per persona.<\/p>\n<p><strong>Berlina privata (1-4 persone)<\/strong>: I prezzi partono solitamente da 15-20 USD. I prezzi variano a seconda della distanza dell'hotel dall'aeroporto.<br \/>\n<strong>Minibus privato (fino a 9 persone)<\/strong>: Per una famiglia o un gruppo numeroso, il costo a persona \u00e8 piuttosto basso. Il prezzo a persona \u00e8 di circa 5-9 USD.<\/p>\n<p>In conclusione, se non volete contrattare e avete un budget fisso, vi consiglio di scegliere un servizio di trasferimento privato. Viaggerete con un autista che parla inglese e non dovrete spiegare il vostro percorso.<\/p>\n<h4>Prezzi del trasferimento privato aeroporto Marsa Alam<\/h4>\n<p>Di seguito sono riportati i prezzi dei trasferimenti privati (solo andata) per le rotte pi\u00f9 popolari dall'aeroporto di Marsa Alam:<\/p>\n<p>Prezzi del trasferimento privato dall'aeroporto di Marsa Alam (per veicolo \/ USD)<\/p>\n<p><strong>Dall'aeroporto di Marsa Alam al centro di Marsa Alam<\/strong><br \/>\nBerlina (Kia\/Toyota\/Hyundai, 1-3 passeggeri): 15-20 USD<br \/>\nAria condizionata, massimo 3 valigie di medie dimensioni<\/p>\n<p>Minivan (Toyota Hiace, 4-8 passeggeri): 23-30 USD<br \/>\nInterni spaziosi, spazio extra per i bagagli, aria condizionata<\/p>\n<p><strong>Dall'aeroporto di Marsa Alam a Port Ghalib<\/strong><br \/>\nBerlina (Kia\/Toyota\/Hyundai, 1-3 passeggeri): 50-60 USD<br \/>\nAria condizionata, servizio \"meet &amp; greet\", servizio di tracking dei voli<\/p>\n<p>Minivan (Toyota Hiace, 4-8 passeggeri): 90-105 USD<br \/>\n8 valigie di medie dimensioni, ampia distanza tra i sedili, aria condizionata<\/p>\n<p>Minibus (Toyota Coaster, 9-15 passeggeri): $170-185<br \/>\nAria condizionata, spazio per pi\u00f9 bagagli, adatto per trasferimenti di gruppo<\/p>\n<p><strong>Dall'aeroporto di Marsa Alam a Hurghada<\/strong><\/p>\n<p>Berlina (Kia\/Toyota\/Hyundai, 1-3 passeggeri): $80-90<br \/>\nAria condizionata, tracciamento dei voli, nessun costo di attesa in caso di ritardo<\/p>\n<p>Minivan (Toyota Hiace, 4-8 passeggeri): 90-100 USD<br \/>\nAmpia distanza tra i sedili, spazio extra per i bagagli, aria condizionata<\/p>\n<p>Minibus (Toyota Coaster, 9-15 passeggeri): 250-270 USD<br \/>\nOpzione di trasferimento con aria condizionata per gruppi numerosi<\/p>\n<p><strong>Dall'aeroporto di Marsa Alam a El Quseir<\/strong><br \/>\nBerlina (Kia\/Toyota\/Hyundai, 1-3 passeggeri): 60-70 USD<br \/>\nAria condizionata, capacit\u00e0 per 3 valigie di medie dimensioni<\/p>\n<p>Minivan (Toyota Hiace, 4-8 passeggeri): 90-100 USD<br \/>\nInterni spaziosi, aria condizionata<\/p>\n<p><strong>Dall'aeroporto di Marsa Alam a Safaga<\/strong><br \/>\nBerlina (Kia\/Toyota\/Hyundai, 1-3 passeggeri): 80-90 USD<br \/>\nAria condizionata, servizio \"meet &amp; greet\", capacit\u00e0 di 3 valigie<\/p>\n<p>Minivan (Toyota Hiace, 4-8 passeggeri): 100-115 USD<br \/>\nBagagliaio spazioso, aria condizionata<\/p>\n<p>Minibus (Toyota Coaster, 9-15 passeggeri): 200-240 USD<br \/>\nAria condizionata, ideale per i viaggi di gruppo<\/p>\n<p><strong>Nota: i prezzi si intendono a tratta e fissi per veicolo. I prezzi possono variare a seconda della stagione, della piattaforma di prenotazione e dei tassi di cambio. I prezzi sono corretti al momento della stesura del presente documento. Per i prezzi esatti, \u00e8 necessario selezionare la data e l'itinerario sui siti web di prenotazione.<\/strong><\/p>\n<h3>\nSuggerimenti per i trasferimenti aeroportuali<\/h3>\n<p><strong>Prenotazione anticipata<\/strong>: Soprattutto in alta stagione, \u00e8 consigliabile prenotare con almeno una settimana di anticipo per garantire il prezzo migliore ed evitare problemi di disponibilit\u00e0 dei veicoli.<br \/>\n<strong>I dettagli di volo salvano vite umane<\/strong>: Assicuratevi di inserire correttamente il numero di volo al momento della prenotazione. Ci\u00f2 consente alle societ\u00e0 di trasferimento di tenere traccia dei ritardi del vostro volo, in modo che l'autista possa raggiungervi in tempo.<\/p>\n<p><strong>Tenete con voi il documento di conferma<\/strong>: Salvare sul telefono il documento contenente informazioni quali il punto di incontro e il numero di telefono di emergenza della conferma della prenotazione.<br \/>\n<strong>Rimanere in contatto<\/strong>: Tenete a portata di mano le informazioni di contatto della compagnia in caso di problemi (ritardi nei visti, problemi con i bagagli, ecc.).<br \/>\n<strong>Promemoria per i seggiolini per bambini<\/strong>: Se nella vostra famiglia ci sono neonati o bambini, siete pregati di indicarlo durante il processo di prenotazione.<\/p>\n<p>Non appena metterete piede a Marsa Alam, potrete iniziare la vostra vacanza in modo impeccabile. Buon viaggio.<\/p>","protected":false},"excerpt":{"rendered":"<p>Benvenuti nelle profonde acque blu del Mar Rosso! Dopo una lunga ed emozionante attesa, il vostro aereo \u00e8 atterrato. [...]<\/p>","protected":false},"author":1,"featured_media":0,"parent":0,"menu_order":0,"comment_status":"closed","ping_status":"closed","template":"","meta":{"_acf_changed":false,"site-sidebar-layout":"default","site-content-layout":"","ast-site-content-layout":"default","site-content-style":"default","site-sidebar-style":"default","ast-global-header-display":"","ast-banner-title-visibility":"","ast-main-header-display":"","ast-hfb-above-header-display":"","ast-hfb-below-header-display":"","ast-hfb-mobile-header-display":"","site-post-title":"","ast-breadcrumbs-content":"","ast-featured-img":"","footer-sml-layout":"","theme-transparent-header-meta":"default","adv-header-id-meta":"","stick-header-meta":"","header-above-stick-meta":"","header-main-stick-meta":"","header-below-stick-meta":"","astra-migrate-meta-layouts":"set","ast-page-background-enabled":"default","ast-page-background-meta":{"desktop":{"background-color":"var(--ast-global-color-4)","background-image":"","background-repeat":"repeat","background-position":"center center","background-size":"auto","background-attachment":"scroll","background-type":"","background-media":"","overlay-type":"","overlay-color":"","overlay-opacity":"","overlay-gradient":""},"tablet":{"background-color":"","background-image":"","background-repeat":"repeat","background-position":"center center","background-size":"auto","background-attachment":"scroll","background-type":"","background-media":"","overlay-type":"","overlay-color":"","overlay-opacity":"","overlay-gradient":""},"mobile":{"background-color":"","background-image":"","background-repeat":"repeat","background-position":"center center","background-size":"auto","background-attachment":"scroll","background-type":"","background-media":"","overlay-type":"","overlay-color":"","overlay-opacity":"","overlay-gradient":""}},"ast-content-background-meta":{"desktop":{"background-color":"var(--ast-global-color-5)","background-image":"","background-repeat":"repeat","background-position":"center center","background-size":"auto","background-attachment":"scroll","background-type":"","background-media":"","overlay-type":"","overlay-color":"","overlay-opacity":"","overlay-gradient":""},"tablet":{"background-color":"var(--ast-global-color-5)","background-image":"","background-repeat":"repeat","background-position":"center center","background-size":"auto","background-attachment":"scroll","background-type":"","background-media":"","overlay-type":"","overlay-color":"","overlay-opacity":"","overlay-gradient":""},"mobile":{"background-color":"var(--ast-global-color-5)","background-image":"","background-repeat":"repeat","background-position":"center center","background-size":"auto","background-attachment":"scroll","background-type":"","background-media":"","overlay-type":"","overlay-color":"","overlay-opacity":"","overlay-gradient":""}},"footnotes":""},"class_list":["post-1148","page","type-page","status-publish","hentry"],"acf":[],"yoast_head":"<!-- This site is optimized with the Yoast SEO Premium plugin v24.0 (Yoast SEO v26.6) - https:\/\/yoast.com\/wordpress\/plugins\/seo\/ -->\n<title>Book a Private Transfer from Marsa Alam Airport Transfers<\/title>\n<meta name=\"description\" content=\"All the information you need to book a Marsa Alam Airport Private Transfer in advance a stress free way to travel to your final destination\" \/>\n<meta name=\"robots\" content=\"index, follow, max-snippet:-1, max-image-preview:large, max-video-preview:-1\" \/>\n<link rel=\"canonical\" href=\"https:\/\/marsaalam-airport.com\/it\/transfers\/\" \/>\n<meta property=\"og:locale\" content=\"it_IT\" \/>\n<meta property=\"og:type\" content=\"article\" \/>\n<meta property=\"og:title\" content=\"Marsa Alam Airport Private Transfers\" \/>\n<meta property=\"og:description\" content=\"All the information you need to book a Marsa Alam Airport Private Transfer in advance a stress free way to travel to your final destination\" \/>\n<meta property=\"og:url\" content=\"https:\/\/marsaalam-airport.com\/it\/transfers\/\" \/>\n<meta property=\"article:publisher\" content=\"https:\/\/www.facebook.com\/marsaalamairportinternational\" \/>\n<meta property=\"og:image\" content=\"https:\/\/marsaalam-airport.com\/wp-content\/uploads\/marsa-alam-airport-1.webp\" \/>\n\t<meta property=\"og:image:width\" content=\"1024\" \/>\n\t<meta property=\"og:image:height\" content=\"683\" \/>\n\t<meta property=\"og:image:type\" content=\"image\/webp\" \/>\n<meta name=\"twitter:card\" content=\"summary_large_image\" \/>\n<meta name=\"twitter:label1\" content=\"Tempo di lettura stimato\" \/>\n\t<meta name=\"twitter:data1\" content=\"6 minuti\" \/>\n<script type=\"application\/ld+json\" class=\"yoast-schema-graph\">{\"@context\":\"https:\/\/schema.org\",\"@graph\":[{\"@type\":\"WebPage\",\"@id\":\"https:\/\/marsaalam-airport.com\/transfers\/\",\"url\":\"https:\/\/marsaalam-airport.com\/transfers\/\",\"name\":\"Book a Private Transfer from Marsa Alam Airport Transfers\",\"isPartOf\":{\"@id\":\"https:\/\/marsaalam-airport.com\/#website\"},\"datePublished\":\"2025-07-21T11:03:04+00:00\",\"description\":\"All the information you need to book a Marsa Alam Airport Private Transfer in advance a stress free way to travel to your final destination\",\"breadcrumb\":{\"@id\":\"https:\/\/marsaalam-airport.com\/transfers\/#breadcrumb\"},\"inLanguage\":\"it-IT\",\"potentialAction\":[{\"@type\":\"ReadAction\",\"target\":[\"https:\/\/marsaalam-airport.com\/transfers\/\"]}]},{\"@type\":\"BreadcrumbList\",\"@id\":\"https:\/\/marsaalam-airport.com\/transfers\/#breadcrumb\",\"itemListElement\":[{\"@type\":\"ListItem\",\"position\":1,\"name\":\"Home\",\"item\":\"https:\/\/marsaalam-airport.com\/\"},{\"@type\":\"ListItem\",\"position\":2,\"name\":\"Marsa Alam Airport Private Transfers\"}]},{\"@type\":\"WebSite\",\"@id\":\"https:\/\/marsaalam-airport.com\/#website\",\"url\":\"https:\/\/marsaalam-airport.com\/\",\"name\":\"Marsa Alam International Airport\",\"description\":\"\",\"publisher\":{\"@id\":\"https:\/\/marsaalam-airport.com\/#organization\"},\"alternateName\":\"RMF\",\"potentialAction\":[{\"@type\":\"SearchAction\",\"target\":{\"@type\":\"EntryPoint\",\"urlTemplate\":\"https:\/\/marsaalam-airport.com\/?s={search_term_string}\"},\"query-input\":{\"@type\":\"PropertyValueSpecification\",\"valueRequired\":true,\"valueName\":\"search_term_string\"}}],\"inLanguage\":\"it-IT\"},{\"@type\":\"Organization\",\"@id\":\"https:\/\/marsaalam-airport.com\/#organization\",\"name\":\"Marsa Alam International Airport\",\"alternateName\":\"RMF\",\"url\":\"https:\/\/marsaalam-airport.com\/\",\"logo\":{\"@type\":\"ImageObject\",\"inLanguage\":\"it-IT\",\"@id\":\"https:\/\/marsaalam-airport.com\/#\/schema\/logo\/image\/\",\"url\":\"https:\/\/marsaalam-airport.com\/wp-content\/uploads\/cropped-rmf-logo.png\",\"contentUrl\":\"https:\/\/marsaalam-airport.com\/wp-content\/uploads\/cropped-rmf-logo.png\",\"width\":1998,\"height\":667,\"caption\":\"Marsa Alam International Airport\"},\"image\":{\"@id\":\"https:\/\/marsaalam-airport.com\/#\/schema\/logo\/image\/\"},\"sameAs\":[\"https:\/\/www.facebook.com\/marsaalamairportinternational\"],\"description\":\"Marsa Alam Airport (RMF) provides live tracking for arrivals & departures plus comfortable airport hotels with free shuttles.\",\"email\":\"info@marsaalam-airport.com\",\"legalName\":\"Marsa Alam Airport\"}]}<\/script>\n<!-- \/ Yoast SEO Premium plugin. -->","yoast_head_json":{"title":"Book a Private Transfer from Marsa Alam Airport Transfers","description":"All the information you need to book a Marsa Alam Airport Private Transfer in advance a stress free way to travel to your final destination","robots":{"index":"index","follow":"follow","max-snippet":"max-snippet:-1","max-image-preview":"max-image-preview:large","max-video-preview":"max-video-preview:-1"},"canonical":"https:\/\/marsaalam-airport.com\/it\/transfers\/","og_locale":"it_IT","og_type":"article","og_title":"Marsa Alam Airport Private Transfers","og_description":"All the information you need to book a Marsa Alam Airport Private Transfer in advance a stress free way to travel to your final destination","og_url":"https:\/\/marsaalam-airport.com\/it\/transfers\/","article_publisher":"https:\/\/www.facebook.com\/marsaalamairportinternational","og_image":[{"width":1024,"height":683,"url":"https:\/\/marsaalam-airport.com\/wp-content\/uploads\/marsa-alam-airport-1.webp","type":"image\/webp"}],"twitter_card":"summary_large_image","twitter_misc":{"Tempo di lettura stimato":"6 minuti"},"schema":{"@context":"https:\/\/schema.org","@graph":[{"@type":"WebPage","@id":"https:\/\/marsaalam-airport.com\/transfers\/","url":"https:\/\/marsaalam-airport.com\/transfers\/","name":"Book a Private Transfer from Marsa Alam Airport Transfers","isPartOf":{"@id":"https:\/\/marsaalam-airport.com\/#website"},"datePublished":"2025-07-21T11:03:04+00:00","description":"All the information you need to book a Marsa Alam Airport Private Transfer in advance a stress free way to travel to your final destination","breadcrumb":{"@id":"https:\/\/marsaalam-airport.com\/transfers\/#breadcrumb"},"inLanguage":"it-IT","potentialAction":[{"@type":"ReadAction","target":["https:\/\/marsaalam-airport.com\/transfers\/"]}]},{"@type":"BreadcrumbList","@id":"https:\/\/marsaalam-airport.com\/transfers\/#breadcrumb","itemListElement":[{"@type":"ListItem","position":1,"name":"Home","item":"https:\/\/marsaalam-airport.com\/"},{"@type":"ListItem","position":2,"name":"Marsa Alam Airport Private Transfers"}]},{"@type":"WebSite","@id":"https:\/\/marsaalam-airport.com\/#website","url":"https:\/\/marsaalam-airport.com\/","name":"Marsa Alam International Airport","description":"","publisher":{"@id":"https:\/\/marsaalam-airport.com\/#organization"},"alternateName":"RMF","potentialAction":[{"@type":"SearchAction","target":{"@type":"EntryPoint","urlTemplate":"https:\/\/marsaalam-airport.com\/?s={search_term_string}"},"query-input":{"@type":"PropertyValueSpecification","valueRequired":true,"valueName":"search_term_string"}}],"inLanguage":"it-IT"},{"@type":"Organization","@id":"https:\/\/marsaalam-airport.com\/#organization","name":"Marsa Alam International Airport","alternateName":"RMF","url":"https:\/\/marsaalam-airport.com\/","logo":{"@type":"ImageObject","inLanguage":"it-IT","@id":"https:\/\/marsaalam-airport.com\/#\/schema\/logo\/image\/","url":"https:\/\/marsaalam-airport.com\/wp-content\/uploads\/cropped-rmf-logo.png","contentUrl":"https:\/\/marsaalam-airport.com\/wp-content\/uploads\/cropped-rmf-logo.png","width":1998,"height":667,"caption":"Marsa Alam International Airport"},"image":{"@id":"https:\/\/marsaalam-airport.com\/#\/schema\/logo\/image\/"},"sameAs":["https:\/\/www.facebook.com\/marsaalamairportinternational"],"description":"Marsa Alam Airport (RMF) provides live tracking for arrivals & departures plus comfortable airport hotels with free shuttles.","email":"info@marsaalam-airport.com","legalName":"Marsa Alam Airport"}]}},"_links":{"self":[{"href":"https:\/\/marsaalam-airport.com\/it\/wp-json\/wp\/v2\/pages\/1148","targetHints":{"allow":["GET"]}}],"collection":[{"href":"https:\/\/marsaalam-airport.com\/it\/wp-json\/wp\/v2\/pages"}],"about":[{"href":"https:\/\/marsaalam-airport.com\/it\/wp-json\/wp\/v2\/types\/page"}],"author":[{"embeddable":true,"href":"https:\/\/marsaalam-airport.com\/it\/wp-json\/wp\/v2\/users\/1"}],"replies":[{"embeddable":true,"href":"https:\/\/marsaalam-airport.com\/it\/wp-json\/wp\/v2\/comments?post=1148"}],"version-history":[{"count":1,"href":"https:\/\/marsaalam-airport.com\/it\/wp-json\/wp\/v2\/pages\/1148\/revisions"}],"predecessor-version":[{"id":1150,"href":"https:\/\/marsaalam-airport.com\/it\/wp-json\/wp\/v2\/pages\/1148\/revisions\/1150"}],"wp:attachment":[{"href":"https:\/\/marsaalam-airport.com\/it\/wp-json\/wp\/v2\/media?parent=1148"}],"curies":[{"name":"wp","href":"https:\/\/api.w.org\/{rel}","templated":true}]}}