{"id":1163,"date":"2025-07-21T11:17:27","date_gmt":"2025-07-21T11:17:27","guid":{"rendered":"https:\/\/marsaalam-airport.com\/?page_id=1163"},"modified":"2025-07-21T11:17:27","modified_gmt":"2025-07-21T11:17:27","slug":"marsa-alam-airport-cafes-and-restaurants","status":"publish","type":"page","link":"https:\/\/marsaalam-airport.com\/es\/marsa-alam-airport-cafes-and-restaurants\/","title":{"rendered":"Cafeter\u00edas y restaurantes del aeropuerto de Marsa Alam"},"content":{"rendered":"<p>Cuando sus vacaciones en Marsa Alam llegan a su fin, una de las formas m\u00e1s agradables de esperar su vuelo es, sin duda, saborear una \u00faltima taza de caf\u00e9 egipcio. O puede saciar su hambre con un delicioso tentempi\u00e9 en el aeropuerto. El aeropuerto de Marsa Alam no es un gran centro gastron\u00f3mico. El aeropuerto tiene una estructura bastante sencilla. Aqu\u00ed tiene una completa gu\u00eda que he preparado para ayudarle a encontrar algo a su gusto antes de embarcar en su vuelo.<\/p>\n<h3>\u00bfEs cara la comida en el aeropuerto de Marsa Alam?<\/h3>\n<p>Como en todos los aeropuertos del mundo, los precios de la comida y la bebida en Marsa Alam son m\u00e1s caros que en el centro de la ciudad. Esto tambi\u00e9n puede denominarse \"tasa de aeropuerto\". Pagar\u00e1 casi el doble por una botella de agua, un caf\u00e9 o un simple bocadillo que en su hotel o en un supermercado de la ciudad. Por ejemplo, puede ver precios como 4-5 USD por una taza de caf\u00e9 y 8-10 USD por un bocadillo. Por lo tanto, si tiene un presupuesto ajustado, deber\u00eda comprar comida y bebida antes de llegar al aeropuerto.<\/p>\n<h2>\u00bfD\u00f3nde est\u00e1n situados los restaurantes y caf\u00e9s?<\/h2>\n<p><strong>En tierra<\/strong>: Al entrar en la terminal de salidas, antes de pasar el control de pasaportes, ver\u00e1 una peque\u00f1a cafeter\u00eda. Es un buen lugar para tomar un \u00faltimo caf\u00e9 con los que han venido a despedirle o para comer algo r\u00e1pido.<br \/>\n<strong>Zona de operaciones<\/strong>: En la sala de espera donde se encuentran las puertas de embarque de los vuelos, hay tanto cadenas internacionales de caf\u00e9 como peque\u00f1as cafeter\u00edas que ofrecen sabores locales.<\/p>\n<h4>\u00bfCu\u00e1les son los horarios de los restaurantes del aeropuerto de Marsa Alam?<\/h4>\n<p>Como todos los negocios comerciales del aeropuerto de Marsa Alam, el horario de apertura de cafeter\u00edas y restaurantes depende totalmente del horario de vuelos de ese d\u00eda. Las cafeter\u00edas empiezan a servir aproximadamente dos horas antes del primer vuelo del d\u00eda. Los establecimientos de comida y bebida permanecen abiertos hasta el \u00faltimo vuelo. As\u00ed que no hay por qu\u00e9 preocuparse. Sea cual sea la hora de su vuelo, podr\u00e1 encontrar una cafeter\u00eda o un buf\u00e9 abiertos.<\/p>\n<p>El aeropuerto est\u00e1 abierto desde el inicio de los primeros vuelos de la ma\u00f1ana (sobre las 06:00) hasta el \u00faltimo vuelo de la noche (normalmente entre las 22:30 y las 23:00). Las cafeter\u00edas y restaurantes tambi\u00e9n funcionan en funci\u00f3n del horario de vuelos, generalmente entre las 06:00 y las 23:00.<\/p>\n<h3>Comida en la sala VIP del aeropuerto de Marsa Alam<\/h3>\n<p>Si valora la comodidad antes de su vuelo, puede esperar su vuelo en la sala VIP. Puede utilizar la zona Pearl Lounge del aeropuerto de Marsa Alam pagando una tarifa. Aqu\u00ed podr\u00e1 relajarse en c\u00f3modos asientos, lejos de las multitudes, y disfrutar gratuitamente del buf\u00e9. El buf\u00e9 suele incluir aperitivos como s\u00e1ndwiches, ensaladas, pasteles y galletas. Tambi\u00e9n se ofrecen bebidas fr\u00edas y calientes ilimitadas. Si quiere esperar su vuelo y tomar un tentempi\u00e9 en el aeropuerto, puede hacerlo en la sala VIP.<\/p>\n<h3>\u00bfHay tiendas que vendan comida?<\/h3>\n<p>Si no quiere sentarse en un restaurante o quiere llevarse algo al avi\u00f3n, puede comprar comida y bebida en los buf\u00e9s de la Sala de Salidas.<\/p>\n<p><strong>Tienda libre de impuestos<\/strong>: Aqu\u00ed encontrar\u00e1 marcas internacionales envasadas, como chocolate, galletas y dulces.<br \/>\n<strong>Librer\u00edas\/Revistas<\/strong>: Estas tiendas suelen vender aperitivos b\u00e1sicos como patatas fritas, galletas, agua y refrescos.<\/p>\n<h2>\nLista de caf\u00e9s, bares y restaurantes del aeropuerto de Marsa Alam<\/h2>\n<p><strong>Caf\u00e9 del jard\u00edn<\/strong>: Garden Caf\u00e9 est\u00e1 situado en el pasillo de la derecha, inmediatamente despu\u00e9s del control de pasaportes. El men\u00fa incluye varios s\u00e1ndwiches (at\u00fan, pollo, verduras), caf\u00e9 de filtro reci\u00e9n hecho y bebidas a base de espresso, y postres (tarta de d\u00e1tiles, porci\u00f3n de baklava). Si quiere comer algo r\u00e1pido antes de su vuelo, puede elegir esta cafeter\u00eda.<\/p>\n<p><strong>Caf\u00e9 &amp; Co<\/strong>: Caf\u00e9 &amp; Co es una cafeter\u00eda situada en el pasillo opuesto al Garden Caf\u00e9. Sirve variedades de caf\u00e9 como espresso, latte y cappuccino, as\u00ed como bebidas fr\u00edas con sabor a fruta, zumos de fruta reci\u00e9n exprimidos y aperitivos envasados.<br \/>\n<strong>KAI Pizza<\/strong>: KAI Pizza se encuentra delante de Caf\u00e9 &amp; Co. Se sirven porciones individuales o pizzas enteras. Se sirve una gran variedad de pizzas, desde margarita hasta pepperoni.<\/p>\n<p><strong>Caf\u00e9 Wegi<\/strong>: Wegi Coffee est\u00e1 situado en la zona de post-seguridad, cerca de las tiendas libres de impuestos. El men\u00fa incluye caf\u00e9 espresso, americano, caf\u00e9 con leche, as\u00ed como variedades de caf\u00e9 fr\u00edo y bebidas heladas aromatizadas durante los meses de verano. El servicio es muy r\u00e1pido.<\/p>\n<p><strong>Rinc\u00f3n de comida libre de impuestos<\/strong>: El Duty-Free Food Corner, situado en la zona de post-seguridad, vende diversos dulces y aperitivos, incluidas marcas de chocolate mundialmente conocidas, como Lindt y Toblerone, as\u00ed como barritas energ\u00e9ticas de d\u00e1tiles.<\/p>\n<p><strong>M\u00e1quinas expendedoras de agua y aperitivos<\/strong><\/p>\n<p>Al final de los pasillos encontrar\u00e1 m\u00e1quinas expendedoras donde podr\u00e1 comprar agua potable y aperitivos b\u00e1sicos, como galletas envasadas y crackers. Tambi\u00e9n hay estaciones de llenado de agua gratuitas en ciertas zonas del aeropuerto. Puede terminar sus vacaciones con una nota alta disfrutando de un \u00faltimo bocado mientras espera su vuelo. \u00a1Buen viaje!<\/p>","protected":false},"excerpt":{"rendered":"<p>Cuando sus vacaciones en Marsa Alam llegan a su fin, una de las formas m\u00e1s agradables de esperar [...]<\/p>","protected":false},"author":1,"featured_media":0,"parent":0,"menu_order":0,"comment_status":"closed","ping_status":"closed","template":"","meta":{"_acf_changed":false,"site-sidebar-layout":"default","site-content-layout":"","ast-site-content-layout":"default","site-content-style":"default","site-sidebar-style":"default","ast-global-header-display":"","ast-banner-title-visibility":"","ast-main-header-display":"","ast-hfb-above-header-display":"","ast-hfb-below-header-display":"","ast-hfb-mobile-header-display":"","site-post-title":"","ast-breadcrumbs-content":"","ast-featured-img":"","footer-sml-layout":"","theme-transparent-header-meta":"default","adv-header-id-meta":"","stick-header-meta":"","header-above-stick-meta":"","header-main-stick-meta":"","header-below-stick-meta":"","astra-migrate-meta-layouts":"set","ast-page-background-enabled":"default","ast-page-background-meta":{"desktop":{"background-color":"var(--ast-global-color-4)","background-image":"","background-repeat":"repeat","background-position":"center center","background-size":"auto","background-attachment":"scroll","background-type":"","background-media":"","overlay-type":"","overlay-color":"","overlay-opacity":"","overlay-gradient":""},"tablet":{"background-color":"","background-image":"","background-repeat":"repeat","background-position":"center center","background-size":"auto","background-attachment":"scroll","background-type":"","background-media":"","overlay-type":"","overlay-color":"","overlay-opacity":"","overlay-gradient":""},"mobile":{"background-color":"","background-image":"","background-repeat":"repeat","background-position":"center center","background-size":"auto","background-attachment":"scroll","background-type":"","background-media":"","overlay-type":"","overlay-color":"","overlay-opacity":"","overlay-gradient":""}},"ast-content-background-meta":{"desktop":{"background-color":"var(--ast-global-color-5)","background-image":"","background-repeat":"repeat","background-position":"center center","background-size":"auto","background-attachment":"scroll","background-type":"","background-media":"","overlay-type":"","overlay-color":"","overlay-opacity":"","overlay-gradient":""},"tablet":{"background-color":"var(--ast-global-color-5)","background-image":"","background-repeat":"repeat","background-position":"center center","background-size":"auto","background-attachment":"scroll","background-type":"","background-media":"","overlay-type":"","overlay-color":"","overlay-opacity":"","overlay-gradient":""},"mobile":{"background-color":"var(--ast-global-color-5)","background-image":"","background-repeat":"repeat","background-position":"center center","background-size":"auto","background-attachment":"scroll","background-type":"","background-media":"","overlay-type":"","overlay-color":"","overlay-opacity":"","overlay-gradient":""}},"footnotes":""},"class_list":["post-1163","page","type-page","status-publish","hentry"],"acf":[],"yoast_head":"<!-- This site is optimized with the Yoast SEO Premium plugin v24.0 (Yoast SEO v26.6) - https:\/\/yoast.com\/wordpress\/plugins\/seo\/ -->\n<title>Marsa Alam Airport Restaurants, Cafes and Food a detailed guide<\/title>\n<meta name=\"description\" content=\"A complete guide to Marsa Alam Airport restaurants and food. A list of every restaurant, bar and cafe, plus their locations within the airport.\" \/>\n<meta name=\"robots\" content=\"index, follow, max-snippet:-1, max-image-preview:large, max-video-preview:-1\" \/>\n<link rel=\"canonical\" href=\"https:\/\/marsaalam-airport.com\/es\/marsa-alam-airport-cafes-and-restaurants\/\" \/>\n<meta property=\"og:locale\" content=\"es_ES\" \/>\n<meta property=\"og:type\" content=\"article\" \/>\n<meta property=\"og:title\" content=\"Marsa Alam Airport Cafes and Restaurants\" \/>\n<meta property=\"og:description\" content=\"A complete guide to Marsa Alam Airport restaurants and food. A list of every restaurant, bar and cafe, plus their locations within the airport.\" \/>\n<meta property=\"og:url\" content=\"https:\/\/marsaalam-airport.com\/es\/marsa-alam-airport-cafes-and-restaurants\/\" \/>\n<meta property=\"article:publisher\" content=\"https:\/\/www.facebook.com\/marsaalamairportinternational\" \/>\n<meta property=\"og:image\" content=\"https:\/\/marsaalam-airport.com\/wp-content\/uploads\/marsa-alam-airport-1.webp\" \/>\n\t<meta property=\"og:image:width\" content=\"1024\" \/>\n\t<meta property=\"og:image:height\" content=\"683\" \/>\n\t<meta property=\"og:image:type\" content=\"image\/webp\" \/>\n<meta name=\"twitter:card\" content=\"summary_large_image\" \/>\n<meta name=\"twitter:label1\" content=\"Tiempo de lectura\" \/>\n\t<meta name=\"twitter:data1\" content=\"4 minutos\" \/>\n<script type=\"application\/ld+json\" class=\"yoast-schema-graph\">{\"@context\":\"https:\/\/schema.org\",\"@graph\":[{\"@type\":\"WebPage\",\"@id\":\"https:\/\/marsaalam-airport.com\/marsa-alam-airport-cafes-and-restaurants\/\",\"url\":\"https:\/\/marsaalam-airport.com\/marsa-alam-airport-cafes-and-restaurants\/\",\"name\":\"Marsa Alam Airport Restaurants, Cafes and Food a detailed guide\",\"isPartOf\":{\"@id\":\"https:\/\/marsaalam-airport.com\/#website\"},\"datePublished\":\"2025-07-21T11:17:27+00:00\",\"description\":\"A complete guide to Marsa Alam Airport restaurants and food. A list of every restaurant, bar and cafe, plus their locations within the airport.\",\"breadcrumb\":{\"@id\":\"https:\/\/marsaalam-airport.com\/marsa-alam-airport-cafes-and-restaurants\/#breadcrumb\"},\"inLanguage\":\"es\",\"potentialAction\":[{\"@type\":\"ReadAction\",\"target\":[\"https:\/\/marsaalam-airport.com\/marsa-alam-airport-cafes-and-restaurants\/\"]}]},{\"@type\":\"BreadcrumbList\",\"@id\":\"https:\/\/marsaalam-airport.com\/marsa-alam-airport-cafes-and-restaurants\/#breadcrumb\",\"itemListElement\":[{\"@type\":\"ListItem\",\"position\":1,\"name\":\"Home\",\"item\":\"https:\/\/marsaalam-airport.com\/\"},{\"@type\":\"ListItem\",\"position\":2,\"name\":\"Marsa Alam Airport Cafes and Restaurants\"}]},{\"@type\":\"WebSite\",\"@id\":\"https:\/\/marsaalam-airport.com\/#website\",\"url\":\"https:\/\/marsaalam-airport.com\/\",\"name\":\"Marsa Alam International Airport\",\"description\":\"\",\"publisher\":{\"@id\":\"https:\/\/marsaalam-airport.com\/#organization\"},\"alternateName\":\"RMF\",\"potentialAction\":[{\"@type\":\"SearchAction\",\"target\":{\"@type\":\"EntryPoint\",\"urlTemplate\":\"https:\/\/marsaalam-airport.com\/?s={search_term_string}\"},\"query-input\":{\"@type\":\"PropertyValueSpecification\",\"valueRequired\":true,\"valueName\":\"search_term_string\"}}],\"inLanguage\":\"es\"},{\"@type\":\"Organization\",\"@id\":\"https:\/\/marsaalam-airport.com\/#organization\",\"name\":\"Marsa Alam International Airport\",\"alternateName\":\"RMF\",\"url\":\"https:\/\/marsaalam-airport.com\/\",\"logo\":{\"@type\":\"ImageObject\",\"inLanguage\":\"es\",\"@id\":\"https:\/\/marsaalam-airport.com\/#\/schema\/logo\/image\/\",\"url\":\"https:\/\/marsaalam-airport.com\/wp-content\/uploads\/cropped-rmf-logo.png\",\"contentUrl\":\"https:\/\/marsaalam-airport.com\/wp-content\/uploads\/cropped-rmf-logo.png\",\"width\":1998,\"height\":667,\"caption\":\"Marsa Alam International Airport\"},\"image\":{\"@id\":\"https:\/\/marsaalam-airport.com\/#\/schema\/logo\/image\/\"},\"sameAs\":[\"https:\/\/www.facebook.com\/marsaalamairportinternational\"],\"description\":\"Marsa Alam Airport (RMF) provides live tracking for arrivals & departures plus comfortable airport hotels with free shuttles.\",\"email\":\"info@marsaalam-airport.com\",\"legalName\":\"Marsa Alam Airport\"}]}<\/script>\n<!-- \/ Yoast SEO Premium plugin. -->","yoast_head_json":{"title":"Marsa Alam Airport Restaurants, Cafes and Food a detailed guide","description":"A complete guide to Marsa Alam Airport restaurants and food. A list of every restaurant, bar and cafe, plus their locations within the airport.","robots":{"index":"index","follow":"follow","max-snippet":"max-snippet:-1","max-image-preview":"max-image-preview:large","max-video-preview":"max-video-preview:-1"},"canonical":"https:\/\/marsaalam-airport.com\/es\/marsa-alam-airport-cafes-and-restaurants\/","og_locale":"es_ES","og_type":"article","og_title":"Marsa Alam Airport Cafes and Restaurants","og_description":"A complete guide to Marsa Alam Airport restaurants and food. A list of every restaurant, bar and cafe, plus their locations within the airport.","og_url":"https:\/\/marsaalam-airport.com\/es\/marsa-alam-airport-cafes-and-restaurants\/","article_publisher":"https:\/\/www.facebook.com\/marsaalamairportinternational","og_image":[{"width":1024,"height":683,"url":"https:\/\/marsaalam-airport.com\/wp-content\/uploads\/marsa-alam-airport-1.webp","type":"image\/webp"}],"twitter_card":"summary_large_image","twitter_misc":{"Tiempo de lectura":"4 minutos"},"schema":{"@context":"https:\/\/schema.org","@graph":[{"@type":"WebPage","@id":"https:\/\/marsaalam-airport.com\/marsa-alam-airport-cafes-and-restaurants\/","url":"https:\/\/marsaalam-airport.com\/marsa-alam-airport-cafes-and-restaurants\/","name":"Marsa Alam Airport Restaurants, Cafes and Food a detailed guide","isPartOf":{"@id":"https:\/\/marsaalam-airport.com\/#website"},"datePublished":"2025-07-21T11:17:27+00:00","description":"A complete guide to Marsa Alam Airport restaurants and food. A list of every restaurant, bar and cafe, plus their locations within the airport.","breadcrumb":{"@id":"https:\/\/marsaalam-airport.com\/marsa-alam-airport-cafes-and-restaurants\/#breadcrumb"},"inLanguage":"es","potentialAction":[{"@type":"ReadAction","target":["https:\/\/marsaalam-airport.com\/marsa-alam-airport-cafes-and-restaurants\/"]}]},{"@type":"BreadcrumbList","@id":"https:\/\/marsaalam-airport.com\/marsa-alam-airport-cafes-and-restaurants\/#breadcrumb","itemListElement":[{"@type":"ListItem","position":1,"name":"Home","item":"https:\/\/marsaalam-airport.com\/"},{"@type":"ListItem","position":2,"name":"Marsa Alam Airport Cafes and Restaurants"}]},{"@type":"WebSite","@id":"https:\/\/marsaalam-airport.com\/#website","url":"https:\/\/marsaalam-airport.com\/","name":"Marsa Alam International Airport","description":"","publisher":{"@id":"https:\/\/marsaalam-airport.com\/#organization"},"alternateName":"RMF","potentialAction":[{"@type":"SearchAction","target":{"@type":"EntryPoint","urlTemplate":"https:\/\/marsaalam-airport.com\/?s={search_term_string}"},"query-input":{"@type":"PropertyValueSpecification","valueRequired":true,"valueName":"search_term_string"}}],"inLanguage":"es"},{"@type":"Organization","@id":"https:\/\/marsaalam-airport.com\/#organization","name":"Marsa Alam International Airport","alternateName":"RMF","url":"https:\/\/marsaalam-airport.com\/","logo":{"@type":"ImageObject","inLanguage":"es","@id":"https:\/\/marsaalam-airport.com\/#\/schema\/logo\/image\/","url":"https:\/\/marsaalam-airport.com\/wp-content\/uploads\/cropped-rmf-logo.png","contentUrl":"https:\/\/marsaalam-airport.com\/wp-content\/uploads\/cropped-rmf-logo.png","width":1998,"height":667,"caption":"Marsa Alam International Airport"},"image":{"@id":"https:\/\/marsaalam-airport.com\/#\/schema\/logo\/image\/"},"sameAs":["https:\/\/www.facebook.com\/marsaalamairportinternational"],"description":"Marsa Alam Airport (RMF) provides live tracking for arrivals & departures plus comfortable airport hotels with free shuttles.","email":"info@marsaalam-airport.com","legalName":"Marsa Alam Airport"}]}},"_links":{"self":[{"href":"https:\/\/marsaalam-airport.com\/es\/wp-json\/wp\/v2\/pages\/1163","targetHints":{"allow":["GET"]}}],"collection":[{"href":"https:\/\/marsaalam-airport.com\/es\/wp-json\/wp\/v2\/pages"}],"about":[{"href":"https:\/\/marsaalam-airport.com\/es\/wp-json\/wp\/v2\/types\/page"}],"author":[{"embeddable":true,"href":"https:\/\/marsaalam-airport.com\/es\/wp-json\/wp\/v2\/users\/1"}],"replies":[{"embeddable":true,"href":"https:\/\/marsaalam-airport.com\/es\/wp-json\/wp\/v2\/comments?post=1163"}],"version-history":[{"count":1,"href":"https:\/\/marsaalam-airport.com\/es\/wp-json\/wp\/v2\/pages\/1163\/revisions"}],"predecessor-version":[{"id":1165,"href":"https:\/\/marsaalam-airport.com\/es\/wp-json\/wp\/v2\/pages\/1163\/revisions\/1165"}],"wp:attachment":[{"href":"https:\/\/marsaalam-airport.com\/es\/wp-json\/wp\/v2\/media?parent=1163"}],"curies":[{"name":"wp","href":"https:\/\/api.w.org\/{rel}","templated":true}]}}