{"id":1160,"date":"2025-07-21T11:14:57","date_gmt":"2025-07-21T11:14:57","guid":{"rendered":"https:\/\/marsaalam-airport.com\/?page_id=1160"},"modified":"2025-07-21T11:14:57","modified_gmt":"2025-07-21T11:14:57","slug":"shopping","status":"publish","type":"page","link":"https:\/\/marsaalam-airport.com\/es\/shopping\/","title":{"rendered":"Compras Aeropuerto Marsa Alam"},"content":{"rendered":"<p>Ha llegado al final de sus vacaciones llenas de la magia del Mar Rojo, de su bronceado y de innumerables recuerdos. Antes de regresar a casa, \u00bfle gustar\u00eda llevarse consigo un trocito de esta maravillosa aventura egipcia? O tal vez le gustar\u00eda llevar un regalo que recuerde Egipto a sus seres queridos. En el aeropuerto de Marsa Alam hay peque\u00f1as tiendas donde hacer compras. Este aeropuerto no cuenta con enormes zonas comerciales como los grandes aeropuertos. Ofrece una experiencia de compras \u00edntima y de boutique que le proporciona art\u00edculos de primera necesidad y recuerdos aut\u00e9nticos. Esto es todo lo que necesita saber antes de gastar sus \u00faltimas libras egipcias.<\/p>\n<h2>\n\u00bfD\u00f3nde se encuentran las tiendas del aeropuerto de Marsa Alam?<\/h2>\n<p>&nbsp;<\/p>\n<p><strong>Zona de facturaci\u00f3n previa<\/strong>: Despu\u00e9s de entrar en la Sala de Salidas, pero antes de pasar el control de pasaportes, encontrar\u00e1 algunas tiendas peque\u00f1as. Estas tiendas venden aperitivos, bebidas y revistas.<\/p>\n<p><strong>Sala de embarque<\/strong>: La verdadera experiencia de compras comienza despu\u00e9s de pasar el control de pasaportes y seguridad. En esta zona, donde esperar\u00e1 su vuelo, encontrar\u00e1 la tienda Duty-Free principal y varias tiendas de recuerdos. Todas las tiendas est\u00e1n situadas cerca unas de otras.<\/p>\n<h3>\n\u00bfCu\u00e1l es el horario de apertura de las tiendas del aeropuerto de Marsa Alam?<\/h3>\n<p>El n\u00famero de vuelos en el aeropuerto de Marsa Alam es limitado. Por lo tanto, los horarios de las tiendas dependen totalmente del horario de vuelos del d\u00eda. Las tiendas abren unas horas antes del primer vuelo programado y siguen funcionando hasta que sale el \u00faltimo vuelo. Esto significa que mientras su vuelo est\u00e9 programado, puede estar seguro de que las tiendas estar\u00e1n abiertas.<\/p>\n<h4>\u00bfSon baratas las compras en el aeropuerto de Marsa Alam?<\/h4>\n<p>Recuerdos: Los aut\u00e9nticos recuerdos egipcios, como papiros, peque\u00f1as estatuas y juegos de especias, son m\u00e1s caros en el aeropuerto que en un mercado de la ciudad o en las tiendas de El Quseir. Aqu\u00ed se paga un precio fijo y m\u00e1s alto por un producto que se podr\u00eda comprar a un precio m\u00e1s bajo regateando en la ciudad. Por lo tanto, recomiendo hacer las compras de recuerdos durante las vacaciones.<\/p>\n<p>Productos libres de impuestos: Los productos Duty-Free cl\u00e1sicos, como perfumes, cosm\u00e9ticos, bebidas alcoh\u00f3licas y productos del tabaco, pueden ser m\u00e1s asequibles que los precios al por menor en su pa\u00eds, ya que est\u00e1n libres de impuestos. Sin embargo, esto no siempre significa que sean los m\u00e1s baratos. As\u00ed que no olvide comparar precios.<\/p>\n<h3>Compras libres de impuestos<\/h3>\n<p>Las compras libres de impuestos significan exactamente lo que dicen: comprar sin pagar impuestos. Esto permite a los pasajeros que salen del pa\u00eds en un vuelo internacional comprar determinados productos sin pagar impuestos locales. Para comprar, hay que mostrar el pasaporte y la tarjeta de embarque en la caja. Esto demuestra que est\u00e1 saliendo del pa\u00eds y que puede acogerse a este privilegio. Pero \u00a1cuidado! Existen l\u00edmites a la cantidad de alcohol y tabaco que cada pasajero puede introducir en su pa\u00eds. Para no sobrepasar estos l\u00edmites, debe consultar previamente la normativa aduanera del pa\u00eds al que viaja.<\/p>\n<h3>\nNuestros 5 mejores consejos para ir de compras en el aeropuerto de Marsa Alam<\/h3>\n<p>&nbsp;<\/p>\n<p><strong>Comparar precios<\/strong>: Si encuentra un recuerdo que le gusta durante sus vacaciones, intente comprarlo en una tienda de la ciudad tras regatear. El aeropuerto s\u00f3lo debe ser una opci\u00f3n para regalos de \"\u00faltima hora\" u olvidados.<br \/>\n<strong>Conocer los l\u00edmites aduaneros<\/strong>: Especialmente si piensa comprar alcohol o cigarrillos, aseg\u00farese de no sobrepasar los l\u00edmites de exenci\u00f3n aduanera de su pa\u00eds. Podr\u00edan confiscarte el exceso de art\u00edculos o exigirte el pago de elevados impuestos.<br \/>\n<strong>Gaste sus \u00faltimas libras egipcias<\/strong>: Utiliza las \u00faltimas libras egipcias de tu cartera para comprar una botella de agua, un tentempi\u00e9 o un peque\u00f1o im\u00e1n.<br \/>\n<strong>Formas de pago<\/strong>: La mayor\u00eda de las tiendas aceptan euros, d\u00f3lares estadounidenses y libras egipcias. Tambi\u00e9n se aceptan tarjetas de cr\u00e9dito. Por lo general, hay que pagar en la moneda que aparece en la etiqueta del precio (normalmente euros o d\u00f3lares) para evitar diferencias de cambio.<\/p>\n<p><strong>Productos aut\u00e9nticos<\/strong>: En lugar de marcas internacionales, recomiendo comprar productos locales, como peque\u00f1os objetos hechos a mano exclusivos de Egipto y tejidos de algod\u00f3n de alta calidad. No encontrar\u00e1s estos productos en todas partes.<\/p>\n<h3>Lista de tiendas en Marsa Alam Airport<\/h3>\n<p>&nbsp;<\/p>\n<p><strong>EGYPTAIR Duty Free<\/strong>: La mayor tienda libre de impuestos se encuentra despu\u00e9s del control de pasaportes. Aqu\u00ed encontrar\u00e1 perfumes, cosm\u00e9ticos, bebidas alcoh\u00f3licas, productos de tabaco, chocolate y productos de algunas marcas internacionales. Esta tienda se encuentra justo al principio del pasillo de salidas internacionales, a la derecha tras pasar el control de pasaportes. Nada m\u00e1s entrar, le recibir\u00e1 una amplia superficie de m\u00e1s de 300 m\u00b2. Aqu\u00ed encontrar\u00e1 colecciones de perfumes y cosm\u00e9ticos de gigantes mundiales como Chanel, Dior, Lanc\u00f4me, Est\u00e9e Lauder, Gucci y Versace, productos de tabaco de marcas como Marlboro y Davidoff, y marcas de chocolate y confiter\u00eda de todo el mundo (Lindt, Toblerone, Ferrero Rocher). La tienda muestra el precio neto, exento de impuestos \"tax free\", de cada grupo de productos.<\/p>\n<p><strong>Duty Free en el extranjero<\/strong>: Overseas Duty Free est\u00e1 situado en la secci\u00f3n de salidas internacionales del aeropuerto, en un pasillo paralelo a EGYPTAIR Duty Free. Su espaciosa tienda de 200 m\u00b2 vende productos de marcas internacionales de accesorios y moda. Adem\u00e1s, la tienda ofrece productos de marcas como Samsonite, Delsey, Tumi y Kipling en maletas, bolsas y sets de viaje. La tienda ofrece con frecuencia descuentos del tipo \"compre 3 y pague 2\" y \"paquete de viaje\", lo que ofrece oportunidades ventajosas a los viajeros con un presupuesto ajustado.<\/p>\n<p><strong>Tiendas y bazares<\/strong>: En los peque\u00f1os puestos de los mercados situados junto a las zonas libres de impuestos, podr\u00e1 encontrar productos que reflejan los miles de a\u00f1os de tradici\u00f3n artesanal de Egipto. Estas peque\u00f1as tiendas son ideales para quienes buscan recuerdos tradicionales egipcios. Podr\u00e1 adquirir estatuas de faraones, pinturas sobre papiro, figuritas de \"esfinges\" y otros art\u00edculos tur\u00edsticos.<\/p>\n<p>Las mezclas de especias (rosa mosqueta, comino, cardamomo, azafr\u00e1n) se venden en arom\u00e1ticos tarros de cristal. Puede utilizar estas mezclas especiales en su cocina. Adem\u00e1s, el aeropuerto ofrece joyer\u00eda artesanal, cuentas de cristal de colores, filigrana de plata y collares, pulseras y pendientes de piedra turquesa. Los precios en el aeropuerto son fijos. No intente regatear. Pase sus \u00faltimas horas en Marsa Alam buscando un \u00faltimo recuerdo egipcio en este aeropuerto tranquilo y relajado. Que tenga un buen vuelo.<\/p>","protected":false},"excerpt":{"rendered":"<p>Ha llegado al final de sus vacaciones llenas de la magia del Mar Rojo, su bronceado [...]<\/p>","protected":false},"author":1,"featured_media":0,"parent":0,"menu_order":0,"comment_status":"closed","ping_status":"closed","template":"","meta":{"_acf_changed":false,"site-sidebar-layout":"default","site-content-layout":"","ast-site-content-layout":"default","site-content-style":"default","site-sidebar-style":"default","ast-global-header-display":"","ast-banner-title-visibility":"","ast-main-header-display":"","ast-hfb-above-header-display":"","ast-hfb-below-header-display":"","ast-hfb-mobile-header-display":"","site-post-title":"","ast-breadcrumbs-content":"","ast-featured-img":"","footer-sml-layout":"","theme-transparent-header-meta":"default","adv-header-id-meta":"","stick-header-meta":"","header-above-stick-meta":"","header-main-stick-meta":"","header-below-stick-meta":"","astra-migrate-meta-layouts":"set","ast-page-background-enabled":"default","ast-page-background-meta":{"desktop":{"background-color":"var(--ast-global-color-4)","background-image":"","background-repeat":"repeat","background-position":"center center","background-size":"auto","background-attachment":"scroll","background-type":"","background-media":"","overlay-type":"","overlay-color":"","overlay-opacity":"","overlay-gradient":""},"tablet":{"background-color":"","background-image":"","background-repeat":"repeat","background-position":"center center","background-size":"auto","background-attachment":"scroll","background-type":"","background-media":"","overlay-type":"","overlay-color":"","overlay-opacity":"","overlay-gradient":""},"mobile":{"background-color":"","background-image":"","background-repeat":"repeat","background-position":"center center","background-size":"auto","background-attachment":"scroll","background-type":"","background-media":"","overlay-type":"","overlay-color":"","overlay-opacity":"","overlay-gradient":""}},"ast-content-background-meta":{"desktop":{"background-color":"var(--ast-global-color-5)","background-image":"","background-repeat":"repeat","background-position":"center center","background-size":"auto","background-attachment":"scroll","background-type":"","background-media":"","overlay-type":"","overlay-color":"","overlay-opacity":"","overlay-gradient":""},"tablet":{"background-color":"var(--ast-global-color-5)","background-image":"","background-repeat":"repeat","background-position":"center center","background-size":"auto","background-attachment":"scroll","background-type":"","background-media":"","overlay-type":"","overlay-color":"","overlay-opacity":"","overlay-gradient":""},"mobile":{"background-color":"var(--ast-global-color-5)","background-image":"","background-repeat":"repeat","background-position":"center center","background-size":"auto","background-attachment":"scroll","background-type":"","background-media":"","overlay-type":"","overlay-color":"","overlay-opacity":"","overlay-gradient":""}},"footnotes":""},"class_list":["post-1160","page","type-page","status-publish","hentry"],"acf":[],"yoast_head":"<!-- This site is optimized with the Yoast SEO Premium plugin v24.0 (Yoast SEO v27.5) - https:\/\/yoast.com\/product\/yoast-seo-premium-wordpress\/ -->\n<title>Marsa Alam Airport Shops - Shopping At Marsa Alam Airport<\/title>\n<meta name=\"description\" content=\"Lists the different shops in Marsa Alam Airport, where they are, and duty-free limits explained. Plus tips for Marsa Alam Airport shopping.\" \/>\n<meta name=\"robots\" content=\"index, follow, max-snippet:-1, max-image-preview:large, max-video-preview:-1\" \/>\n<link rel=\"canonical\" href=\"https:\/\/marsaalam-airport.com\/es\/shopping\/\" \/>\n<meta property=\"og:locale\" content=\"es_ES\" \/>\n<meta property=\"og:type\" content=\"article\" \/>\n<meta property=\"og:title\" content=\"Shopping Marsa Alam Airport\" \/>\n<meta property=\"og:description\" content=\"Lists the different shops in Marsa Alam Airport, where they are, and duty-free limits explained. Plus tips for Marsa Alam Airport shopping.\" \/>\n<meta property=\"og:url\" content=\"https:\/\/marsaalam-airport.com\/es\/shopping\/\" \/>\n<meta property=\"article:publisher\" content=\"https:\/\/www.facebook.com\/marsaalamairportinternational\" \/>\n<meta property=\"og:image\" content=\"https:\/\/marsaalam-airport.com\/wp-content\/uploads\/marsa-alam-airport-1.webp\" \/>\n\t<meta property=\"og:image:width\" content=\"1024\" \/>\n\t<meta property=\"og:image:height\" content=\"683\" \/>\n\t<meta property=\"og:image:type\" content=\"image\/webp\" \/>\n<meta name=\"twitter:card\" content=\"summary_large_image\" \/>\n<meta name=\"twitter:label1\" content=\"Tiempo de lectura\" \/>\n\t<meta name=\"twitter:data1\" content=\"5 minutos\" \/>\n<script type=\"application\/ld+json\" class=\"yoast-schema-graph\">{\"@context\":\"https:\\\/\\\/schema.org\",\"@graph\":[{\"@type\":\"WebPage\",\"@id\":\"https:\\\/\\\/marsaalam-airport.com\\\/shopping\\\/\",\"url\":\"https:\\\/\\\/marsaalam-airport.com\\\/shopping\\\/\",\"name\":\"Marsa Alam Airport Shops - Shopping At Marsa Alam Airport\",\"isPartOf\":{\"@id\":\"https:\\\/\\\/marsaalam-airport.com\\\/#website\"},\"datePublished\":\"2025-07-21T11:14:57+00:00\",\"description\":\"Lists the different shops in Marsa Alam Airport, where they are, and duty-free limits explained. Plus tips for Marsa Alam Airport shopping.\",\"breadcrumb\":{\"@id\":\"https:\\\/\\\/marsaalam-airport.com\\\/shopping\\\/#breadcrumb\"},\"inLanguage\":\"es\",\"potentialAction\":[{\"@type\":\"ReadAction\",\"target\":[\"https:\\\/\\\/marsaalam-airport.com\\\/shopping\\\/\"]}]},{\"@type\":\"BreadcrumbList\",\"@id\":\"https:\\\/\\\/marsaalam-airport.com\\\/shopping\\\/#breadcrumb\",\"itemListElement\":[{\"@type\":\"ListItem\",\"position\":1,\"name\":\"Home\",\"item\":\"https:\\\/\\\/marsaalam-airport.com\\\/\"},{\"@type\":\"ListItem\",\"position\":2,\"name\":\"Shopping Marsa Alam Airport\"}]},{\"@type\":\"WebSite\",\"@id\":\"https:\\\/\\\/marsaalam-airport.com\\\/#website\",\"url\":\"https:\\\/\\\/marsaalam-airport.com\\\/\",\"name\":\"Marsa Alam International Airport\",\"description\":\"\",\"publisher\":{\"@id\":\"https:\\\/\\\/marsaalam-airport.com\\\/#organization\"},\"alternateName\":\"RMF\",\"potentialAction\":[{\"@type\":\"SearchAction\",\"target\":{\"@type\":\"EntryPoint\",\"urlTemplate\":\"https:\\\/\\\/marsaalam-airport.com\\\/?s={search_term_string}\"},\"query-input\":{\"@type\":\"PropertyValueSpecification\",\"valueRequired\":true,\"valueName\":\"search_term_string\"}}],\"inLanguage\":\"es\"},{\"@type\":\"Organization\",\"@id\":\"https:\\\/\\\/marsaalam-airport.com\\\/#organization\",\"name\":\"Marsa Alam International Airport\",\"alternateName\":\"RMF\",\"url\":\"https:\\\/\\\/marsaalam-airport.com\\\/\",\"logo\":{\"@type\":\"ImageObject\",\"inLanguage\":\"es\",\"@id\":\"https:\\\/\\\/marsaalam-airport.com\\\/#\\\/schema\\\/logo\\\/image\\\/\",\"url\":\"https:\\\/\\\/marsaalam-airport.com\\\/wp-content\\\/uploads\\\/cropped-rmf-logo.png\",\"contentUrl\":\"https:\\\/\\\/marsaalam-airport.com\\\/wp-content\\\/uploads\\\/cropped-rmf-logo.png\",\"width\":1998,\"height\":667,\"caption\":\"Marsa Alam International Airport\"},\"image\":{\"@id\":\"https:\\\/\\\/marsaalam-airport.com\\\/#\\\/schema\\\/logo\\\/image\\\/\"},\"sameAs\":[\"https:\\\/\\\/www.facebook.com\\\/marsaalamairportinternational\"],\"description\":\"Marsa Alam Airport (RMF) provides live tracking for arrivals & departures plus comfortable airport hotels with free shuttles.\",\"email\":\"info@marsaalam-airport.com\",\"legalName\":\"Marsa Alam Airport\"}]}<\/script>\n<!-- \/ Yoast SEO Premium plugin. -->","yoast_head_json":{"title":"Marsa Alam Airport Shops - Shopping At Marsa Alam Airport","description":"Lists the different shops in Marsa Alam Airport, where they are, and duty-free limits explained. Plus tips for Marsa Alam Airport shopping.","robots":{"index":"index","follow":"follow","max-snippet":"max-snippet:-1","max-image-preview":"max-image-preview:large","max-video-preview":"max-video-preview:-1"},"canonical":"https:\/\/marsaalam-airport.com\/es\/shopping\/","og_locale":"es_ES","og_type":"article","og_title":"Shopping Marsa Alam Airport","og_description":"Lists the different shops in Marsa Alam Airport, where they are, and duty-free limits explained. Plus tips for Marsa Alam Airport shopping.","og_url":"https:\/\/marsaalam-airport.com\/es\/shopping\/","article_publisher":"https:\/\/www.facebook.com\/marsaalamairportinternational","og_image":[{"width":1024,"height":683,"url":"https:\/\/marsaalam-airport.com\/wp-content\/uploads\/marsa-alam-airport-1.webp","type":"image\/webp"}],"twitter_card":"summary_large_image","twitter_misc":{"Tiempo de lectura":"5 minutos"},"schema":{"@context":"https:\/\/schema.org","@graph":[{"@type":"WebPage","@id":"https:\/\/marsaalam-airport.com\/shopping\/","url":"https:\/\/marsaalam-airport.com\/shopping\/","name":"Marsa Alam Airport Shops - Shopping At Marsa Alam Airport","isPartOf":{"@id":"https:\/\/marsaalam-airport.com\/#website"},"datePublished":"2025-07-21T11:14:57+00:00","description":"Lists the different shops in Marsa Alam Airport, where they are, and duty-free limits explained. Plus tips for Marsa Alam Airport shopping.","breadcrumb":{"@id":"https:\/\/marsaalam-airport.com\/shopping\/#breadcrumb"},"inLanguage":"es","potentialAction":[{"@type":"ReadAction","target":["https:\/\/marsaalam-airport.com\/shopping\/"]}]},{"@type":"BreadcrumbList","@id":"https:\/\/marsaalam-airport.com\/shopping\/#breadcrumb","itemListElement":[{"@type":"ListItem","position":1,"name":"Home","item":"https:\/\/marsaalam-airport.com\/"},{"@type":"ListItem","position":2,"name":"Shopping Marsa Alam Airport"}]},{"@type":"WebSite","@id":"https:\/\/marsaalam-airport.com\/#website","url":"https:\/\/marsaalam-airport.com\/","name":"Marsa Alam International Airport","description":"","publisher":{"@id":"https:\/\/marsaalam-airport.com\/#organization"},"alternateName":"RMF","potentialAction":[{"@type":"SearchAction","target":{"@type":"EntryPoint","urlTemplate":"https:\/\/marsaalam-airport.com\/?s={search_term_string}"},"query-input":{"@type":"PropertyValueSpecification","valueRequired":true,"valueName":"search_term_string"}}],"inLanguage":"es"},{"@type":"Organization","@id":"https:\/\/marsaalam-airport.com\/#organization","name":"Marsa Alam International Airport","alternateName":"RMF","url":"https:\/\/marsaalam-airport.com\/","logo":{"@type":"ImageObject","inLanguage":"es","@id":"https:\/\/marsaalam-airport.com\/#\/schema\/logo\/image\/","url":"https:\/\/marsaalam-airport.com\/wp-content\/uploads\/cropped-rmf-logo.png","contentUrl":"https:\/\/marsaalam-airport.com\/wp-content\/uploads\/cropped-rmf-logo.png","width":1998,"height":667,"caption":"Marsa Alam International Airport"},"image":{"@id":"https:\/\/marsaalam-airport.com\/#\/schema\/logo\/image\/"},"sameAs":["https:\/\/www.facebook.com\/marsaalamairportinternational"],"description":"Marsa Alam Airport (RMF) provides live tracking for arrivals & departures plus comfortable airport hotels with free shuttles.","email":"info@marsaalam-airport.com","legalName":"Marsa Alam Airport"}]}},"_links":{"self":[{"href":"https:\/\/marsaalam-airport.com\/es\/wp-json\/wp\/v2\/pages\/1160","targetHints":{"allow":["GET"]}}],"collection":[{"href":"https:\/\/marsaalam-airport.com\/es\/wp-json\/wp\/v2\/pages"}],"about":[{"href":"https:\/\/marsaalam-airport.com\/es\/wp-json\/wp\/v2\/types\/page"}],"author":[{"embeddable":true,"href":"https:\/\/marsaalam-airport.com\/es\/wp-json\/wp\/v2\/users\/1"}],"replies":[{"embeddable":true,"href":"https:\/\/marsaalam-airport.com\/es\/wp-json\/wp\/v2\/comments?post=1160"}],"version-history":[{"count":1,"href":"https:\/\/marsaalam-airport.com\/es\/wp-json\/wp\/v2\/pages\/1160\/revisions"}],"predecessor-version":[{"id":1162,"href":"https:\/\/marsaalam-airport.com\/es\/wp-json\/wp\/v2\/pages\/1160\/revisions\/1162"}],"wp:attachment":[{"href":"https:\/\/marsaalam-airport.com\/es\/wp-json\/wp\/v2\/media?parent=1160"}],"curies":[{"name":"wp","href":"https:\/\/api.w.org\/{rel}","templated":true}]}}