{"id":1151,"date":"2025-07-21T11:05:42","date_gmt":"2025-07-21T11:05:42","guid":{"rendered":"https:\/\/marsaalam-airport.com\/?page_id=1151"},"modified":"2025-07-21T11:05:42","modified_gmt":"2025-07-21T11:05:42","slug":"transport","status":"publish","type":"page","link":"https:\/\/marsaalam-airport.com\/es\/transport\/","title":{"rendered":"Opciones de transporte en el aeropuerto de Marsa Alam"},"content":{"rendered":"<p>Las aguas turquesas visibles desde la ventanilla del avi\u00f3n empezar\u00e1n a encantarle incluso antes de aterrizar. La combinaci\u00f3n de desiertos dorados y el Mar Rojo es impresionante. Ahora, el \u00faltimo paso antes de empezar a explorar este m\u00e1gico paisaje: \u00bfc\u00f3mo llegar\u00e1 del aeropuerto a su hotel? No se preocupe. Esta gu\u00eda le ayudar\u00e1 a elegir la opci\u00f3n de transporte que mejor se adapte a su presupuesto, sus expectativas de comodidad y su sentido de la aventura. He recopilado la informaci\u00f3n m\u00e1s importante sobre transporte que necesita todo viajero que llega a Marsa Alam, el rinc\u00f3n paradis\u00edaco del Mar Rojo. Tanto si desea disfrutar de su libertad como si prefiere el servicio puerta a puerta m\u00e1s c\u00f3modo, puede iniciar su viaje eligiendo una de las siguientes alternativas.<\/p>\n<h2>Todas sus opciones de transporte en el aeropuerto de Marsa Alam: Alquiler de coches, autobuses, taxis y traslados privados<\/h2>\n<p>Al aterrizar en el aeropuerto de Marsa Alam, es posible que desee llegar a su hotel inmediatamente. Tanto si es usted un viajero aventurero que valora la libertad como un veraneante que prioriza la comodidad, hay muchas opciones disponibles para llegar desde el aeropuerto de Marsa Alam a su hotel.<\/p>\n<p>Cuando llegue a Marsa Alam, se le presentar\u00e1n varias alternativas de transporte nada m\u00e1s salir de la terminal. He revisado estas opciones para usted en detalle. \u00bfViaja con un grupo grande o en solitario? Puede elegir una de las siguientes opciones de transporte seg\u00fan sus necesidades y presupuesto.<br \/>\nSus opciones de transporte desde el aeropuerto de Marsa Alam<\/p>\n<h3>1. Alquiler de coches en el aeropuerto de Marsa Alam<\/h3>\n<p>Si desea planificar su propio itinerario durante las vacaciones y descubrir calas escondidas y playas v\u00edrgenes sin atarse a nadie, puede alquilar un coche nada m\u00e1s aterrizar en el aeropuerto. Alquilar un coche en el aeropuerto de Marsa Alam es muy f\u00e1cil.<br \/>\nLos hoteles y lugares de buceo de Marsa Alam se extienden por una amplia zona. Con un coche de alquiler, podr\u00e1 visitar cualquier playa que desee. Podr\u00e1 nadar con las tortugas de Abu Dabbab cuando quiera o tomar el sol en la playa de Sharm El Luli, parecida a las Maldivas, al d\u00eda siguiente.<\/p>\n<p>Puede encontrar f\u00e1cilmente las oficinas de compa\u00f1\u00edas internacionales como Sixt, Europcar, Avis y Budget en el vest\u00edbulo de llegadas del aeropuerto. Puede alquilar su coche a un precio m\u00e1s asequible haciendo una reserva en l\u00ednea con antelaci\u00f3n. Puede elegir entre veh\u00edculos econ\u00f3micos, compactos, todoterrenos, monovol\u00famenes y de lujo para satisfacer sus necesidades. Los precios empiezan en 40 USD. Puede encontrar el veh\u00edculo m\u00e1s asequible reservando con antelaci\u00f3n.<\/p>\n<h3>\n2. Traslados Privados Aeropuerto Marsa Alam<\/h3>\n<p>Si no quiere lidiar con el estr\u00e9s y la incertidumbre del regateo tras un largo vuelo, puede aprovechar los traslados privados. De este modo, podr\u00e1 empezar sus vacaciones sin contratiempos y c\u00f3modamente.<\/p>\n<p><strong>Traslados privados s\u00f3lo para usted y su grupo<\/strong>: Cuando elija este servicio, ser\u00e1 recibido en la puerta de llegadas con un cartel con su nombre. Le llevar\u00e1n directamente a su hotel en un moderno veh\u00edculo con aire acondicionado reservado exclusivamente para usted y los suyos, sin detenerse en ning\u00fan otro lugar. Es ideal para familias con ni\u00f1os o grupos grandes. Los precios se determinan por veh\u00edculo. Los precios var\u00edan seg\u00fan el modelo de veh\u00edculo y la distancia recorrida. Precios medios:<\/p>\n<p><strong>Berlina (1-3 personas)<\/strong>: 50-50 USD. Aire acondicionado, servicio \"meet &amp; greet\", servicio de seguimiento de vuelos.<\/p>\n<p><strong>Monovolumen (4-8 personas)<\/strong>: $90-110. Amplio maletero, comodidad extra.<br \/>\n<strong>Minib\u00fas (9-15 personas)<\/strong>: $170-190. Ideal para grupos grandes, capacidad para varios equipajes.<\/p>\n<p><strong>Traslados compartidos con otros pasajeros<\/strong>: Esta opci\u00f3n es m\u00e1s adecuada para viajeros en solitario con presupuesto ajustado o parejas. Compartir\u00e1 un minib\u00fas con otros pasajeros que vayan a hoteles en la misma direcci\u00f3n que usted. Es m\u00e1s econ\u00f3mico que un traslado privado. Sin embargo, el trayecto es m\u00e1s largo porque hay que esperar a que el veh\u00edculo se llene. Adem\u00e1s, el veh\u00edculo se detiene en diferentes lugares para dejar a otros pasajeros. Los precios se calculan por persona. La tarifa se determina en funci\u00f3n de la distancia que recorra.<\/p>\n<p>Autob\u00fas de enlace: centro de Marsa Alam: $17-20 por persona<br \/>\nEl Quseir: Aproximadamente $20-25 por persona<\/p>\n<h3>3. Taxis en el aeropuerto de Marsa Alam<\/h3>\n<p>Ver\u00e1 taxis oficiales del aeropuerto en cuanto salga de la terminal. Si no tiene reserva previa, puede tomar un taxi hasta su hotel. Los taxis de Marsa Alam no suelen utilizar tax\u00edmetro. Por lo tanto, debe indicar claramente su destino al conductor antes de subir y negociar la tarifa. Esto es bastante habitual en Egipto, as\u00ed que no dude en regatear. No se suba a un taxi si no llega a un acuerdo sobre la tarifa. Si el precio te parece demasiado alto, habla con otros taxistas. Algunos taxistas pueden pedir un suplemento al final del trayecto. Pague el precio que acord\u00f3 al principio.<\/p>\n<p>La tarifa media de taxi para los hoteles cercanos (por ejemplo, Port Ghalib) ronda los $15-25. Sin embargo, este precio puede variar en funci\u00f3n de su capacidad de regateo y del tr\u00e1fico de pasajeros.<\/p>\n<h3>4. Autobuses en el aeropuerto de Marsa Alam<\/h3>\n<p>Muchos viajeros se interesan por las opciones de transporte p\u00fablico porque son asequibles. Sin embargo, la situaci\u00f3n en Marsa Alam es completamente diferente.<\/p>\n<p>No hay servicio regular de autobuses desde el aeropuerto de Marsa Alam directamente a la primera l\u00ednea de playa, donde se encuentran los hoteles. El aeropuerto est\u00e1 alejado del centro de la ciudad y de las zonas residenciales. No hay autobuses regulares a esta zona. Por lo tanto, el transporte p\u00fablico no es una opci\u00f3n pr\u00e1ctica para los turistas. Los servicios de autob\u00fas que puede ver en Internet o en algunas fuentes suelen referirse a minibuses de traslado compartido reservados con antelaci\u00f3n o a operadores tur\u00edsticos. Por lo tanto, no pierda tiempo buscando una parada de autob\u00fas al salir de la terminal.<\/p>\n<p>En conclusi\u00f3n, a su llegada a Marsa Alam, tiene tres opciones principales de transporte: alquiler de coches para una m\u00e1xima flexibilidad, traslados privados o compartidos para un comienzo sin estr\u00e9s y taxis para una soluci\u00f3n inmediata. Puede elegir la que mejor se adapte a su estilo de vacaciones y a su presupuesto.<\/p>\n<p><strong>\u00bfQu\u00e9 opci\u00f3n le conviene m\u00e1s?<\/strong><\/p>\n<p>Libertad y flexibilidad: Alquiler de coches.<br \/>\nComodidad puerta a puerta: Traslado privado.<br \/>\nPaquete econ\u00f3mico: Traslado compartido<br \/>\nEcon\u00f3mico y aventurero: Taxi<br \/>\nSugerencia de reserva: En temporada alta, la disponibilidad de coches y traslados se llena r\u00e1pidamente. Recomiendo reservar con al menos 1-2 semanas de antelaci\u00f3n.<\/p>\n<p>\u00a1Disfrute de sus exploraciones!<\/p>","protected":false},"excerpt":{"rendered":"<p>Las aguas turquesas visibles desde la ventanilla del avi\u00f3n empezar\u00e1n a encantarle incluso antes de aterrizar. La combinaci\u00f3n de [...]<\/p>","protected":false},"author":1,"featured_media":0,"parent":0,"menu_order":0,"comment_status":"closed","ping_status":"closed","template":"","meta":{"_acf_changed":false,"site-sidebar-layout":"default","site-content-layout":"","ast-site-content-layout":"default","site-content-style":"default","site-sidebar-style":"default","ast-global-header-display":"","ast-banner-title-visibility":"","ast-main-header-display":"","ast-hfb-above-header-display":"","ast-hfb-below-header-display":"","ast-hfb-mobile-header-display":"","site-post-title":"","ast-breadcrumbs-content":"","ast-featured-img":"","footer-sml-layout":"","theme-transparent-header-meta":"default","adv-header-id-meta":"","stick-header-meta":"","header-above-stick-meta":"","header-main-stick-meta":"","header-below-stick-meta":"","astra-migrate-meta-layouts":"set","ast-page-background-enabled":"default","ast-page-background-meta":{"desktop":{"background-color":"var(--ast-global-color-4)","background-image":"","background-repeat":"repeat","background-position":"center center","background-size":"auto","background-attachment":"scroll","background-type":"","background-media":"","overlay-type":"","overlay-color":"","overlay-opacity":"","overlay-gradient":""},"tablet":{"background-color":"","background-image":"","background-repeat":"repeat","background-position":"center center","background-size":"auto","background-attachment":"scroll","background-type":"","background-media":"","overlay-type":"","overlay-color":"","overlay-opacity":"","overlay-gradient":""},"mobile":{"background-color":"","background-image":"","background-repeat":"repeat","background-position":"center center","background-size":"auto","background-attachment":"scroll","background-type":"","background-media":"","overlay-type":"","overlay-color":"","overlay-opacity":"","overlay-gradient":""}},"ast-content-background-meta":{"desktop":{"background-color":"var(--ast-global-color-5)","background-image":"","background-repeat":"repeat","background-position":"center center","background-size":"auto","background-attachment":"scroll","background-type":"","background-media":"","overlay-type":"","overlay-color":"","overlay-opacity":"","overlay-gradient":""},"tablet":{"background-color":"var(--ast-global-color-5)","background-image":"","background-repeat":"repeat","background-position":"center center","background-size":"auto","background-attachment":"scroll","background-type":"","background-media":"","overlay-type":"","overlay-color":"","overlay-opacity":"","overlay-gradient":""},"mobile":{"background-color":"var(--ast-global-color-5)","background-image":"","background-repeat":"repeat","background-position":"center center","background-size":"auto","background-attachment":"scroll","background-type":"","background-media":"","overlay-type":"","overlay-color":"","overlay-opacity":"","overlay-gradient":""}},"footnotes":""},"class_list":["post-1151","page","type-page","status-publish","hentry"],"acf":[],"yoast_head":"<!-- This site is optimized with the Yoast SEO Premium plugin v24.0 (Yoast SEO v26.6) - https:\/\/yoast.com\/wordpress\/plugins\/seo\/ -->\n<title>Transport Options from Marsa Alam Airport<\/title>\n<meta name=\"description\" content=\"All your transport options from Marsa Alam Airport to your holiday destination by bus, taxi, train, private transfer or car hire.\" \/>\n<meta name=\"robots\" content=\"index, follow, max-snippet:-1, max-image-preview:large, max-video-preview:-1\" \/>\n<link rel=\"canonical\" href=\"https:\/\/marsaalam-airport.com\/es\/transport\/\" \/>\n<meta property=\"og:locale\" content=\"es_ES\" \/>\n<meta property=\"og:type\" content=\"article\" \/>\n<meta property=\"og:title\" content=\"Transport Options at Marsa Alam Airport\" \/>\n<meta property=\"og:description\" content=\"All your transport options from Marsa Alam Airport to your holiday destination by bus, taxi, train, private transfer or car hire.\" \/>\n<meta property=\"og:url\" content=\"https:\/\/marsaalam-airport.com\/es\/transport\/\" \/>\n<meta property=\"article:publisher\" content=\"https:\/\/www.facebook.com\/marsaalamairportinternational\" \/>\n<meta property=\"og:image\" content=\"https:\/\/marsaalam-airport.com\/wp-content\/uploads\/marsa-alam-airport-1.webp\" \/>\n\t<meta property=\"og:image:width\" content=\"1024\" \/>\n\t<meta property=\"og:image:height\" content=\"683\" \/>\n\t<meta property=\"og:image:type\" content=\"image\/webp\" \/>\n<meta name=\"twitter:card\" content=\"summary_large_image\" \/>\n<meta name=\"twitter:label1\" content=\"Tiempo de lectura\" \/>\n\t<meta name=\"twitter:data1\" content=\"5 minutos\" \/>\n<script type=\"application\/ld+json\" class=\"yoast-schema-graph\">{\"@context\":\"https:\/\/schema.org\",\"@graph\":[{\"@type\":\"WebPage\",\"@id\":\"https:\/\/marsaalam-airport.com\/transport\/\",\"url\":\"https:\/\/marsaalam-airport.com\/transport\/\",\"name\":\"Transport Options from Marsa Alam Airport\",\"isPartOf\":{\"@id\":\"https:\/\/marsaalam-airport.com\/#website\"},\"datePublished\":\"2025-07-21T11:05:42+00:00\",\"description\":\"All your transport options from Marsa Alam Airport to your holiday destination by bus, taxi, train, private transfer or car hire.\",\"breadcrumb\":{\"@id\":\"https:\/\/marsaalam-airport.com\/transport\/#breadcrumb\"},\"inLanguage\":\"es\",\"potentialAction\":[{\"@type\":\"ReadAction\",\"target\":[\"https:\/\/marsaalam-airport.com\/transport\/\"]}]},{\"@type\":\"BreadcrumbList\",\"@id\":\"https:\/\/marsaalam-airport.com\/transport\/#breadcrumb\",\"itemListElement\":[{\"@type\":\"ListItem\",\"position\":1,\"name\":\"Home\",\"item\":\"https:\/\/marsaalam-airport.com\/\"},{\"@type\":\"ListItem\",\"position\":2,\"name\":\"Transport Options at Marsa Alam Airport\"}]},{\"@type\":\"WebSite\",\"@id\":\"https:\/\/marsaalam-airport.com\/#website\",\"url\":\"https:\/\/marsaalam-airport.com\/\",\"name\":\"Marsa Alam International Airport\",\"description\":\"\",\"publisher\":{\"@id\":\"https:\/\/marsaalam-airport.com\/#organization\"},\"alternateName\":\"RMF\",\"potentialAction\":[{\"@type\":\"SearchAction\",\"target\":{\"@type\":\"EntryPoint\",\"urlTemplate\":\"https:\/\/marsaalam-airport.com\/?s={search_term_string}\"},\"query-input\":{\"@type\":\"PropertyValueSpecification\",\"valueRequired\":true,\"valueName\":\"search_term_string\"}}],\"inLanguage\":\"es\"},{\"@type\":\"Organization\",\"@id\":\"https:\/\/marsaalam-airport.com\/#organization\",\"name\":\"Marsa Alam International Airport\",\"alternateName\":\"RMF\",\"url\":\"https:\/\/marsaalam-airport.com\/\",\"logo\":{\"@type\":\"ImageObject\",\"inLanguage\":\"es\",\"@id\":\"https:\/\/marsaalam-airport.com\/#\/schema\/logo\/image\/\",\"url\":\"https:\/\/marsaalam-airport.com\/wp-content\/uploads\/cropped-rmf-logo.png\",\"contentUrl\":\"https:\/\/marsaalam-airport.com\/wp-content\/uploads\/cropped-rmf-logo.png\",\"width\":1998,\"height\":667,\"caption\":\"Marsa Alam International Airport\"},\"image\":{\"@id\":\"https:\/\/marsaalam-airport.com\/#\/schema\/logo\/image\/\"},\"sameAs\":[\"https:\/\/www.facebook.com\/marsaalamairportinternational\"],\"description\":\"Marsa Alam Airport (RMF) provides live tracking for arrivals & departures plus comfortable airport hotels with free shuttles.\",\"email\":\"info@marsaalam-airport.com\",\"legalName\":\"Marsa Alam Airport\"}]}<\/script>\n<!-- \/ Yoast SEO Premium plugin. -->","yoast_head_json":{"title":"Transport Options from Marsa Alam Airport","description":"All your transport options from Marsa Alam Airport to your holiday destination by bus, taxi, train, private transfer or car hire.","robots":{"index":"index","follow":"follow","max-snippet":"max-snippet:-1","max-image-preview":"max-image-preview:large","max-video-preview":"max-video-preview:-1"},"canonical":"https:\/\/marsaalam-airport.com\/es\/transport\/","og_locale":"es_ES","og_type":"article","og_title":"Transport Options at Marsa Alam Airport","og_description":"All your transport options from Marsa Alam Airport to your holiday destination by bus, taxi, train, private transfer or car hire.","og_url":"https:\/\/marsaalam-airport.com\/es\/transport\/","article_publisher":"https:\/\/www.facebook.com\/marsaalamairportinternational","og_image":[{"width":1024,"height":683,"url":"https:\/\/marsaalam-airport.com\/wp-content\/uploads\/marsa-alam-airport-1.webp","type":"image\/webp"}],"twitter_card":"summary_large_image","twitter_misc":{"Tiempo de lectura":"5 minutos"},"schema":{"@context":"https:\/\/schema.org","@graph":[{"@type":"WebPage","@id":"https:\/\/marsaalam-airport.com\/transport\/","url":"https:\/\/marsaalam-airport.com\/transport\/","name":"Transport Options from Marsa Alam Airport","isPartOf":{"@id":"https:\/\/marsaalam-airport.com\/#website"},"datePublished":"2025-07-21T11:05:42+00:00","description":"All your transport options from Marsa Alam Airport to your holiday destination by bus, taxi, train, private transfer or car hire.","breadcrumb":{"@id":"https:\/\/marsaalam-airport.com\/transport\/#breadcrumb"},"inLanguage":"es","potentialAction":[{"@type":"ReadAction","target":["https:\/\/marsaalam-airport.com\/transport\/"]}]},{"@type":"BreadcrumbList","@id":"https:\/\/marsaalam-airport.com\/transport\/#breadcrumb","itemListElement":[{"@type":"ListItem","position":1,"name":"Home","item":"https:\/\/marsaalam-airport.com\/"},{"@type":"ListItem","position":2,"name":"Transport Options at Marsa Alam Airport"}]},{"@type":"WebSite","@id":"https:\/\/marsaalam-airport.com\/#website","url":"https:\/\/marsaalam-airport.com\/","name":"Marsa Alam International Airport","description":"","publisher":{"@id":"https:\/\/marsaalam-airport.com\/#organization"},"alternateName":"RMF","potentialAction":[{"@type":"SearchAction","target":{"@type":"EntryPoint","urlTemplate":"https:\/\/marsaalam-airport.com\/?s={search_term_string}"},"query-input":{"@type":"PropertyValueSpecification","valueRequired":true,"valueName":"search_term_string"}}],"inLanguage":"es"},{"@type":"Organization","@id":"https:\/\/marsaalam-airport.com\/#organization","name":"Marsa Alam International Airport","alternateName":"RMF","url":"https:\/\/marsaalam-airport.com\/","logo":{"@type":"ImageObject","inLanguage":"es","@id":"https:\/\/marsaalam-airport.com\/#\/schema\/logo\/image\/","url":"https:\/\/marsaalam-airport.com\/wp-content\/uploads\/cropped-rmf-logo.png","contentUrl":"https:\/\/marsaalam-airport.com\/wp-content\/uploads\/cropped-rmf-logo.png","width":1998,"height":667,"caption":"Marsa Alam International Airport"},"image":{"@id":"https:\/\/marsaalam-airport.com\/#\/schema\/logo\/image\/"},"sameAs":["https:\/\/www.facebook.com\/marsaalamairportinternational"],"description":"Marsa Alam Airport (RMF) provides live tracking for arrivals & departures plus comfortable airport hotels with free shuttles.","email":"info@marsaalam-airport.com","legalName":"Marsa Alam Airport"}]}},"_links":{"self":[{"href":"https:\/\/marsaalam-airport.com\/es\/wp-json\/wp\/v2\/pages\/1151","targetHints":{"allow":["GET"]}}],"collection":[{"href":"https:\/\/marsaalam-airport.com\/es\/wp-json\/wp\/v2\/pages"}],"about":[{"href":"https:\/\/marsaalam-airport.com\/es\/wp-json\/wp\/v2\/types\/page"}],"author":[{"embeddable":true,"href":"https:\/\/marsaalam-airport.com\/es\/wp-json\/wp\/v2\/users\/1"}],"replies":[{"embeddable":true,"href":"https:\/\/marsaalam-airport.com\/es\/wp-json\/wp\/v2\/comments?post=1151"}],"version-history":[{"count":1,"href":"https:\/\/marsaalam-airport.com\/es\/wp-json\/wp\/v2\/pages\/1151\/revisions"}],"predecessor-version":[{"id":1153,"href":"https:\/\/marsaalam-airport.com\/es\/wp-json\/wp\/v2\/pages\/1151\/revisions\/1153"}],"wp:attachment":[{"href":"https:\/\/marsaalam-airport.com\/es\/wp-json\/wp\/v2\/media?parent=1151"}],"curies":[{"name":"wp","href":"https:\/\/api.w.org\/{rel}","templated":true}]}}