{"id":1144,"date":"2025-07-21T00:17:53","date_gmt":"2025-07-21T00:17:53","guid":{"rendered":"https:\/\/marsaalam-airport.com\/?page_id=1144"},"modified":"2025-10-07T23:58:33","modified_gmt":"2025-10-07T23:58:33","slug":"car-rental","status":"publish","type":"page","link":"https:\/\/marsaalam-airport.com\/es\/car-rental\/","title":{"rendered":"Alquiler de coches en Marsa Alam Aeropuerto"},"content":{"rendered":"<p>\u00bfLe gustar\u00eda descubrir la belleza intacta del Mar Rojo, sus tranquilas aguas turquesas y su mundo submarino que parece un acuario? Marsa Alam es un para\u00edso donde alejarse de las multitudes de Egipto y encontrar juntos paz y aventura. Depende de usted explorar esta geograf\u00eda \u00fanica como desee. Puede planear su propio itinerario. En cuanto aterrice en el Aeropuerto Internacional de Marsa Alam (RMF), podr\u00e1 alquilar un coche y empezar sus vacaciones con total libertad. En esta gu\u00eda encontrar\u00e1 toda la informaci\u00f3n que necesita sobre el alquiler de coches en el aeropuerto de Marsa Alam. Abr\u00f3chese el cintur\u00f3n, \u00a1nuestra aventura por el Mar Rojo est\u00e1 a punto de comenzar!<\/p>\n<p><br \/>\n<br \/>\n<br \/>\n<br \/>\n<br \/>\n<br \/>\n<br \/>\n<br \/>\n<script async src=\"https:\/\/tpscr.com\/content?currency=eur&trs=405879&shmarker=621353&country=egypt&city=Marsa-Alam&place=marsa-alam-international-airport-rmf&locale=es&powered_by=false&bg_color=%23fad130&font_color=%23333333&button_color=%2300a200&button_font_color=%23ffffff&button_text=Search&rounded_corners=false&benefits=true&dc_powered_by=true&supplier_logos=true&campaign_id=117&promo_id=3873\" charset=\"utf-8\"><\/script><br \/>\n<br \/>\n<\/p>\n<h2>Empresas de alquiler de coches en la terminal del aeropuerto de Marsa Alam<\/h2>\n<p>Una vez que baje de su vuelo y recoja su equipaje, no hay necesidad de buscar un veh\u00edculo de traslado largo y agotador. El aeropuerto de Marsa Alam ha pensado en todo para su comodidad. Nada m\u00e1s entrar en el vest\u00edbulo de llegadas, ver\u00e1 inmediatamente las oficinas de las principales empresas de alquiler de coches del mundo.<\/p>\n<p>El aeropuerto cuenta con oficinas de empresas fiables como Sixt, Europcar, Avis, Budget y Green Motion. Puede alquilar un coche en estas oficinas inmediatamente. Las oficinas de las empresas de alquiler de coches se encuentran justo enfrente de la zona de recogida de equipajes.<\/p>\n<p><strong>Europcar<\/strong>: Situado cerca de la puerta de salida del pasillo de llegadas. Abierto todos los d\u00edas de 09:00 a 22:00.<br \/>\n<strong>Sixt<\/strong>: Ofrece un servicio \"Meet &amp; Greet\". Un representante de Sixt le esperar\u00e1 a la salida del vest\u00edbulo de llegadas y le entregar\u00e1 el coche desde el aparcamiento.<br \/>\n<strong>Movimiento Verde<\/strong>: Ofrece coches econ\u00f3micos y de gama media.<\/p>\n<p>Si ha hecho una reserva en l\u00ednea con antelaci\u00f3n, puede completar el proceso en unos minutos. Una vez completado el proceso, puedes recoger tu coche en el aparcamiento situado fuera de la terminal.<\/p>\n<h3>Coste del alquiler de coches en Marsa Alam Aeropuerto<\/h3>\n<p>Los costes de alquiler de coches var\u00edan en funci\u00f3n del modelo de veh\u00edculo que elija, el periodo de alquiler y la temporada en la que viaje. Puedo decir que el alquiler de coches en Marsa Alam es bastante econ\u00f3mico. Los precios medios diarios de alquiler en Marsa Alam rondan los 40-50 USD en temporada baja. Los precios aumentan durante la temporada alta (especialmente en invierno y verano). Puede reducir estos precios a 30-40 USD haciendo las reservas con antelaci\u00f3n y siguiendo las campa\u00f1as.<\/p>\n<p><strong>Movimiento Verde<\/strong><\/p>\n<p><strong>Renault Logan (manual)<\/strong>: El Logan, que ofrece comodidad para hasta cinco pasajeros con su espacioso interior, es uno de los veh\u00edculos preferidos por los turistas por su capacidad de equipaje y su ahorro de combustible. Precio diario: 50-60 USD. Seguro completo \"Collision Damage Waiver\" (CDW) y TP incluido.<\/p>\n<p><strong>Nissan Sunny (manual)<\/strong>: Con su suavidad de marcha y su buen maletero, el Sunny es especialmente adecuado para largas carreteras des\u00e9rticas. Precio diario: 60-70 USD. CDW y seguro TP incluidos.<\/p>\n<p><strong>Kia Cerato (manual)<\/strong>: Con un motor algo m\u00e1s potente y un interior espacioso, el Cerato es uno de los mejores veh\u00edculos para familias numerosas y grupos de amigos. Precio diario: 60-75 USD. CDW y seguro TP incluidos.<\/p>\n<p><strong>Sixt<\/strong><\/p>\n<p><strong>Ford Fiesta (econ\u00f3mico)<\/strong>: Con su gran maniobrabilidad en ciudad y su bajo consumo de combustible, el Fiesta es uno de los veh\u00edculos m\u00e1s adecuados para viajes cortos. Precio diario: 75-85 USD.<br \/>\n<strong>Toyota Corolla (compacto)<\/strong>: Totalmente equipado y con un motor fiable, el Corolla es un veh\u00edculo adecuado para las carreteras del desierto. Precio diario: 90-100 USD.<\/p>\n<p><strong>Nissan Qashqai (SUV)<\/strong>: Con su elevada altura libre al suelo y su espacioso interior, el Qashqai ofrece una experiencia SUV c\u00f3moda y segura. Precio diario: 115-125 USD.<\/p>\n<p><strong>Europcar<\/strong><\/p>\n<p><strong>Chevrolet Aveo (econ\u00f3mico)<\/strong>: Este asequible veh\u00edculo es ideal para circular por ciudad y tiene capacidad para cinco pasajeros. Precio diario: 40-50 USD.<\/p>\n<p><strong>Toyota Corolla (compacto\/intermedio)<\/strong>: Posicionado en el segmento medio, el Corolla ofrece a los conductores tanto confort como eficiencia de combustible. Precio diario: $65-75.<\/p>\n<p><strong>Nissan X-Trail (SUV)<\/strong>: Familiar y todoterreno, el X-Trail es un veh\u00edculo preparado para el desierto con amplio espacio de carga y tracci\u00f3n a las cuatro ruedas. Precio diario: $80-90.<\/p>\n<p>Tenga en cuenta que estos precios son v\u00e1lidos en el momento de redactar esta gu\u00eda. Para obtener los precios m\u00e1s actualizados y asequibles, debes hacer la reserva de tu coche al menos una semana antes de tu viaje utilizando sitios de comparaci\u00f3n online.<\/p>\n<h4>C\u00f3mo encontrar su empresa de alquiler de coches en el aeropuerto de Marsa Alam<\/h4>\n<p>El aeropuerto de Marsa Alam tiene un dise\u00f1o compacto y f\u00e1cil de usar. Despu\u00e9s de recoger su equipaje, al entrar en el vest\u00edbulo de llegadas, ver\u00e1 carteles de \"Alquiler de coches\". Las principales compa\u00f1\u00edas tienen oficinas situadas una al lado de la otra dentro de la terminal. Aqu\u00ed podr\u00e1 investigar un poco y evaluar sus opciones.<\/p>\n<p>Algunas compa\u00f1\u00edas, como Green Motion, tambi\u00e9n ofrecen un servicio de \"Meet and Greet\", en el que le recibir\u00e1n en la puerta de llegadas con un cartel con su nombre. Si es la primera vez que llega al aeropuerto de Marsa Alam, le recomiendo que utilice una compa\u00f1\u00eda que ofrezca el servicio \"Meet and Greet\".<\/p>\n<h3>Puntos de recogida y entrega Alquiler de coches Marsa Alam<\/h3>\n<p>Tras realizar los tr\u00e1mites en la oficina de alquiler, el representante de la empresa le indicar\u00e1 d\u00f3nde recoger su veh\u00edculo. Los veh\u00edculos se encuentran en un aparcamiento privado justo al lado del edificio de la terminal. Este aparcamiento est\u00e1 a s\u00f3lo unos minutos a pie de la terminal.<\/p>\n<p>Devolver el veh\u00edculo tambi\u00e9n es bastante sencillo. S\u00f3lo tiene que aparcar su veh\u00edculo en la zona de estacionamiento especificada por su empresa de alquiler y devolver las llaves en la oficina correspondiente. Debe devolver el veh\u00edculo a la hora acordada. Si lo devuelve con retraso, es posible que tenga que pagar un recargo.<\/p>\n<h3>Empresas de alquiler de coches - Fuera del aeropuerto de Marsa Alam<\/h3>\n<p>La mayor\u00eda de los servicios de alquiler de coches en Marsa Alam se encuentran dentro de la terminal del aeropuerto. Esto es una gran ventaja para los turistas, ya que elimina la necesidad de un traslado adicional. Sin embargo, tambi\u00e9n hay empresas locales de alquiler de coches que operan fuera del aeropuerto. Si desea estirar un poco su presupuesto o alquilar un coche en una empresa local de alquiler de coches con descuento, tambi\u00e9n puede optar por las oficinas situadas fuera del aeropuerto. A continuaci\u00f3n encontrar\u00e1 informaci\u00f3n sobre las empresas de alquiler de coches situadas en el centro de Marsa Alam:<\/p>\n<p>National Car Rental - Oficina del centro de la ciudad de Marsa Alam<br \/>\nDirecci\u00f3n: Marsa Alam City Center, Gobernaci\u00f3n del Mar Rojo, Egipto<\/p>\n<p>Avis Rent a Car - Oficina de la ciudad de Marsa Alam<br \/>\nDirecci\u00f3n: Kasr el Nil Street No: 5, Ciudad de Marsa Alam, Gobernaci\u00f3n del Mar Rojo, Egipto<\/p>\n<p>Budget Car Rental - Port Ghalib<br \/>\nDirecci\u00f3n: Sheraton Road, Port Ghalib, Marsa Alam, Gobernaci\u00f3n del Mar Rojo, Egipto<\/p>\n<p>Enterprise Rent-A-Car - Oficina de Marsa Alam<br \/>\nDirecci\u00f3n: Marsa Alam City Center, Gobernaci\u00f3n del Mar Rojo, Egipto<\/p>\n<p>Hertz - Cerca del puerto deportivo de Port Ghalib<br \/>\nDirecci\u00f3n: Port Ghalib Marina, Port Ghalib, Marsa Alam, Gobernaci\u00f3n del Mar Rojo, Egipto<\/p>\n<p>Surprice Alquiler de Coches - Sucursal de Port Ghalib<br \/>\nDirecci\u00f3n: Sheraton Road (junto al mercado de Port Ghalib), Port Ghalib, Marsa Alam, Gobernaci\u00f3n del Mar Rojo, Egipto<\/p>\n<p>Caldera Car Hire - Puerto Ghalib Marina Village<br \/>\nDirecci\u00f3n: Marina Village, Port Ghalib, Marsa Alam, Gobernaci\u00f3n del Mar Rojo, Egipto<\/p>\n<p>Esta lista incluye tanto cadenas internacionales como oficinas locales.<\/p>\n<h4>Explorar Marsa Alam<\/h4>\n<p>\u00a1Ahora empieza la parte m\u00e1s emocionante de la aventura! Una vez que se ponga al volante de su coche de alquiler, podr\u00e1 explorar la belleza de Marsa Alam y sus alrededores a su propio ritmo. Aqu\u00ed tienes algunas sugerencias de rutas para inspirarte:<br \/>\n<strong>Playa de Abu Dabbab<\/strong>: Esta playa mundialmente famosa alberga tortugas marinas gigantes y, si tiene suerte, podr\u00e1 nadar con las adorables criaturas conocidas como \"dugongos\". Si le gusta el buceo con tubo y el submarinismo, sin duda debe a\u00f1adirla a su itinerario.<br \/>\n<strong>Sharm El Luli<\/strong>: Conocido como las \"Maldivas de Egipto\", este lugar le encantar\u00e1 por su arena blanca y sus aguas turquesas. Tambi\u00e9n es una gran opci\u00f3n para familias con ni\u00f1os.<br \/>\n<strong>Parque Nacional de Wadi el-Gemal<\/strong>: Este parque nacional, que significa \"Valle de los Camellos\", cautiva a los visitantes por sus paisajes des\u00e9rticos, sus ruinas hist\u00f3ricas y su rica biodiversidad. Si alquila un veh\u00edculo 4\u00d74, podr\u00e1 visitar aldeas beduinas. No se vaya de Marsa Alam sin vivir un inolvidable safari por el desierto.<\/p>\n<p><strong>El Quseir<\/strong>: El Quseir es una aut\u00e9ntica ciudad portuaria con un hist\u00f3rico castillo otomano y calles estrechas. Es un destino ideal para una excursi\u00f3n de un d\u00eda.<\/p>\n<p><strong>Nota: Hay peque\u00f1as gasolineras y mercados a lo largo del camino. Sin embargo, ten cuidado de no dejar que el dep\u00f3sito de combustible baje de 25% en zonas remotas.<\/strong><\/p>\n<h4>Consejos para reservar un coche<\/h4>\n<p><strong>Reserva anticipada<\/strong>: Si va a visitar el pa\u00eds en temporada alta, debe reservar su coche con bastante antelaci\u00f3n. Recomiendo reservar con semanas de antelaci\u00f3n para conseguir mejores precios y encontrar el coche que deseas.<br \/>\nEntender el seguro: Las ofertas de alquiler suelen incluir un CDW b\u00e1sico. Sin embargo, este seguro no suele cubrir los neum\u00e1ticos, los cristales ni los bajos del veh\u00edculo. Considera las opciones de seguro adicional (SCDW) para una cobertura completa.<br \/>\n<strong>Compruebe su licencia<\/strong>: Adem\u00e1s del permiso de conducir de su propio pa\u00eds, se recomienda llevar un Permiso Internacional de Conducir (PIC) cuando conduzca en Egipto. No olvide consultarlo con su compa\u00f1\u00eda de alquiler.<\/p>\n<p><strong>Pregunte por la pol\u00edtica de combustible<\/strong>: La p\u00f3liza m\u00e1s com\u00fan y justa es la de \"lleno a lleno\". De esta forma, s\u00f3lo pagas por el combustible que utilizas.<br \/>\n<strong>Sitios de comparaci\u00f3n<\/strong>: Plataformas como KAYAK, Skyscanner o HolidayCars te permiten ver opciones locales e internacionales en una sola pantalla.<\/p>\n<h4>Consejos para recoger su coche<\/h4>\n<p><strong>Inspecci\u00f3n detallada<\/strong>: D\u00e9 una vuelta alrededor del veh\u00edculo y fotograf\u00ede y grabe en v\u00eddeo cualquier ara\u00f1azo o abolladura existente. Incluye los da\u00f1os en el contrato de alquiler.<br \/>\n<strong>Combustible y equipos<\/strong>: Aseg\u00farese de que el dep\u00f3sito de combustible est\u00e1 lleno, el aire acondicionado funciona y el equipo de emergencia, como la rueda de repuesto, est\u00e1 en su sitio.<br \/>\n<strong>Haga preguntas<\/strong>: Si no est\u00e1s familiarizado con las caracter\u00edsticas del veh\u00edculo (cambio autom\u00e1tico, faros, etc.), no dudes en preguntar al asistente cualquier duda sobre el veh\u00edculo antes de ponerte en marcha.<br \/>\n<strong>Comprobaci\u00f3n de documentos<\/strong>: Aseg\u00farate de que el contrato de alquiler incluye cobertura de seguro (CDW\/LDW), conductores adicionales y cualquier extra como GPS.<br \/>\n<strong>Informaci\u00f3n de contacto<\/strong>: Aseg\u00farate de anotar el n\u00famero de asistencia en carretera de emergencia y de atenci\u00f3n al cliente 24 horas al d\u00eda, 7 d\u00edas a la semana.<\/p>\n<h3>Consejos para devolver el coche<\/h3>\n<p><strong>Sea puntual<\/strong>: Tenga en cuenta la hora de su vuelo y prevea tiempo suficiente para devolver el veh\u00edculo.<br \/>\n<strong>Llenar el dep\u00f3sito<\/strong>: Llene el dep\u00f3sito seg\u00fan la pol\u00edtica de combustible acordada y conserve el \u00faltimo recibo de combustible.<br \/>\n<strong>Pertenencias personales<\/strong>: Revisa el coche por \u00faltima vez. No olvides en el coche tus objetos personales, como el tel\u00e9fono o las gafas.<br \/>\n<strong>Recibir la factura final<\/strong>: No abandone la oficina sin haber recibido el recibo de entrega o el documento de confirmaci\u00f3n.<\/p>\n<p>Al alquilar un coche en Marsa Alam, podr\u00e1 adaptar sus experiencias de buceo, safari por el desierto y exploraci\u00f3n hist\u00f3rica a su propio horario. Disfrute de la libertad de planificar su propia ruta, parar donde quiera y aprovechar al m\u00e1ximo sus vacaciones. \u00a1Buen viaje!<\/p>","protected":false},"excerpt":{"rendered":"<p>\u00bfLe gustar\u00eda descubrir la belleza intacta del Mar Rojo, sus tranquilas aguas turquesas y su mundo submarino [...].<\/p>","protected":false},"author":1,"featured_media":0,"parent":0,"menu_order":0,"comment_status":"closed","ping_status":"closed","template":"","meta":{"_acf_changed":false,"site-sidebar-layout":"default","site-content-layout":"","ast-site-content-layout":"default","site-content-style":"default","site-sidebar-style":"default","ast-global-header-display":"","ast-banner-title-visibility":"","ast-main-header-display":"","ast-hfb-above-header-display":"","ast-hfb-below-header-display":"","ast-hfb-mobile-header-display":"","site-post-title":"","ast-breadcrumbs-content":"","ast-featured-img":"","footer-sml-layout":"","theme-transparent-header-meta":"default","adv-header-id-meta":"","stick-header-meta":"","header-above-stick-meta":"","header-main-stick-meta":"","header-below-stick-meta":"","astra-migrate-meta-layouts":"set","ast-page-background-enabled":"default","ast-page-background-meta":{"desktop":{"background-color":"var(--ast-global-color-4)","background-image":"","background-repeat":"repeat","background-position":"center center","background-size":"auto","background-attachment":"scroll","background-type":"","background-media":"","overlay-type":"","overlay-color":"","overlay-opacity":"","overlay-gradient":""},"tablet":{"background-color":"","background-image":"","background-repeat":"repeat","background-position":"center center","background-size":"auto","background-attachment":"scroll","background-type":"","background-media":"","overlay-type":"","overlay-color":"","overlay-opacity":"","overlay-gradient":""},"mobile":{"background-color":"","background-image":"","background-repeat":"repeat","background-position":"center center","background-size":"auto","background-attachment":"scroll","background-type":"","background-media":"","overlay-type":"","overlay-color":"","overlay-opacity":"","overlay-gradient":""}},"ast-content-background-meta":{"desktop":{"background-color":"var(--ast-global-color-5)","background-image":"","background-repeat":"repeat","background-position":"center center","background-size":"auto","background-attachment":"scroll","background-type":"","background-media":"","overlay-type":"","overlay-color":"","overlay-opacity":"","overlay-gradient":""},"tablet":{"background-color":"var(--ast-global-color-5)","background-image":"","background-repeat":"repeat","background-position":"center center","background-size":"auto","background-attachment":"scroll","background-type":"","background-media":"","overlay-type":"","overlay-color":"","overlay-opacity":"","overlay-gradient":""},"mobile":{"background-color":"var(--ast-global-color-5)","background-image":"","background-repeat":"repeat","background-position":"center center","background-size":"auto","background-attachment":"scroll","background-type":"","background-media":"","overlay-type":"","overlay-color":"","overlay-opacity":"","overlay-gradient":""}},"footnotes":""},"class_list":["post-1144","page","type-page","status-publish","hentry"],"acf":[],"yoast_head":"<!-- This site is optimized with the Yoast SEO Premium plugin v24.0 (Yoast SEO v26.6) - https:\/\/yoast.com\/wordpress\/plugins\/seo\/ -->\n<title>Car Rental in Marsa Alam Airport<\/title>\n<meta name=\"robots\" content=\"index, follow, max-snippet:-1, max-image-preview:large, max-video-preview:-1\" \/>\n<link rel=\"canonical\" href=\"https:\/\/marsaalam-airport.com\/es\/car-rental\/\" \/>\n<meta property=\"og:locale\" content=\"es_ES\" \/>\n<meta property=\"og:type\" content=\"article\" \/>\n<meta property=\"og:title\" content=\"Car Rental in Marsa Alam Airport\" \/>\n<meta property=\"og:description\" content=\"Would you like to discover the untouched beauty of the Red Sea, its calm turquoise waters, and its underwater world [&hellip;]\" \/>\n<meta property=\"og:url\" content=\"https:\/\/marsaalam-airport.com\/es\/car-rental\/\" \/>\n<meta property=\"article:publisher\" content=\"https:\/\/www.facebook.com\/marsaalamairportinternational\" \/>\n<meta property=\"article:modified_time\" content=\"2025-10-07T23:58:33+00:00\" \/>\n<meta property=\"og:image\" content=\"https:\/\/marsaalam-airport.com\/wp-content\/uploads\/marsa-alam-airport-1.webp\" \/>\n\t<meta property=\"og:image:width\" content=\"1024\" \/>\n\t<meta property=\"og:image:height\" content=\"683\" \/>\n\t<meta property=\"og:image:type\" content=\"image\/webp\" \/>\n<meta name=\"twitter:card\" content=\"summary_large_image\" \/>\n<meta name=\"twitter:label1\" content=\"Tiempo de lectura\" \/>\n\t<meta name=\"twitter:data1\" content=\"8 minutos\" \/>\n<script type=\"application\/ld+json\" class=\"yoast-schema-graph\">{\"@context\":\"https:\/\/schema.org\",\"@graph\":[{\"@type\":\"WebPage\",\"@id\":\"https:\/\/marsaalam-airport.com\/car-rental\/\",\"url\":\"https:\/\/marsaalam-airport.com\/car-rental\/\",\"name\":\"Car Rental in Marsa Alam Airport\",\"isPartOf\":{\"@id\":\"https:\/\/marsaalam-airport.com\/#website\"},\"datePublished\":\"2025-07-21T00:17:53+00:00\",\"dateModified\":\"2025-10-07T23:58:33+00:00\",\"breadcrumb\":{\"@id\":\"https:\/\/marsaalam-airport.com\/car-rental\/#breadcrumb\"},\"inLanguage\":\"es\",\"potentialAction\":[{\"@type\":\"ReadAction\",\"target\":[\"https:\/\/marsaalam-airport.com\/car-rental\/\"]}]},{\"@type\":\"BreadcrumbList\",\"@id\":\"https:\/\/marsaalam-airport.com\/car-rental\/#breadcrumb\",\"itemListElement\":[{\"@type\":\"ListItem\",\"position\":1,\"name\":\"Home\",\"item\":\"https:\/\/marsaalam-airport.com\/\"},{\"@type\":\"ListItem\",\"position\":2,\"name\":\"Car Rental in Marsa Alam Airport\"}]},{\"@type\":\"WebSite\",\"@id\":\"https:\/\/marsaalam-airport.com\/#website\",\"url\":\"https:\/\/marsaalam-airport.com\/\",\"name\":\"Marsa Alam International Airport\",\"description\":\"\",\"publisher\":{\"@id\":\"https:\/\/marsaalam-airport.com\/#organization\"},\"alternateName\":\"RMF\",\"potentialAction\":[{\"@type\":\"SearchAction\",\"target\":{\"@type\":\"EntryPoint\",\"urlTemplate\":\"https:\/\/marsaalam-airport.com\/?s={search_term_string}\"},\"query-input\":{\"@type\":\"PropertyValueSpecification\",\"valueRequired\":true,\"valueName\":\"search_term_string\"}}],\"inLanguage\":\"es\"},{\"@type\":\"Organization\",\"@id\":\"https:\/\/marsaalam-airport.com\/#organization\",\"name\":\"Marsa Alam International Airport\",\"alternateName\":\"RMF\",\"url\":\"https:\/\/marsaalam-airport.com\/\",\"logo\":{\"@type\":\"ImageObject\",\"inLanguage\":\"es\",\"@id\":\"https:\/\/marsaalam-airport.com\/#\/schema\/logo\/image\/\",\"url\":\"https:\/\/marsaalam-airport.com\/wp-content\/uploads\/cropped-rmf-logo.png\",\"contentUrl\":\"https:\/\/marsaalam-airport.com\/wp-content\/uploads\/cropped-rmf-logo.png\",\"width\":1998,\"height\":667,\"caption\":\"Marsa Alam International Airport\"},\"image\":{\"@id\":\"https:\/\/marsaalam-airport.com\/#\/schema\/logo\/image\/\"},\"sameAs\":[\"https:\/\/www.facebook.com\/marsaalamairportinternational\"],\"description\":\"Marsa Alam Airport (RMF) provides live tracking for arrivals & departures plus comfortable airport hotels with free shuttles.\",\"email\":\"info@marsaalam-airport.com\",\"legalName\":\"Marsa Alam Airport\"}]}<\/script>\n<!-- \/ Yoast SEO Premium plugin. -->","yoast_head_json":{"title":"Car Rental in Marsa Alam Airport","robots":{"index":"index","follow":"follow","max-snippet":"max-snippet:-1","max-image-preview":"max-image-preview:large","max-video-preview":"max-video-preview:-1"},"canonical":"https:\/\/marsaalam-airport.com\/es\/car-rental\/","og_locale":"es_ES","og_type":"article","og_title":"Car Rental in Marsa Alam Airport","og_description":"Would you like to discover the untouched beauty of the Red Sea, its calm turquoise waters, and its underwater world [&hellip;]","og_url":"https:\/\/marsaalam-airport.com\/es\/car-rental\/","article_publisher":"https:\/\/www.facebook.com\/marsaalamairportinternational","article_modified_time":"2025-10-07T23:58:33+00:00","og_image":[{"width":1024,"height":683,"url":"https:\/\/marsaalam-airport.com\/wp-content\/uploads\/marsa-alam-airport-1.webp","type":"image\/webp"}],"twitter_card":"summary_large_image","twitter_misc":{"Tiempo de lectura":"8 minutos"},"schema":{"@context":"https:\/\/schema.org","@graph":[{"@type":"WebPage","@id":"https:\/\/marsaalam-airport.com\/car-rental\/","url":"https:\/\/marsaalam-airport.com\/car-rental\/","name":"Car Rental in Marsa Alam Airport","isPartOf":{"@id":"https:\/\/marsaalam-airport.com\/#website"},"datePublished":"2025-07-21T00:17:53+00:00","dateModified":"2025-10-07T23:58:33+00:00","breadcrumb":{"@id":"https:\/\/marsaalam-airport.com\/car-rental\/#breadcrumb"},"inLanguage":"es","potentialAction":[{"@type":"ReadAction","target":["https:\/\/marsaalam-airport.com\/car-rental\/"]}]},{"@type":"BreadcrumbList","@id":"https:\/\/marsaalam-airport.com\/car-rental\/#breadcrumb","itemListElement":[{"@type":"ListItem","position":1,"name":"Home","item":"https:\/\/marsaalam-airport.com\/"},{"@type":"ListItem","position":2,"name":"Car Rental in Marsa Alam Airport"}]},{"@type":"WebSite","@id":"https:\/\/marsaalam-airport.com\/#website","url":"https:\/\/marsaalam-airport.com\/","name":"Marsa Alam International Airport","description":"","publisher":{"@id":"https:\/\/marsaalam-airport.com\/#organization"},"alternateName":"RMF","potentialAction":[{"@type":"SearchAction","target":{"@type":"EntryPoint","urlTemplate":"https:\/\/marsaalam-airport.com\/?s={search_term_string}"},"query-input":{"@type":"PropertyValueSpecification","valueRequired":true,"valueName":"search_term_string"}}],"inLanguage":"es"},{"@type":"Organization","@id":"https:\/\/marsaalam-airport.com\/#organization","name":"Marsa Alam International Airport","alternateName":"RMF","url":"https:\/\/marsaalam-airport.com\/","logo":{"@type":"ImageObject","inLanguage":"es","@id":"https:\/\/marsaalam-airport.com\/#\/schema\/logo\/image\/","url":"https:\/\/marsaalam-airport.com\/wp-content\/uploads\/cropped-rmf-logo.png","contentUrl":"https:\/\/marsaalam-airport.com\/wp-content\/uploads\/cropped-rmf-logo.png","width":1998,"height":667,"caption":"Marsa Alam International Airport"},"image":{"@id":"https:\/\/marsaalam-airport.com\/#\/schema\/logo\/image\/"},"sameAs":["https:\/\/www.facebook.com\/marsaalamairportinternational"],"description":"Marsa Alam Airport (RMF) provides live tracking for arrivals & departures plus comfortable airport hotels with free shuttles.","email":"info@marsaalam-airport.com","legalName":"Marsa Alam Airport"}]}},"_links":{"self":[{"href":"https:\/\/marsaalam-airport.com\/es\/wp-json\/wp\/v2\/pages\/1144","targetHints":{"allow":["GET"]}}],"collection":[{"href":"https:\/\/marsaalam-airport.com\/es\/wp-json\/wp\/v2\/pages"}],"about":[{"href":"https:\/\/marsaalam-airport.com\/es\/wp-json\/wp\/v2\/types\/page"}],"author":[{"embeddable":true,"href":"https:\/\/marsaalam-airport.com\/es\/wp-json\/wp\/v2\/users\/1"}],"replies":[{"embeddable":true,"href":"https:\/\/marsaalam-airport.com\/es\/wp-json\/wp\/v2\/comments?post=1144"}],"version-history":[{"count":3,"href":"https:\/\/marsaalam-airport.com\/es\/wp-json\/wp\/v2\/pages\/1144\/revisions"}],"predecessor-version":[{"id":1217,"href":"https:\/\/marsaalam-airport.com\/es\/wp-json\/wp\/v2\/pages\/1144\/revisions\/1217"}],"wp:attachment":[{"href":"https:\/\/marsaalam-airport.com\/es\/wp-json\/wp\/v2\/media?parent=1144"}],"curies":[{"name":"wp","href":"https:\/\/api.w.org\/{rel}","templated":true}]}}