{"id":363,"date":"2024-11-18T12:32:18","date_gmt":"2024-11-18T12:32:18","guid":{"rendered":"http:\/\/deneme.local\/?page_id=363"},"modified":"2025-07-20T23:39:26","modified_gmt":"2025-07-20T23:39:26","slug":"departures","status":"publish","type":"page","link":"https:\/\/marsaalam-airport.com\/de\/departures\/","title":{"rendered":"Marsa Alam Internationaler Flughafen Abfl\u00fcge"},"content":{"rendered":"<p>Der wunderbare Urlaub in Marsa Alam, wo die Sonne Ihre Haut w\u00e4rmt, die Unterwasserwelt Sie fasziniert und Ihre Seele in der Stille der W\u00fcste ruht, neigt sich vielleicht dem Ende zu. Aber seien Sie nicht traurig! Wir m\u00fcssen uns von jedem sch\u00f6nen Moment verabschieden. Ich werde Ihnen diesen Abschied so angenehm und stressfrei wie m\u00f6glich gestalten. Hier bin ich mit Ihrem Abreisef\u00fchrer vom Flughafen Marsa Alam (RMF), um Sie zu begleiten, wenn Sie die Perle des Roten Meeres verlassen!<\/p>\n<p>M\u00f6chten Sie wissen, ob Ihr Flug p\u00fcnktlich abfliegt oder ob Sie noch ein wenig Zeit f\u00fcr den letzten \u00e4gyptischen Kaffee haben? Der einfachste Weg, dies herauszufinden, ist, die aktuellen Abfluginformationen des Flughafens zu verfolgen. In der nachstehenden Tabelle finden Sie aktuelle Informationen wie Abflugzeit, Versp\u00e4tungsstatus und Flugsteignummer Ihres Fluges.<\/p>\n<p>In der untenstehenden Tabelle finden Sie die aktuellen Fluginformationen f\u00fcr Terminal 1, Marsa Alam Flughafen Abfl\u00fcge (RMF Abfl\u00fcge ). Die Informationen umfassen nationale und internationale Fl\u00fcge, einschlie\u00dflich aller Abfl\u00fcge am Flughafen Marsa Alam heute.<\/p>\n<p>Suchen Sie stattdessen nach Marsa Alam Arrivals? <a href=\"https:\/\/marsaalam-airport.com\/de\/arrivals\/\">Klicken Sie hier.<\/a><\/p>\n<div class=\"iframe-wrapper\" style=\"overflow-x:auto; -webkit-overflow-scrolling:touch; width:100%;\">\r\n  <iframe loading=\"lazy\" \r\n    src=\"\/\/tracker.flightview.com\/customersetup\/FlightViewWebFids\/cachedFids\/?vmode=departures&amp;Apt=RMF&amp;mainPage=tracker.flightview.com\"\r\n    width=\"670\" height=\"790\" scrolling=\"no\"\r\n    style=\"display:block; min-width:670px; border:0;\">\r\n  <\/iframe>\r\n<\/div>\n<h2>Live-Updates f\u00fcr Abfl\u00fcge vom Flughafen Marsa Alam<\/h2>\n<p>&nbsp;<\/p>\n<p>Um den Flughafen vom Stadtzentrum von Marsa Alam aus mit dem Auto zu erreichen, nehmen Sie die Stra\u00dfe El-Quseir-Marsa Alam (Stra\u00dfe 85) und fahren Sie in Richtung Norden. Nach etwa 5 km sehen Sie die Schilder \"Marsa Alam Airport\". Fahren Sie weiter in Richtung der Autobahn Hurghada-Aswan (Stra\u00dfe 70). Fahren Sie etwa 60 km und lassen Sie die K\u00fcste des Roten Meeres zu Ihrer Linken. Auf der Stra\u00dfe gibt es in beiden Richtungen Tankstellen, und diese Stra\u00dfe f\u00fchrt Sie zum Flughafen Marsa Alam.<\/p>\n<p>Nach etwa 50 km sehen Sie am Stra\u00dfenrand Schilder mit der Aufschrift \"Marsa Alam Airport\". Folgen Sie den Schildern sorgf\u00e4ltig, um die letzte Ausfahrt nicht zu verpassen. Biegen Sie rechts ab und folgen Sie den Schildern. Wenn Sie ein GPS benutzen, w\u00e4hlen Sie \"Marsa Alam International Airport (RMF)\" als Zielort. Die Fahrtzeit betr\u00e4gt 50-60 Minuten, je nach Verkehrsdichte.<\/p>\n<h3>\nWie kann ich Passagiere am Flughafen Marsa Alam Departures absetzen?<\/h3>\n<p>Direkt vor dem Eingang des Terminals gibt es eine \"Drop-off-Zone\". Dort k\u00f6nnen Sie aus dem Auto aussteigen und eine kurze Zeit warten. Wenn Sie sich l\u00e4nger als 10 Minuten am Flughafen aufhalten, sollten Sie Ihr Auto auf dem Parkplatz neben dem Terminalgeb\u00e4ude parken.<\/p>\n<p>Bitte beachten Sie, dass die Drop-off-Zone nicht f\u00fcr lange Wartezeiten geeignet ist. Sobald Sie aus Ihrem Auto aussteigen und Ihr Gep\u00e4ck holen, muss Ihr Fahrer den Bereich sofort verlassen. Wenn Sie Ihren Fahrgast zum Terminal begleiten m\u00f6chten, sollten Sie Ihr Fahrzeug auf dem Kurzzeitparkplatz abstellen.<\/p>\n<h3>Abflugshalle F\u00fchrung<\/h3>\n<p>Wenn Sie durch das Eingangstor von Terminal 1 treten, sehen Sie die Check-in-Schalter. Nach dem Check-in folgen Sie den Schildern, die Sie zu den Sicherheitskontrollen und der Passkontrolle f\u00fchren. Die Wartebereiche am Flughafen sind sehr komfortabel.<\/p>\n<h4>\nWelches ist das Abflugterminal am Flughafen Marsa Alam?<\/h4>\n<p>Der Flughafen Marsa Alam ist einfach und kompakt. Sowohl Abfl\u00fcge als auch Ank\u00fcnfte am Flughafen Marsa Alam werden \u00fcber Terminal 1 abgewickelt. Alle internationalen Fl\u00fcge starten von demselben Terminalgeb\u00e4ude. Sie k\u00f6nnen sich also leicht im Terminal zurechtfinden, indem Sie den Hinweisschildern folgen, ohne dass es zu einem Durcheinander kommt.<\/p>\n<h4>\nCheck-in-Schalter \/ Gep\u00e4ckaufbewahrung<\/h4>\n<p>Am Eingang des Terminals werden Sie zun\u00e4chst von den Check-in-Schaltern der Fluggesellschaften begr\u00fc\u00dft. Die Schalternummer Ihrer Fluggesellschaft finden Sie sofort auf den Bildschirmen mit den Fluginformationen. Die gro\u00dfen Fluggesellschaften wie EgyptAir, Air Cairo, easyJet, TUI Fly und Neos haben eigene Schalter. Auch wenn Sie online eingecheckt haben, m\u00fcssen Sie zu diesen Schaltern gehen, um Ihr Gep\u00e4ck abzugeben. Die Abgabe des Gep\u00e4cks erfolgt auf den F\u00f6rderb\u00e4ndern im selben Bereich nach dem Check-in.<\/p>\n<p>Bei internationalen Fl\u00fcgen empfehle ich Ihnen, mindestens 2-3 Stunden vor Ihrer Abflugzeit am Flughafen zu sein. Auf diese Weise k\u00f6nnen Sie den Check-in stressfrei erledigen. Sie k\u00f6nnen auch Zeit in den Einkaufsbereichen des Terminals verbringen.<\/p>\n<h4>Hilfe f\u00fcr Fahrg\u00e4ste mit eingeschr\u00e4nkter Mobilit\u00e4t<\/h4>\n<p>Der Rollstuhl- und Begleitservice f\u00fcr Personen mit besonderen Bed\u00fcrfnissen wird vom Flughafen kostenlos angeboten. Um diesen Service in Anspruch nehmen zu k\u00f6nnen, m\u00fcssen Sie Ihre Fluggesellschaft mindestens 48 Stunden im Voraus bei der Ticketausstellung informieren. Sie k\u00f6nnen Ihren Rollstuhl bis zum Ende des Fluges mit sich f\u00fchren und ihn bei der Landung und beim Aussteigen kostenlos benutzen.<\/p>\n<h3>\nSicherheit am Flughafen Marsa Alam Abfl\u00fcge<\/h3>\n<p>&nbsp;<\/p>\n<h4>Wie lange dauert es, durch die Sicherheitskontrolle am Flughafen Marsa Alam zu kommen?<\/h4>\n<p>Die Sicherheitskontrolle befindet sich gleich hinter dem Check-in-Bereich. Bevor Sie sich den R\u00f6ntgenger\u00e4ten n\u00e4hern, sollten Sie sich vergewissern, dass Ihre Fl\u00fcssigkeiten nicht mehr als 100 ml betragen. Ihre elektronischen Ger\u00e4te sollten Sie in separate F\u00e4cher legen. Die Sicherheitskontrolle am Flughafen Marsa Alam verl\u00e4uft normalerweise schnell und reibungslos. W\u00e4hrend der Hauptverkehrszeiten kann sie jedoch etwas l\u00e4nger dauern. Im Durchschnitt k\u00f6nnen Sie die Sicherheitskontrolle in 15-30 Minuten abschlie\u00dfen.<\/p>\n<h4>\nWo befindet sich der Sicherheitskontrollpunkt in Marsa Alam Departures?<\/h4>\n<p>Nach dem Check-in und der Gep\u00e4ckausgabe folgen Sie den Hinweisen zur Passkontrolle und den Fluggates und gelangen zur Sicherheitskontrolle.<\/p>\n<h4>Brauche ich meine Bordkarte f\u00fcr die Sicherheitskontrolle am Flughafen Marsa Alam?<\/h4>\n<p>Ja, Sie m\u00fcssen bei der Sicherheitskontrolle Ihren Reisepass mit einer ausgedruckten oder mobilen Bordkarte vorlegen. Mobile Bordkarten werden akzeptiert. Sie sollten diese Dokumente bereithalten, um sie den Beamten zu zeigen.<\/p>\n<h4>\nHandgep\u00e4ck: von der Sicherheitskontrolle des Flughafens Marsa Alam zugelassene Gegenst\u00e4nde<\/h4>\n<p>Im Handgep\u00e4ck m\u00fcssen Sie Fl\u00fcssigkeiten bis zu 100 ml in einem durchsichtigen und verschlossenen Beutel gem\u00e4\u00df den internationalen Vorschriften mitf\u00fchren. Schneidewerkzeuge, Piercings und brennbare Materialien sind streng verboten. Wenn Sie regelm\u00e4\u00dfig Medikamente einnehmen, m\u00fcssen Sie Ihr Rezept dabei haben.<\/p>\n<p>Ein besonderer Ratschlag f\u00fcr Sie: Nehmen Sie keine Korallen oder gro\u00dfen Muscheln mit, die Sie beim Genie\u00dfen der Sch\u00f6nheit des Roten Meeres gesammelt haben! Denken Sie daran, dass diese gesch\u00fctzt sind.<\/p>\n<p>Nehmen Sie Wertsachen in Ihrem Handgep\u00e4ck mit. Halten Sie Ihren Ausweis und Ihre Bordkarten in Reichweite. Sie sollten mindestens 2 Stunden vor Ihrem Flug am Terminal sein, damit Sie gen\u00fcgend Zeit f\u00fcr die Sicherheitskontrolle haben. Vergessen Sie nicht, die aktuellen Warnhinweise der Agenturen oder Fluggesellschaften zu beachten.<\/p>\n<h4>\u00dcberholspur<\/h4>\n<p>Der \"Fast Track\"-Service erm\u00f6glicht einen schnellen Durchgang durch spezielle Kan\u00e4le bei der Sicherheits- und Passkontrolle. Sie k\u00f6nnen diesen Service in Anspruch nehmen, wenn Sie nicht in der Schlange warten m\u00f6chten oder wenn Sie nur wenig Zeit vor Ihrem Flug haben. Unternehmen wie Paradigm Meet &amp; Greet oder Airport Assist unterst\u00fctzen Sie bei allen Abfertigungsvorg\u00e4ngen und begleiten Sie durch die VIP-Schalter zu Ihrem Flugsteig.<\/p>\n<h4>\nGesch\u00e4fte und Restaurants<\/h4>\n<p>In diesem Bereich gibt es Gesch\u00e4fte mit \u00e4gyptischen Souvenirs und klassischen Duty-Free-Produkten (Parf\u00fcm, Schokolade, alkoholische Getr\u00e4nke), wo Sie die letzten Souvenirs vom Roten Meer mit nach Hause nehmen k\u00f6nnen. In den G\u00e4ngen links und rechts des Abflugbereichs befinden sich Duty-Free-L\u00e4den und kleine Boutiquen. Au\u00dferdem gibt es im Terminal kleine Caf\u00e9s und Restaurants, in denen Sie einen Snack oder einen Kaffee trinken k\u00f6nnen, bevor Sie auf Ihren Flug warten.<\/p>\n<h4>\nVIP-Aufenthaltsraum<\/h4>\n<p>Wenn Sie Ihre Zeit vor dem Flug in einer komfortablen und ruhigen Umgebung verbringen m\u00f6chten, k\u00f6nnen Sie in der VIP-Lounge im Terminal auf Ihren Flug warten. Sie haben Zugang zu diesem Bereich mit einer Mitgliedschaft, einem FlyEgypt Gold Pass oder einem Fast Track-Paket. Die Lounge bietet Erfrischungen, drahtlosen Internetzugang und bequeme Sitzbereiche.<\/p>\n<h4>\nPasskontrolle<\/h4>\n<p>Nach der Sicherheitskontrolle ist der letzte offizielle Punkt, an dem Sie aus \u00c4gypten herausgestempelt werden, die Reisepasskontrolle. Geben Sie dem Beamten einfach Ihren Reisepass und Ihre Bordkarte. Dieser Vorgang dauert ein paar Minuten. Zu Sto\u00dfzeiten kann die Warteschlange l\u00e4nger sein. Die Wartezeit betr\u00e4gt in der Regel zwischen 5 und 10 Minuten.<\/p>","protected":false},"excerpt":{"rendered":"<p>Der wunderbare Urlaub in Marsa Alam, wo die Sonne Ihre Haut w\u00e4rmt, die Unterwasserwelt Sie fasziniert und Ihre Seele ruht [...]<\/p>","protected":false},"author":1,"featured_media":1045,"parent":0,"menu_order":0,"comment_status":"closed","ping_status":"closed","template":"","meta":{"_acf_changed":false,"site-sidebar-layout":"default","site-content-layout":"","ast-site-content-layout":"default","site-content-style":"default","site-sidebar-style":"default","ast-global-header-display":"","ast-banner-title-visibility":"","ast-main-header-display":"","ast-hfb-above-header-display":"","ast-hfb-below-header-display":"","ast-hfb-mobile-header-display":"","site-post-title":"","ast-breadcrumbs-content":"","ast-featured-img":"","footer-sml-layout":"","theme-transparent-header-meta":"default","adv-header-id-meta":"","stick-header-meta":"","header-above-stick-meta":"","header-main-stick-meta":"","header-below-stick-meta":"","astra-migrate-meta-layouts":"set","ast-page-background-enabled":"default","ast-page-background-meta":{"desktop":{"background-color":"var(--ast-global-color-4)","background-image":"","background-repeat":"repeat","background-position":"center center","background-size":"auto","background-attachment":"scroll","background-type":"","background-media":"","overlay-type":"","overlay-color":"","overlay-opacity":"","overlay-gradient":""},"tablet":{"background-color":"","background-image":"","background-repeat":"repeat","background-position":"center center","background-size":"auto","background-attachment":"scroll","background-type":"","background-media":"","overlay-type":"","overlay-color":"","overlay-opacity":"","overlay-gradient":""},"mobile":{"background-color":"","background-image":"","background-repeat":"repeat","background-position":"center center","background-size":"auto","background-attachment":"scroll","background-type":"","background-media":"","overlay-type":"","overlay-color":"","overlay-opacity":"","overlay-gradient":""}},"ast-content-background-meta":{"desktop":{"background-color":"var(--ast-global-color-5)","background-image":"","background-repeat":"repeat","background-position":"center center","background-size":"auto","background-attachment":"scroll","background-type":"","background-media":"","overlay-type":"","overlay-color":"","overlay-opacity":"","overlay-gradient":""},"tablet":{"background-color":"var(--ast-global-color-5)","background-image":"","background-repeat":"repeat","background-position":"center center","background-size":"auto","background-attachment":"scroll","background-type":"","background-media":"","overlay-type":"","overlay-color":"","overlay-opacity":"","overlay-gradient":""},"mobile":{"background-color":"var(--ast-global-color-5)","background-image":"","background-repeat":"repeat","background-position":"center center","background-size":"auto","background-attachment":"scroll","background-type":"","background-media":"","overlay-type":"","overlay-color":"","overlay-opacity":"","overlay-gradient":""}},"footnotes":""},"class_list":["post-363","page","type-page","status-publish","has-post-thumbnail","hentry"],"acf":[],"yoast_head":"<!-- This site is optimized with the Yoast SEO Premium plugin v24.0 (Yoast SEO v27.5) - https:\/\/yoast.com\/product\/yoast-seo-premium-wordpress\/ -->\n<title>Marsa Alam Airport Departures | Live Flight Status &amp; Updates<\/title>\n<meta name=\"description\" content=\"Departures from Marsa Alam Airport; View real-time flight departure information, delays and cancelations, and current weather conditions at Marsa Alam airport.\" \/>\n<meta name=\"robots\" content=\"index, follow, max-snippet:-1, max-image-preview:large, max-video-preview:-1\" \/>\n<link rel=\"canonical\" href=\"https:\/\/marsaalam-airport.com\/de\/departures\/\" \/>\n<meta property=\"og:locale\" content=\"de_DE\" \/>\n<meta property=\"og:type\" content=\"article\" \/>\n<meta property=\"og:title\" content=\"Marsa Alam International Airport Departures\" \/>\n<meta property=\"og:description\" content=\"Departures from Marsa Alam Airport; View real-time flight departure information, delays and cancelations, and current weather conditions at Marsa Alam airport.\" \/>\n<meta property=\"og:url\" content=\"https:\/\/marsaalam-airport.com\/de\/departures\/\" \/>\n<meta property=\"article:publisher\" content=\"https:\/\/www.facebook.com\/marsaalamairportinternational\" \/>\n<meta property=\"article:modified_time\" content=\"2025-07-20T23:39:26+00:00\" \/>\n<meta property=\"og:image\" content=\"https:\/\/marsaalam-airport.com\/wp-content\/uploads\/rmf-departure-1.png\" \/><meta property=\"og:image\" content=\"https:\/\/marsaalam-airport.com\/wp-content\/uploads\/rmf-departure-1.png\" \/>\n\t<meta property=\"og:image:width\" content=\"200\" \/>\n\t<meta property=\"og:image:height\" content=\"200\" \/>\n\t<meta property=\"og:image:type\" content=\"image\/jpeg\" \/>\n<meta name=\"twitter:card\" content=\"summary_large_image\" \/>\n<meta name=\"twitter:image\" content=\"https:\/\/marsaalam-airport.com\/wp-content\/uploads\/rmf-departure-1.png\" \/>\n<meta name=\"twitter:label1\" content=\"Gesch\u00e4tzte Lesezeit\" \/>\n\t<meta name=\"twitter:data1\" content=\"6\u00a0Minuten\" \/>\n<script type=\"application\/ld+json\" class=\"yoast-schema-graph\">{\"@context\":\"https:\\\/\\\/schema.org\",\"@graph\":[{\"@type\":\"WebPage\",\"@id\":\"https:\\\/\\\/marsaalam-airport.com\\\/departures\\\/\",\"url\":\"https:\\\/\\\/marsaalam-airport.com\\\/departures\\\/\",\"name\":\"Marsa Alam Airport Departures | Live Flight Status & Updates\",\"isPartOf\":{\"@id\":\"https:\\\/\\\/marsaalam-airport.com\\\/#website\"},\"primaryImageOfPage\":{\"@id\":\"https:\\\/\\\/marsaalam-airport.com\\\/departures\\\/#primaryimage\"},\"image\":{\"@id\":\"https:\\\/\\\/marsaalam-airport.com\\\/departures\\\/#primaryimage\"},\"thumbnailUrl\":\"https:\\\/\\\/i2.wp.com\\\/marsaalam-airport.com\\\/wp-content\\\/uploads\\\/rmf-departure-1.png?w=200&resize=200,200&ssl=1\",\"datePublished\":\"2024-11-18T12:32:18+00:00\",\"dateModified\":\"2025-07-20T23:39:26+00:00\",\"description\":\"Departures from Marsa Alam Airport; View real-time flight departure information, delays and cancelations, and current weather conditions at Marsa Alam airport.\",\"breadcrumb\":{\"@id\":\"https:\\\/\\\/marsaalam-airport.com\\\/departures\\\/#breadcrumb\"},\"inLanguage\":\"de\",\"potentialAction\":[{\"@type\":\"ReadAction\",\"target\":[\"https:\\\/\\\/marsaalam-airport.com\\\/departures\\\/\"]}]},{\"@type\":\"ImageObject\",\"inLanguage\":\"de\",\"@id\":\"https:\\\/\\\/marsaalam-airport.com\\\/departures\\\/#primaryimage\",\"url\":\"https:\\\/\\\/i2.wp.com\\\/marsaalam-airport.com\\\/wp-content\\\/uploads\\\/rmf-departure-1.png?w=200&resize=200,200&ssl=1\",\"contentUrl\":\"https:\\\/\\\/i2.wp.com\\\/marsaalam-airport.com\\\/wp-content\\\/uploads\\\/rmf-departure-1.png?w=200&resize=200,200&ssl=1\",\"width\":\"200\",\"height\":\"200\"},{\"@type\":\"BreadcrumbList\",\"@id\":\"https:\\\/\\\/marsaalam-airport.com\\\/departures\\\/#breadcrumb\",\"itemListElement\":[{\"@type\":\"ListItem\",\"position\":1,\"name\":\"Home\",\"item\":\"https:\\\/\\\/marsaalam-airport.com\\\/\"},{\"@type\":\"ListItem\",\"position\":2,\"name\":\"Marsa Alam International Airport Departures\"}]},{\"@type\":\"WebSite\",\"@id\":\"https:\\\/\\\/marsaalam-airport.com\\\/#website\",\"url\":\"https:\\\/\\\/marsaalam-airport.com\\\/\",\"name\":\"Marsa Alam International Airport\",\"description\":\"\",\"publisher\":{\"@id\":\"https:\\\/\\\/marsaalam-airport.com\\\/#organization\"},\"alternateName\":\"RMF\",\"potentialAction\":[{\"@type\":\"SearchAction\",\"target\":{\"@type\":\"EntryPoint\",\"urlTemplate\":\"https:\\\/\\\/marsaalam-airport.com\\\/?s={search_term_string}\"},\"query-input\":{\"@type\":\"PropertyValueSpecification\",\"valueRequired\":true,\"valueName\":\"search_term_string\"}}],\"inLanguage\":\"de\"},{\"@type\":\"Organization\",\"@id\":\"https:\\\/\\\/marsaalam-airport.com\\\/#organization\",\"name\":\"Marsa Alam International Airport\",\"alternateName\":\"RMF\",\"url\":\"https:\\\/\\\/marsaalam-airport.com\\\/\",\"logo\":{\"@type\":\"ImageObject\",\"inLanguage\":\"de\",\"@id\":\"https:\\\/\\\/marsaalam-airport.com\\\/#\\\/schema\\\/logo\\\/image\\\/\",\"url\":\"https:\\\/\\\/marsaalam-airport.com\\\/wp-content\\\/uploads\\\/cropped-rmf-logo.png\",\"contentUrl\":\"https:\\\/\\\/marsaalam-airport.com\\\/wp-content\\\/uploads\\\/cropped-rmf-logo.png\",\"width\":1998,\"height\":667,\"caption\":\"Marsa Alam International Airport\"},\"image\":{\"@id\":\"https:\\\/\\\/marsaalam-airport.com\\\/#\\\/schema\\\/logo\\\/image\\\/\"},\"sameAs\":[\"https:\\\/\\\/www.facebook.com\\\/marsaalamairportinternational\"],\"description\":\"Marsa Alam Airport (RMF) provides live tracking for arrivals & departures plus comfortable airport hotels with free shuttles.\",\"email\":\"info@marsaalam-airport.com\",\"legalName\":\"Marsa Alam Airport\"}]}<\/script>\n<!-- \/ Yoast SEO Premium plugin. -->","yoast_head_json":{"title":"Marsa Alam Airport Departures | Live Flight Status & Updates","description":"Departures from Marsa Alam Airport; View real-time flight departure information, delays and cancelations, and current weather conditions at Marsa Alam airport.","robots":{"index":"index","follow":"follow","max-snippet":"max-snippet:-1","max-image-preview":"max-image-preview:large","max-video-preview":"max-video-preview:-1"},"canonical":"https:\/\/marsaalam-airport.com\/de\/departures\/","og_locale":"de_DE","og_type":"article","og_title":"Marsa Alam International Airport Departures","og_description":"Departures from Marsa Alam Airport; View real-time flight departure information, delays and cancelations, and current weather conditions at Marsa Alam airport.","og_url":"https:\/\/marsaalam-airport.com\/de\/departures\/","article_publisher":"https:\/\/www.facebook.com\/marsaalamairportinternational","article_modified_time":"2025-07-20T23:39:26+00:00","og_image":[{"url":"https:\/\/marsaalam-airport.com\/wp-content\/uploads\/rmf-departure-1.png","type":"","width":"","height":""},{"width":200,"height":200,"url":"https:\/\/marsaalam-airport.com\/wp-content\/uploads\/rmf-departure-1.png","type":"image\/jpeg"}],"twitter_card":"summary_large_image","twitter_image":"https:\/\/marsaalam-airport.com\/wp-content\/uploads\/rmf-departure-1.png","twitter_misc":{"Gesch\u00e4tzte Lesezeit":"6\u00a0Minuten"},"schema":{"@context":"https:\/\/schema.org","@graph":[{"@type":"WebPage","@id":"https:\/\/marsaalam-airport.com\/departures\/","url":"https:\/\/marsaalam-airport.com\/departures\/","name":"Marsa Alam Airport Departures | Live Flight Status & Updates","isPartOf":{"@id":"https:\/\/marsaalam-airport.com\/#website"},"primaryImageOfPage":{"@id":"https:\/\/marsaalam-airport.com\/departures\/#primaryimage"},"image":{"@id":"https:\/\/marsaalam-airport.com\/departures\/#primaryimage"},"thumbnailUrl":"https:\/\/i2.wp.com\/marsaalam-airport.com\/wp-content\/uploads\/rmf-departure-1.png?w=200&resize=200,200&ssl=1","datePublished":"2024-11-18T12:32:18+00:00","dateModified":"2025-07-20T23:39:26+00:00","description":"Departures from Marsa Alam Airport; View real-time flight departure information, delays and cancelations, and current weather conditions at Marsa Alam airport.","breadcrumb":{"@id":"https:\/\/marsaalam-airport.com\/departures\/#breadcrumb"},"inLanguage":"de","potentialAction":[{"@type":"ReadAction","target":["https:\/\/marsaalam-airport.com\/departures\/"]}]},{"@type":"ImageObject","inLanguage":"de","@id":"https:\/\/marsaalam-airport.com\/departures\/#primaryimage","url":"https:\/\/i2.wp.com\/marsaalam-airport.com\/wp-content\/uploads\/rmf-departure-1.png?w=200&resize=200,200&ssl=1","contentUrl":"https:\/\/i2.wp.com\/marsaalam-airport.com\/wp-content\/uploads\/rmf-departure-1.png?w=200&resize=200,200&ssl=1","width":"200","height":"200"},{"@type":"BreadcrumbList","@id":"https:\/\/marsaalam-airport.com\/departures\/#breadcrumb","itemListElement":[{"@type":"ListItem","position":1,"name":"Home","item":"https:\/\/marsaalam-airport.com\/"},{"@type":"ListItem","position":2,"name":"Marsa Alam International Airport Departures"}]},{"@type":"WebSite","@id":"https:\/\/marsaalam-airport.com\/#website","url":"https:\/\/marsaalam-airport.com\/","name":"Marsa Alam International Airport","description":"","publisher":{"@id":"https:\/\/marsaalam-airport.com\/#organization"},"alternateName":"RMF","potentialAction":[{"@type":"SearchAction","target":{"@type":"EntryPoint","urlTemplate":"https:\/\/marsaalam-airport.com\/?s={search_term_string}"},"query-input":{"@type":"PropertyValueSpecification","valueRequired":true,"valueName":"search_term_string"}}],"inLanguage":"de"},{"@type":"Organization","@id":"https:\/\/marsaalam-airport.com\/#organization","name":"Marsa Alam International Airport","alternateName":"RMF","url":"https:\/\/marsaalam-airport.com\/","logo":{"@type":"ImageObject","inLanguage":"de","@id":"https:\/\/marsaalam-airport.com\/#\/schema\/logo\/image\/","url":"https:\/\/marsaalam-airport.com\/wp-content\/uploads\/cropped-rmf-logo.png","contentUrl":"https:\/\/marsaalam-airport.com\/wp-content\/uploads\/cropped-rmf-logo.png","width":1998,"height":667,"caption":"Marsa Alam International Airport"},"image":{"@id":"https:\/\/marsaalam-airport.com\/#\/schema\/logo\/image\/"},"sameAs":["https:\/\/www.facebook.com\/marsaalamairportinternational"],"description":"Marsa Alam Airport (RMF) provides live tracking for arrivals & departures plus comfortable airport hotels with free shuttles.","email":"info@marsaalam-airport.com","legalName":"Marsa Alam Airport"}]}},"_links":{"self":[{"href":"https:\/\/marsaalam-airport.com\/de\/wp-json\/wp\/v2\/pages\/363","targetHints":{"allow":["GET"]}}],"collection":[{"href":"https:\/\/marsaalam-airport.com\/de\/wp-json\/wp\/v2\/pages"}],"about":[{"href":"https:\/\/marsaalam-airport.com\/de\/wp-json\/wp\/v2\/types\/page"}],"author":[{"embeddable":true,"href":"https:\/\/marsaalam-airport.com\/de\/wp-json\/wp\/v2\/users\/1"}],"replies":[{"embeddable":true,"href":"https:\/\/marsaalam-airport.com\/de\/wp-json\/wp\/v2\/comments?post=363"}],"version-history":[{"count":4,"href":"https:\/\/marsaalam-airport.com\/de\/wp-json\/wp\/v2\/pages\/363\/revisions"}],"predecessor-version":[{"id":1137,"href":"https:\/\/marsaalam-airport.com\/de\/wp-json\/wp\/v2\/pages\/363\/revisions\/1137"}],"wp:featuredmedia":[{"embeddable":true,"href":"https:\/\/marsaalam-airport.com\/de\/wp-json\/wp\/v2\/media\/1045"}],"wp:attachment":[{"href":"https:\/\/marsaalam-airport.com\/de\/wp-json\/wp\/v2\/media?parent=363"}],"curies":[{"name":"wp","href":"https:\/\/api.w.org\/{rel}","templated":true}]}}