{"id":351,"date":"2024-11-18T12:16:14","date_gmt":"2024-11-18T12:16:14","guid":{"rendered":"http:\/\/deneme.local\/?page_id=351"},"modified":"2025-07-20T23:34:43","modified_gmt":"2025-07-20T23:34:43","slug":"arrivals","status":"publish","type":"page","link":"https:\/\/marsaalam-airport.com\/de\/arrivals\/","title":{"rendered":"Marsa Alam Internationaler Flughafen Ank\u00fcnfte"},"content":{"rendered":"<p>Wenn Sie die unber\u00fchrten Korallenriffe, das ruhige t\u00fcrkisfarbene Wasser und die goldenen W\u00fcsten des Roten Meeres erreichen wollen, ist der Flughafen Marsa Alam Ihre erste Station. Vom ersten Moment an, in dem Sie einen Fu\u00df in diese magische Geografie setzen, beginnt Ihr Abenteuer sofort! Sie k\u00f6nnen Ihren Urlaub stressfrei beginnen, wenn Sie meinen Artikel \u00fcber die Ankunft am Flughafen Marsa Alam lesen. Hier ist der Leitfaden f\u00fcr ankommende Passagiere am Marsa Alam International Airport (RMF), den ich speziell f\u00fcr Sie zusammengestellt habe!<\/p>\n<p>Suchen Sie stattdessen nach Abfl\u00fcgen von Marsa Alam? <a href=\"https:\/\/marsaalam-airport.com\/de\/departures\/\">Klicken Sie hier.<\/a><\/p>\n<div class=\"iframe-wrapper\" style=\"overflow-x:auto; -webkit-overflow-scrolling:touch; width:100%;\">\r\n  <iframe loading=\"lazy\" \r\n    src=\"\/\/tracker.flightview.com\/customersetup\/FlightViewWebFids\/cachedFids\/?vmode=departures&amp;Apt=RMF&amp;mainPage=tracker.flightview.com\"\r\n    width=\"670\" height=\"790\" scrolling=\"no\"\r\n    style=\"display:block; min-width:670px; border:0;\">\r\n  <\/iframe>\r\n<\/div>\n<h2>Live-Updates f\u00fcr Marsa Alam Flughafen Ank\u00fcnfte<\/h2>\n<p>Fragen Sie sich, ob Ihr Flug Versp\u00e4tung hat oder wann Ihre Lieben Sie voraussichtlich in Empfang nehmen werden? Sehen Sie sich jetzt die neuesten Ankunftsinformationen f\u00fcr den Flughafen Marsa Alam an. Sie k\u00f6nnen die Informationen zu Ihrem Flug in den unten stehenden Live-Ankunftsinformationen \u00fcberpr\u00fcfen, um auf \u00dcberraschungen in letzter Minute vorbereitet zu sein.<\/p>\n<p>Die folgende Tabelle zeigt die aktuellen Fluginformationen f\u00fcr Terminal 1 f\u00fcr Marsa Alam Flughafen Ank\u00fcnfte (RMF Ank\u00fcnfte). In dieser Tabelle finden Sie alle Informationen, einschlie\u00dflich der nationalen und internationalen Fl\u00fcge, alle Marsa Alam Flughafen Ank\u00fcnfte heute und Marsa Alam Ank\u00fcnfte morgen. W\u00e4hlen Sie einfach die Ankunftszeit unten aus.<\/p>\n<h2>Ankunftshalle F\u00fchrung<\/h2>\n<p>&nbsp;<\/p>\n<h3>Welches ist das Ankunfts-Terminal am Flughafen Marsa Alam?<\/h3>\n<p>Der Flughafen Marsa Alam hat ein einziges Terminalgeb\u00e4ude. Dieses Terminal ist ein Boutique-Terminal und kompakt. Alle internationalen und nationalen Fl\u00fcge starten von diesem Terminal aus. Nach dem Verlassen des Flugsteigs folgen Sie einfach den gr\u00fcnen Schildern mit der Aufschrift \"Arrivals\" (Ankunft) auf den Wegweisern. Vom Flugzeug aus ist es nur ein kurzer Fu\u00dfweg zum Terminal.<\/p>\n<p>&nbsp;<\/p>\n<p>Dank der kleinen und \u00fcbersichtlichen Struktur des Flughafens liegen die Passkontrolle, die Gep\u00e4ckausgabe und die Ausg\u00e4nge sehr nahe beieinander. Nachdem Sie aus dem Flugzeug ausgestiegen sind, k\u00f6nnen Sie das Terminalgeb\u00e4ude leicht zu Fu\u00df erreichen. Sie brauchen keinen Shuttleservice.<\/p>\n<h3>\nUnterst\u00fctzung und Zug\u00e4nglichkeit<\/h3>\n<p>&nbsp;<\/p>\n<p>Der Flughafen bietet einen kostenlosen Begleit- und Rollstuhlservice f\u00fcr Passagiere mit eingeschr\u00e4nkter Mobilit\u00e4t oder die besondere Hilfe ben\u00f6tigen. Wenn Sie diesen Service in Anspruch nehmen m\u00f6chten, sollten Sie sich bei Ihrer Flugbuchung an Ihre Fluggesellschaft wenden. Ein spezieller Assistent wird Sie ab dem Moment begleiten, in dem Sie aus dem Flugzeug steigen. Au\u00dferdem gibt es im Terminal barrierefreie Toiletten, einen Baby-Raum und einen Aufzug.<\/p>\n<h3>Passkontrolle<\/h3>\n<p>Wenn Sie auf dem Flughafen Marsa Alam landen, h\u00e4ndigt Ihnen das Kabinenpersonal eine \"Landing Card\" in englischer und arabischer Sprache aus, sobald Sie aus dem Flugzeug steigen. Dieses Formular enth\u00e4lt grundlegende Informationen wie Ihren Vor- und Nachnamen, Ihr Geburtsdatum, Ihre Reisepassnummer und den Namen des Hotels, in dem Sie \u00fcbernachten. Sie m\u00fcssen dieses Formular vollst\u00e4ndig ausf\u00fcllen. Sie d\u00fcrfen diese Karte nicht verlieren. Sie ben\u00f6tigen die Landing Card f\u00fcr die Passkontrolle und die Visabearbeitung.<\/p>\n<h3>Marsa Alam Touristenvisum bei Ankunft<\/h3>\n<p>Nachdem Sie Ihre Landing Card erhalten haben, sollten Sie zu dem Bereich gehen, in dem sich die Bankschalter befinden. Sie m\u00fcssen die Visumgeb\u00fchr vor der Passkontrolle bezahlen. Manchmal gibt es eine Schlange vor den Bankschaltern. Wenn Sie an der Reihe sind, zahlen Sie die Visageb\u00fchr. Debit- oder Kreditkarten sind f\u00fcr die Zahlung der Visumgeb\u00fchr nicht g\u00fcltig. Vergessen Sie daher nicht, Bargeld dabei zu haben. Die Geb\u00fchr betr\u00e4gt 25 USD und 25 EUR.<\/p>\n<p>Sobald Sie Ihr Visum gekauft und den Aufkleber in Ihrem Pass erhalten haben, k\u00f6nnen Sie sich zu den wei\u00dfen Schaltern vor dem Schalter mit dem Schild \"Visa\" begeben. Hier sollten Sie Ihren Reisepass, Ihr Visum und die Landekarte dem Passkontrollbeamten \u00fcbergeben. Sie werden in k\u00fcrzester Zeit abgefertigt.<\/p>\n<h4>Wie lange dauert es, die Passkontrolle am Flughafen Marsa Alam zu passieren?<\/h4>\n<p>&nbsp;<\/p>\n<p>Die Passkontrolle dauert in der Regel 15-30 Minuten. In der Hochsaison ist die Schlange vor der Passkontrolle lang. Die Wartezeit kann bis zu 45 Minuten betragen. In der Regel k\u00f6nnen Sie den gesamten Vorgang in 30 Minuten abschlie\u00dfen.<\/p>\n<h4>\nGep\u00e4ckr\u00fcckgabe<\/h4>\n<p>&nbsp;<\/p>\n<p>Nachdem Sie die Passkontrolle in der Ankunftsetage passiert haben, gelangen Sie in die Gep\u00e4ckkontrolle. Nachdem Sie Ihr Gep\u00e4ck \u00fcber das Gep\u00e4ckband genommen haben, wird Ihr Gep\u00e4ck schnell durch das R\u00f6ntgenger\u00e4t kontrolliert. Nach diesem Vorgang k\u00f6nnen Sie den Flughafen verlassen.<\/p>\n<h4>\nSie haben nur Handgep\u00e4ck dabei?<\/h4>\n<p>&nbsp;<\/p>\n<p>Wenn Sie so praktisch veranlagt sind wie ich und nur Handgep\u00e4ck mit sich f\u00fchren, ist Ihre Arbeit viel einfacher! Nachdem Sie die Passkontrolle passiert haben, k\u00f6nnen Sie den Flughafen direkt verlassen, ohne an der Gep\u00e4ckausgabe warten zu m\u00fcssen.<\/p>\n<h4>Wie kann man aufgegebenes Gep\u00e4ck am Flughafen Marsa Alam abholen?<\/h4>\n<p>&nbsp;<\/p>\n<p>Die Nummern der Gep\u00e4ckb\u00e4nder sind auf den Bildschirmen am Flughafen angegeben. Suchen Sie nach der Passkontrolle das Gep\u00e4ckband mit Ihrer Flugnummer auf den Bildschirmen. Manchmal kann es eine Weile dauern, bis Ihr Gep\u00e4ck auf dem Band ankommt. Nachdem Sie Ihr Gep\u00e4ck erhalten haben, k\u00f6nnen Sie den Zoll schnell verlassen, indem Sie den Kanal \"Nothing to Declare\" w\u00e4hlen. Informationsst\u00e4nde, W\u00e4hrungsumtausch, Kauf von SIM-Karten und Touristeninformationen befinden sich direkt vor dem Ausgangstor.<\/p>\n<h4>\nTipps zu Sicherheit und Schutz<\/h4>\n<p>&nbsp;<\/p>\n<p>Wie auf jedem Flughafen sollten Sie auf Ihre Sachen aufpassen. Vergessen Sie nicht, nach der Abholung Ihres Gep\u00e4cks den Anh\u00e4nger zu kontrollieren. Kostenlose Gep\u00e4ckwagen stehen an verschiedenen Stellen im Terminal zur Verf\u00fcgung.<\/p>\n<h4>Gesch\u00e4fte<\/h4>\n<p>In der Ankunftshalle gibt es kleine Kabinen, in denen Sie SIM-Karten kaufen k\u00f6nnen. Au\u00dferdem gibt es Wechselstuben und Geldautomaten, und ein kleiner Duty-Free-Shop mit klassischen Produkten wie Schokolade und Getr\u00e4nken ist ebenfalls am Flughafen vorhanden.<\/p>\n<h3>\nRestaurants, Kaffee, Lebensmittel<\/h3>\n<p>&nbsp;<\/p>\n<p>Der Flughafen Marsa Alam verf\u00fcgt \u00fcber eine begrenzte Anzahl von Gastronomiebetrieben in der Ankunftshalle. Der Flughafen verf\u00fcgt \u00fcber ein kleines Caf\u00e9 und ein Buffet, wo Sie Snacks kaufen k\u00f6nnen. Wegi Coffee und verschiedene Sandwich-\/Snackbars befinden sich in der Ankunftshalle des Terminals.<\/p>\n<h4>Wie hole ich jemanden von der Ankunftshalle am Flughafen Marsa Alam ab?<\/h4>\n<p>&nbsp;<\/p>\n<p>Die Flugg\u00e4ste kommen in der Hauptempfangshalle des Terminals an, nachdem sie ihr Gep\u00e4ck abgeholt und den Zoll passiert haben. Der ideale Ort f\u00fcr die Begr\u00fc\u00dfung ist direkt vor den automatischen Toren. Hier warten viele Hotelvertreter und Fahrer von Transferunternehmen mit Schildern, auf denen ihre Namen stehen. Die B\u00e4nke vor dem Flugsteig \"A\" sind f\u00fcr die Begr\u00fc\u00dfung der G\u00e4ste reserviert.<\/p>\n<h3>Treffpunkte in der N\u00e4he der Ausgangst\u00fcren bei der Ankunft<\/h3>\n<p>&nbsp;<\/p>\n<p>Wie an den meisten Flugh\u00e4fen ist auch in Marsa Alam das Langzeitparken direkt vor dem Ankunftsbereich verboten. Sie k\u00f6nnen den Kurzzeitparkplatz nutzen, um Ihren Fluggast abzuholen. Sie k\u00f6nnen Ihr Auto hier parken und vor dem Flugsteig A auf Ihren Fluggast warten.<\/p>\n<h4>Transportm\u00f6glichkeiten Marsa Alam Flughafen Ank\u00fcnfte<\/h4>\n<p>&nbsp;<\/p>\n<p>Da er mitten in der W\u00fcste liegt, haben Sie mehrere M\u00f6glichkeiten, um von diesem Flughafen zu Ihrem Hotel zu gelangen. Die \u00f6ffentlichen Verkehrsmittel sind jedoch sehr begrenzt. Deshalb ist es so wichtig, im Voraus zu planen!<\/p>\n<h3>\nDie Autovermietung befindet sich in der Ankunftshalle des Flughafens Marsa Alam<\/h3>\n<p>&nbsp;<\/p>\n<p>Die beste Option f\u00fcr freiheitsliebende Reisende ist es, direkt am Flughafen ein Auto zu mieten. Innerhalb des Flughafens finden Sie B\u00fcros von internationalen Unternehmen wie Sixt, Europcar und Avis. Sie k\u00f6nnen Ihr Auto zu einem erschwinglichen Preis mieten, wenn Sie im Voraus online buchen. So k\u00f6nnen Sie Ihr Auto schnell abholen, wenn Sie den Flughafen erreichen.<\/p>\n<h4>Taxis am Flughafen Marsa Alam Ank\u00fcnfte<\/h4>\n<p>&nbsp;<\/p>\n<p>Am Ausgang des Flughafenterminals gibt es Taxist\u00e4nde. Dort stehen die Taxis entsprechend den Flugpl\u00e4nen bereit. Wenn Sie aus dem Flugzeug aussteigen, k\u00f6nnen Sie sofort ein Taxi zu Ihrem gew\u00fcnschten Ziel nehmen. Oder Sie k\u00f6nnen vor Ihrem Flug eine Online-Reservierung bei lokalen und zuverl\u00e4ssigen Unternehmen wie \"Steven's Taxi\" oder \"Marsa Alam Taxi\" vornehmen. Ihr Taxi steht dann bereit, sobald Sie aus dem Flugzeug steigen.<\/p>\n<h3>Privater Transfer vom Flughafen Marsa Alam Ank\u00fcnfte<\/h3>\n<p>&nbsp;<\/p>\n<p>Die g\u00e4ngigste und logischste Art der Bef\u00f6rderung in Marsa Alam ist ein privater Transferservice, der von Ihrem Hotel oder Reiseveranstalter angeboten wird. Die meisten Hotels bieten einen Flughafentransfer f\u00fcr ihre G\u00e4ste an. Vergessen Sie nicht, bei der Buchung Ihres Hotels nach Informationen zum Shuttle-Service zu fragen.<\/p>\n<p>Alternativ k\u00f6nnen Sie auch einen Transferservice \u00fcber Plattformen wie Booking.com oder Viator buchen. Auf diese Weise erreichen Sie Ihr Hotel schnell und stressfrei.<\/p>\n<p>Ich habe diesen detaillierten Leitfaden erstellt, um den gesamten Prozess von dem Moment an, in dem Sie in Marsa Alam ankommen, schnell, sicher und komfortabel zu gestalten. Sie k\u00f6nnen Ihren Urlaub stressfrei beginnen, indem Sie alle Einrichtungen des Flughafens nutzen, bevor Sie die faszinierenden Gew\u00e4sser des Roten Meeres erreichen.<\/p>\n<p>Willkommen in Marsa Alam!<\/p>","protected":false},"excerpt":{"rendered":"<p>Wenn Sie die unber\u00fchrten Korallenriffe, das ruhige t\u00fcrkisfarbene Wasser und die goldenen W\u00fcsten des Roten Meeres erreichen wollen, ist Marsa [...]<\/p>","protected":false},"author":1,"featured_media":1047,"parent":0,"menu_order":0,"comment_status":"closed","ping_status":"closed","template":"","meta":{"_acf_changed":false,"site-sidebar-layout":"default","site-content-layout":"","ast-site-content-layout":"default","site-content-style":"default","site-sidebar-style":"default","ast-global-header-display":"","ast-banner-title-visibility":"","ast-main-header-display":"","ast-hfb-above-header-display":"","ast-hfb-below-header-display":"","ast-hfb-mobile-header-display":"","site-post-title":"","ast-breadcrumbs-content":"","ast-featured-img":"","footer-sml-layout":"","theme-transparent-header-meta":"default","adv-header-id-meta":"","stick-header-meta":"","header-above-stick-meta":"","header-main-stick-meta":"","header-below-stick-meta":"","astra-migrate-meta-layouts":"set","ast-page-background-enabled":"default","ast-page-background-meta":{"desktop":{"background-color":"var(--ast-global-color-4)","background-image":"","background-repeat":"repeat","background-position":"center center","background-size":"auto","background-attachment":"scroll","background-type":"","background-media":"","overlay-type":"","overlay-color":"","overlay-opacity":"","overlay-gradient":""},"tablet":{"background-color":"","background-image":"","background-repeat":"repeat","background-position":"center center","background-size":"auto","background-attachment":"scroll","background-type":"","background-media":"","overlay-type":"","overlay-color":"","overlay-opacity":"","overlay-gradient":""},"mobile":{"background-color":"","background-image":"","background-repeat":"repeat","background-position":"center center","background-size":"auto","background-attachment":"scroll","background-type":"","background-media":"","overlay-type":"","overlay-color":"","overlay-opacity":"","overlay-gradient":""}},"ast-content-background-meta":{"desktop":{"background-color":"var(--ast-global-color-5)","background-image":"","background-repeat":"repeat","background-position":"center center","background-size":"auto","background-attachment":"scroll","background-type":"","background-media":"","overlay-type":"","overlay-color":"","overlay-opacity":"","overlay-gradient":""},"tablet":{"background-color":"var(--ast-global-color-5)","background-image":"","background-repeat":"repeat","background-position":"center center","background-size":"auto","background-attachment":"scroll","background-type":"","background-media":"","overlay-type":"","overlay-color":"","overlay-opacity":"","overlay-gradient":""},"mobile":{"background-color":"var(--ast-global-color-5)","background-image":"","background-repeat":"repeat","background-position":"center center","background-size":"auto","background-attachment":"scroll","background-type":"","background-media":"","overlay-type":"","overlay-color":"","overlay-opacity":"","overlay-gradient":""}},"footnotes":""},"class_list":["post-351","page","type-page","status-publish","has-post-thumbnail","hentry"],"acf":[],"yoast_head":"<!-- This site is optimized with the Yoast SEO Premium plugin v24.0 (Yoast SEO v26.6) - https:\/\/yoast.com\/wordpress\/plugins\/seo\/ -->\n<title>Marsa Alam Airport Arrivals | Live Flight Status &amp; Updates<\/title>\n<meta name=\"description\" content=\"Arrivals at Marsa Alam Airport; View real-time flight arrival information, delays and cancelations, and current weather conditions at Marsa Alam Airport.\" \/>\n<meta name=\"robots\" content=\"index, follow, max-snippet:-1, max-image-preview:large, max-video-preview:-1\" \/>\n<link rel=\"canonical\" href=\"https:\/\/marsaalam-airport.com\/de\/arrivals\/\" \/>\n<meta property=\"og:locale\" content=\"de_DE\" \/>\n<meta property=\"og:type\" content=\"article\" \/>\n<meta property=\"og:title\" content=\"Marsa Alam International Airport Arrivals\" \/>\n<meta property=\"og:description\" content=\"Arrivals at Marsa Alam Airport; View real-time flight arrival information, delays and cancelations, and current weather conditions at Marsa Alam Airport.\" \/>\n<meta property=\"og:url\" content=\"https:\/\/marsaalam-airport.com\/de\/arrivals\/\" \/>\n<meta property=\"article:publisher\" content=\"https:\/\/www.facebook.com\/marsaalamairportinternational\" \/>\n<meta property=\"article:modified_time\" content=\"2025-07-20T23:34:43+00:00\" \/>\n<meta property=\"og:image\" content=\"https:\/\/marsaalam-airport.com\/wp-content\/uploads\/rmf-arrivals-1.png\" \/><meta property=\"og:image\" content=\"https:\/\/marsaalam-airport.com\/wp-content\/uploads\/rmf-arrivals-1.png\" \/>\n\t<meta property=\"og:image:width\" content=\"200\" \/>\n\t<meta property=\"og:image:height\" content=\"200\" \/>\n\t<meta property=\"og:image:type\" content=\"image\/jpeg\" \/>\n<meta name=\"twitter:card\" content=\"summary_large_image\" \/>\n<meta name=\"twitter:image\" content=\"https:\/\/marsaalam-airport.com\/wp-content\/uploads\/rmf-arrivals-1.png\" \/>\n<meta name=\"twitter:label1\" content=\"Gesch\u00e4tzte Lesezeit\" \/>\n\t<meta name=\"twitter:data1\" content=\"7\u00a0Minuten\" \/>\n<script type=\"application\/ld+json\" class=\"yoast-schema-graph\">{\"@context\":\"https:\/\/schema.org\",\"@graph\":[{\"@type\":\"WebPage\",\"@id\":\"https:\/\/marsaalam-airport.com\/arrivals\/\",\"url\":\"https:\/\/marsaalam-airport.com\/arrivals\/\",\"name\":\"Marsa Alam Airport Arrivals | Live Flight Status & Updates\",\"isPartOf\":{\"@id\":\"https:\/\/marsaalam-airport.com\/#website\"},\"primaryImageOfPage\":{\"@id\":\"https:\/\/marsaalam-airport.com\/arrivals\/#primaryimage\"},\"image\":{\"@id\":\"https:\/\/marsaalam-airport.com\/arrivals\/#primaryimage\"},\"thumbnailUrl\":\"https:\/\/i3.wp.com\/marsaalam-airport.com\/wp-content\/uploads\/rmf-arrivals-1.png?w=200&resize=200,200&ssl=1\",\"datePublished\":\"2024-11-18T12:16:14+00:00\",\"dateModified\":\"2025-07-20T23:34:43+00:00\",\"description\":\"Arrivals at Marsa Alam Airport; View real-time flight arrival information, delays and cancelations, and current weather conditions at Marsa Alam Airport.\",\"breadcrumb\":{\"@id\":\"https:\/\/marsaalam-airport.com\/arrivals\/#breadcrumb\"},\"inLanguage\":\"de\",\"potentialAction\":[{\"@type\":\"ReadAction\",\"target\":[\"https:\/\/marsaalam-airport.com\/arrivals\/\"]}]},{\"@type\":\"ImageObject\",\"inLanguage\":\"de\",\"@id\":\"https:\/\/marsaalam-airport.com\/arrivals\/#primaryimage\",\"url\":\"https:\/\/i3.wp.com\/marsaalam-airport.com\/wp-content\/uploads\/rmf-arrivals-1.png?w=200&resize=200,200&ssl=1\",\"contentUrl\":\"https:\/\/i3.wp.com\/marsaalam-airport.com\/wp-content\/uploads\/rmf-arrivals-1.png?w=200&resize=200,200&ssl=1\",\"width\":\"200\",\"height\":\"200\"},{\"@type\":\"BreadcrumbList\",\"@id\":\"https:\/\/marsaalam-airport.com\/arrivals\/#breadcrumb\",\"itemListElement\":[{\"@type\":\"ListItem\",\"position\":1,\"name\":\"Home\",\"item\":\"https:\/\/marsaalam-airport.com\/\"},{\"@type\":\"ListItem\",\"position\":2,\"name\":\"Marsa Alam International Airport Arrivals\"}]},{\"@type\":\"WebSite\",\"@id\":\"https:\/\/marsaalam-airport.com\/#website\",\"url\":\"https:\/\/marsaalam-airport.com\/\",\"name\":\"Marsa Alam International Airport\",\"description\":\"\",\"publisher\":{\"@id\":\"https:\/\/marsaalam-airport.com\/#organization\"},\"alternateName\":\"RMF\",\"potentialAction\":[{\"@type\":\"SearchAction\",\"target\":{\"@type\":\"EntryPoint\",\"urlTemplate\":\"https:\/\/marsaalam-airport.com\/?s={search_term_string}\"},\"query-input\":{\"@type\":\"PropertyValueSpecification\",\"valueRequired\":true,\"valueName\":\"search_term_string\"}}],\"inLanguage\":\"de\"},{\"@type\":\"Organization\",\"@id\":\"https:\/\/marsaalam-airport.com\/#organization\",\"name\":\"Marsa Alam International Airport\",\"alternateName\":\"RMF\",\"url\":\"https:\/\/marsaalam-airport.com\/\",\"logo\":{\"@type\":\"ImageObject\",\"inLanguage\":\"de\",\"@id\":\"https:\/\/marsaalam-airport.com\/#\/schema\/logo\/image\/\",\"url\":\"https:\/\/marsaalam-airport.com\/wp-content\/uploads\/cropped-rmf-logo.png\",\"contentUrl\":\"https:\/\/marsaalam-airport.com\/wp-content\/uploads\/cropped-rmf-logo.png\",\"width\":1998,\"height\":667,\"caption\":\"Marsa Alam International Airport\"},\"image\":{\"@id\":\"https:\/\/marsaalam-airport.com\/#\/schema\/logo\/image\/\"},\"sameAs\":[\"https:\/\/www.facebook.com\/marsaalamairportinternational\"],\"description\":\"Marsa Alam Airport (RMF) provides live tracking for arrivals & departures plus comfortable airport hotels with free shuttles.\",\"email\":\"info@marsaalam-airport.com\",\"legalName\":\"Marsa Alam Airport\"}]}<\/script>\n<!-- \/ Yoast SEO Premium plugin. -->","yoast_head_json":{"title":"Marsa Alam Airport Arrivals | Live Flight Status & Updates","description":"Arrivals at Marsa Alam Airport; View real-time flight arrival information, delays and cancelations, and current weather conditions at Marsa Alam Airport.","robots":{"index":"index","follow":"follow","max-snippet":"max-snippet:-1","max-image-preview":"max-image-preview:large","max-video-preview":"max-video-preview:-1"},"canonical":"https:\/\/marsaalam-airport.com\/de\/arrivals\/","og_locale":"de_DE","og_type":"article","og_title":"Marsa Alam International Airport Arrivals","og_description":"Arrivals at Marsa Alam Airport; View real-time flight arrival information, delays and cancelations, and current weather conditions at Marsa Alam Airport.","og_url":"https:\/\/marsaalam-airport.com\/de\/arrivals\/","article_publisher":"https:\/\/www.facebook.com\/marsaalamairportinternational","article_modified_time":"2025-07-20T23:34:43+00:00","og_image":[{"url":"https:\/\/marsaalam-airport.com\/wp-content\/uploads\/rmf-arrivals-1.png","type":"","width":"","height":""},{"width":200,"height":200,"url":"https:\/\/marsaalam-airport.com\/wp-content\/uploads\/rmf-arrivals-1.png","type":"image\/jpeg"}],"twitter_card":"summary_large_image","twitter_image":"https:\/\/marsaalam-airport.com\/wp-content\/uploads\/rmf-arrivals-1.png","twitter_misc":{"Gesch\u00e4tzte Lesezeit":"7\u00a0Minuten"},"schema":{"@context":"https:\/\/schema.org","@graph":[{"@type":"WebPage","@id":"https:\/\/marsaalam-airport.com\/arrivals\/","url":"https:\/\/marsaalam-airport.com\/arrivals\/","name":"Marsa Alam Airport Arrivals | Live Flight Status & Updates","isPartOf":{"@id":"https:\/\/marsaalam-airport.com\/#website"},"primaryImageOfPage":{"@id":"https:\/\/marsaalam-airport.com\/arrivals\/#primaryimage"},"image":{"@id":"https:\/\/marsaalam-airport.com\/arrivals\/#primaryimage"},"thumbnailUrl":"https:\/\/i3.wp.com\/marsaalam-airport.com\/wp-content\/uploads\/rmf-arrivals-1.png?w=200&resize=200,200&ssl=1","datePublished":"2024-11-18T12:16:14+00:00","dateModified":"2025-07-20T23:34:43+00:00","description":"Arrivals at Marsa Alam Airport; View real-time flight arrival information, delays and cancelations, and current weather conditions at Marsa Alam Airport.","breadcrumb":{"@id":"https:\/\/marsaalam-airport.com\/arrivals\/#breadcrumb"},"inLanguage":"de","potentialAction":[{"@type":"ReadAction","target":["https:\/\/marsaalam-airport.com\/arrivals\/"]}]},{"@type":"ImageObject","inLanguage":"de","@id":"https:\/\/marsaalam-airport.com\/arrivals\/#primaryimage","url":"https:\/\/i3.wp.com\/marsaalam-airport.com\/wp-content\/uploads\/rmf-arrivals-1.png?w=200&resize=200,200&ssl=1","contentUrl":"https:\/\/i3.wp.com\/marsaalam-airport.com\/wp-content\/uploads\/rmf-arrivals-1.png?w=200&resize=200,200&ssl=1","width":"200","height":"200"},{"@type":"BreadcrumbList","@id":"https:\/\/marsaalam-airport.com\/arrivals\/#breadcrumb","itemListElement":[{"@type":"ListItem","position":1,"name":"Home","item":"https:\/\/marsaalam-airport.com\/"},{"@type":"ListItem","position":2,"name":"Marsa Alam International Airport Arrivals"}]},{"@type":"WebSite","@id":"https:\/\/marsaalam-airport.com\/#website","url":"https:\/\/marsaalam-airport.com\/","name":"Marsa Alam International Airport","description":"","publisher":{"@id":"https:\/\/marsaalam-airport.com\/#organization"},"alternateName":"RMF","potentialAction":[{"@type":"SearchAction","target":{"@type":"EntryPoint","urlTemplate":"https:\/\/marsaalam-airport.com\/?s={search_term_string}"},"query-input":{"@type":"PropertyValueSpecification","valueRequired":true,"valueName":"search_term_string"}}],"inLanguage":"de"},{"@type":"Organization","@id":"https:\/\/marsaalam-airport.com\/#organization","name":"Marsa Alam International Airport","alternateName":"RMF","url":"https:\/\/marsaalam-airport.com\/","logo":{"@type":"ImageObject","inLanguage":"de","@id":"https:\/\/marsaalam-airport.com\/#\/schema\/logo\/image\/","url":"https:\/\/marsaalam-airport.com\/wp-content\/uploads\/cropped-rmf-logo.png","contentUrl":"https:\/\/marsaalam-airport.com\/wp-content\/uploads\/cropped-rmf-logo.png","width":1998,"height":667,"caption":"Marsa Alam International Airport"},"image":{"@id":"https:\/\/marsaalam-airport.com\/#\/schema\/logo\/image\/"},"sameAs":["https:\/\/www.facebook.com\/marsaalamairportinternational"],"description":"Marsa Alam Airport (RMF) provides live tracking for arrivals & departures plus comfortable airport hotels with free shuttles.","email":"info@marsaalam-airport.com","legalName":"Marsa Alam Airport"}]}},"_links":{"self":[{"href":"https:\/\/marsaalam-airport.com\/de\/wp-json\/wp\/v2\/pages\/351","targetHints":{"allow":["GET"]}}],"collection":[{"href":"https:\/\/marsaalam-airport.com\/de\/wp-json\/wp\/v2\/pages"}],"about":[{"href":"https:\/\/marsaalam-airport.com\/de\/wp-json\/wp\/v2\/types\/page"}],"author":[{"embeddable":true,"href":"https:\/\/marsaalam-airport.com\/de\/wp-json\/wp\/v2\/users\/1"}],"replies":[{"embeddable":true,"href":"https:\/\/marsaalam-airport.com\/de\/wp-json\/wp\/v2\/comments?post=351"}],"version-history":[{"count":4,"href":"https:\/\/marsaalam-airport.com\/de\/wp-json\/wp\/v2\/pages\/351\/revisions"}],"predecessor-version":[{"id":1136,"href":"https:\/\/marsaalam-airport.com\/de\/wp-json\/wp\/v2\/pages\/351\/revisions\/1136"}],"wp:featuredmedia":[{"embeddable":true,"href":"https:\/\/marsaalam-airport.com\/de\/wp-json\/wp\/v2\/media\/1047"}],"wp:attachment":[{"href":"https:\/\/marsaalam-airport.com\/de\/wp-json\/wp\/v2\/media?parent=351"}],"curies":[{"name":"wp","href":"https:\/\/api.w.org\/{rel}","templated":true}]}}