{"id":1172,"date":"2025-07-21T11:29:22","date_gmt":"2025-07-21T11:29:22","guid":{"rendered":"https:\/\/marsaalam-airport.com\/?page_id=1172"},"modified":"2025-07-21T11:29:22","modified_gmt":"2025-07-21T11:29:22","slug":"weather","status":"publish","type":"page","link":"https:\/\/marsaalam-airport.com\/de\/weather\/","title":{"rendered":"Marsa Alam Wetter"},"content":{"rendered":"<p>Planen Sie eine Reise nach Marsa Alam, dem unber\u00fchrten Paradies am Roten Meer? Ich wei\u00df, dass Sie Tauchabenteuer und goldene Str\u00e4nde im Sinn haben. Aber was sollten Sie f\u00fcr diesen perfekten Urlaub einpacken? Kommen Sie w\u00e4hrend der sengenden Sommerhitze? Oder kommen Sie in der milden Wintersaison hierher? Keine Sorge! Dieser Leitfaden soll Ihnen helfen, die Geheimnisse des Klimas von Marsa Alam zu l\u00fcften und Ihren Urlaub in vollen Z\u00fcgen zu genie\u00dfen.<\/p>\n<h2>Marsa Alam Wetter \u00dcbersicht<\/h2>\n<p>Marsa Alam liegt an der Ostk\u00fcste des Roten Meeres und hat ein subtropisches W\u00fcstenklima. Das bedeutet vor allem eines: Sonne, Sonne und nochmals Sonne! Das Wetter ist das ganze Jahr \u00fcber warm, trocken und klar. Es regnet hier fast nie. Die Region zeichnet sich durch einen klaren Himmel, hohe Temperaturen und eine leichte Meeresbrise aus. Die Wassertemperaturen schwanken zwischen 22\u00b0C und 29\u00b0C.<\/p>\n<h2>Durchschnittliche H\u00f6chsttemperaturen in Marsa Alam<\/h2>\n<p><strong>Durchschnittliche H\u00f6chsttemperaturen (\u00b0C)<\/strong><br \/>\nJanuar: 24.1<br \/>\nFebruar: 25.1<br \/>\nM\u00e4rz: 26.9<br \/>\nApril: 29,8<br \/>\nMai: 33.1<br \/>\nJuni: 34.7<br \/>\nJuli: 35.5<br \/>\nAugust: 35.6<br \/>\nSeptember: 34,2<br \/>\nOktober: 32.6<br \/>\nNovember: 29,3<br \/>\nDezember: 25,5<\/p>\n<p><strong>Der hei\u00dfeste Monat des Jahres ist der August, und der k\u00e4lteste Monat ist der Januar.<\/strong><\/p>\n<h3>\nDurchschnittliche relative Luftfeuchtigkeit in Marsa Alam<\/h3>\n<p>Dank des W\u00fcstenklimas ist die Luftfeuchtigkeit in Marsa Alam generell niedrig. Das bedeutet, dass die hohen Temperaturen nicht dr\u00fcckend sind. Die durchschnittliche Luftfeuchtigkeit liegt zwischen 40% und 50%.<\/p>\n<p><strong>Durchschnittliche relative Luftfeuchtigkeit (%)<\/strong><\/p>\n<p>Januar: 41%<br \/>\nFebruar: 33%<br \/>\nM\u00e4rz: 25%<br \/>\nApril: 19%<br \/>\nMai: 17%<br \/>\nJuni: 17%<br \/>\nJuli: 19%<br \/>\nAugust: 20%<br \/>\nSeptember: 23%<br \/>\nOktober: 27%<br \/>\nNovember: 37%<br \/>\nDezember: 42%<\/p>\n<h3>Durchschnittliche Niederschlagsmenge in Marsa Alam<\/h3>\n<p>Marsa Alam ist einer der trockensten Orte der Welt. Die durchschnittliche j\u00e4hrliche Niederschlagsmenge liegt bei nur wenigen Millimetern. Das bedeutet, dass die Wahrscheinlichkeit, dass Ihr Urlaub durch Regen ruiniert wird, fast gleich Null ist. Sie brauchen keinen Regenschirm oder Regenmantel in Ihren Koffer zu packen.<\/p>\n<p><strong>Durchschnittliche Niederschlagsmenge (mm)<\/strong><\/p>\n<p>Januar: 0<br \/>\nFebruar: 1<br \/>\nM\u00e4rz: 1<br \/>\nApril: 1<br \/>\nMai: 0<br \/>\nJuni: 0<br \/>\nJuli: 0<br \/>\nAugust: 0<br \/>\nSeptember: 0<br \/>\nOktober: 1<br \/>\nNovember: 3<br \/>\nDezember: 2<\/p>\n<h3>\nDurchschnittliche t\u00e4gliche Sonneneinstrahlung<\/h3>\n<p>Vergessen Sie Ihre Sonnenbrille und Sonnencreme nicht! In Marsa Alam gibt es das ganze Jahr \u00fcber viel Sonnenschein. Im Sommer gibt es durchschnittlich 12-13 Stunden Sonnenschein pro Tag, im Winter 9-10 Stunden.<\/p>\n<p><strong>Durchschnittliche t\u00e4gliche Sonnenscheinstunden (Stunden)<\/strong><\/p>\n<p>Januar: 9<br \/>\nFebruar: 10<br \/>\nM\u00e4rz: 10<br \/>\nApril: 11<br \/>\nMai: 12<br \/>\nJuni: 13<br \/>\nJuli: 13<br \/>\nAugust: 12<br \/>\nSeptember: 11<br \/>\nOktober: 10<br \/>\nNovember: 10<br \/>\nDezember: 9<\/p>\n<p>In Marsa Alam gibt es das ganze Jahr \u00fcber fast ununterbrochene Sonnentage.<\/p>\n<h3>Sommerwetter an der Marsa Alam<\/h3>\n<p>Juni, Juli und August sind f\u00fcr diejenigen, die die Hitze lieben und glauben, dass \"ein Urlaub hei\u00df sein sollte\". Die Sonne scheint schon fr\u00fch am Morgen. Der Himmel ist den ganzen Tag \u00fcber hell. Das Meer hat eine Temperatur von 28 bis 29 \u00b0C, so dass man stundenlang nicht aus dem Wasser steigen m\u00f6chte. Auch die N\u00e4chte sind recht warm.<\/p>\n<h3>Was sollte man f\u00fcr einen Sommer in Marsa Alam einpacken?<\/h3>\n<p><strong>Leichte und lockere Kleidung<\/strong>: T-Shirts, kurze Hosen, Kleider und R\u00f6cke aus atmungsaktiven Stoffen wie Baumwolle und Leinen.<br \/>\n<strong>Jede Menge Bademode<\/strong>: Sie werden die meiste Zeit Ihres Tages im oder am Wasser verbringen!<br \/>\n<strong>Sonnenschutz<\/strong>: Ein breitkrempiger Hut, eine hochwertige Sonnenbrille mit UV-Schutz und ein Sonnenschutzmittel mit hohem LSF (LSF 50+).<br \/>\n<strong>Rash Guard<\/strong>: Wenn Sie schnorcheln oder tauchen wollen, ist ein d\u00fcnner Neoprenanzug eine gute Idee, um Sie vor der Sonne und dem m\u00f6glichen Kontakt mit Meeresbewohnern zu sch\u00fctzen.<\/p>\n<h3>Winterwetter auf der Marsa Alam<\/h3>\n<p>Die Wintermonate sind ideal, um der europ\u00e4ischen K\u00e4lte zu entfliehen und sich in die Sonne zu fl\u00fcchten. Tags\u00fcber kann man bequem im T-Shirt spazieren gehen und am Strand ein Sonnenbad nehmen. Die Temperatur des Meerwassers liegt bei 22-24 \u00b0C. Das Meer ist also noch warm genug zum Schwimmen. Der gr\u00f6\u00dfte Unterschied ist nach Sonnenuntergang zu sp\u00fcren. Abends k\u00f6nnen die Temperaturen auf 14-15 \u00b0C sinken.<\/p>\n<h3>Was sollte ich f\u00fcr einen Winter in Marsa Alam einpacken?<\/h3>\n<p><strong>Kleidung<\/strong>: T-Shirts und kurze Hosen f\u00fcr tags\u00fcber und ein lang\u00e4rmeliges Sweatshirt, ein leichtes Fleece oder eine d\u00fcnne Jacke f\u00fcr abends.<br \/>\n<strong>Lange Hosen<\/strong>: Eine Jeans oder eine bequeme Baumwollhose ist die Rettung f\u00fcr ein Abendessen oder einen Spaziergang.<br \/>\n<strong>Bademode<\/strong>: Bringen Sie auf jeden Fall Ihre Badesachen mit, um tags\u00fcber die Sonne zu genie\u00dfen!<br \/>\n<strong>Geschlossene Schuhe<\/strong>: Nehmen Sie zus\u00e4tzlich zu den Sandalen ein Paar geschlossene Schuhe wie Turnschuhe f\u00fcr k\u00fchlere Abende mit.<br \/>\n<strong>Sonnenschutz<\/strong>: Auch im Winter ist die \u00e4gyptische Sonne stark. Vergessen Sie nicht Ihren Hut, Ihre Sonnenbrille und Sonnenschutzmittel.<\/p>\n<h3>\nBeste Reisezeit f\u00fcr Marsa Alam<\/h3>\n<p>Obwohl Marsa Alam 365 Tage im Jahr ein Urlaubsparadies ist, sind die besten Zeiten f\u00fcr einen Besuch im Fr\u00fchjahr (M\u00e4rz, April, Mai) und im Herbst (Oktober, November).<\/p>\n<p>In diesen Monaten ist das Wetter perfekt. Es gibt weder die dr\u00fcckende Hitze des Sommers noch die k\u00fchlen Abende des Winters. Das Meerwasser ist ideal zum Tauchen und Schnorcheln. Sie k\u00f6nnen den ganzen Tag \u00fcber alle Arten von Aktivit\u00e4ten genie\u00dfen, ohne sich \u00fcberfordert zu f\u00fchlen.<\/p>\n<p>M\u00e4rz und April, mit den ersten Fr\u00fchlingsbrisen, sind die beste Zeit, um farbenpr\u00e4chtige Korallen und ein reges Unterwasserleben zu beobachten. Die Tagestemperaturen liegen zwischen 27 und 31 \u00b0C. Wenn Sie einen Urlaub vor den schw\u00fclen Sommermonaten planen, k\u00f6nnen Sie Marsa Alam in diesen Monaten besuchen.<\/p>\n<p>Packen Sie Ihre Koffer, denn die endlose Sonne und das faszinierende Meer von Marsa Alam warten auf Sie.<\/p>","protected":false},"excerpt":{"rendered":"<p>Planen Sie eine Reise nach Marsa Alam, dem unber\u00fchrten Paradies am Roten Meer? Ich wei\u00df, dass Sie tauchen [...]<\/p>","protected":false},"author":1,"featured_media":0,"parent":0,"menu_order":0,"comment_status":"closed","ping_status":"closed","template":"","meta":{"_acf_changed":false,"site-sidebar-layout":"default","site-content-layout":"","ast-site-content-layout":"default","site-content-style":"default","site-sidebar-style":"default","ast-global-header-display":"","ast-banner-title-visibility":"","ast-main-header-display":"","ast-hfb-above-header-display":"","ast-hfb-below-header-display":"","ast-hfb-mobile-header-display":"","site-post-title":"","ast-breadcrumbs-content":"","ast-featured-img":"","footer-sml-layout":"","theme-transparent-header-meta":"default","adv-header-id-meta":"","stick-header-meta":"","header-above-stick-meta":"","header-main-stick-meta":"","header-below-stick-meta":"","astra-migrate-meta-layouts":"set","ast-page-background-enabled":"default","ast-page-background-meta":{"desktop":{"background-color":"var(--ast-global-color-4)","background-image":"","background-repeat":"repeat","background-position":"center center","background-size":"auto","background-attachment":"scroll","background-type":"","background-media":"","overlay-type":"","overlay-color":"","overlay-opacity":"","overlay-gradient":""},"tablet":{"background-color":"","background-image":"","background-repeat":"repeat","background-position":"center center","background-size":"auto","background-attachment":"scroll","background-type":"","background-media":"","overlay-type":"","overlay-color":"","overlay-opacity":"","overlay-gradient":""},"mobile":{"background-color":"","background-image":"","background-repeat":"repeat","background-position":"center center","background-size":"auto","background-attachment":"scroll","background-type":"","background-media":"","overlay-type":"","overlay-color":"","overlay-opacity":"","overlay-gradient":""}},"ast-content-background-meta":{"desktop":{"background-color":"var(--ast-global-color-5)","background-image":"","background-repeat":"repeat","background-position":"center center","background-size":"auto","background-attachment":"scroll","background-type":"","background-media":"","overlay-type":"","overlay-color":"","overlay-opacity":"","overlay-gradient":""},"tablet":{"background-color":"var(--ast-global-color-5)","background-image":"","background-repeat":"repeat","background-position":"center center","background-size":"auto","background-attachment":"scroll","background-type":"","background-media":"","overlay-type":"","overlay-color":"","overlay-opacity":"","overlay-gradient":""},"mobile":{"background-color":"var(--ast-global-color-5)","background-image":"","background-repeat":"repeat","background-position":"center center","background-size":"auto","background-attachment":"scroll","background-type":"","background-media":"","overlay-type":"","overlay-color":"","overlay-opacity":"","overlay-gradient":""}},"footnotes":""},"class_list":["post-1172","page","type-page","status-publish","hentry"],"acf":[],"yoast_head":"<!-- This site is optimized with the Yoast SEO Premium plugin v24.0 (Yoast SEO v26.6) - https:\/\/yoast.com\/wordpress\/plugins\/seo\/ -->\n<title>Marsa Alam Weather<\/title>\n<meta name=\"robots\" content=\"index, follow, max-snippet:-1, max-image-preview:large, max-video-preview:-1\" \/>\n<link rel=\"canonical\" href=\"https:\/\/marsaalam-airport.com\/de\/weather\/\" \/>\n<meta property=\"og:locale\" content=\"de_DE\" \/>\n<meta property=\"og:type\" content=\"article\" \/>\n<meta property=\"og:title\" content=\"Marsa Alam Weather\" \/>\n<meta property=\"og:description\" content=\"Are you planning a trip to Marsa Alam, the untouched paradise of the Red Sea? I know you have diving [&hellip;]\" \/>\n<meta property=\"og:url\" content=\"https:\/\/marsaalam-airport.com\/de\/weather\/\" \/>\n<meta property=\"article:publisher\" content=\"https:\/\/www.facebook.com\/marsaalamairportinternational\" \/>\n<meta property=\"og:image\" content=\"https:\/\/marsaalam-airport.com\/wp-content\/uploads\/marsa-alam-airport-1.webp\" \/>\n\t<meta property=\"og:image:width\" content=\"1024\" \/>\n\t<meta property=\"og:image:height\" content=\"683\" \/>\n\t<meta property=\"og:image:type\" content=\"image\/webp\" \/>\n<meta name=\"twitter:card\" content=\"summary_large_image\" \/>\n<meta name=\"twitter:label1\" content=\"Gesch\u00e4tzte Lesezeit\" \/>\n\t<meta name=\"twitter:data1\" content=\"4\u00a0Minuten\" \/>\n<script type=\"application\/ld+json\" class=\"yoast-schema-graph\">{\"@context\":\"https:\/\/schema.org\",\"@graph\":[{\"@type\":\"WebPage\",\"@id\":\"https:\/\/marsaalam-airport.com\/weather\/\",\"url\":\"https:\/\/marsaalam-airport.com\/weather\/\",\"name\":\"Marsa Alam Weather\",\"isPartOf\":{\"@id\":\"https:\/\/marsaalam-airport.com\/#website\"},\"datePublished\":\"2025-07-21T11:29:22+00:00\",\"breadcrumb\":{\"@id\":\"https:\/\/marsaalam-airport.com\/weather\/#breadcrumb\"},\"inLanguage\":\"de\",\"potentialAction\":[{\"@type\":\"ReadAction\",\"target\":[\"https:\/\/marsaalam-airport.com\/weather\/\"]}]},{\"@type\":\"BreadcrumbList\",\"@id\":\"https:\/\/marsaalam-airport.com\/weather\/#breadcrumb\",\"itemListElement\":[{\"@type\":\"ListItem\",\"position\":1,\"name\":\"Home\",\"item\":\"https:\/\/marsaalam-airport.com\/\"},{\"@type\":\"ListItem\",\"position\":2,\"name\":\"Marsa Alam Weather\"}]},{\"@type\":\"WebSite\",\"@id\":\"https:\/\/marsaalam-airport.com\/#website\",\"url\":\"https:\/\/marsaalam-airport.com\/\",\"name\":\"Marsa Alam International Airport\",\"description\":\"\",\"publisher\":{\"@id\":\"https:\/\/marsaalam-airport.com\/#organization\"},\"alternateName\":\"RMF\",\"potentialAction\":[{\"@type\":\"SearchAction\",\"target\":{\"@type\":\"EntryPoint\",\"urlTemplate\":\"https:\/\/marsaalam-airport.com\/?s={search_term_string}\"},\"query-input\":{\"@type\":\"PropertyValueSpecification\",\"valueRequired\":true,\"valueName\":\"search_term_string\"}}],\"inLanguage\":\"de\"},{\"@type\":\"Organization\",\"@id\":\"https:\/\/marsaalam-airport.com\/#organization\",\"name\":\"Marsa Alam International Airport\",\"alternateName\":\"RMF\",\"url\":\"https:\/\/marsaalam-airport.com\/\",\"logo\":{\"@type\":\"ImageObject\",\"inLanguage\":\"de\",\"@id\":\"https:\/\/marsaalam-airport.com\/#\/schema\/logo\/image\/\",\"url\":\"https:\/\/marsaalam-airport.com\/wp-content\/uploads\/cropped-rmf-logo.png\",\"contentUrl\":\"https:\/\/marsaalam-airport.com\/wp-content\/uploads\/cropped-rmf-logo.png\",\"width\":1998,\"height\":667,\"caption\":\"Marsa Alam International Airport\"},\"image\":{\"@id\":\"https:\/\/marsaalam-airport.com\/#\/schema\/logo\/image\/\"},\"sameAs\":[\"https:\/\/www.facebook.com\/marsaalamairportinternational\"],\"description\":\"Marsa Alam Airport (RMF) provides live tracking for arrivals & departures plus comfortable airport hotels with free shuttles.\",\"email\":\"info@marsaalam-airport.com\",\"legalName\":\"Marsa Alam Airport\"}]}<\/script>\n<!-- \/ Yoast SEO Premium plugin. -->","yoast_head_json":{"title":"Marsa Alam Weather","robots":{"index":"index","follow":"follow","max-snippet":"max-snippet:-1","max-image-preview":"max-image-preview:large","max-video-preview":"max-video-preview:-1"},"canonical":"https:\/\/marsaalam-airport.com\/de\/weather\/","og_locale":"de_DE","og_type":"article","og_title":"Marsa Alam Weather","og_description":"Are you planning a trip to Marsa Alam, the untouched paradise of the Red Sea? I know you have diving [&hellip;]","og_url":"https:\/\/marsaalam-airport.com\/de\/weather\/","article_publisher":"https:\/\/www.facebook.com\/marsaalamairportinternational","og_image":[{"width":1024,"height":683,"url":"https:\/\/marsaalam-airport.com\/wp-content\/uploads\/marsa-alam-airport-1.webp","type":"image\/webp"}],"twitter_card":"summary_large_image","twitter_misc":{"Gesch\u00e4tzte Lesezeit":"4\u00a0Minuten"},"schema":{"@context":"https:\/\/schema.org","@graph":[{"@type":"WebPage","@id":"https:\/\/marsaalam-airport.com\/weather\/","url":"https:\/\/marsaalam-airport.com\/weather\/","name":"Marsa Alam Weather","isPartOf":{"@id":"https:\/\/marsaalam-airport.com\/#website"},"datePublished":"2025-07-21T11:29:22+00:00","breadcrumb":{"@id":"https:\/\/marsaalam-airport.com\/weather\/#breadcrumb"},"inLanguage":"de","potentialAction":[{"@type":"ReadAction","target":["https:\/\/marsaalam-airport.com\/weather\/"]}]},{"@type":"BreadcrumbList","@id":"https:\/\/marsaalam-airport.com\/weather\/#breadcrumb","itemListElement":[{"@type":"ListItem","position":1,"name":"Home","item":"https:\/\/marsaalam-airport.com\/"},{"@type":"ListItem","position":2,"name":"Marsa Alam Weather"}]},{"@type":"WebSite","@id":"https:\/\/marsaalam-airport.com\/#website","url":"https:\/\/marsaalam-airport.com\/","name":"Marsa Alam International Airport","description":"","publisher":{"@id":"https:\/\/marsaalam-airport.com\/#organization"},"alternateName":"RMF","potentialAction":[{"@type":"SearchAction","target":{"@type":"EntryPoint","urlTemplate":"https:\/\/marsaalam-airport.com\/?s={search_term_string}"},"query-input":{"@type":"PropertyValueSpecification","valueRequired":true,"valueName":"search_term_string"}}],"inLanguage":"de"},{"@type":"Organization","@id":"https:\/\/marsaalam-airport.com\/#organization","name":"Marsa Alam International Airport","alternateName":"RMF","url":"https:\/\/marsaalam-airport.com\/","logo":{"@type":"ImageObject","inLanguage":"de","@id":"https:\/\/marsaalam-airport.com\/#\/schema\/logo\/image\/","url":"https:\/\/marsaalam-airport.com\/wp-content\/uploads\/cropped-rmf-logo.png","contentUrl":"https:\/\/marsaalam-airport.com\/wp-content\/uploads\/cropped-rmf-logo.png","width":1998,"height":667,"caption":"Marsa Alam International Airport"},"image":{"@id":"https:\/\/marsaalam-airport.com\/#\/schema\/logo\/image\/"},"sameAs":["https:\/\/www.facebook.com\/marsaalamairportinternational"],"description":"Marsa Alam Airport (RMF) provides live tracking for arrivals & departures plus comfortable airport hotels with free shuttles.","email":"info@marsaalam-airport.com","legalName":"Marsa Alam Airport"}]}},"_links":{"self":[{"href":"https:\/\/marsaalam-airport.com\/de\/wp-json\/wp\/v2\/pages\/1172","targetHints":{"allow":["GET"]}}],"collection":[{"href":"https:\/\/marsaalam-airport.com\/de\/wp-json\/wp\/v2\/pages"}],"about":[{"href":"https:\/\/marsaalam-airport.com\/de\/wp-json\/wp\/v2\/types\/page"}],"author":[{"embeddable":true,"href":"https:\/\/marsaalam-airport.com\/de\/wp-json\/wp\/v2\/users\/1"}],"replies":[{"embeddable":true,"href":"https:\/\/marsaalam-airport.com\/de\/wp-json\/wp\/v2\/comments?post=1172"}],"version-history":[{"count":1,"href":"https:\/\/marsaalam-airport.com\/de\/wp-json\/wp\/v2\/pages\/1172\/revisions"}],"predecessor-version":[{"id":1174,"href":"https:\/\/marsaalam-airport.com\/de\/wp-json\/wp\/v2\/pages\/1172\/revisions\/1174"}],"wp:attachment":[{"href":"https:\/\/marsaalam-airport.com\/de\/wp-json\/wp\/v2\/media?parent=1172"}],"curies":[{"name":"wp","href":"https:\/\/api.w.org\/{rel}","templated":true}]}}