{"id":1163,"date":"2025-07-21T11:17:27","date_gmt":"2025-07-21T11:17:27","guid":{"rendered":"https:\/\/marsaalam-airport.com\/?page_id=1163"},"modified":"2025-07-21T11:17:27","modified_gmt":"2025-07-21T11:17:27","slug":"marsa-alam-airport-cafes-and-restaurants","status":"publish","type":"page","link":"https:\/\/marsaalam-airport.com\/de\/marsa-alam-airport-cafes-and-restaurants\/","title":{"rendered":"Caf\u00e9s und Restaurants am Flughafen Marsa Alam"},"content":{"rendered":"<p>Wenn sich Ihr Urlaub in Marsa Alam dem Ende zuneigt, ist eine der angenehmsten Arten, auf Ihren Flug zu warten, zweifelsohne eine letzte Tasse \u00e4gyptischen Kaffees zu trinken. Oder Sie stillen Ihren Hunger mit einem leckeren Snack am Flughafen. Der Flughafen Marsa Alam ist kein gro\u00dfes gastronomisches Zentrum. Der Flughafen ist recht einfach strukturiert. Hier ist ein umfassender F\u00fchrer, den ich vorbereitet habe, um Ihnen zu helfen, etwas nach Ihrem Geschmack zu finden, bevor Sie an Bord Ihres Flugzeugs gehen!<\/p>\n<h3>Ist das Essen am Flughafen Marsa Alam teuer?<\/h3>\n<p>Wie auf allen Flugh\u00e4fen der Welt sind die Preise f\u00fcr Speisen und Getr\u00e4nke in Marsa Alam teurer als im Stadtzentrum. Man kann dies auch als \"Flughafensteuer\" bezeichnen. F\u00fcr eine Flasche Wasser, einen Kaffee oder ein einfaches Sandwich zahlen Sie fast doppelt so viel wie in Ihrem Hotel oder einem Supermarkt in der Stadt. Die Preise f\u00fcr eine Tasse Kaffee liegen beispielsweise bei 4-5 USD und f\u00fcr ein Sandwich bei 8-10 USD. Wenn Sie nur \u00fcber ein begrenztes Budget verf\u00fcgen, sollten Sie daher Lebensmittel und Getr\u00e4nke vor Ihrer Ankunft am Flughafen kaufen.<\/p>\n<h2>Wo befinden sich die Restaurants und Caf\u00e9s?<\/h2>\n<p><strong>Landseite<\/strong>: Wenn Sie das Abflugterminal betreten, bevor Sie die Passkontrolle passieren, sehen Sie ein kleines Caf\u00e9. Dies ist ein guter Ort, um eine letzte Tasse Kaffee mit denjenigen zu trinken, die sich von Ihnen verabschieden wollen, oder um einen kleinen Happen zu essen.<br \/>\n<strong>Luftseite<\/strong>: In der Wartehalle, in der sich die Flugsteige befinden, gibt es sowohl internationale Kaffeeketten als auch kleine Caf\u00e9s mit lokalen Spezialit\u00e4ten.<\/p>\n<h4>Wie sind die \u00d6ffnungszeiten der Restaurants am Flughafen Marsa Alam?<\/h4>\n<p>Wie bei allen gewerblichen Betrieben am Flughafen Marsa Alam h\u00e4ngen die \u00d6ffnungszeiten der Caf\u00e9s und Restaurants ausschlie\u00dflich vom Flugplan des jeweiligen Tages ab. Die Caf\u00e9s beginnen ihren Betrieb etwa zwei Stunden vor dem ersten Flug des Tages. Die Gastronomiebetriebe bleiben bis zum letzten Flug ge\u00f6ffnet. Es gibt also keinen Grund zur Sorge. Egal, wie sp\u00e4t Ihr Flug ist, Sie werden ein ge\u00f6ffnetes Caf\u00e9 oder Buffet finden.<\/p>\n<p>Der Flughafen ist vom Beginn der ersten Fl\u00fcge am Morgen (gegen 6:00 Uhr) bis zum letzten Flug in der Nacht (normalerweise zwischen 22:30 und 23:00 Uhr) ge\u00f6ffnet. Caf\u00e9s und Restaurants sind ebenfalls nach dem Flugplan ge\u00f6ffnet, in der Regel zwischen 06:00 und 23:00 Uhr.<\/p>\n<h3>Essen in der VIP-Lounge am Flughafen Marsa Alam<\/h3>\n<p>Wenn Sie vor Ihrem Flug Wert auf Komfort legen, k\u00f6nnen Sie in der VIP-Lounge auf Ihren Flug warten. Sie k\u00f6nnen den Pearl Lounge-Bereich am Flughafen Marsa Alam gegen eine Geb\u00fchr nutzen. Hier k\u00f6nnen Sie sich auf bequemen Sitzen abseits der Menschenmassen entspannen und das kostenlose Buffet genie\u00dfen. Das Buffet umfasst normalerweise Snacks wie Sandwiches, Salate, Kuchen und Kekse. Auch kalte und warme Getr\u00e4nke sind unbegrenzt erh\u00e4ltlich. Wenn Sie am Flughafen auf Ihren Flug warten und einen Snack zu sich nehmen m\u00f6chten, k\u00f6nnen Sie dies in der VIP-Lounge tun.<\/p>\n<h3>Gibt es Gesch\u00e4fte, die Lebensmittel verkaufen?<\/h3>\n<p>Wenn Sie nicht in einem Restaurant sitzen oder etwas mit ins Flugzeug nehmen m\u00f6chten, k\u00f6nnen Sie an den Buffets in der Departure Lounge Speisen und Getr\u00e4nke kaufen.<\/p>\n<p><strong>Duty-Free-Shop<\/strong>: Hier finden Sie verpackte internationale Marken wie Schokolade, Kekse und S\u00fc\u00dfigkeiten.<br \/>\n<strong>Buch-\/Zeitschriftenl\u00e4den<\/strong>: In diesen Gesch\u00e4ften werden in der Regel einfache Snacks wie Chips, Cracker, Wasser und Softdrinks verkauft.<\/p>\n<h2>\nListe der Caf\u00e9s, Bars und Restaurants am Flughafen Marsa Alam<\/h2>\n<p><strong>Garten-Caf\u00e9<\/strong>: Das Garden Caf\u00e9 befindet sich im rechten Korridor gleich nach der Passkontrolle. Auf der Speisekarte stehen verschiedene Sandwiches (Thunfisch, H\u00e4hnchen, Gem\u00fcse), frisch gebr\u00fchter Filterkaffee und Espresso-Getr\u00e4nke sowie Desserts (Dattelkuchen, Baklava-Schnitten). Wenn Sie vor Ihrem Flug noch schnell einen Happen essen m\u00f6chten, k\u00f6nnen Sie dieses Caf\u00e9 w\u00e4hlen.<\/p>\n<p><strong>Caf\u00e9 &amp; Co<\/strong>: Caf\u00e9 &amp; Co ist ein Caf\u00e9, das sich im Korridor gegen\u00fcber dem Garden Caf\u00e9 befindet. Es bietet Kaffeesorten wie Espresso, Latte und Cappuccino sowie Kaltgetr\u00e4nke mit Fruchtgeschmack, frisch gepresste Fruchts\u00e4fte und verpackte Snacks.<br \/>\n<strong>KAI-Pizza<\/strong>: KAI Pizza befindet sich gegen\u00fcber von Caf\u00e9 &amp; Co. Es werden einzelne Scheiben oder ganze Pizzen angeboten. Es wird eine Vielzahl von Pizzen serviert, von Margarita bis Peperoni.<\/p>\n<p><strong>Wegi Kaffee<\/strong>: Wegi Coffee befindet sich im Bereich nach der Sicherheitskontrolle in der N\u00e4he der Duty-free-Shops. Auf der Speisekarte stehen Espresso, Americano, Milchkaffee sowie in den Sommermonaten auch kalte Kaffeesorten und aromatisierte Eisgetr\u00e4nke. Die Bedienung ist sehr schnell.<\/p>\n<p><strong>Duty-Free-Ecke f\u00fcr Lebensmittel<\/strong>: Im Duty-Free Food Corner im Sicherheitsbereich werden verschiedene S\u00fc\u00dfigkeiten und Snacks verkauft, darunter weltbekannte Schokoladenmarken wie Lindt und Toblerone sowie Dattel-Energieriegel.<\/p>\n<p><strong>Verkaufsautomaten f\u00fcr Wasser und Snacks<\/strong><\/p>\n<p>Am Ende der G\u00e4nge finden Sie Verkaufsautomaten, an denen Sie Trinkwasser und einfache Snacks wie abgepackte Kekse und Cracker kaufen k\u00f6nnen. In bestimmten Bereichen des Flughafens gibt es auch kostenlose Wassertankstellen. So k\u00f6nnen Sie Ihren Urlaub mit einem letzten Bissen ausklingen lassen, w\u00e4hrend Sie auf Ihren Flug warten. Ich w\u00fcnsche Ihnen einen guten Flug!<\/p>","protected":false},"excerpt":{"rendered":"<p>Wenn sich Ihr Urlaub in Marsa Alam dem Ende zuneigt, ist eine der sch\u00f6nsten Arten, die Wartezeit auf [...]<\/p>","protected":false},"author":1,"featured_media":0,"parent":0,"menu_order":0,"comment_status":"closed","ping_status":"closed","template":"","meta":{"_acf_changed":false,"site-sidebar-layout":"default","site-content-layout":"","ast-site-content-layout":"default","site-content-style":"default","site-sidebar-style":"default","ast-global-header-display":"","ast-banner-title-visibility":"","ast-main-header-display":"","ast-hfb-above-header-display":"","ast-hfb-below-header-display":"","ast-hfb-mobile-header-display":"","site-post-title":"","ast-breadcrumbs-content":"","ast-featured-img":"","footer-sml-layout":"","theme-transparent-header-meta":"default","adv-header-id-meta":"","stick-header-meta":"","header-above-stick-meta":"","header-main-stick-meta":"","header-below-stick-meta":"","astra-migrate-meta-layouts":"set","ast-page-background-enabled":"default","ast-page-background-meta":{"desktop":{"background-color":"var(--ast-global-color-4)","background-image":"","background-repeat":"repeat","background-position":"center center","background-size":"auto","background-attachment":"scroll","background-type":"","background-media":"","overlay-type":"","overlay-color":"","overlay-opacity":"","overlay-gradient":""},"tablet":{"background-color":"","background-image":"","background-repeat":"repeat","background-position":"center center","background-size":"auto","background-attachment":"scroll","background-type":"","background-media":"","overlay-type":"","overlay-color":"","overlay-opacity":"","overlay-gradient":""},"mobile":{"background-color":"","background-image":"","background-repeat":"repeat","background-position":"center center","background-size":"auto","background-attachment":"scroll","background-type":"","background-media":"","overlay-type":"","overlay-color":"","overlay-opacity":"","overlay-gradient":""}},"ast-content-background-meta":{"desktop":{"background-color":"var(--ast-global-color-5)","background-image":"","background-repeat":"repeat","background-position":"center center","background-size":"auto","background-attachment":"scroll","background-type":"","background-media":"","overlay-type":"","overlay-color":"","overlay-opacity":"","overlay-gradient":""},"tablet":{"background-color":"var(--ast-global-color-5)","background-image":"","background-repeat":"repeat","background-position":"center center","background-size":"auto","background-attachment":"scroll","background-type":"","background-media":"","overlay-type":"","overlay-color":"","overlay-opacity":"","overlay-gradient":""},"mobile":{"background-color":"var(--ast-global-color-5)","background-image":"","background-repeat":"repeat","background-position":"center center","background-size":"auto","background-attachment":"scroll","background-type":"","background-media":"","overlay-type":"","overlay-color":"","overlay-opacity":"","overlay-gradient":""}},"footnotes":""},"class_list":["post-1163","page","type-page","status-publish","hentry"],"acf":[],"yoast_head":"<!-- This site is optimized with the Yoast SEO Premium plugin v24.0 (Yoast SEO v26.6) - https:\/\/yoast.com\/wordpress\/plugins\/seo\/ -->\n<title>Marsa Alam Airport Restaurants, Cafes and Food a detailed guide<\/title>\n<meta name=\"description\" content=\"A complete guide to Marsa Alam Airport restaurants and food. A list of every restaurant, bar and cafe, plus their locations within the airport.\" \/>\n<meta name=\"robots\" content=\"index, follow, max-snippet:-1, max-image-preview:large, max-video-preview:-1\" \/>\n<link rel=\"canonical\" href=\"https:\/\/marsaalam-airport.com\/de\/marsa-alam-airport-cafes-and-restaurants\/\" \/>\n<meta property=\"og:locale\" content=\"de_DE\" \/>\n<meta property=\"og:type\" content=\"article\" \/>\n<meta property=\"og:title\" content=\"Marsa Alam Airport Cafes and Restaurants\" \/>\n<meta property=\"og:description\" content=\"A complete guide to Marsa Alam Airport restaurants and food. A list of every restaurant, bar and cafe, plus their locations within the airport.\" \/>\n<meta property=\"og:url\" content=\"https:\/\/marsaalam-airport.com\/de\/marsa-alam-airport-cafes-and-restaurants\/\" \/>\n<meta property=\"article:publisher\" content=\"https:\/\/www.facebook.com\/marsaalamairportinternational\" \/>\n<meta property=\"og:image\" content=\"https:\/\/marsaalam-airport.com\/wp-content\/uploads\/marsa-alam-airport-1.webp\" \/>\n\t<meta property=\"og:image:width\" content=\"1024\" \/>\n\t<meta property=\"og:image:height\" content=\"683\" \/>\n\t<meta property=\"og:image:type\" content=\"image\/webp\" \/>\n<meta name=\"twitter:card\" content=\"summary_large_image\" \/>\n<meta name=\"twitter:label1\" content=\"Gesch\u00e4tzte Lesezeit\" \/>\n\t<meta name=\"twitter:data1\" content=\"4\u00a0Minuten\" \/>\n<script type=\"application\/ld+json\" class=\"yoast-schema-graph\">{\"@context\":\"https:\/\/schema.org\",\"@graph\":[{\"@type\":\"WebPage\",\"@id\":\"https:\/\/marsaalam-airport.com\/marsa-alam-airport-cafes-and-restaurants\/\",\"url\":\"https:\/\/marsaalam-airport.com\/marsa-alam-airport-cafes-and-restaurants\/\",\"name\":\"Marsa Alam Airport Restaurants, Cafes and Food a detailed guide\",\"isPartOf\":{\"@id\":\"https:\/\/marsaalam-airport.com\/#website\"},\"datePublished\":\"2025-07-21T11:17:27+00:00\",\"description\":\"A complete guide to Marsa Alam Airport restaurants and food. A list of every restaurant, bar and cafe, plus their locations within the airport.\",\"breadcrumb\":{\"@id\":\"https:\/\/marsaalam-airport.com\/marsa-alam-airport-cafes-and-restaurants\/#breadcrumb\"},\"inLanguage\":\"de\",\"potentialAction\":[{\"@type\":\"ReadAction\",\"target\":[\"https:\/\/marsaalam-airport.com\/marsa-alam-airport-cafes-and-restaurants\/\"]}]},{\"@type\":\"BreadcrumbList\",\"@id\":\"https:\/\/marsaalam-airport.com\/marsa-alam-airport-cafes-and-restaurants\/#breadcrumb\",\"itemListElement\":[{\"@type\":\"ListItem\",\"position\":1,\"name\":\"Home\",\"item\":\"https:\/\/marsaalam-airport.com\/\"},{\"@type\":\"ListItem\",\"position\":2,\"name\":\"Marsa Alam Airport Cafes and Restaurants\"}]},{\"@type\":\"WebSite\",\"@id\":\"https:\/\/marsaalam-airport.com\/#website\",\"url\":\"https:\/\/marsaalam-airport.com\/\",\"name\":\"Marsa Alam International Airport\",\"description\":\"\",\"publisher\":{\"@id\":\"https:\/\/marsaalam-airport.com\/#organization\"},\"alternateName\":\"RMF\",\"potentialAction\":[{\"@type\":\"SearchAction\",\"target\":{\"@type\":\"EntryPoint\",\"urlTemplate\":\"https:\/\/marsaalam-airport.com\/?s={search_term_string}\"},\"query-input\":{\"@type\":\"PropertyValueSpecification\",\"valueRequired\":true,\"valueName\":\"search_term_string\"}}],\"inLanguage\":\"de\"},{\"@type\":\"Organization\",\"@id\":\"https:\/\/marsaalam-airport.com\/#organization\",\"name\":\"Marsa Alam International Airport\",\"alternateName\":\"RMF\",\"url\":\"https:\/\/marsaalam-airport.com\/\",\"logo\":{\"@type\":\"ImageObject\",\"inLanguage\":\"de\",\"@id\":\"https:\/\/marsaalam-airport.com\/#\/schema\/logo\/image\/\",\"url\":\"https:\/\/marsaalam-airport.com\/wp-content\/uploads\/cropped-rmf-logo.png\",\"contentUrl\":\"https:\/\/marsaalam-airport.com\/wp-content\/uploads\/cropped-rmf-logo.png\",\"width\":1998,\"height\":667,\"caption\":\"Marsa Alam International Airport\"},\"image\":{\"@id\":\"https:\/\/marsaalam-airport.com\/#\/schema\/logo\/image\/\"},\"sameAs\":[\"https:\/\/www.facebook.com\/marsaalamairportinternational\"],\"description\":\"Marsa Alam Airport (RMF) provides live tracking for arrivals & departures plus comfortable airport hotels with free shuttles.\",\"email\":\"info@marsaalam-airport.com\",\"legalName\":\"Marsa Alam Airport\"}]}<\/script>\n<!-- \/ Yoast SEO Premium plugin. -->","yoast_head_json":{"title":"Marsa Alam Airport Restaurants, Cafes and Food a detailed guide","description":"A complete guide to Marsa Alam Airport restaurants and food. A list of every restaurant, bar and cafe, plus their locations within the airport.","robots":{"index":"index","follow":"follow","max-snippet":"max-snippet:-1","max-image-preview":"max-image-preview:large","max-video-preview":"max-video-preview:-1"},"canonical":"https:\/\/marsaalam-airport.com\/de\/marsa-alam-airport-cafes-and-restaurants\/","og_locale":"de_DE","og_type":"article","og_title":"Marsa Alam Airport Cafes and Restaurants","og_description":"A complete guide to Marsa Alam Airport restaurants and food. A list of every restaurant, bar and cafe, plus their locations within the airport.","og_url":"https:\/\/marsaalam-airport.com\/de\/marsa-alam-airport-cafes-and-restaurants\/","article_publisher":"https:\/\/www.facebook.com\/marsaalamairportinternational","og_image":[{"width":1024,"height":683,"url":"https:\/\/marsaalam-airport.com\/wp-content\/uploads\/marsa-alam-airport-1.webp","type":"image\/webp"}],"twitter_card":"summary_large_image","twitter_misc":{"Gesch\u00e4tzte Lesezeit":"4\u00a0Minuten"},"schema":{"@context":"https:\/\/schema.org","@graph":[{"@type":"WebPage","@id":"https:\/\/marsaalam-airport.com\/marsa-alam-airport-cafes-and-restaurants\/","url":"https:\/\/marsaalam-airport.com\/marsa-alam-airport-cafes-and-restaurants\/","name":"Marsa Alam Airport Restaurants, Cafes and Food a detailed guide","isPartOf":{"@id":"https:\/\/marsaalam-airport.com\/#website"},"datePublished":"2025-07-21T11:17:27+00:00","description":"A complete guide to Marsa Alam Airport restaurants and food. A list of every restaurant, bar and cafe, plus their locations within the airport.","breadcrumb":{"@id":"https:\/\/marsaalam-airport.com\/marsa-alam-airport-cafes-and-restaurants\/#breadcrumb"},"inLanguage":"de","potentialAction":[{"@type":"ReadAction","target":["https:\/\/marsaalam-airport.com\/marsa-alam-airport-cafes-and-restaurants\/"]}]},{"@type":"BreadcrumbList","@id":"https:\/\/marsaalam-airport.com\/marsa-alam-airport-cafes-and-restaurants\/#breadcrumb","itemListElement":[{"@type":"ListItem","position":1,"name":"Home","item":"https:\/\/marsaalam-airport.com\/"},{"@type":"ListItem","position":2,"name":"Marsa Alam Airport Cafes and Restaurants"}]},{"@type":"WebSite","@id":"https:\/\/marsaalam-airport.com\/#website","url":"https:\/\/marsaalam-airport.com\/","name":"Marsa Alam International Airport","description":"","publisher":{"@id":"https:\/\/marsaalam-airport.com\/#organization"},"alternateName":"RMF","potentialAction":[{"@type":"SearchAction","target":{"@type":"EntryPoint","urlTemplate":"https:\/\/marsaalam-airport.com\/?s={search_term_string}"},"query-input":{"@type":"PropertyValueSpecification","valueRequired":true,"valueName":"search_term_string"}}],"inLanguage":"de"},{"@type":"Organization","@id":"https:\/\/marsaalam-airport.com\/#organization","name":"Marsa Alam International Airport","alternateName":"RMF","url":"https:\/\/marsaalam-airport.com\/","logo":{"@type":"ImageObject","inLanguage":"de","@id":"https:\/\/marsaalam-airport.com\/#\/schema\/logo\/image\/","url":"https:\/\/marsaalam-airport.com\/wp-content\/uploads\/cropped-rmf-logo.png","contentUrl":"https:\/\/marsaalam-airport.com\/wp-content\/uploads\/cropped-rmf-logo.png","width":1998,"height":667,"caption":"Marsa Alam International Airport"},"image":{"@id":"https:\/\/marsaalam-airport.com\/#\/schema\/logo\/image\/"},"sameAs":["https:\/\/www.facebook.com\/marsaalamairportinternational"],"description":"Marsa Alam Airport (RMF) provides live tracking for arrivals & departures plus comfortable airport hotels with free shuttles.","email":"info@marsaalam-airport.com","legalName":"Marsa Alam Airport"}]}},"_links":{"self":[{"href":"https:\/\/marsaalam-airport.com\/de\/wp-json\/wp\/v2\/pages\/1163","targetHints":{"allow":["GET"]}}],"collection":[{"href":"https:\/\/marsaalam-airport.com\/de\/wp-json\/wp\/v2\/pages"}],"about":[{"href":"https:\/\/marsaalam-airport.com\/de\/wp-json\/wp\/v2\/types\/page"}],"author":[{"embeddable":true,"href":"https:\/\/marsaalam-airport.com\/de\/wp-json\/wp\/v2\/users\/1"}],"replies":[{"embeddable":true,"href":"https:\/\/marsaalam-airport.com\/de\/wp-json\/wp\/v2\/comments?post=1163"}],"version-history":[{"count":1,"href":"https:\/\/marsaalam-airport.com\/de\/wp-json\/wp\/v2\/pages\/1163\/revisions"}],"predecessor-version":[{"id":1165,"href":"https:\/\/marsaalam-airport.com\/de\/wp-json\/wp\/v2\/pages\/1163\/revisions\/1165"}],"wp:attachment":[{"href":"https:\/\/marsaalam-airport.com\/de\/wp-json\/wp\/v2\/media?parent=1163"}],"curies":[{"name":"wp","href":"https:\/\/api.w.org\/{rel}","templated":true}]}}