{"id":392,"date":"2024-11-18T22:20:47","date_gmt":"2024-11-18T22:20:47","guid":{"rendered":"http:\/\/deneme.local\/?page_id=392"},"modified":"2025-08-07T16:34:23","modified_gmt":"2025-08-07T16:34:23","slug":"jaz-grand-marsa","status":"publish","type":"page","link":"https:\/\/marsaalam-airport.com\/cs\/jaz-grand-marsa\/","title":{"rendered":"Jaz Grand Marsa"},"content":{"rendered":"","protected":false},"excerpt":{"rendered":"","protected":false},"author":1,"featured_media":1054,"parent":0,"menu_order":0,"comment_status":"closed","ping_status":"closed","template":"page-templates\/hotel-details.php","meta":{"_acf_changed":false,"site-sidebar-layout":"default","site-content-layout":"","ast-site-content-layout":"default","site-content-style":"default","site-sidebar-style":"default","ast-global-header-display":"","ast-banner-title-visibility":"","ast-main-header-display":"","ast-hfb-above-header-display":"","ast-hfb-below-header-display":"","ast-hfb-mobile-header-display":"","site-post-title":"","ast-breadcrumbs-content":"","ast-featured-img":"","footer-sml-layout":"","theme-transparent-header-meta":"default","adv-header-id-meta":"","stick-header-meta":"","header-above-stick-meta":"","header-main-stick-meta":"","header-below-stick-meta":"","astra-migrate-meta-layouts":"set","ast-page-background-enabled":"default","ast-page-background-meta":{"desktop":{"background-color":"var(--ast-global-color-4)","background-image":"","background-repeat":"repeat","background-position":"center center","background-size":"auto","background-attachment":"scroll","background-type":"","background-media":"","overlay-type":"","overlay-color":"","overlay-opacity":"","overlay-gradient":""},"tablet":{"background-color":"","background-image":"","background-repeat":"repeat","background-position":"center center","background-size":"auto","background-attachment":"scroll","background-type":"","background-media":"","overlay-type":"","overlay-color":"","overlay-opacity":"","overlay-gradient":""},"mobile":{"background-color":"","background-image":"","background-repeat":"repeat","background-position":"center center","background-size":"auto","background-attachment":"scroll","background-type":"","background-media":"","overlay-type":"","overlay-color":"","overlay-opacity":"","overlay-gradient":""}},"ast-content-background-meta":{"desktop":{"background-color":"var(--ast-global-color-5)","background-image":"","background-repeat":"repeat","background-position":"center center","background-size":"auto","background-attachment":"scroll","background-type":"","background-media":"","overlay-type":"","overlay-color":"","overlay-opacity":"","overlay-gradient":""},"tablet":{"background-color":"var(--ast-global-color-5)","background-image":"","background-repeat":"repeat","background-position":"center center","background-size":"auto","background-attachment":"scroll","background-type":"","background-media":"","overlay-type":"","overlay-color":"","overlay-opacity":"","overlay-gradient":""},"mobile":{"background-color":"var(--ast-global-color-5)","background-image":"","background-repeat":"repeat","background-position":"center center","background-size":"auto","background-attachment":"scroll","background-type":"","background-media":"","overlay-type":"","overlay-color":"","overlay-opacity":"","overlay-gradient":""}},"footnotes":""},"class_list":["post-392","page","type-page","status-publish","has-post-thumbnail","hentry"],"acf":[],"yoast_head":"<!-- This site is optimized with the Yoast SEO Premium plugin v24.0 (Yoast SEO v26.6) - https:\/\/yoast.com\/wordpress\/plugins\/seo\/ -->\n<title>Jaz Grand Marsa: Ultimate Family Retreat by the Red Sea<\/title>\n<meta name=\"description\" content=\"Experience total relaxation at this five-star resort, minutes from Marsa Alam Airport. Dive into vibrant coral reefs, savor global cuisine, and enjoy endless family activities.\" \/>\n<meta name=\"robots\" content=\"index, follow, max-snippet:-1, max-image-preview:large, max-video-preview:-1\" \/>\n<link rel=\"canonical\" href=\"https:\/\/marsaalam-airport.com\/cs\/jaz-grand-marsa\/\" \/>\n<meta property=\"og:locale\" content=\"cs_CZ\" \/>\n<meta property=\"og:type\" content=\"article\" \/>\n<meta property=\"og:title\" content=\"Jaz Grand Marsa\" \/>\n<meta property=\"og:description\" content=\"Experience total relaxation at this five-star resort, minutes from Marsa Alam Airport. Dive into vibrant coral reefs, savor global cuisine, and enjoy endless family activities.\" \/>\n<meta property=\"og:url\" content=\"https:\/\/marsaalam-airport.com\/cs\/jaz-grand-marsa\/\" \/>\n<meta property=\"article:publisher\" content=\"https:\/\/www.facebook.com\/marsaalamairportinternational\" \/>\n<meta property=\"article:modified_time\" content=\"2025-08-07T16:34:23+00:00\" \/>\n<meta property=\"og:image\" content=\"https:\/\/marsaalam-airport.com\/wp-content\/uploads\/Jaz-Grand-Marsa-1-1.jpg\" \/><meta property=\"og:image\" content=\"https:\/\/marsaalam-airport.com\/wp-content\/uploads\/Jaz-Grand-Marsa-1-1.jpg\" \/>\n\t<meta property=\"og:image:width\" content=\"200\" \/>\n\t<meta property=\"og:image:height\" content=\"200\" \/>\n\t<meta property=\"og:image:type\" content=\"image\/jpeg\" \/>\n<meta name=\"twitter:card\" content=\"summary_large_image\" \/>\n<meta name=\"twitter:image\" content=\"https:\/\/marsaalam-airport.com\/wp-content\/uploads\/Jaz-Grand-Marsa-1-1.jpg\" \/>\n<meta name=\"twitter:label1\" content=\"Odhadovan\u00e1 doba \u010dten\u00ed\" \/>\n\t<meta name=\"twitter:data1\" content=\"4 minuty\" \/>\n<script type=\"application\/ld+json\" class=\"yoast-schema-graph\">{\"@context\":\"https:\/\/schema.org\",\"@graph\":[{\"@type\":\"WebPage\",\"@id\":\"https:\/\/marsaalam-airport.com\/jaz-grand-marsa\/\",\"url\":\"https:\/\/marsaalam-airport.com\/jaz-grand-marsa\/\",\"name\":\"Jaz Grand Marsa: Ultimate Family Retreat by the Red Sea\",\"isPartOf\":{\"@id\":\"https:\/\/marsaalam-airport.com\/#website\"},\"primaryImageOfPage\":{\"@id\":\"https:\/\/marsaalam-airport.com\/jaz-grand-marsa\/#primaryimage\"},\"image\":{\"@id\":\"https:\/\/marsaalam-airport.com\/jaz-grand-marsa\/#primaryimage\"},\"thumbnailUrl\":\"https:\/\/i0.wp.com\/marsaalam-airport.com\/wp-content\/uploads\/Jaz-Grand-Marsa-1-1.jpg?w=200&resize=200,200&ssl=1\",\"datePublished\":\"2024-11-18T22:20:47+00:00\",\"dateModified\":\"2025-08-07T16:34:23+00:00\",\"description\":\"Experience total relaxation at this five-star resort, minutes from Marsa Alam Airport. Dive into vibrant coral reefs, savor global cuisine, and enjoy endless family activities.\",\"breadcrumb\":{\"@id\":\"https:\/\/marsaalam-airport.com\/jaz-grand-marsa\/#breadcrumb\"},\"inLanguage\":\"cs\",\"potentialAction\":[{\"@type\":\"ReadAction\",\"target\":[\"https:\/\/marsaalam-airport.com\/jaz-grand-marsa\/\"]}]},{\"@type\":\"ImageObject\",\"inLanguage\":\"cs\",\"@id\":\"https:\/\/marsaalam-airport.com\/jaz-grand-marsa\/#primaryimage\",\"url\":\"https:\/\/i0.wp.com\/marsaalam-airport.com\/wp-content\/uploads\/Jaz-Grand-Marsa-1-1.jpg?w=200&resize=200,200&ssl=1\",\"contentUrl\":\"https:\/\/i0.wp.com\/marsaalam-airport.com\/wp-content\/uploads\/Jaz-Grand-Marsa-1-1.jpg?w=200&resize=200,200&ssl=1\",\"width\":\"200\",\"height\":\"200\"},{\"@type\":\"BreadcrumbList\",\"@id\":\"https:\/\/marsaalam-airport.com\/jaz-grand-marsa\/#breadcrumb\",\"itemListElement\":[{\"@type\":\"ListItem\",\"position\":1,\"name\":\"Home\",\"item\":\"https:\/\/marsaalam-airport.com\/\"},{\"@type\":\"ListItem\",\"position\":2,\"name\":\"Jaz Grand Marsa\"}]},{\"@type\":\"WebSite\",\"@id\":\"https:\/\/marsaalam-airport.com\/#website\",\"url\":\"https:\/\/marsaalam-airport.com\/\",\"name\":\"Marsa Alam International Airport\",\"description\":\"\",\"publisher\":{\"@id\":\"https:\/\/marsaalam-airport.com\/#organization\"},\"alternateName\":\"RMF\",\"potentialAction\":[{\"@type\":\"SearchAction\",\"target\":{\"@type\":\"EntryPoint\",\"urlTemplate\":\"https:\/\/marsaalam-airport.com\/?s={search_term_string}\"},\"query-input\":{\"@type\":\"PropertyValueSpecification\",\"valueRequired\":true,\"valueName\":\"search_term_string\"}}],\"inLanguage\":\"cs\"},{\"@type\":\"Organization\",\"@id\":\"https:\/\/marsaalam-airport.com\/#organization\",\"name\":\"Marsa Alam International Airport\",\"alternateName\":\"RMF\",\"url\":\"https:\/\/marsaalam-airport.com\/\",\"logo\":{\"@type\":\"ImageObject\",\"inLanguage\":\"cs\",\"@id\":\"https:\/\/marsaalam-airport.com\/#\/schema\/logo\/image\/\",\"url\":\"https:\/\/marsaalam-airport.com\/wp-content\/uploads\/cropped-rmf-logo.png\",\"contentUrl\":\"https:\/\/marsaalam-airport.com\/wp-content\/uploads\/cropped-rmf-logo.png\",\"width\":1998,\"height\":667,\"caption\":\"Marsa Alam International Airport\"},\"image\":{\"@id\":\"https:\/\/marsaalam-airport.com\/#\/schema\/logo\/image\/\"},\"sameAs\":[\"https:\/\/www.facebook.com\/marsaalamairportinternational\"],\"description\":\"Marsa Alam Airport (RMF) provides live tracking for arrivals & departures plus comfortable airport hotels with free shuttles.\",\"email\":\"info@marsaalam-airport.com\",\"legalName\":\"Marsa Alam Airport\"}]}<\/script>\n<!-- \/ Yoast SEO Premium plugin. -->","yoast_head_json":{"title":"Jaz Grand Marsa: Ultimate Family Retreat by the Red Sea","description":"Experience total relaxation at this five-star resort, minutes from Marsa Alam Airport. Dive into vibrant coral reefs, savor global cuisine, and enjoy endless family activities.","robots":{"index":"index","follow":"follow","max-snippet":"max-snippet:-1","max-image-preview":"max-image-preview:large","max-video-preview":"max-video-preview:-1"},"canonical":"https:\/\/marsaalam-airport.com\/cs\/jaz-grand-marsa\/","og_locale":"cs_CZ","og_type":"article","og_title":"Jaz Grand Marsa","og_description":"Experience total relaxation at this five-star resort, minutes from Marsa Alam Airport. Dive into vibrant coral reefs, savor global cuisine, and enjoy endless family activities.","og_url":"https:\/\/marsaalam-airport.com\/cs\/jaz-grand-marsa\/","article_publisher":"https:\/\/www.facebook.com\/marsaalamairportinternational","article_modified_time":"2025-08-07T16:34:23+00:00","og_image":[{"url":"https:\/\/marsaalam-airport.com\/wp-content\/uploads\/Jaz-Grand-Marsa-1-1.jpg","type":"","width":"","height":""},{"width":200,"height":200,"url":"https:\/\/marsaalam-airport.com\/wp-content\/uploads\/Jaz-Grand-Marsa-1-1.jpg","type":"image\/jpeg"}],"twitter_card":"summary_large_image","twitter_image":"https:\/\/marsaalam-airport.com\/wp-content\/uploads\/Jaz-Grand-Marsa-1-1.jpg","twitter_misc":{"Odhadovan\u00e1 doba \u010dten\u00ed":"4 minuty"},"schema":{"@context":"https:\/\/schema.org","@graph":[{"@type":"WebPage","@id":"https:\/\/marsaalam-airport.com\/jaz-grand-marsa\/","url":"https:\/\/marsaalam-airport.com\/jaz-grand-marsa\/","name":"Jaz Grand Marsa: Ultimate Family Retreat by the Red Sea","isPartOf":{"@id":"https:\/\/marsaalam-airport.com\/#website"},"primaryImageOfPage":{"@id":"https:\/\/marsaalam-airport.com\/jaz-grand-marsa\/#primaryimage"},"image":{"@id":"https:\/\/marsaalam-airport.com\/jaz-grand-marsa\/#primaryimage"},"thumbnailUrl":"https:\/\/i0.wp.com\/marsaalam-airport.com\/wp-content\/uploads\/Jaz-Grand-Marsa-1-1.jpg?w=200&resize=200,200&ssl=1","datePublished":"2024-11-18T22:20:47+00:00","dateModified":"2025-08-07T16:34:23+00:00","description":"Experience total relaxation at this five-star resort, minutes from Marsa Alam Airport. Dive into vibrant coral reefs, savor global cuisine, and enjoy endless family activities.","breadcrumb":{"@id":"https:\/\/marsaalam-airport.com\/jaz-grand-marsa\/#breadcrumb"},"inLanguage":"cs","potentialAction":[{"@type":"ReadAction","target":["https:\/\/marsaalam-airport.com\/jaz-grand-marsa\/"]}]},{"@type":"ImageObject","inLanguage":"cs","@id":"https:\/\/marsaalam-airport.com\/jaz-grand-marsa\/#primaryimage","url":"https:\/\/i0.wp.com\/marsaalam-airport.com\/wp-content\/uploads\/Jaz-Grand-Marsa-1-1.jpg?w=200&resize=200,200&ssl=1","contentUrl":"https:\/\/i0.wp.com\/marsaalam-airport.com\/wp-content\/uploads\/Jaz-Grand-Marsa-1-1.jpg?w=200&resize=200,200&ssl=1","width":"200","height":"200"},{"@type":"BreadcrumbList","@id":"https:\/\/marsaalam-airport.com\/jaz-grand-marsa\/#breadcrumb","itemListElement":[{"@type":"ListItem","position":1,"name":"Home","item":"https:\/\/marsaalam-airport.com\/"},{"@type":"ListItem","position":2,"name":"Jaz Grand Marsa"}]},{"@type":"WebSite","@id":"https:\/\/marsaalam-airport.com\/#website","url":"https:\/\/marsaalam-airport.com\/","name":"Marsa Alam International Airport","description":"","publisher":{"@id":"https:\/\/marsaalam-airport.com\/#organization"},"alternateName":"RMF","potentialAction":[{"@type":"SearchAction","target":{"@type":"EntryPoint","urlTemplate":"https:\/\/marsaalam-airport.com\/?s={search_term_string}"},"query-input":{"@type":"PropertyValueSpecification","valueRequired":true,"valueName":"search_term_string"}}],"inLanguage":"cs"},{"@type":"Organization","@id":"https:\/\/marsaalam-airport.com\/#organization","name":"Marsa Alam International Airport","alternateName":"RMF","url":"https:\/\/marsaalam-airport.com\/","logo":{"@type":"ImageObject","inLanguage":"cs","@id":"https:\/\/marsaalam-airport.com\/#\/schema\/logo\/image\/","url":"https:\/\/marsaalam-airport.com\/wp-content\/uploads\/cropped-rmf-logo.png","contentUrl":"https:\/\/marsaalam-airport.com\/wp-content\/uploads\/cropped-rmf-logo.png","width":1998,"height":667,"caption":"Marsa Alam International Airport"},"image":{"@id":"https:\/\/marsaalam-airport.com\/#\/schema\/logo\/image\/"},"sameAs":["https:\/\/www.facebook.com\/marsaalamairportinternational"],"description":"Marsa Alam Airport (RMF) provides live tracking for arrivals & departures plus comfortable airport hotels with free shuttles.","email":"info@marsaalam-airport.com","legalName":"Marsa Alam Airport"}]}},"_links":{"self":[{"href":"https:\/\/marsaalam-airport.com\/cs\/wp-json\/wp\/v2\/pages\/392","targetHints":{"allow":["GET"]}}],"collection":[{"href":"https:\/\/marsaalam-airport.com\/cs\/wp-json\/wp\/v2\/pages"}],"about":[{"href":"https:\/\/marsaalam-airport.com\/cs\/wp-json\/wp\/v2\/types\/page"}],"author":[{"embeddable":true,"href":"https:\/\/marsaalam-airport.com\/cs\/wp-json\/wp\/v2\/users\/1"}],"replies":[{"embeddable":true,"href":"https:\/\/marsaalam-airport.com\/cs\/wp-json\/wp\/v2\/comments?post=392"}],"version-history":[{"count":1,"href":"https:\/\/marsaalam-airport.com\/cs\/wp-json\/wp\/v2\/pages\/392\/revisions"}],"predecessor-version":[{"id":1179,"href":"https:\/\/marsaalam-airport.com\/cs\/wp-json\/wp\/v2\/pages\/392\/revisions\/1179"}],"wp:featuredmedia":[{"embeddable":true,"href":"https:\/\/marsaalam-airport.com\/cs\/wp-json\/wp\/v2\/media\/1054"}],"wp:attachment":[{"href":"https:\/\/marsaalam-airport.com\/cs\/wp-json\/wp\/v2\/media?parent=392"}],"curies":[{"name":"wp","href":"https:\/\/api.w.org\/{rel}","templated":true}]}}