{"id":363,"date":"2024-11-18T12:32:18","date_gmt":"2024-11-18T12:32:18","guid":{"rendered":"http:\/\/deneme.local\/?page_id=363"},"modified":"2025-07-20T23:39:26","modified_gmt":"2025-07-20T23:39:26","slug":"departures","status":"publish","type":"page","link":"https:\/\/marsaalam-airport.com\/cs\/departures\/","title":{"rendered":"Odlety z mezin\u00e1rodn\u00edho leti\u0161t\u011b Marsa Alam"},"content":{"rendered":"<p>B\u00e1je\u010dn\u00e1 dovolen\u00e1 v Marsa Alam, kde v\u00e1s h\u0159eje slunce, fascinuje podmo\u0159sk\u00fd sv\u011bt a va\u0161e du\u0161e odpo\u010d\u00edv\u00e1 v tichu pou\u0161t\u011b, se mo\u017en\u00e1 ch\u00fdl\u00ed ke konci. Ale nebu\u010fte smutn\u00ed! S ka\u017ed\u00fdm kr\u00e1sn\u00fdm okam\u017eikem se mus\u00edme rozlou\u010dit. Postar\u00e1m se, aby toto lou\u010den\u00ed bylo co nejp\u0159\u00edjemn\u011bj\u0161\u00ed a bez stresu. Jsem tu s va\u0161\u00edm pr\u016fvodcem p\u0159i odletu z leti\u0161t\u011b Marsa Alam (RMF), kter\u00fd v\u00e1s provede p\u0159i odjezdu z perly Rud\u00e9ho mo\u0159e!<\/p>\n<p>Chcete v\u011bd\u011bt, jestli v\u00e1\u0161 let odlet\u00ed v\u010das nebo jestli m\u00e1te trochu v\u00edc \u010dasu na posledn\u00ed egyptskou k\u00e1vu? Nejjednodu\u0161\u0161\u00ed zp\u016fsob, jak to zjistit, je sledovat aktu\u00e1ln\u00ed informace o odletech na leti\u0161ti. Aktu\u00e1ln\u00ed informace, jako je \u010das odletu, stav zpo\u017ed\u011bn\u00ed a \u010d\u00edslo br\u00e1ny, najdete v tabulce n\u00ed\u017ee.<\/p>\n<p>V n\u00ed\u017ee uveden\u00e9 tabulce naleznete aktu\u00e1ln\u00ed informace o letech na Termin\u00e1l 1, leti\u0161t\u011b Marsa Alam Odlety (RMF Odlety ). Informace zahrnuj\u00ed vnitrost\u00e1tn\u00ed a mezin\u00e1rodn\u00ed lety, v\u010detn\u011b v\u0161ech dne\u0161n\u00edch odlet\u016f z leti\u0161t\u011b Marsa Alam.<\/p>\n<p>Hled\u00e1te m\u00edsto toho p\u0159\u00edlety do Marsa Alam? <a href=\"https:\/\/marsaalam-airport.com\/cs\/arrivals\/\">Klikn\u011bte zde.<\/a><\/p>\n<div class=\"iframe-wrapper\" style=\"overflow-x:auto; -webkit-overflow-scrolling:touch; width:100%;\">\r\n  <iframe loading=\"lazy\" \r\n    src=\"\/\/tracker.flightview.com\/customersetup\/FlightViewWebFids\/cachedFids\/?vmode=departures&amp;Apt=RMF&amp;mainPage=tracker.flightview.com\"\r\n    width=\"670\" height=\"790\" scrolling=\"no\"\r\n    style=\"display:block; min-width:670px; border:0;\">\r\n  <\/iframe>\r\n<\/div>\n<h2>\u017div\u00e9 aktualizace odlet\u016f z leti\u0161t\u011b Marsa Alam<\/h2>\n<p>&nbsp;<\/p>\n<p>Na leti\u0161t\u011b se z centra m\u011bsta Marsa Alam dostanete autem po silnici El-Quseir-Marsa Alam (silnice 85) sm\u011brem na sever. Asi po 5 km uvid\u00edte ukazatele \"Leti\u0161t\u011b Marsa Alam\". Pokra\u010dujte sm\u011brem k d\u00e1lnici Hurghada-Aswan (silnice 70). Uje\u010fte asi 60 km a dr\u017ete se pob\u0159e\u017e\u00ed Rud\u00e9ho mo\u0159e po lev\u00e9 stran\u011b. Na silnici jsou v obou sm\u011brech \u010derpac\u00ed stanice a po t\u00e9to silnici se dostanete na leti\u0161t\u011b Marsa Alam.<\/p>\n<p>Asi po 50 km uvid\u00edte u silnice cedule \"Leti\u0161t\u011b Marsa Alam\". Pozorn\u011b sledujte zna\u010dky, abyste nep\u0159ehl\u00e9dli posledn\u00ed v\u00fdjezd. Odbo\u010dte doprava podle zna\u010dek. Pokud pou\u017e\u00edv\u00e1te GPS, zvolte jako c\u00edl cesty \"Marsa Alam International Airport (RMF)\". Doba j\u00edzdy je 50-60 minut v z\u00e1vislosti na hustot\u011b provozu.<\/p>\n<h3>\nJak mohu na leti\u0161ti Marsa Alam odbavit cestuj\u00edc\u00ed?<\/h3>\n<p>P\u0159\u00edmo p\u0159ed vchodem do termin\u00e1lu je z\u00f3na pro odbaven\u00ed cestuj\u00edc\u00edch. V t\u00e9to z\u00f3n\u011b m\u016f\u017eete vystoupit z auta a kr\u00e1tce po\u010dkat. Pokud se na leti\u0161ti zdr\u017e\u00edte d\u00e9le ne\u017e 10 minut, m\u011bli byste auto zaparkovat na parkovi\u0161ti p\u0159ilehl\u00e9m k budov\u011b termin\u00e1lu.<\/p>\n<p>Vezm\u011bte pros\u00edm na v\u011bdom\u00ed, \u017ee v z\u00f3n\u011b p\u0159ed\u00e1n\u00ed nen\u00ed vhodn\u00e9 dlouho \u010dekat. Jakmile vystoup\u00edte z vozu a vyzvednete si zavazadla, \u0159idi\u010d mus\u00ed oblast okam\u017eit\u011b opustit. Pokud si p\u0159ejete doprovodit sv\u00e9ho cestuj\u00edc\u00edho k termin\u00e1lu, m\u011bli byste zaparkovat sv\u016fj v\u016fz na kr\u00e1tkodob\u00e9m parkovi\u0161ti.<\/p>\n<h3>Pokyny pro odletovou halu<\/h3>\n<p>Kdy\u017e vstoup\u00edte do vstupn\u00ed br\u00e1ny termin\u00e1lu 1, uvid\u00edte odbavovac\u00ed p\u0159ep\u00e1\u017eky. Po odbaven\u00ed sledujte ukazatele, kter\u00e9 v\u00e1s nasm\u011bruj\u00ed k m\u00edst\u016fm bezpe\u010dnostn\u00ed kontroly a pasov\u00e9 kontroly. \u010cek\u00e1rny na leti\u0161ti jsou velmi pohodln\u00e9.<\/p>\n<h4>\nKter\u00fd termin\u00e1l je na leti\u0161ti Marsa Alam odletov\u00fd?<\/h4>\n<p>Leti\u0161t\u011b Marsa Alam je jednoduch\u00e9 a kompaktn\u00ed. Odlety i p\u0159\u00edlety se na leti\u0161ti Marsa Alam odbavuj\u00ed p\u0159es termin\u00e1l 1. V\u0161echny mezin\u00e1rodn\u00ed lety odl\u00e9taj\u00ed ze stejn\u00e9 budovy termin\u00e1lu. Podle zna\u010dek se tedy v termin\u00e1lu snadno zorientuje\u0161, ani\u017e bys v n\u011bm m\u011bl zmatek.<\/p>\n<h4>\nOdbavovac\u00ed p\u0159ep\u00e1\u017eky \/ odevzd\u00e1n\u00ed zavazadel<\/h4>\n<p>U vchodu do termin\u00e1lu v\u00e1s nejprve p\u0159iv\u00edtaj\u00ed odbavovac\u00ed p\u0159ep\u00e1\u017eky leteck\u00fdch spole\u010dnost\u00ed. Na obrazovk\u00e1ch s informacemi o letu ihned najdete \u010d\u00edslo p\u0159ep\u00e1\u017eky va\u0161\u00ed leteck\u00e9 spole\u010dnosti. Hlavn\u00ed leteck\u00e9 spole\u010dnosti jako EgyptAir, Air Cairo, easyJet, TUI Fly, Neos maj\u00ed samostatn\u00e9 p\u0159ep\u00e1\u017eky. I kdy\u017e jste se odbavili online, mus\u00edte se u t\u011bchto p\u0159ep\u00e1\u017eek zastavit a odevzdat sv\u00e1 zavazadla. V\u00fddej zavazadel prob\u00edh\u00e1 na dopravn\u00edch p\u00e1sech ve stejn\u00e9m prostoru po odbaven\u00ed.<\/p>\n<p>U mezin\u00e1rodn\u00edch let\u016f doporu\u010duji b\u00fdt na leti\u0161ti alespo\u0148 2-3 hodiny p\u0159ed odletem. Takto m\u016f\u017eete odbaven\u00ed zvl\u00e1dnout bez stresu. M\u016f\u017eete tak\u00e9 str\u00e1vit \u010das v n\u00e1kupn\u00edch z\u00f3n\u00e1ch v termin\u00e1lu.<\/p>\n<h4>Pomoc cestuj\u00edc\u00edm se sn\u00ed\u017eenou pohyblivost\u00ed<\/h4>\n<p>Pro osoby se speci\u00e1ln\u00edmi pot\u0159ebami poskytuje leti\u0161t\u011b zdarma voz\u00ed\u010dk\u00e1\u0159skou a doprovodnou slu\u017ebu. Chcete-li tuto slu\u017ebu vyu\u017e\u00edt, mus\u00edte o tom informovat leteckou spole\u010dnost alespo\u0148 48 hodin p\u0159edem ve f\u00e1zi n\u00e1kupu letenek. K\u0159eslo si m\u016f\u017eete vz\u00edt s sebou a\u017e do konce letu a bezplatn\u011b ho pou\u017e\u00edvat b\u011bhem p\u0159ist\u00e1n\u00ed a vystupov\u00e1n\u00ed.<\/p>\n<h3>\nBezpe\u010dnostn\u00ed opat\u0159en\u00ed na leti\u0161ti Marsa Alam p\u0159i odletech<\/h3>\n<p>&nbsp;<\/p>\n<h4>Jak dlouho trv\u00e1, ne\u017e projdete bezpe\u010dnostn\u00ed kontrolou na leti\u0161ti Marsa Alam?<\/h4>\n<p>Bezpe\u010dnostn\u00ed kontrola se nach\u00e1z\u00ed hned za odbavovac\u00edm prostorem. Ne\u017e p\u0159istoup\u00edte k rentgenov\u00e9mu za\u0159\u00edzen\u00ed, m\u011bli byste se ujistit, \u017ee objem va\u0161ich tekutin nep\u0159esahuje 100 ml. Elektronick\u00e1 za\u0159\u00edzen\u00ed byste m\u011bli um\u00edstit do samostatn\u00fdch p\u0159ihr\u00e1dek. Bezpe\u010dnostn\u00ed kontrola na leti\u0161ti Marsa Alam je obvykle rychl\u00e1 a bezprobl\u00e9mov\u00e1. Ve \u0161pi\u010dce v\u0161ak m\u016f\u017ee trvat o n\u011bco d\u00e9le. V pr\u016fm\u011bru m\u016f\u017eete bezpe\u010dnostn\u00ed kontrolu absolvovat v rozmez\u00ed 15-30 minut.<\/p>\n<h4>\nKde se nach\u00e1z\u00ed bezpe\u010dnostn\u00ed stanovi\u0161t\u011b v Marsa Alam Departures?<\/h4>\n<p>Po dokon\u010den\u00ed odbaven\u00ed a vyzvednut\u00ed zavazadel postupujte podle pokyn\u016f \"Pasov\u00e1 kontrola a letov\u00e9 br\u00e1ny\" a dostanete se k bezpe\u010dnostn\u00edmu stanovi\u0161ti.<\/p>\n<h4>Pot\u0159ebuji palubn\u00ed vstupenku pro bezpe\u010dnostn\u00ed kontrolu na leti\u0161ti Marsa Alam?<\/h4>\n<p>Ano, p\u0159i bezpe\u010dnostn\u00ed kontrole je t\u0159eba p\u0159edlo\u017eit cestovn\u00ed pas s vyti\u0161t\u011bnou nebo mobiln\u00ed palubn\u00ed vstupenkou. Mobiln\u00ed palubn\u00ed vstupenka je akceptov\u00e1na. Tyto doklady byste m\u011bli m\u00edt po ruce, abyste je mohli \u00fa\u0159edn\u00edk\u016fm uk\u00e1zat.<\/p>\n<h4>\nP\u0159\u00edru\u010dn\u00ed zavazadla: p\u0159edm\u011bty povolen\u00e9 bezpe\u010dnostn\u00ed kontrolou leti\u0161t\u011b Marsa Alam<\/h4>\n<p>V p\u0159\u00edru\u010dn\u00edm zavazadle mus\u00edte m\u00edt v souladu s mezin\u00e1rodn\u00edmi pravidly tekutiny o objemu nejv\u00fd\u0161e 100 ml v pr\u016fhledn\u00e9m a uzav\u0159en\u00e9m s\u00e1\u010dku. \u0158ezn\u00e9 a bodn\u00e9 n\u00e1stroje a ho\u0159lav\u00e9 materi\u00e1ly jsou p\u0159\u00edsn\u011b zak\u00e1z\u00e1ny. Pokud m\u00e1te n\u011bjak\u00e9 l\u00e9ky, kter\u00e9 pravideln\u011b u\u017e\u00edv\u00e1te, mus\u00edte m\u00edt u sebe l\u00e9ka\u0159sk\u00fd p\u0159edpis.<\/p>\n<p>Zvl\u00e1\u0161tn\u00ed rada pro v\u00e1s: Neberte si s sebou \u017e\u00e1dn\u00e9 kor\u00e1ly nebo velk\u00e9 mu\u0161le, kter\u00e9 jste nasb\u00edrali, kdy\u017e jste se kochali kr\u00e1sami Rud\u00e9ho mo\u0159e! Nezapome\u0148te, \u017ee jsou chr\u00e1n\u011bn\u00e9.<\/p>\n<p>Cennosti si vezm\u011bte do p\u0159\u00edru\u010dn\u00edho zavazadla. Ob\u010dansk\u00fd pr\u016fkaz a palubn\u00ed vstupenku m\u011bjte na dosah. Na termin\u00e1l byste m\u011bli dorazit alespo\u0148 2 hodiny p\u0159ed odletem, abyste m\u011bli \u010das na bezpe\u010dnostn\u00ed kontrolu. Nezapome\u0148te se \u0159\u00eddit aktu\u00e1ln\u00edmi upozorn\u011bn\u00edmi agentur nebo leteck\u00fdch spole\u010dnost\u00ed.<\/p>\n<h4>Rychl\u00e1 cesta<\/h4>\n<p>Slu\u017eba \"Fast Track\" umo\u017e\u0148uje zrychlen\u00fd pr\u016fchod speci\u00e1ln\u00edmi kan\u00e1ly p\u0159i bezpe\u010dnostn\u00ed a pasov\u00e9 kontrole. Tuto slu\u017ebu m\u016f\u017eete vyu\u017e\u00edt, pokud nechcete \u010dekat ve front\u011b nebo pokud m\u00e1te p\u0159ed odletem m\u00e1lo \u010dasu. Spole\u010dnosti, jako je Paradigm Meet &amp; Greet nebo Airport Assist, v\u00e1m pomohou se v\u0161emi procedurami p\u0159ed n\u00e1stupem do letadla a doprovod\u00ed v\u00e1s p\u0159es p\u0159ep\u00e1\u017eky VIP a\u017e k v\u00fdchodu va\u0161eho letu.<\/p>\n<h4>\nObchody a restaurace<\/h4>\n<p>V t\u00e9to oblasti se nach\u00e1zej\u00ed obchody s egyptsk\u00fdmi suven\u00fdry a klasick\u00fdmi duty-free produkty (parf\u00e9my, \u010dokol\u00e1dy, alkoholick\u00e9 n\u00e1poje), odkud si m\u016f\u017eete odv\u00e9zt posledn\u00ed suven\u00fdry od Rud\u00e9ho mo\u0159e. V lev\u00e9 a prav\u00e9 chodb\u011b odletov\u00e9 \u010d\u00e1sti se nach\u00e1zej\u00ed obchody Duty-Free a mal\u00e9 butiky. V termin\u00e1lu jsou tak\u00e9 mal\u00e9 kav\u00e1rny a restaurace, kde si m\u016f\u017eete d\u00e1t p\u0159ed \u010dek\u00e1n\u00edm na let ob\u010derstven\u00ed nebo k\u00e1vu.<\/p>\n<h4>\nVIP salonek<\/h4>\n<p>Pokud chcete str\u00e1vit \u010das p\u0159ed odletem v p\u0159\u00edjemn\u011bj\u0161\u00edm a klidn\u011bj\u0161\u00edm prost\u0159ed\u00ed, m\u016f\u017eete na sv\u016fj let \u010dekat ve VIP sal\u00f3nku uvnit\u0159 termin\u00e1lu. P\u0159\u00edstup do t\u00e9to z\u00f3ny je mo\u017en\u00fd na z\u00e1klad\u011b \u010dlenstv\u00ed, zlat\u00e9ho pasu FlyEgypt nebo bal\u00ed\u010dk\u016f Fast Track. Salonek nab\u00edz\u00ed ob\u010derstven\u00ed, bezdr\u00e1tov\u00fd internet a pohodln\u00e9 posezen\u00ed.<\/p>\n<h4>\nPasov\u00e1 kontrola<\/h4>\n<p>Po bezpe\u010dnostn\u00ed kontrole je posledn\u00edm ofici\u00e1ln\u00edm m\u00edstem, kde v\u00e1m bude d\u00e1no raz\u00edtko p\u0159i odjezdu z Egypta, pasov\u00e1 kontrola. \u00da\u0159edn\u00edkovi jednodu\u0161e p\u0159ed\u00e1te sv\u016fj pas a palubn\u00ed vstupenku. Tento proces trv\u00e1 n\u011bkolik minut. V ru\u0161n\u00fdch obdob\u00edch m\u016f\u017ee b\u00fdt fronta del\u0161\u00ed. \u010cekac\u00ed doba se obvykle pohybuje mezi 5 a 10 minutami.<\/p>","protected":false},"excerpt":{"rendered":"<p>N\u00e1dhern\u00e1 dovolen\u00e1 v Marsa Alam, kde v\u00e1s slunce h\u0159eje na k\u016f\u017ei, podmo\u0159sk\u00fd sv\u011bt v\u00e1s fascinuje a va\u0161e du\u0161e odpo\u010d\u00edv\u00e1 [...]<\/p>","protected":false},"author":1,"featured_media":1045,"parent":0,"menu_order":0,"comment_status":"closed","ping_status":"closed","template":"","meta":{"_acf_changed":false,"site-sidebar-layout":"default","site-content-layout":"","ast-site-content-layout":"default","site-content-style":"default","site-sidebar-style":"default","ast-global-header-display":"","ast-banner-title-visibility":"","ast-main-header-display":"","ast-hfb-above-header-display":"","ast-hfb-below-header-display":"","ast-hfb-mobile-header-display":"","site-post-title":"","ast-breadcrumbs-content":"","ast-featured-img":"","footer-sml-layout":"","theme-transparent-header-meta":"default","adv-header-id-meta":"","stick-header-meta":"","header-above-stick-meta":"","header-main-stick-meta":"","header-below-stick-meta":"","astra-migrate-meta-layouts":"set","ast-page-background-enabled":"default","ast-page-background-meta":{"desktop":{"background-color":"var(--ast-global-color-4)","background-image":"","background-repeat":"repeat","background-position":"center center","background-size":"auto","background-attachment":"scroll","background-type":"","background-media":"","overlay-type":"","overlay-color":"","overlay-opacity":"","overlay-gradient":""},"tablet":{"background-color":"","background-image":"","background-repeat":"repeat","background-position":"center center","background-size":"auto","background-attachment":"scroll","background-type":"","background-media":"","overlay-type":"","overlay-color":"","overlay-opacity":"","overlay-gradient":""},"mobile":{"background-color":"","background-image":"","background-repeat":"repeat","background-position":"center center","background-size":"auto","background-attachment":"scroll","background-type":"","background-media":"","overlay-type":"","overlay-color":"","overlay-opacity":"","overlay-gradient":""}},"ast-content-background-meta":{"desktop":{"background-color":"var(--ast-global-color-5)","background-image":"","background-repeat":"repeat","background-position":"center center","background-size":"auto","background-attachment":"scroll","background-type":"","background-media":"","overlay-type":"","overlay-color":"","overlay-opacity":"","overlay-gradient":""},"tablet":{"background-color":"var(--ast-global-color-5)","background-image":"","background-repeat":"repeat","background-position":"center center","background-size":"auto","background-attachment":"scroll","background-type":"","background-media":"","overlay-type":"","overlay-color":"","overlay-opacity":"","overlay-gradient":""},"mobile":{"background-color":"var(--ast-global-color-5)","background-image":"","background-repeat":"repeat","background-position":"center center","background-size":"auto","background-attachment":"scroll","background-type":"","background-media":"","overlay-type":"","overlay-color":"","overlay-opacity":"","overlay-gradient":""}},"footnotes":""},"class_list":["post-363","page","type-page","status-publish","has-post-thumbnail","hentry"],"acf":[],"yoast_head":"<!-- This site is optimized with the Yoast SEO Premium plugin v24.0 (Yoast SEO v26.6) - https:\/\/yoast.com\/wordpress\/plugins\/seo\/ -->\n<title>Marsa Alam Airport Departures | Live Flight Status &amp; Updates<\/title>\n<meta name=\"description\" content=\"Departures from Marsa Alam Airport; View real-time flight departure information, delays and cancelations, and current weather conditions at Marsa Alam airport.\" \/>\n<meta name=\"robots\" content=\"index, follow, max-snippet:-1, max-image-preview:large, max-video-preview:-1\" \/>\n<link rel=\"canonical\" href=\"https:\/\/marsaalam-airport.com\/cs\/departures\/\" \/>\n<meta property=\"og:locale\" content=\"cs_CZ\" \/>\n<meta property=\"og:type\" content=\"article\" \/>\n<meta property=\"og:title\" content=\"Marsa Alam International Airport Departures\" \/>\n<meta property=\"og:description\" content=\"Departures from Marsa Alam Airport; View real-time flight departure information, delays and cancelations, and current weather conditions at Marsa Alam airport.\" \/>\n<meta property=\"og:url\" content=\"https:\/\/marsaalam-airport.com\/cs\/departures\/\" \/>\n<meta property=\"article:publisher\" content=\"https:\/\/www.facebook.com\/marsaalamairportinternational\" \/>\n<meta property=\"article:modified_time\" content=\"2025-07-20T23:39:26+00:00\" \/>\n<meta property=\"og:image\" content=\"https:\/\/marsaalam-airport.com\/wp-content\/uploads\/rmf-departure-1.png\" \/><meta property=\"og:image\" content=\"https:\/\/marsaalam-airport.com\/wp-content\/uploads\/rmf-departure-1.png\" \/>\n\t<meta property=\"og:image:width\" content=\"200\" \/>\n\t<meta property=\"og:image:height\" content=\"200\" \/>\n\t<meta property=\"og:image:type\" content=\"image\/jpeg\" \/>\n<meta name=\"twitter:card\" content=\"summary_large_image\" \/>\n<meta name=\"twitter:image\" content=\"https:\/\/marsaalam-airport.com\/wp-content\/uploads\/rmf-departure-1.png\" \/>\n<meta name=\"twitter:label1\" content=\"Odhadovan\u00e1 doba \u010dten\u00ed\" \/>\n\t<meta name=\"twitter:data1\" content=\"6 minut\" \/>\n<script type=\"application\/ld+json\" class=\"yoast-schema-graph\">{\"@context\":\"https:\/\/schema.org\",\"@graph\":[{\"@type\":\"WebPage\",\"@id\":\"https:\/\/marsaalam-airport.com\/departures\/\",\"url\":\"https:\/\/marsaalam-airport.com\/departures\/\",\"name\":\"Marsa Alam Airport Departures | Live Flight Status & Updates\",\"isPartOf\":{\"@id\":\"https:\/\/marsaalam-airport.com\/#website\"},\"primaryImageOfPage\":{\"@id\":\"https:\/\/marsaalam-airport.com\/departures\/#primaryimage\"},\"image\":{\"@id\":\"https:\/\/marsaalam-airport.com\/departures\/#primaryimage\"},\"thumbnailUrl\":\"https:\/\/i2.wp.com\/marsaalam-airport.com\/wp-content\/uploads\/rmf-departure-1.png?w=200&resize=200,200&ssl=1\",\"datePublished\":\"2024-11-18T12:32:18+00:00\",\"dateModified\":\"2025-07-20T23:39:26+00:00\",\"description\":\"Departures from Marsa Alam Airport; View real-time flight departure information, delays and cancelations, and current weather conditions at Marsa Alam airport.\",\"breadcrumb\":{\"@id\":\"https:\/\/marsaalam-airport.com\/departures\/#breadcrumb\"},\"inLanguage\":\"cs\",\"potentialAction\":[{\"@type\":\"ReadAction\",\"target\":[\"https:\/\/marsaalam-airport.com\/departures\/\"]}]},{\"@type\":\"ImageObject\",\"inLanguage\":\"cs\",\"@id\":\"https:\/\/marsaalam-airport.com\/departures\/#primaryimage\",\"url\":\"https:\/\/i2.wp.com\/marsaalam-airport.com\/wp-content\/uploads\/rmf-departure-1.png?w=200&resize=200,200&ssl=1\",\"contentUrl\":\"https:\/\/i2.wp.com\/marsaalam-airport.com\/wp-content\/uploads\/rmf-departure-1.png?w=200&resize=200,200&ssl=1\",\"width\":\"200\",\"height\":\"200\"},{\"@type\":\"BreadcrumbList\",\"@id\":\"https:\/\/marsaalam-airport.com\/departures\/#breadcrumb\",\"itemListElement\":[{\"@type\":\"ListItem\",\"position\":1,\"name\":\"Home\",\"item\":\"https:\/\/marsaalam-airport.com\/\"},{\"@type\":\"ListItem\",\"position\":2,\"name\":\"Marsa Alam International Airport Departures\"}]},{\"@type\":\"WebSite\",\"@id\":\"https:\/\/marsaalam-airport.com\/#website\",\"url\":\"https:\/\/marsaalam-airport.com\/\",\"name\":\"Marsa Alam International Airport\",\"description\":\"\",\"publisher\":{\"@id\":\"https:\/\/marsaalam-airport.com\/#organization\"},\"alternateName\":\"RMF\",\"potentialAction\":[{\"@type\":\"SearchAction\",\"target\":{\"@type\":\"EntryPoint\",\"urlTemplate\":\"https:\/\/marsaalam-airport.com\/?s={search_term_string}\"},\"query-input\":{\"@type\":\"PropertyValueSpecification\",\"valueRequired\":true,\"valueName\":\"search_term_string\"}}],\"inLanguage\":\"cs\"},{\"@type\":\"Organization\",\"@id\":\"https:\/\/marsaalam-airport.com\/#organization\",\"name\":\"Marsa Alam International Airport\",\"alternateName\":\"RMF\",\"url\":\"https:\/\/marsaalam-airport.com\/\",\"logo\":{\"@type\":\"ImageObject\",\"inLanguage\":\"cs\",\"@id\":\"https:\/\/marsaalam-airport.com\/#\/schema\/logo\/image\/\",\"url\":\"https:\/\/marsaalam-airport.com\/wp-content\/uploads\/cropped-rmf-logo.png\",\"contentUrl\":\"https:\/\/marsaalam-airport.com\/wp-content\/uploads\/cropped-rmf-logo.png\",\"width\":1998,\"height\":667,\"caption\":\"Marsa Alam International Airport\"},\"image\":{\"@id\":\"https:\/\/marsaalam-airport.com\/#\/schema\/logo\/image\/\"},\"sameAs\":[\"https:\/\/www.facebook.com\/marsaalamairportinternational\"],\"description\":\"Marsa Alam Airport (RMF) provides live tracking for arrivals & departures plus comfortable airport hotels with free shuttles.\",\"email\":\"info@marsaalam-airport.com\",\"legalName\":\"Marsa Alam Airport\"}]}<\/script>\n<!-- \/ Yoast SEO Premium plugin. -->","yoast_head_json":{"title":"Marsa Alam Airport Departures | Live Flight Status & Updates","description":"Departures from Marsa Alam Airport; View real-time flight departure information, delays and cancelations, and current weather conditions at Marsa Alam airport.","robots":{"index":"index","follow":"follow","max-snippet":"max-snippet:-1","max-image-preview":"max-image-preview:large","max-video-preview":"max-video-preview:-1"},"canonical":"https:\/\/marsaalam-airport.com\/cs\/departures\/","og_locale":"cs_CZ","og_type":"article","og_title":"Marsa Alam International Airport Departures","og_description":"Departures from Marsa Alam Airport; View real-time flight departure information, delays and cancelations, and current weather conditions at Marsa Alam airport.","og_url":"https:\/\/marsaalam-airport.com\/cs\/departures\/","article_publisher":"https:\/\/www.facebook.com\/marsaalamairportinternational","article_modified_time":"2025-07-20T23:39:26+00:00","og_image":[{"url":"https:\/\/marsaalam-airport.com\/wp-content\/uploads\/rmf-departure-1.png","type":"","width":"","height":""},{"width":200,"height":200,"url":"https:\/\/marsaalam-airport.com\/wp-content\/uploads\/rmf-departure-1.png","type":"image\/jpeg"}],"twitter_card":"summary_large_image","twitter_image":"https:\/\/marsaalam-airport.com\/wp-content\/uploads\/rmf-departure-1.png","twitter_misc":{"Odhadovan\u00e1 doba \u010dten\u00ed":"6 minut"},"schema":{"@context":"https:\/\/schema.org","@graph":[{"@type":"WebPage","@id":"https:\/\/marsaalam-airport.com\/departures\/","url":"https:\/\/marsaalam-airport.com\/departures\/","name":"Marsa Alam Airport Departures | Live Flight Status & Updates","isPartOf":{"@id":"https:\/\/marsaalam-airport.com\/#website"},"primaryImageOfPage":{"@id":"https:\/\/marsaalam-airport.com\/departures\/#primaryimage"},"image":{"@id":"https:\/\/marsaalam-airport.com\/departures\/#primaryimage"},"thumbnailUrl":"https:\/\/i2.wp.com\/marsaalam-airport.com\/wp-content\/uploads\/rmf-departure-1.png?w=200&resize=200,200&ssl=1","datePublished":"2024-11-18T12:32:18+00:00","dateModified":"2025-07-20T23:39:26+00:00","description":"Departures from Marsa Alam Airport; View real-time flight departure information, delays and cancelations, and current weather conditions at Marsa Alam airport.","breadcrumb":{"@id":"https:\/\/marsaalam-airport.com\/departures\/#breadcrumb"},"inLanguage":"cs","potentialAction":[{"@type":"ReadAction","target":["https:\/\/marsaalam-airport.com\/departures\/"]}]},{"@type":"ImageObject","inLanguage":"cs","@id":"https:\/\/marsaalam-airport.com\/departures\/#primaryimage","url":"https:\/\/i2.wp.com\/marsaalam-airport.com\/wp-content\/uploads\/rmf-departure-1.png?w=200&resize=200,200&ssl=1","contentUrl":"https:\/\/i2.wp.com\/marsaalam-airport.com\/wp-content\/uploads\/rmf-departure-1.png?w=200&resize=200,200&ssl=1","width":"200","height":"200"},{"@type":"BreadcrumbList","@id":"https:\/\/marsaalam-airport.com\/departures\/#breadcrumb","itemListElement":[{"@type":"ListItem","position":1,"name":"Home","item":"https:\/\/marsaalam-airport.com\/"},{"@type":"ListItem","position":2,"name":"Marsa Alam International Airport Departures"}]},{"@type":"WebSite","@id":"https:\/\/marsaalam-airport.com\/#website","url":"https:\/\/marsaalam-airport.com\/","name":"Marsa Alam International Airport","description":"","publisher":{"@id":"https:\/\/marsaalam-airport.com\/#organization"},"alternateName":"RMF","potentialAction":[{"@type":"SearchAction","target":{"@type":"EntryPoint","urlTemplate":"https:\/\/marsaalam-airport.com\/?s={search_term_string}"},"query-input":{"@type":"PropertyValueSpecification","valueRequired":true,"valueName":"search_term_string"}}],"inLanguage":"cs"},{"@type":"Organization","@id":"https:\/\/marsaalam-airport.com\/#organization","name":"Marsa Alam International Airport","alternateName":"RMF","url":"https:\/\/marsaalam-airport.com\/","logo":{"@type":"ImageObject","inLanguage":"cs","@id":"https:\/\/marsaalam-airport.com\/#\/schema\/logo\/image\/","url":"https:\/\/marsaalam-airport.com\/wp-content\/uploads\/cropped-rmf-logo.png","contentUrl":"https:\/\/marsaalam-airport.com\/wp-content\/uploads\/cropped-rmf-logo.png","width":1998,"height":667,"caption":"Marsa Alam International Airport"},"image":{"@id":"https:\/\/marsaalam-airport.com\/#\/schema\/logo\/image\/"},"sameAs":["https:\/\/www.facebook.com\/marsaalamairportinternational"],"description":"Marsa Alam Airport (RMF) provides live tracking for arrivals & departures plus comfortable airport hotels with free shuttles.","email":"info@marsaalam-airport.com","legalName":"Marsa Alam Airport"}]}},"_links":{"self":[{"href":"https:\/\/marsaalam-airport.com\/cs\/wp-json\/wp\/v2\/pages\/363","targetHints":{"allow":["GET"]}}],"collection":[{"href":"https:\/\/marsaalam-airport.com\/cs\/wp-json\/wp\/v2\/pages"}],"about":[{"href":"https:\/\/marsaalam-airport.com\/cs\/wp-json\/wp\/v2\/types\/page"}],"author":[{"embeddable":true,"href":"https:\/\/marsaalam-airport.com\/cs\/wp-json\/wp\/v2\/users\/1"}],"replies":[{"embeddable":true,"href":"https:\/\/marsaalam-airport.com\/cs\/wp-json\/wp\/v2\/comments?post=363"}],"version-history":[{"count":4,"href":"https:\/\/marsaalam-airport.com\/cs\/wp-json\/wp\/v2\/pages\/363\/revisions"}],"predecessor-version":[{"id":1137,"href":"https:\/\/marsaalam-airport.com\/cs\/wp-json\/wp\/v2\/pages\/363\/revisions\/1137"}],"wp:featuredmedia":[{"embeddable":true,"href":"https:\/\/marsaalam-airport.com\/cs\/wp-json\/wp\/v2\/media\/1045"}],"wp:attachment":[{"href":"https:\/\/marsaalam-airport.com\/cs\/wp-json\/wp\/v2\/media?parent=363"}],"curies":[{"name":"wp","href":"https:\/\/api.w.org\/{rel}","templated":true}]}}