{"id":1172,"date":"2025-07-21T11:29:22","date_gmt":"2025-07-21T11:29:22","guid":{"rendered":"https:\/\/marsaalam-airport.com\/?page_id=1172"},"modified":"2025-07-21T11:29:22","modified_gmt":"2025-07-21T11:29:22","slug":"weather","status":"publish","type":"page","link":"https:\/\/marsaalam-airport.com\/cs\/weather\/","title":{"rendered":"Po\u010das\u00ed v Marsa Alam"},"content":{"rendered":"<p>Pl\u00e1nujete v\u00fdlet do Marsa Alam, nedot\u010den\u00e9ho r\u00e1je Rud\u00e9ho mo\u0159e? V\u00edm, \u017ee m\u00e1te na mysli pot\u00e1p\u011bn\u00ed a le\u017een\u00ed na zlatav\u00fdch pl\u00e1\u017e\u00edch. Ale co byste si m\u011bli na tu dokonalou dovolenou zabalit? P\u0159ijedete sem b\u011bhem spaluj\u00edc\u00edch letn\u00edch veder? Nebo se sem chyst\u00e1te v m\u00edrn\u00e9m zimn\u00edm obdob\u00ed? Nebojte se! Tento pr\u016fvodce byl p\u0159ipraven tak, aby v\u00e1m pomohl odhalit tajemstv\u00ed klimatu Marsa Alam a u\u017e\u00edt si dovolenou naplno.<\/p>\n<h2>Marsa Alam P\u0159ehled po\u010das\u00ed<\/h2>\n<p>Marsa Alam se nach\u00e1z\u00ed na v\u00fdchodn\u00edm pob\u0159e\u017e\u00ed Rud\u00e9ho mo\u0159e a m\u00e1 subtropick\u00e9 pou\u0161tn\u00ed klima. To znamen\u00e1 jedin\u00e9: slunce, slunce a je\u0161t\u011b jednou slunce! Po\u010das\u00ed je zde tepl\u00e9, such\u00e9 a jasn\u00e9 po cel\u00fd rok. T\u00e9m\u011b\u0159 nikdy zde nepr\u0161\u00ed. Oblast se m\u016f\u017ee pochlubit jasnou oblohou, vysok\u00fdmi teplotami a lehk\u00fdm mo\u0159sk\u00fdm v\u00e1nkem. Teplota mo\u0159sk\u00e9 vody se pohybuje od 22 \u00b0C do 29 \u00b0C.<\/p>\n<h2>Pr\u016fm\u011brn\u00e9 maxim\u00e1ln\u00ed teploty v Marsa Alam<\/h2>\n<p><strong>Pr\u016fm\u011brn\u00e9 maxim\u00e1ln\u00ed teploty (\u00b0C)<\/strong><br \/>\nLeden: 24.1<br \/>\n\u00danor: 25.1<br \/>\nB\u0159ezen: 26.9<br \/>\nduben: 29,8<br \/>\nKv\u011bten: 33.1<br \/>\n\u010cerven: 34.7<br \/>\n\u010cervenec: 35.5<br \/>\nSrpen: 35.6<br \/>\nz\u00e1\u0159\u00ed: 34,2<br \/>\n\u0158\u00edjen: 32.6<br \/>\nlistopad: 29,3<br \/>\nprosinec: 25,5<\/p>\n<p><strong>Nejteplej\u0161\u00edm m\u011bs\u00edcem v roce je srpen a nejchladn\u011bj\u0161\u00edm m\u011bs\u00edcem leden.<\/strong><\/p>\n<h3>\nPr\u016fm\u011brn\u00e1 relativn\u00ed vlhkost v Marsa Alam<\/h3>\n<p>D\u00edky pou\u0161tn\u00edmu klimatu je v Marsa Alam obecn\u011b n\u00edzk\u00e1 vlhkost vzduchu. To znamen\u00e1, \u017ee vysok\u00e9 teploty nejsou p\u0159\u00edli\u0161 vysok\u00e9. Pr\u016fm\u011brn\u00e1 vlhkost se pohybuje mezi 40% a 50%.<\/p>\n<p><strong>Pr\u016fm\u011brn\u00e1 relativn\u00ed vlhkost (%)<\/strong><\/p>\n<p>Leden: 41%<br \/>\n\u00danor: 33%<br \/>\nB\u0159ezen: 25%<br \/>\nDuben: 19%<br \/>\nKv\u011bten: 17%<br \/>\n\u010cerven: 17%<br \/>\n\u010cervenec: 19%<br \/>\nSrpen: 20%<br \/>\nz\u00e1\u0159\u00ed: 23%<br \/>\n\u0158\u00edjen: 27%<br \/>\nListopad: 37%<br \/>\nprosinec: 42%<\/p>\n<h3>Pr\u016fm\u011brn\u00e9 sr\u00e1\u017eky v Marsa Alam<\/h3>\n<p>Marsa Alam je jedn\u00edm z nejsu\u0161\u0161\u00edch m\u00edst na sv\u011bt\u011b. Pr\u016fm\u011brn\u00fd ro\u010dn\u00ed \u00fahrn sr\u00e1\u017eek je pouze n\u011bkolik milimetr\u016f. To znamen\u00e1, \u017ee \u0161ance, \u017ee by va\u0161i dovolenou zni\u010dil d\u00e9\u0161\u0165, je t\u00e9m\u011b\u0159 nulov\u00e1. Do kufru si nemus\u00edte balit de\u0161tn\u00edk ani pl\u00e1\u0161t\u011bnku.<\/p>\n<p><strong>Pr\u016fm\u011brn\u00e9 sr\u00e1\u017eky (mm)<\/strong><\/p>\n<p>Leden: 0<br \/>\n\u00danor: 1<br \/>\nB\u0159ezen: 1<br \/>\nDuben: 1<br \/>\nKv\u011bten: 0<br \/>\n\u010cerven: 0<br \/>\n\u010cervenec: 0<br \/>\nSrpen: 0<br \/>\nz\u00e1\u0159\u00ed: 0<br \/>\n\u0158\u00edjen: 1<br \/>\nlistopad: 3<br \/>\nprosinec: 2<\/p>\n<h3>\nPr\u016fm\u011brn\u00fd denn\u00ed slune\u010dn\u00ed svit<\/h3>\n<p>Nezapome\u0148te na slune\u010dn\u00ed br\u00fdle a opalovac\u00ed kr\u00e9m! Marsa Alam se t\u011b\u0161\u00ed velk\u00e9mu mno\u017estv\u00ed slune\u010dn\u00edho svitu po cel\u00fd rok. V l\u00e9t\u011b je zde pr\u016fm\u011brn\u011b 12-13 hodin slune\u010dn\u00edho svitu denn\u011b a v zim\u011b 9-10 hodin.<\/p>\n<p><strong>Pr\u016fm\u011brn\u00fd denn\u00ed po\u010det hodin slune\u010dn\u00edho svitu (v hodin\u00e1ch)<\/strong><\/p>\n<p>Leden: 9<br \/>\n\u00danor: 10<br \/>\nB\u0159ezen: 10<br \/>\nDuben: 11<br \/>\nKv\u011bten: 12<br \/>\n\u010cerven: 13<br \/>\n\u010cervenec: 13<br \/>\nSrpen: 12<br \/>\nz\u00e1\u0159\u00ed: 11<br \/>\n\u0158\u00edjen: 10<br \/>\nlistopad: 10<br \/>\nprosinec: 9<\/p>\n<p>Slune\u010dn\u00e9 dny jsou v Marsa Alam t\u00e9m\u011b\u0159 nep\u0159etr\u017eit\u011b po cel\u00fd rok.<\/p>\n<h3>Letn\u00ed po\u010das\u00ed v Marsa Alam<\/h3>\n<p>\u010cerven, \u010dervenec a srpen jsou ur\u010deny t\u011bm, kte\u0159\u00ed miluj\u00ed horko a v\u011b\u0159\u00ed, \u017ee \"dovolen\u00e1 m\u00e1 b\u00fdt hork\u00e1\". Slunce za\u010d\u00edn\u00e1 sv\u00edtit brzy r\u00e1no. Obloha je jasn\u00e1 po cel\u00fd den. Teplota mo\u0159e je 28-29 \u00b0C, tak\u017ee se v\u00e1m nebude cht\u00edt vyl\u00e9zt z vody cel\u00e9 hodiny. I noci jsou pom\u011brn\u011b tepl\u00e9.<\/p>\n<h3>Co si zabalit na l\u00e9to do Marsa Alam?<\/h3>\n<p><strong>Lehk\u00e9 a voln\u00e9 oble\u010den\u00ed<\/strong>: Tri\u010dka, \u0161ortky, \u0161aty a sukn\u011b z prody\u0161n\u00fdch materi\u00e1l\u016f, jako je bavlna a len.<br \/>\n<strong>Spousta plavek<\/strong>: V\u011bt\u0161inu dne str\u00e1v\u00edte ve vod\u011b nebo u vody!<br \/>\n<strong>Ochrana p\u0159ed sluncem<\/strong>: Klobouk se \u0161irok\u00fdm okrajem, kvalitn\u00ed slune\u010dn\u00ed br\u00fdle s ochranou proti UV z\u00e1\u0159en\u00ed a opalovac\u00ed kr\u00e9m s vysok\u00fdm SPF (SPF 50+).<br \/>\n<strong>Chr\u00e1ni\u010d proti vyr\u00e1\u017ece<\/strong>: Pokud pl\u00e1nujete \u0161norchlov\u00e1n\u00ed nebo pot\u00e1p\u011bn\u00ed, je dobr\u00e9 m\u00edt tenk\u00fd neopren, kter\u00fd v\u00e1s ochr\u00e1n\u00ed p\u0159ed sluncem a mo\u017en\u00fdm kontaktem s mo\u0159sk\u00fdmi \u017eivo\u010dichy.<\/p>\n<h3>Zimn\u00ed po\u010das\u00ed v Marsa Alam<\/h3>\n<p>Zimn\u00ed m\u011bs\u00edce jsou ide\u00e1ln\u00ed pro \u00fat\u011bk z chladn\u00e9 Evropy a hled\u00e1n\u00ed \u00fato\u010di\u0161t\u011b na slunci. P\u0159es den se m\u016f\u017eete pohodln\u011b proch\u00e1zet v tri\u010dku a opalovat se na pl\u00e1\u017ei. Teplota mo\u0159sk\u00e9 vody se pohybuje kolem 22-24 \u00b0C. Mo\u0159e je tedy st\u00e1le dostate\u010dn\u011b tepl\u00e9 na koup\u00e1n\u00ed. Nejv\u011bt\u0161\u00ed rozd\u00edl poc\u00edt\u00edte po z\u00e1padu slunce. Ve\u010der m\u016f\u017ee teplota klesnout na 14-15 \u00b0C.<\/p>\n<h3>Co si zabalit na zimu do Marsa Alam?<\/h3>\n<p><strong>Oble\u010den\u00ed<\/strong>: Tri\u010dka a \u0161ortky p\u0159es den a mikinu s dlouh\u00fdm ruk\u00e1vem, lehk\u00fd fleece nebo tenkou bundu na ve\u010der.<br \/>\n<strong>Dlouh\u00e9 kalhoty<\/strong>: D\u017e\u00edny nebo pohodln\u00e9 bavln\u011bn\u00e9 kalhoty jsou z\u00e1chranou pro ve\u010dern\u00ed j\u00eddlo nebo proch\u00e1zky.<br \/>\n<strong>Plavky<\/strong>: Rozhodn\u011b si s sebou vezm\u011bte plavky, abyste si mohli p\u0159es den u\u017e\u00edvat slunce!<br \/>\n<strong>Uzav\u0159en\u00e1 obuv<\/strong>: Krom\u011b sand\u00e1l\u016f si na chladn\u011bj\u0161\u00ed ve\u010dery vezm\u011bte tak\u00e9 uzav\u0159enou obuv, nap\u0159\u00edklad tenisky.<br \/>\n<strong>Ochrana p\u0159ed sluncem<\/strong>: Egyptsk\u00e9 slunce je siln\u00e9 i v zim\u011b. Nezapome\u0148te na klobouk, slune\u010dn\u00ed br\u00fdle a opalovac\u00ed kr\u00e9m.<\/p>\n<h3>\nNejlep\u0161\u00ed doba pro n\u00e1v\u0161t\u011bvu Marsa Alam<\/h3>\n<p>A\u010dkoli je Marsa Alam r\u00e1jem pro dovolenou 365 dn\u00ed v roce, nejlep\u0161\u00edm obdob\u00edm pro n\u00e1v\u0161t\u011bvu je jaro (b\u0159ezen, duben, kv\u011bten) a podzim (\u0159\u00edjen, listopad).<\/p>\n<p>V t\u011bchto m\u011bs\u00edc\u00edch je ide\u00e1ln\u00ed po\u010das\u00ed. Nen\u00ed tu ani dusiv\u00e9 letn\u00ed vedro, ani chladn\u00e9 zimn\u00ed ve\u010dery. Mo\u0159sk\u00e1 voda je ide\u00e1ln\u00ed pro pot\u00e1p\u011bn\u00ed a \u0161norchlov\u00e1n\u00ed. B\u011bhem dne si m\u016f\u017eete u\u017e\u00edvat nejr\u016fzn\u011bj\u0161\u00edch aktivit, ani\u017e byste se c\u00edtili p\u0159et\u00ed\u017eeni.<\/p>\n<p>V b\u0159eznu a dubnu, kdy se objevuj\u00ed prvn\u00ed jarn\u00ed v\u011btry, je nejvhodn\u011bj\u0161\u00ed doba pro pozorov\u00e1n\u00ed barevn\u00fdch kor\u00e1l\u016f a pestr\u00e9ho podmo\u0159sk\u00e9ho \u017eivota. Denn\u00ed teploty se pohybuj\u00ed od 27 do 31 \u00b0C. Pokud pl\u00e1nujete dovolenou p\u0159ed parn\u00fdmi letn\u00edmi m\u011bs\u00edci, m\u016f\u017eete Marsa Alam nav\u0161t\u00edvit pr\u00e1v\u011b v t\u011bchto m\u011bs\u00edc\u00edch.<\/p>\n<p>Sbalte si kufry, proto\u017ee v Marsa Alam na v\u00e1s \u010dek\u00e1 nekone\u010dn\u00e9 slunce a fascinuj\u00edc\u00ed mo\u0159e.<\/p>","protected":false},"excerpt":{"rendered":"<p>Pl\u00e1nujete v\u00fdlet do Marsa Alam, nedot\u010den\u00e9ho r\u00e1je Rud\u00e9ho mo\u0159e? V\u00edm, \u017ee m\u00e1te pot\u00e1p\u011b\u010dsk\u00e9 [...]<\/p>","protected":false},"author":1,"featured_media":0,"parent":0,"menu_order":0,"comment_status":"closed","ping_status":"closed","template":"","meta":{"_acf_changed":false,"site-sidebar-layout":"default","site-content-layout":"","ast-site-content-layout":"default","site-content-style":"default","site-sidebar-style":"default","ast-global-header-display":"","ast-banner-title-visibility":"","ast-main-header-display":"","ast-hfb-above-header-display":"","ast-hfb-below-header-display":"","ast-hfb-mobile-header-display":"","site-post-title":"","ast-breadcrumbs-content":"","ast-featured-img":"","footer-sml-layout":"","theme-transparent-header-meta":"default","adv-header-id-meta":"","stick-header-meta":"","header-above-stick-meta":"","header-main-stick-meta":"","header-below-stick-meta":"","astra-migrate-meta-layouts":"set","ast-page-background-enabled":"default","ast-page-background-meta":{"desktop":{"background-color":"var(--ast-global-color-4)","background-image":"","background-repeat":"repeat","background-position":"center center","background-size":"auto","background-attachment":"scroll","background-type":"","background-media":"","overlay-type":"","overlay-color":"","overlay-opacity":"","overlay-gradient":""},"tablet":{"background-color":"","background-image":"","background-repeat":"repeat","background-position":"center center","background-size":"auto","background-attachment":"scroll","background-type":"","background-media":"","overlay-type":"","overlay-color":"","overlay-opacity":"","overlay-gradient":""},"mobile":{"background-color":"","background-image":"","background-repeat":"repeat","background-position":"center center","background-size":"auto","background-attachment":"scroll","background-type":"","background-media":"","overlay-type":"","overlay-color":"","overlay-opacity":"","overlay-gradient":""}},"ast-content-background-meta":{"desktop":{"background-color":"var(--ast-global-color-5)","background-image":"","background-repeat":"repeat","background-position":"center center","background-size":"auto","background-attachment":"scroll","background-type":"","background-media":"","overlay-type":"","overlay-color":"","overlay-opacity":"","overlay-gradient":""},"tablet":{"background-color":"var(--ast-global-color-5)","background-image":"","background-repeat":"repeat","background-position":"center center","background-size":"auto","background-attachment":"scroll","background-type":"","background-media":"","overlay-type":"","overlay-color":"","overlay-opacity":"","overlay-gradient":""},"mobile":{"background-color":"var(--ast-global-color-5)","background-image":"","background-repeat":"repeat","background-position":"center center","background-size":"auto","background-attachment":"scroll","background-type":"","background-media":"","overlay-type":"","overlay-color":"","overlay-opacity":"","overlay-gradient":""}},"footnotes":""},"class_list":["post-1172","page","type-page","status-publish","hentry"],"acf":[],"yoast_head":"<!-- This site is optimized with the Yoast SEO Premium plugin v24.0 (Yoast SEO v26.6) - https:\/\/yoast.com\/wordpress\/plugins\/seo\/ -->\n<title>Marsa Alam Weather<\/title>\n<meta name=\"robots\" content=\"index, follow, max-snippet:-1, max-image-preview:large, max-video-preview:-1\" \/>\n<link rel=\"canonical\" href=\"https:\/\/marsaalam-airport.com\/cs\/weather\/\" \/>\n<meta property=\"og:locale\" content=\"cs_CZ\" \/>\n<meta property=\"og:type\" content=\"article\" \/>\n<meta property=\"og:title\" content=\"Marsa Alam Weather\" \/>\n<meta property=\"og:description\" content=\"Are you planning a trip to Marsa Alam, the untouched paradise of the Red Sea? I know you have diving [&hellip;]\" \/>\n<meta property=\"og:url\" content=\"https:\/\/marsaalam-airport.com\/cs\/weather\/\" \/>\n<meta property=\"article:publisher\" content=\"https:\/\/www.facebook.com\/marsaalamairportinternational\" \/>\n<meta property=\"og:image\" content=\"https:\/\/marsaalam-airport.com\/wp-content\/uploads\/marsa-alam-airport-1.webp\" \/>\n\t<meta property=\"og:image:width\" content=\"1024\" \/>\n\t<meta property=\"og:image:height\" content=\"683\" \/>\n\t<meta property=\"og:image:type\" content=\"image\/webp\" \/>\n<meta name=\"twitter:card\" content=\"summary_large_image\" \/>\n<meta name=\"twitter:label1\" content=\"Odhadovan\u00e1 doba \u010dten\u00ed\" \/>\n\t<meta name=\"twitter:data1\" content=\"4 minuty\" \/>\n<script type=\"application\/ld+json\" class=\"yoast-schema-graph\">{\"@context\":\"https:\/\/schema.org\",\"@graph\":[{\"@type\":\"WebPage\",\"@id\":\"https:\/\/marsaalam-airport.com\/weather\/\",\"url\":\"https:\/\/marsaalam-airport.com\/weather\/\",\"name\":\"Marsa Alam Weather\",\"isPartOf\":{\"@id\":\"https:\/\/marsaalam-airport.com\/#website\"},\"datePublished\":\"2025-07-21T11:29:22+00:00\",\"breadcrumb\":{\"@id\":\"https:\/\/marsaalam-airport.com\/weather\/#breadcrumb\"},\"inLanguage\":\"cs\",\"potentialAction\":[{\"@type\":\"ReadAction\",\"target\":[\"https:\/\/marsaalam-airport.com\/weather\/\"]}]},{\"@type\":\"BreadcrumbList\",\"@id\":\"https:\/\/marsaalam-airport.com\/weather\/#breadcrumb\",\"itemListElement\":[{\"@type\":\"ListItem\",\"position\":1,\"name\":\"Home\",\"item\":\"https:\/\/marsaalam-airport.com\/\"},{\"@type\":\"ListItem\",\"position\":2,\"name\":\"Marsa Alam Weather\"}]},{\"@type\":\"WebSite\",\"@id\":\"https:\/\/marsaalam-airport.com\/#website\",\"url\":\"https:\/\/marsaalam-airport.com\/\",\"name\":\"Marsa Alam International Airport\",\"description\":\"\",\"publisher\":{\"@id\":\"https:\/\/marsaalam-airport.com\/#organization\"},\"alternateName\":\"RMF\",\"potentialAction\":[{\"@type\":\"SearchAction\",\"target\":{\"@type\":\"EntryPoint\",\"urlTemplate\":\"https:\/\/marsaalam-airport.com\/?s={search_term_string}\"},\"query-input\":{\"@type\":\"PropertyValueSpecification\",\"valueRequired\":true,\"valueName\":\"search_term_string\"}}],\"inLanguage\":\"cs\"},{\"@type\":\"Organization\",\"@id\":\"https:\/\/marsaalam-airport.com\/#organization\",\"name\":\"Marsa Alam International Airport\",\"alternateName\":\"RMF\",\"url\":\"https:\/\/marsaalam-airport.com\/\",\"logo\":{\"@type\":\"ImageObject\",\"inLanguage\":\"cs\",\"@id\":\"https:\/\/marsaalam-airport.com\/#\/schema\/logo\/image\/\",\"url\":\"https:\/\/marsaalam-airport.com\/wp-content\/uploads\/cropped-rmf-logo.png\",\"contentUrl\":\"https:\/\/marsaalam-airport.com\/wp-content\/uploads\/cropped-rmf-logo.png\",\"width\":1998,\"height\":667,\"caption\":\"Marsa Alam International Airport\"},\"image\":{\"@id\":\"https:\/\/marsaalam-airport.com\/#\/schema\/logo\/image\/\"},\"sameAs\":[\"https:\/\/www.facebook.com\/marsaalamairportinternational\"],\"description\":\"Marsa Alam Airport (RMF) provides live tracking for arrivals & departures plus comfortable airport hotels with free shuttles.\",\"email\":\"info@marsaalam-airport.com\",\"legalName\":\"Marsa Alam Airport\"}]}<\/script>\n<!-- \/ Yoast SEO Premium plugin. -->","yoast_head_json":{"title":"Marsa Alam Weather","robots":{"index":"index","follow":"follow","max-snippet":"max-snippet:-1","max-image-preview":"max-image-preview:large","max-video-preview":"max-video-preview:-1"},"canonical":"https:\/\/marsaalam-airport.com\/cs\/weather\/","og_locale":"cs_CZ","og_type":"article","og_title":"Marsa Alam Weather","og_description":"Are you planning a trip to Marsa Alam, the untouched paradise of the Red Sea? I know you have diving [&hellip;]","og_url":"https:\/\/marsaalam-airport.com\/cs\/weather\/","article_publisher":"https:\/\/www.facebook.com\/marsaalamairportinternational","og_image":[{"width":1024,"height":683,"url":"https:\/\/marsaalam-airport.com\/wp-content\/uploads\/marsa-alam-airport-1.webp","type":"image\/webp"}],"twitter_card":"summary_large_image","twitter_misc":{"Odhadovan\u00e1 doba \u010dten\u00ed":"4 minuty"},"schema":{"@context":"https:\/\/schema.org","@graph":[{"@type":"WebPage","@id":"https:\/\/marsaalam-airport.com\/weather\/","url":"https:\/\/marsaalam-airport.com\/weather\/","name":"Marsa Alam Weather","isPartOf":{"@id":"https:\/\/marsaalam-airport.com\/#website"},"datePublished":"2025-07-21T11:29:22+00:00","breadcrumb":{"@id":"https:\/\/marsaalam-airport.com\/weather\/#breadcrumb"},"inLanguage":"cs","potentialAction":[{"@type":"ReadAction","target":["https:\/\/marsaalam-airport.com\/weather\/"]}]},{"@type":"BreadcrumbList","@id":"https:\/\/marsaalam-airport.com\/weather\/#breadcrumb","itemListElement":[{"@type":"ListItem","position":1,"name":"Home","item":"https:\/\/marsaalam-airport.com\/"},{"@type":"ListItem","position":2,"name":"Marsa Alam Weather"}]},{"@type":"WebSite","@id":"https:\/\/marsaalam-airport.com\/#website","url":"https:\/\/marsaalam-airport.com\/","name":"Marsa Alam International Airport","description":"","publisher":{"@id":"https:\/\/marsaalam-airport.com\/#organization"},"alternateName":"RMF","potentialAction":[{"@type":"SearchAction","target":{"@type":"EntryPoint","urlTemplate":"https:\/\/marsaalam-airport.com\/?s={search_term_string}"},"query-input":{"@type":"PropertyValueSpecification","valueRequired":true,"valueName":"search_term_string"}}],"inLanguage":"cs"},{"@type":"Organization","@id":"https:\/\/marsaalam-airport.com\/#organization","name":"Marsa Alam International Airport","alternateName":"RMF","url":"https:\/\/marsaalam-airport.com\/","logo":{"@type":"ImageObject","inLanguage":"cs","@id":"https:\/\/marsaalam-airport.com\/#\/schema\/logo\/image\/","url":"https:\/\/marsaalam-airport.com\/wp-content\/uploads\/cropped-rmf-logo.png","contentUrl":"https:\/\/marsaalam-airport.com\/wp-content\/uploads\/cropped-rmf-logo.png","width":1998,"height":667,"caption":"Marsa Alam International Airport"},"image":{"@id":"https:\/\/marsaalam-airport.com\/#\/schema\/logo\/image\/"},"sameAs":["https:\/\/www.facebook.com\/marsaalamairportinternational"],"description":"Marsa Alam Airport (RMF) provides live tracking for arrivals & departures plus comfortable airport hotels with free shuttles.","email":"info@marsaalam-airport.com","legalName":"Marsa Alam Airport"}]}},"_links":{"self":[{"href":"https:\/\/marsaalam-airport.com\/cs\/wp-json\/wp\/v2\/pages\/1172","targetHints":{"allow":["GET"]}}],"collection":[{"href":"https:\/\/marsaalam-airport.com\/cs\/wp-json\/wp\/v2\/pages"}],"about":[{"href":"https:\/\/marsaalam-airport.com\/cs\/wp-json\/wp\/v2\/types\/page"}],"author":[{"embeddable":true,"href":"https:\/\/marsaalam-airport.com\/cs\/wp-json\/wp\/v2\/users\/1"}],"replies":[{"embeddable":true,"href":"https:\/\/marsaalam-airport.com\/cs\/wp-json\/wp\/v2\/comments?post=1172"}],"version-history":[{"count":1,"href":"https:\/\/marsaalam-airport.com\/cs\/wp-json\/wp\/v2\/pages\/1172\/revisions"}],"predecessor-version":[{"id":1174,"href":"https:\/\/marsaalam-airport.com\/cs\/wp-json\/wp\/v2\/pages\/1172\/revisions\/1174"}],"wp:attachment":[{"href":"https:\/\/marsaalam-airport.com\/cs\/wp-json\/wp\/v2\/media?parent=1172"}],"curies":[{"name":"wp","href":"https:\/\/api.w.org\/{rel}","templated":true}]}}