{"id":1166,"date":"2025-07-21T11:22:21","date_gmt":"2025-07-21T11:22:21","guid":{"rendered":"https:\/\/marsaalam-airport.com\/?page_id=1166"},"modified":"2025-07-21T11:22:21","modified_gmt":"2025-07-21T11:22:21","slug":"fast-track","status":"publish","type":"page","link":"https:\/\/marsaalam-airport.com\/cs\/fast-track\/","title":{"rendered":"Zrychlen\u00fd bezpe\u010dnostn\u00ed syst\u00e9m na leti\u0161ti Marsa Alam"},"content":{"rendered":"<p>T\u011bch posledn\u00edch p\u00e1r minut p\u0159ed n\u00e1stupem do letadla... Ale co to je? Dlouh\u00e1 fronta na bezpe\u010dnostn\u00ed kontrolu! Tato sc\u00e9na v\u00e1m m\u016f\u017ee v okam\u017eiku zkazit celou dovolenkovou n\u00e1ladu. Na\u0161t\u011bst\u00ed v\u0161ak existuje slu\u017eba Fast Track. Je tedy tato slu\u017eba dostupn\u00e1 v Marsa Alam, klidn\u00e9m p\u0159\u00edstavu u Rud\u00e9ho mo\u0159e? Poj\u010fme odhalit tajemstv\u00ed, jak se pohybovat po leti\u0161ti jako VIP.<\/p>\n<h2>Co je to zrychlen\u00e1 bezpe\u010dnostn\u00ed kontrola na leti\u0161ti Marsa Alam?<\/h2>\n<p>Zrychlen\u00e1 cesta je privilegium, kter\u00e9 cestuj\u00edc\u00edm umo\u017e\u0148uje obej\u00edt standardn\u00ed fronty na bezpe\u010dnostn\u00edch kontrol\u00e1ch a proj\u00edt vyhrazen\u00fdm bezpe\u010dnostn\u00edm pruhem mnohem rychleji. C\u00edlem je v\u00fdrazn\u011b zkr\u00e1tit \u010dekac\u00ed dobu, aby se cestuj\u00edc\u00ed mohli rychleji dostat k odbavovac\u00edmu pultu nebo do sal\u00f3nk\u016f. Fast Track obvykle nab\u00edz\u00ed VIP slu\u017eby v pr\u016fb\u011bhu cel\u00e9ho procesu, od odbaven\u00ed a\u017e po pasovou a bezpe\u010dnostn\u00ed kontrolu.<\/p>\n<h3>Stoj\u00ed rychlodr\u00e1ha na leti\u0161ti Marsa Alam za to?<\/h3>\n<p>Odpov\u011b\u010f na tuto ot\u00e1zku z\u00e1vis\u00ed v\u00fdhradn\u011b na va\u0161em stylu cestov\u00e1n\u00ed a na aktu\u00e1ln\u00edm p\u0159et\u00ed\u017een\u00ed leti\u0161t\u011b.<\/p>\n<p>Pokud p\u0159ijedete na leti\u0161t\u011b na posledn\u00ed chv\u00edli, cestujete s mal\u00fdmi d\u011btmi, m\u00e1te omezenou pohyblivost nebo prost\u011b neradi \u010dek\u00e1te, m\u016f\u017eete vyu\u017e\u00edt slu\u017ebu Fast Track. Zejm\u00e9na v ru\u0161n\u00fdch hodin\u00e1ch, kdy odl\u00e9t\u00e1 n\u011bkolik let\u016f velk\u00fdch cestovn\u00edch kancel\u00e1\u0159\u00ed najednou, m\u016f\u017ee \u010dek\u00e1n\u00ed trvat dlouho. V takov\u00fdch chv\u00edl\u00edch v\u00e1m slu\u017eba Fast Track m\u016f\u017ee u\u0161et\u0159it nejm\u00e9n\u011b 30-40 minut.<\/p>\n<p>Marsa Alam je v n\u011bkter\u00fdch ro\u010dn\u00edch obdob\u00edch pom\u011brn\u011b klidn\u00e1. Toto leti\u0161t\u011b je butikov\u00e9. Pokud cestujete mimo sez\u00f3nu, nebude na leti\u0161ti mnoho lid\u00ed. V t\u011bchto p\u0159\u00edpadech nemus\u00ed b\u00fdt nutn\u00e9 p\u0159ipl\u00e1cet si za zrychlenou p\u0159epravu.<\/p>\n<h2>Leti\u0161t\u011b Marsa Alam Rychl\u00e1 dr\u00e1ha Cena<\/h2>\n<p>Slu\u017ebu Fast Track na leti\u0161ti Marsa Alam nelze zakoupit na ofici\u00e1ln\u00edch internetov\u00fdch str\u00e1nk\u00e1ch leti\u0161t\u011b. Tuto slu\u017ebu poskytuj\u00ed t\u0159et\u00ed strany, kter\u00e9 poskytuj\u00ed VIP\/asisten\u010dn\u00ed slu\u017eby. Ceny se proto mohou li\u0161it v z\u00e1vislosti na zvolen\u00e9 platform\u011b a obsahu bal\u00ed\u010dku. N\u00ed\u017ee jsou uvedeny aktu\u00e1ln\u00ed ceny slu\u017eby Fast Track Security:<\/p>\n<p>Meet &amp; Assist (Pearl Assist): Zrychlen\u00e1 bezpe\u010dnostn\u00ed kontrola, rentgen, odbaven\u00ed a pasov\u00e1 kontrola p\u0159i odletu: $35-40<\/p>\n<p>Glob\u00e1ln\u00ed marketing - Fast Track Marsa Alam<br \/>\nPouze rychl\u00e9 zabezpe\u010den\u00ed: Dosp\u011bl\u00ed (12+ let): $40-50<\/p>\n<p>N\u011bkter\u00e9 bal\u00ed\u010dky nab\u00edzej\u00ed p\u0159ednost pouze v bezpe\u010dnostn\u00edm koridoru. Bal\u00ed\u010dky \"Meet &amp; Assist\" nebo \"VIP\" nab\u00edzej\u00ed tak\u00e9 dal\u0161\u00ed slu\u017eby, jako je odbaven\u00ed zavazadel, p\u0159\u00edstup do sal\u00f3nk\u016f nebo doprovod od dve\u0159\u00ed ke dve\u0159\u00edm. Na v\u011bt\u0161in\u011b n\u00e1stupi\u0161\u0165 je cena pro d\u011bti i dosp\u011bl\u00e9 stejn\u00e1. P\u0159i v\u00fdb\u011bru typu j\u00edzdenky mus\u00edte zadat sv\u016fj v\u011bk.<\/p>\n<h2>Jak se dostanu na zrychlenou tra\u0165 na leti\u0161ti Marsa Alam?<\/h2>\n<p>Slu\u017ebu Fast Track si m\u016f\u017eete zakoupit p\u0159edem prost\u0159ednictv\u00edm online rezervace. Slu\u017ebu Fast Track si m\u016f\u017eete zakoupit na mezin\u00e1rodn\u00edch platform\u00e1ch, jako jsou Musement, VABA, Airssist a Paradigmairportservices. Nebo je mo\u017en\u00e9 si ji zakoupit p\u0159\u00edmo u leti\u0161tn\u00edch VIP jednotek. P\u0159i rezervaci je t\u0159eba zadat \u010d\u00edslo letu, datum a \u010das. Po dokon\u010den\u00ed rezervace obdr\u017e\u00edte elektronick\u00fd poukaz.<\/p>\n<h3>\nMus\u00edm si vytisknout j\u00edzdenky Fast Track?<\/h3>\n<p>V\u011bt\u0161ina online rezerva\u010dn\u00edch platforem umo\u017e\u0148uje pou\u017e\u00edvat \"mobiln\u00ed vouchery\". To znamen\u00e1, \u017ee sta\u010d\u00ed na chytr\u00e9m telefonu uk\u00e1zat QR k\u00f3d nebo PDF zaslan\u00fd na e-mail. Abyste se v\u0161ak vyhnuli p\u0159\u00edpadn\u00fdm technick\u00fdm probl\u00e9m\u016fm, m\u016f\u017eete si dokument vytisknout a nosit ho s sebou.<\/p>\n<h4>\nMohu dostat zp\u011bt pen\u00edze za svou rychlou letenku do Marsa Alam?<\/h4>\n<p>To z\u00e1le\u017e\u00ed na politice vracen\u00ed pen\u011bz spole\u010dnosti, u kter\u00e9 jste slu\u017ebu zakoupili. Obecn\u011b se za tyto typy slu\u017eeb pen\u00edze nevracej\u00ed. Je d\u016fle\u017eit\u00e9 si p\u0159ed n\u00e1kupem pe\u010dliv\u011b p\u0159e\u010d\u00edst podm\u00ednky zru\u0161en\u00ed a vr\u00e1cen\u00ed pen\u011bz. Platformy, jako je Musement, obvykle nab\u00edzej\u00ed bezplatn\u00e9 zru\u0161en\u00ed a vr\u00e1cen\u00ed pen\u011bz do 24 hodin p\u0159ed odjezdem.<\/p>\n<h4>\nJak dlouho plat\u00ed zrychlen\u00e9 j\u00edzdenky?<\/h4>\n<p>Zrychlen\u00e9 letenky jsou platn\u00e9 pouze pro datum a \u010das letu uveden\u00fd na letence. Tyto letenky jsou pouze na jedno pou\u017eit\u00ed. Tuto slu\u017ebu nelze p\u0159en\u00e9st na jin\u00e9 datum nebo let.<\/p>\n<h3>\nExistuje zrychlen\u00e1 cesta pro rodiny a d\u011bti?<\/h3>\n<p>Mnoh\u00e1 n\u00e1stupi\u0161t\u011b nab\u00edzej\u00ed zlevn\u011bn\u00e9 j\u00edzdenky pro d\u011bti a kojence. Rodin\u00e1m cestuj\u00edc\u00edm s d\u011btmi je k dispozici zrychlen\u00e1 cesta a asistence nosi\u010d\u016f. J\u00edzdenky m\u016f\u017eete zakoupit v kategorii \"D\u00edt\u011b\" nebo \"Kojenec\" zad\u00e1n\u00edm \u00fadaj\u016f o v\u011bku p\u0159i rezervaci.<\/p>\n<h3>LETECK\u00c9 SPOLE\u010cNOSTI DOSTUPN\u00c9 NA RYCHL\u00c9 TRATI Marsa Alam<\/h3>\n<p>Slu\u017eba Fast Track je k dispozici v\u0161em mezin\u00e1rodn\u00edm i vnitrost\u00e1tn\u00edm cestuj\u00edc\u00edm, kte\u0159\u00ed l\u00e9taj\u00ed z Marsa Alam. Zrychlenou slu\u017ebu m\u016f\u017eete vyu\u017e\u00edt tak\u00e9 na charterov\u00fdch letech a letech rekrea\u010dn\u00edch spole\u010dnost\u00ed. Leteck\u00e9 spole\u010dnosti p\u016fsob\u00edc\u00ed na leti\u0161ti Marsa Alam:<\/p>\n<p><strong>Air Cairo<\/strong><br \/>\n<strong>Neos<\/strong><br \/>\n<strong>Eurowings<\/strong><br \/>\n<strong>TUI Fly<\/strong><br \/>\n<strong>SmartWings<\/strong><br \/>\n<strong>Luxair<\/strong><br \/>\n<strong>Leteck\u00e1 spole\u010dnost Corendon Airlines<\/strong><br \/>\n<strong>Wizz Air Malta<\/strong><br \/>\n<strong>TUI Airways<\/strong><br \/>\n<strong>K\u0159eslo Airlines<\/strong><br \/>\n<strong>FlexFlight<\/strong><br \/>\n<strong>Transavia<\/strong><br \/>\n<strong>UTair<\/strong><\/p>\n<p>&nbsp;<\/p>\n<h4>Jak\u00e9 p\u0159edm\u011bty si mohu vz\u00edt s sebou p\u0159es zrychlenou bezpe\u010dnostn\u00ed kontrolu v Marsa Alam?<\/h4>\n<p>Zrychlen\u00e1 cesta v\u00e1m umo\u017en\u00ed pouze proj\u00edt samostatnou frontou. Bezpe\u010dnostn\u00ed pravidla se t\u00edm nem\u011bn\u00ed. V\u0161echna pravidla platn\u00e1 pro standardn\u00ed bezpe\u010dnostn\u00ed frontu jsou naprosto stejn\u00e1 i pro frontu Fast Track.<\/p>\n<p><strong>Mus\u00edte dodr\u017eet omezen\u00ed t\u00fdkaj\u00edc\u00ed se tekutin (zpravidla 100 ml na n\u00e1dobu, v\u0161e v pr\u016fhledn\u00e9m s\u00e1\u010dku).<\/strong><br \/>\n<strong>Notebooky a velk\u00e1 elektronick\u00e1 za\u0159\u00edzen\u00ed mus\u00ed b\u00fdt um\u00edst\u011bna odd\u011blen\u011b v p\u0159ihr\u00e1dk\u00e1ch.<\/strong><br \/>\n<strong>Nesm\u00edte m\u00edt u sebe zak\u00e1zan\u00e9 p\u0159edm\u011bty, jako jsou ostr\u00e9, bodav\u00e9 nebo ho\u0159lav\u00e9 materi\u00e1ly. <\/strong><br \/>\n<strong>Zrychlenou letenku si mus\u00edte zajistit alespo\u0148 48 hodin p\u0159ed odletem. P\u0159i v\u010dasn\u00e9 rezervaci m\u016f\u017eete z\u00edskat slevu.<\/strong><\/p>\n<p>Zrychlen\u00fd postup v\u00e1s nezbavuje povinnosti dodr\u017eovat pravidla, pouze v\u00e1m \u0161et\u0159\u00ed \u010das. Zejm\u00e9na v letn\u00ed sez\u00f3n\u011b a v ru\u0161n\u00fdch obdob\u00edch s pr\u00e1zdninov\u00fdmi bal\u00ed\u010dky m\u016f\u017eete nechat stresuj\u00edc\u00ed fronty za sebou a u\u017e\u00edt si pohodlnou cestu.<\/p>","protected":false},"excerpt":{"rendered":"<p>T\u011bch posledn\u00edch p\u00e1r minut p\u0159ed n\u00e1stupem do letadla... Ale co to je? Dlouh\u00e1 fronta na bezpe\u010dnostn\u00ed kontrolu! Tato sc\u00e9na m\u016f\u017ee zni\u010dit [...]<\/p>","protected":false},"author":1,"featured_media":0,"parent":0,"menu_order":0,"comment_status":"closed","ping_status":"closed","template":"","meta":{"_acf_changed":false,"site-sidebar-layout":"default","site-content-layout":"","ast-site-content-layout":"default","site-content-style":"default","site-sidebar-style":"default","ast-global-header-display":"","ast-banner-title-visibility":"","ast-main-header-display":"","ast-hfb-above-header-display":"","ast-hfb-below-header-display":"","ast-hfb-mobile-header-display":"","site-post-title":"","ast-breadcrumbs-content":"","ast-featured-img":"","footer-sml-layout":"","theme-transparent-header-meta":"default","adv-header-id-meta":"","stick-header-meta":"","header-above-stick-meta":"","header-main-stick-meta":"","header-below-stick-meta":"","astra-migrate-meta-layouts":"set","ast-page-background-enabled":"default","ast-page-background-meta":{"desktop":{"background-color":"var(--ast-global-color-4)","background-image":"","background-repeat":"repeat","background-position":"center center","background-size":"auto","background-attachment":"scroll","background-type":"","background-media":"","overlay-type":"","overlay-color":"","overlay-opacity":"","overlay-gradient":""},"tablet":{"background-color":"","background-image":"","background-repeat":"repeat","background-position":"center center","background-size":"auto","background-attachment":"scroll","background-type":"","background-media":"","overlay-type":"","overlay-color":"","overlay-opacity":"","overlay-gradient":""},"mobile":{"background-color":"","background-image":"","background-repeat":"repeat","background-position":"center center","background-size":"auto","background-attachment":"scroll","background-type":"","background-media":"","overlay-type":"","overlay-color":"","overlay-opacity":"","overlay-gradient":""}},"ast-content-background-meta":{"desktop":{"background-color":"var(--ast-global-color-5)","background-image":"","background-repeat":"repeat","background-position":"center center","background-size":"auto","background-attachment":"scroll","background-type":"","background-media":"","overlay-type":"","overlay-color":"","overlay-opacity":"","overlay-gradient":""},"tablet":{"background-color":"var(--ast-global-color-5)","background-image":"","background-repeat":"repeat","background-position":"center center","background-size":"auto","background-attachment":"scroll","background-type":"","background-media":"","overlay-type":"","overlay-color":"","overlay-opacity":"","overlay-gradient":""},"mobile":{"background-color":"var(--ast-global-color-5)","background-image":"","background-repeat":"repeat","background-position":"center center","background-size":"auto","background-attachment":"scroll","background-type":"","background-media":"","overlay-type":"","overlay-color":"","overlay-opacity":"","overlay-gradient":""}},"footnotes":""},"class_list":["post-1166","page","type-page","status-publish","hentry"],"acf":[],"yoast_head":"<!-- This site is optimized with the Yoast SEO Premium plugin v24.0 (Yoast SEO v26.6) - https:\/\/yoast.com\/wordpress\/plugins\/seo\/ -->\n<title>Fast Track Security Marsa Alam Airport Guide<\/title>\n<meta name=\"description\" content=\"Guide to Fast Track Marsa AlamAirport security lane including prices, where to buy, what airlines offer it.\" \/>\n<meta name=\"robots\" content=\"index, follow, max-snippet:-1, max-image-preview:large, max-video-preview:-1\" \/>\n<link rel=\"canonical\" href=\"https:\/\/marsaalam-airport.com\/cs\/fast-track\/\" \/>\n<meta property=\"og:locale\" content=\"cs_CZ\" \/>\n<meta property=\"og:type\" content=\"article\" \/>\n<meta property=\"og:title\" content=\"Fast Track Security Marsa Alam Airport\" \/>\n<meta property=\"og:description\" content=\"Guide to Fast Track Marsa AlamAirport security lane including prices, where to buy, what airlines offer it.\" \/>\n<meta property=\"og:url\" content=\"https:\/\/marsaalam-airport.com\/cs\/fast-track\/\" \/>\n<meta property=\"article:publisher\" content=\"https:\/\/www.facebook.com\/marsaalamairportinternational\" \/>\n<meta property=\"og:image\" content=\"https:\/\/marsaalam-airport.com\/wp-content\/uploads\/marsa-alam-airport-1.webp\" \/>\n\t<meta property=\"og:image:width\" content=\"1024\" \/>\n\t<meta property=\"og:image:height\" content=\"683\" \/>\n\t<meta property=\"og:image:type\" content=\"image\/webp\" \/>\n<meta name=\"twitter:card\" content=\"summary_large_image\" \/>\n<meta name=\"twitter:label1\" content=\"Odhadovan\u00e1 doba \u010dten\u00ed\" \/>\n\t<meta name=\"twitter:data1\" content=\"4 minuty\" \/>\n<script type=\"application\/ld+json\" class=\"yoast-schema-graph\">{\"@context\":\"https:\/\/schema.org\",\"@graph\":[{\"@type\":\"WebPage\",\"@id\":\"https:\/\/marsaalam-airport.com\/fast-track\/\",\"url\":\"https:\/\/marsaalam-airport.com\/fast-track\/\",\"name\":\"Fast Track Security Marsa Alam Airport Guide\",\"isPartOf\":{\"@id\":\"https:\/\/marsaalam-airport.com\/#website\"},\"datePublished\":\"2025-07-21T11:22:21+00:00\",\"description\":\"Guide to Fast Track Marsa AlamAirport security lane including prices, where to buy, what airlines offer it.\",\"breadcrumb\":{\"@id\":\"https:\/\/marsaalam-airport.com\/fast-track\/#breadcrumb\"},\"inLanguage\":\"cs\",\"potentialAction\":[{\"@type\":\"ReadAction\",\"target\":[\"https:\/\/marsaalam-airport.com\/fast-track\/\"]}]},{\"@type\":\"BreadcrumbList\",\"@id\":\"https:\/\/marsaalam-airport.com\/fast-track\/#breadcrumb\",\"itemListElement\":[{\"@type\":\"ListItem\",\"position\":1,\"name\":\"Home\",\"item\":\"https:\/\/marsaalam-airport.com\/\"},{\"@type\":\"ListItem\",\"position\":2,\"name\":\"Fast Track Security Marsa Alam Airport\"}]},{\"@type\":\"WebSite\",\"@id\":\"https:\/\/marsaalam-airport.com\/#website\",\"url\":\"https:\/\/marsaalam-airport.com\/\",\"name\":\"Marsa Alam International Airport\",\"description\":\"\",\"publisher\":{\"@id\":\"https:\/\/marsaalam-airport.com\/#organization\"},\"alternateName\":\"RMF\",\"potentialAction\":[{\"@type\":\"SearchAction\",\"target\":{\"@type\":\"EntryPoint\",\"urlTemplate\":\"https:\/\/marsaalam-airport.com\/?s={search_term_string}\"},\"query-input\":{\"@type\":\"PropertyValueSpecification\",\"valueRequired\":true,\"valueName\":\"search_term_string\"}}],\"inLanguage\":\"cs\"},{\"@type\":\"Organization\",\"@id\":\"https:\/\/marsaalam-airport.com\/#organization\",\"name\":\"Marsa Alam International Airport\",\"alternateName\":\"RMF\",\"url\":\"https:\/\/marsaalam-airport.com\/\",\"logo\":{\"@type\":\"ImageObject\",\"inLanguage\":\"cs\",\"@id\":\"https:\/\/marsaalam-airport.com\/#\/schema\/logo\/image\/\",\"url\":\"https:\/\/marsaalam-airport.com\/wp-content\/uploads\/cropped-rmf-logo.png\",\"contentUrl\":\"https:\/\/marsaalam-airport.com\/wp-content\/uploads\/cropped-rmf-logo.png\",\"width\":1998,\"height\":667,\"caption\":\"Marsa Alam International Airport\"},\"image\":{\"@id\":\"https:\/\/marsaalam-airport.com\/#\/schema\/logo\/image\/\"},\"sameAs\":[\"https:\/\/www.facebook.com\/marsaalamairportinternational\"],\"description\":\"Marsa Alam Airport (RMF) provides live tracking for arrivals & departures plus comfortable airport hotels with free shuttles.\",\"email\":\"info@marsaalam-airport.com\",\"legalName\":\"Marsa Alam Airport\"}]}<\/script>\n<!-- \/ Yoast SEO Premium plugin. -->","yoast_head_json":{"title":"Fast Track Security Marsa Alam Airport Guide","description":"Guide to Fast Track Marsa AlamAirport security lane including prices, where to buy, what airlines offer it.","robots":{"index":"index","follow":"follow","max-snippet":"max-snippet:-1","max-image-preview":"max-image-preview:large","max-video-preview":"max-video-preview:-1"},"canonical":"https:\/\/marsaalam-airport.com\/cs\/fast-track\/","og_locale":"cs_CZ","og_type":"article","og_title":"Fast Track Security Marsa Alam Airport","og_description":"Guide to Fast Track Marsa AlamAirport security lane including prices, where to buy, what airlines offer it.","og_url":"https:\/\/marsaalam-airport.com\/cs\/fast-track\/","article_publisher":"https:\/\/www.facebook.com\/marsaalamairportinternational","og_image":[{"width":1024,"height":683,"url":"https:\/\/marsaalam-airport.com\/wp-content\/uploads\/marsa-alam-airport-1.webp","type":"image\/webp"}],"twitter_card":"summary_large_image","twitter_misc":{"Odhadovan\u00e1 doba \u010dten\u00ed":"4 minuty"},"schema":{"@context":"https:\/\/schema.org","@graph":[{"@type":"WebPage","@id":"https:\/\/marsaalam-airport.com\/fast-track\/","url":"https:\/\/marsaalam-airport.com\/fast-track\/","name":"Fast Track Security Marsa Alam Airport Guide","isPartOf":{"@id":"https:\/\/marsaalam-airport.com\/#website"},"datePublished":"2025-07-21T11:22:21+00:00","description":"Guide to Fast Track Marsa AlamAirport security lane including prices, where to buy, what airlines offer it.","breadcrumb":{"@id":"https:\/\/marsaalam-airport.com\/fast-track\/#breadcrumb"},"inLanguage":"cs","potentialAction":[{"@type":"ReadAction","target":["https:\/\/marsaalam-airport.com\/fast-track\/"]}]},{"@type":"BreadcrumbList","@id":"https:\/\/marsaalam-airport.com\/fast-track\/#breadcrumb","itemListElement":[{"@type":"ListItem","position":1,"name":"Home","item":"https:\/\/marsaalam-airport.com\/"},{"@type":"ListItem","position":2,"name":"Fast Track Security Marsa Alam Airport"}]},{"@type":"WebSite","@id":"https:\/\/marsaalam-airport.com\/#website","url":"https:\/\/marsaalam-airport.com\/","name":"Marsa Alam International Airport","description":"","publisher":{"@id":"https:\/\/marsaalam-airport.com\/#organization"},"alternateName":"RMF","potentialAction":[{"@type":"SearchAction","target":{"@type":"EntryPoint","urlTemplate":"https:\/\/marsaalam-airport.com\/?s={search_term_string}"},"query-input":{"@type":"PropertyValueSpecification","valueRequired":true,"valueName":"search_term_string"}}],"inLanguage":"cs"},{"@type":"Organization","@id":"https:\/\/marsaalam-airport.com\/#organization","name":"Marsa Alam International Airport","alternateName":"RMF","url":"https:\/\/marsaalam-airport.com\/","logo":{"@type":"ImageObject","inLanguage":"cs","@id":"https:\/\/marsaalam-airport.com\/#\/schema\/logo\/image\/","url":"https:\/\/marsaalam-airport.com\/wp-content\/uploads\/cropped-rmf-logo.png","contentUrl":"https:\/\/marsaalam-airport.com\/wp-content\/uploads\/cropped-rmf-logo.png","width":1998,"height":667,"caption":"Marsa Alam International Airport"},"image":{"@id":"https:\/\/marsaalam-airport.com\/#\/schema\/logo\/image\/"},"sameAs":["https:\/\/www.facebook.com\/marsaalamairportinternational"],"description":"Marsa Alam Airport (RMF) provides live tracking for arrivals & departures plus comfortable airport hotels with free shuttles.","email":"info@marsaalam-airport.com","legalName":"Marsa Alam Airport"}]}},"_links":{"self":[{"href":"https:\/\/marsaalam-airport.com\/cs\/wp-json\/wp\/v2\/pages\/1166","targetHints":{"allow":["GET"]}}],"collection":[{"href":"https:\/\/marsaalam-airport.com\/cs\/wp-json\/wp\/v2\/pages"}],"about":[{"href":"https:\/\/marsaalam-airport.com\/cs\/wp-json\/wp\/v2\/types\/page"}],"author":[{"embeddable":true,"href":"https:\/\/marsaalam-airport.com\/cs\/wp-json\/wp\/v2\/users\/1"}],"replies":[{"embeddable":true,"href":"https:\/\/marsaalam-airport.com\/cs\/wp-json\/wp\/v2\/comments?post=1166"}],"version-history":[{"count":1,"href":"https:\/\/marsaalam-airport.com\/cs\/wp-json\/wp\/v2\/pages\/1166\/revisions"}],"predecessor-version":[{"id":1168,"href":"https:\/\/marsaalam-airport.com\/cs\/wp-json\/wp\/v2\/pages\/1166\/revisions\/1168"}],"wp:attachment":[{"href":"https:\/\/marsaalam-airport.com\/cs\/wp-json\/wp\/v2\/media?parent=1166"}],"curies":[{"name":"wp","href":"https:\/\/api.w.org\/{rel}","templated":true}]}}