{"id":1163,"date":"2025-07-21T11:17:27","date_gmt":"2025-07-21T11:17:27","guid":{"rendered":"https:\/\/marsaalam-airport.com\/?page_id=1163"},"modified":"2025-07-21T11:17:27","modified_gmt":"2025-07-21T11:17:27","slug":"marsa-alam-airport-cafes-and-restaurants","status":"publish","type":"page","link":"https:\/\/marsaalam-airport.com\/cs\/marsa-alam-airport-cafes-and-restaurants\/","title":{"rendered":"Kav\u00e1rny a restaurace na leti\u0161ti Marsa Alam"},"content":{"rendered":"<p>Kdy\u017e se va\u0161e dovolen\u00e1 v Marsa Alam ch\u00fdl\u00ed ke konci, jedn\u00edm z nejp\u0159\u00edjemn\u011bj\u0161\u00edch zp\u016fsob\u016f, jak si zp\u0159\u00edjemnit \u010dek\u00e1n\u00ed na odlet, je bezpochyby vyp\u00edt posledn\u00ed \u0161\u00e1lek egyptsk\u00e9 k\u00e1vy. Nebo m\u016f\u017eete na leti\u0161ti uti\u0161it sv\u016fj hlad lahodn\u00fdm ob\u010derstven\u00edm. Leti\u0161t\u011b Marsa Alam nen\u00ed velk\u00fdm gastronomick\u00fdm centrem. Leti\u0161t\u011b m\u00e1 pom\u011brn\u011b jednoduchou strukturu. Zde je obs\u00e1hl\u00fd pr\u016fvodce, kter\u00fd jsem pro v\u00e1s p\u0159ipravil, abyste si p\u0159ed n\u00e1stupem do letadla na\u0161li n\u011bco podle sv\u00e9 chuti!<\/p>\n<h3>Je j\u00eddlo na leti\u0161ti Marsa Alam drah\u00e9?<\/h3>\n<p>Stejn\u011b jako na v\u0161ech leti\u0161t\u00edch po cel\u00e9m sv\u011bt\u011b jsou ceny j\u00eddla a pit\u00ed v Marsa Alam dra\u017e\u0161\u00ed ne\u017e v centru m\u011bsta. To lze tak\u00e9 ozna\u010dit jako \"leti\u0161tn\u00ed da\u0148\". Za l\u00e1hev vody, k\u00e1vu nebo oby\u010dejn\u00fd sendvi\u010d zaplat\u00edte t\u00e9m\u011b\u0159 dvakr\u00e1t v\u00edce ne\u017e v hotelu nebo supermarketu ve m\u011bst\u011b. M\u016f\u017eete se nap\u0159\u00edklad setkat s cenami jako 4-5 USD za \u0161\u00e1lek k\u00e1vy a 8-10 USD za sendvi\u010d. Pokud tedy m\u00e1te omezen\u00fd rozpo\u010det, m\u011bli byste si j\u00eddlo a n\u00e1poje koupit je\u0161t\u011b p\u0159ed p\u0159\u00edjezdem na leti\u0161t\u011b.<\/p>\n<h2>Kde se nach\u00e1zej\u00ed restaurace a kav\u00e1rny?<\/h2>\n<p><strong>Landside<\/strong>: P\u0159i prvn\u00edm vstupu do odletov\u00e9ho termin\u00e1lu, je\u0161t\u011b p\u0159ed pasovou kontrolou, uvid\u00edte malou kav\u00e1rnu. Je to dobr\u00e9 m\u00edsto, kde si m\u016f\u017eete d\u00e1t posledn\u00ed \u0161\u00e1lek k\u00e1vy s t\u011bmi, kte\u0159\u00ed v\u00e1s p\u0159i\u0161li vyprovodit, nebo se rychle naj\u00edst.<br \/>\n<strong>Provozn\u00ed plocha<\/strong>: V \u010dekac\u00ed hale, kde se nach\u00e1zej\u00ed br\u00e1ny pro odbaven\u00ed let\u016f, najdete jak mezin\u00e1rodn\u00ed \u0159et\u011bzce kav\u00e1ren, tak mal\u00e9 kav\u00e1rny s m\u00edstn\u00ed kuchyn\u00ed.<\/p>\n<h4>Jak\u00e1 je otev\u00edrac\u00ed doba restaurac\u00ed na leti\u0161ti Marsa Alam?<\/h4>\n<p>Stejn\u011b jako v\u0161echny komer\u010dn\u00ed podniky na leti\u0161ti Marsa Alam je otev\u00edrac\u00ed doba kav\u00e1ren a restaurac\u00ed zcela z\u00e1visl\u00e1 na letov\u00e9m \u0159\u00e1du pro dan\u00fd den. Kav\u00e1rny za\u010d\u00ednaj\u00ed obsluhovat p\u0159ibli\u017en\u011b dv\u011b hodiny p\u0159ed prvn\u00edm letem dne. Provozovny s j\u00eddlem a n\u00e1poji z\u016fst\u00e1vaj\u00ed otev\u0159en\u00e9 a\u017e do posledn\u00edho letu. Nemus\u00edte se tedy ob\u00e1vat. Bez ohledu na \u010das va\u0161eho letu najdete otev\u0159enou kav\u00e1rnu nebo bufet.<\/p>\n<p>Leti\u0161t\u011b je otev\u0159eno od za\u010d\u00e1tku prvn\u00edch rann\u00edch let\u016f (kolem 6:00) do posledn\u00edho no\u010dn\u00edho letu (obvykle mezi 22:30 a 23:00). Kav\u00e1rny a restaurace funguj\u00ed rovn\u011b\u017e v souladu s letov\u00fdm \u0159\u00e1dem, zpravidla mezi 6:00 a 23:00 hodinou.<\/p>\n<h3>J\u00eddlo ve VIP sal\u00f3nku na leti\u0161ti Marsa Alam<\/h3>\n<p>Pokud si p\u0159ed odletem cen\u00edte pohodl\u00ed, m\u016f\u017eete na sv\u016fj let po\u010dkat ve VIP sal\u00f3nku. Na leti\u0161ti Marsa Alam m\u016f\u017eete za poplatek vyu\u017e\u00edt salonek Pearl Lounge. Zde si m\u016f\u017eete odpo\u010dinout v pohodln\u00fdch seda\u010dk\u00e1ch daleko od davu lid\u00ed a zdarma si vychutnat bufet. Bufet obvykle zahrnuje ob\u010derstven\u00ed, jako jsou sendvi\u010de, sal\u00e1ty, kol\u00e1\u010de a su\u0161enky. K dispozici je tak\u00e9 neomezen\u00e9 mno\u017estv\u00ed tepl\u00fdch a studen\u00fdch n\u00e1poj\u016f. Pokud chcete po\u010dkat na sv\u016fj let a ob\u010derstvit se na leti\u0161ti, m\u016f\u017eete tak u\u010dinit ve VIP sal\u00f3nku.<\/p>\n<h3>Jsou zde n\u011bjak\u00e9 obchody s potravinami?<\/h3>\n<p>Pokud nechcete sed\u011bt v restauraci nebo si chcete vz\u00edt n\u011bco s sebou do letadla, m\u016f\u017eete si koupit j\u00eddlo a n\u00e1poje v bufetech v odletov\u00e9 hale.<\/p>\n<p><strong>Bezceln\u00ed obchod<\/strong>: Najdete zde balen\u00e9 mezin\u00e1rodn\u00ed zna\u010dky, jako je \u010dokol\u00e1da, su\u0161enky a sladkosti.<br \/>\n<strong>Obchody s knihami\/\u010dasopisy<\/strong>: V t\u011bchto obchodech se obvykle prod\u00e1v\u00e1 z\u00e1kladn\u00ed ob\u010derstven\u00ed, jako jsou chipsy, krekry, voda a nealkoholick\u00e9 n\u00e1poje.<\/p>\n<h2>\nSeznam kav\u00e1ren, bar\u016f a restaurac\u00ed na leti\u0161ti Marsa Alam<\/h2>\n<p><strong>Zahradn\u00ed kav\u00e1rna<\/strong>: Kav\u00e1rna Garden Caf\u00e9 se nach\u00e1z\u00ed v prav\u00e9 chodb\u011b hned za pasovou kontrolou. V nab\u00eddce jsou r\u016fzn\u00e9 sendvi\u010de (tu\u0148\u00e1kov\u00fd, ku\u0159ec\u00ed, zeleninov\u00fd), \u010derstv\u011b uva\u0159en\u00e1 filtrovan\u00e1 k\u00e1va a n\u00e1poje na b\u00e1zi espressa a dezerty (datlov\u00fd kol\u00e1\u010d, pl\u00e1tek baklavy). Pokud se chcete p\u0159ed odletem rychle naj\u00edst, m\u016f\u017eete zvolit tuto kav\u00e1rnu.<\/p>\n<p><strong>Caf\u00e9 &amp; Co<\/strong>: Kav\u00e1rna Caf\u00e9 &amp; Co se nach\u00e1z\u00ed na chodb\u011b naproti Garden Caf\u00e9. Nab\u00edz\u00ed r\u016fzn\u00e9 druhy k\u00e1vy, nap\u0159\u00edklad espresso, latte a cappuccino, a tak\u00e9 studen\u00e9 n\u00e1poje s ovocnou p\u0159\u00edchut\u00ed, \u010derstv\u011b vyma\u010dkan\u00e9 ovocn\u00e9 \u0161\u0165\u00e1vy a balen\u00e9 ob\u010derstven\u00ed.<br \/>\n<strong>KAI Pizza<\/strong>: KAI Pizza se nach\u00e1z\u00ed p\u0159ed Caf\u00e9 &amp; Co. K dispozici jsou jednotliv\u00e9 pl\u00e1tky nebo cel\u00e9 pizzy. Pod\u00e1vaj\u00ed se r\u016fzn\u00e9 druhy pizzy, od margarity po feferonky.<\/p>\n<p><strong>K\u00e1va Wegi<\/strong>: Kav\u00e1rna Wegi Coffee se nach\u00e1z\u00ed v prostoru po bezpe\u010dnostn\u00ed kontrole v bl\u00edzkosti bezceln\u00edch obchod\u016f. Nab\u00eddka zahrnuje espresso, americano, latte a v letn\u00edch m\u011bs\u00edc\u00edch tak\u00e9 studen\u00e9 druhy k\u00e1vy a ochucen\u00e9 ledov\u00e9 n\u00e1poje. Obsluha je velmi rychl\u00e1.<\/p>\n<p><strong>Bezceln\u00ed potravinov\u00fd koutek<\/strong>: V bezceln\u00edm potravinov\u00e9m koutku v prostoru po bezpe\u010dnostn\u00ed kontrole se prod\u00e1vaj\u00ed r\u016fzn\u00e9 sladkosti a ob\u010derstven\u00ed, v\u010detn\u011b sv\u011btozn\u00e1m\u00fdch zna\u010dek \u010dokol\u00e1dy, jako je Lindt a Toblerone, a tak\u00e9 datlov\u00e9 energetick\u00e9 ty\u010dinky.<\/p>\n<p><strong>automaty na vodu a ob\u010derstven\u00ed<\/strong><\/p>\n<p>Na konci chodeb najdete automaty, kde si m\u016f\u017eete zakoupit pitnou vodu a z\u00e1kladn\u00ed ob\u010derstven\u00ed, jako jsou balen\u00e9 su\u0161enky a krekry. V n\u011bkter\u00fdch \u010d\u00e1stech leti\u0161t\u011b jsou tak\u00e9 bezplatn\u00e9 \u010derpac\u00ed stanice na vodu. Svou dovolenou m\u016f\u017eete zakon\u010dit t\u00edm, \u017ee si p\u0159i \u010dek\u00e1n\u00ed na odlet dop\u0159ejete posledn\u00ed sousto. P\u0159eji v\u00e1m p\u0159\u00edjemn\u00fd let!<\/p>","protected":false},"excerpt":{"rendered":"<p>Kdy\u017e se va\u0161e dovolen\u00e1 v Marsa Alam ch\u00fdl\u00ed ke konci, je jedn\u00edm z nejp\u0159\u00edjemn\u011bj\u0161\u00edch zp\u016fsob\u016f, jak si po\u010dkat na [...]<\/p>","protected":false},"author":1,"featured_media":0,"parent":0,"menu_order":0,"comment_status":"closed","ping_status":"closed","template":"","meta":{"_acf_changed":false,"site-sidebar-layout":"default","site-content-layout":"","ast-site-content-layout":"default","site-content-style":"default","site-sidebar-style":"default","ast-global-header-display":"","ast-banner-title-visibility":"","ast-main-header-display":"","ast-hfb-above-header-display":"","ast-hfb-below-header-display":"","ast-hfb-mobile-header-display":"","site-post-title":"","ast-breadcrumbs-content":"","ast-featured-img":"","footer-sml-layout":"","theme-transparent-header-meta":"default","adv-header-id-meta":"","stick-header-meta":"","header-above-stick-meta":"","header-main-stick-meta":"","header-below-stick-meta":"","astra-migrate-meta-layouts":"set","ast-page-background-enabled":"default","ast-page-background-meta":{"desktop":{"background-color":"var(--ast-global-color-4)","background-image":"","background-repeat":"repeat","background-position":"center center","background-size":"auto","background-attachment":"scroll","background-type":"","background-media":"","overlay-type":"","overlay-color":"","overlay-opacity":"","overlay-gradient":""},"tablet":{"background-color":"","background-image":"","background-repeat":"repeat","background-position":"center center","background-size":"auto","background-attachment":"scroll","background-type":"","background-media":"","overlay-type":"","overlay-color":"","overlay-opacity":"","overlay-gradient":""},"mobile":{"background-color":"","background-image":"","background-repeat":"repeat","background-position":"center center","background-size":"auto","background-attachment":"scroll","background-type":"","background-media":"","overlay-type":"","overlay-color":"","overlay-opacity":"","overlay-gradient":""}},"ast-content-background-meta":{"desktop":{"background-color":"var(--ast-global-color-5)","background-image":"","background-repeat":"repeat","background-position":"center center","background-size":"auto","background-attachment":"scroll","background-type":"","background-media":"","overlay-type":"","overlay-color":"","overlay-opacity":"","overlay-gradient":""},"tablet":{"background-color":"var(--ast-global-color-5)","background-image":"","background-repeat":"repeat","background-position":"center center","background-size":"auto","background-attachment":"scroll","background-type":"","background-media":"","overlay-type":"","overlay-color":"","overlay-opacity":"","overlay-gradient":""},"mobile":{"background-color":"var(--ast-global-color-5)","background-image":"","background-repeat":"repeat","background-position":"center center","background-size":"auto","background-attachment":"scroll","background-type":"","background-media":"","overlay-type":"","overlay-color":"","overlay-opacity":"","overlay-gradient":""}},"footnotes":""},"class_list":["post-1163","page","type-page","status-publish","hentry"],"acf":[],"yoast_head":"<!-- This site is optimized with the Yoast SEO Premium plugin v24.0 (Yoast SEO v27.5) - https:\/\/yoast.com\/product\/yoast-seo-premium-wordpress\/ -->\n<title>Marsa Alam Airport Restaurants, Cafes and Food a detailed guide<\/title>\n<meta name=\"description\" content=\"A complete guide to Marsa Alam Airport restaurants and food. A list of every restaurant, bar and cafe, plus their locations within the airport.\" \/>\n<meta name=\"robots\" content=\"index, follow, max-snippet:-1, max-image-preview:large, max-video-preview:-1\" \/>\n<link rel=\"canonical\" href=\"https:\/\/marsaalam-airport.com\/cs\/marsa-alam-airport-cafes-and-restaurants\/\" \/>\n<meta property=\"og:locale\" content=\"cs_CZ\" \/>\n<meta property=\"og:type\" content=\"article\" \/>\n<meta property=\"og:title\" content=\"Marsa Alam Airport Cafes and Restaurants\" \/>\n<meta property=\"og:description\" content=\"A complete guide to Marsa Alam Airport restaurants and food. A list of every restaurant, bar and cafe, plus their locations within the airport.\" \/>\n<meta property=\"og:url\" content=\"https:\/\/marsaalam-airport.com\/cs\/marsa-alam-airport-cafes-and-restaurants\/\" \/>\n<meta property=\"article:publisher\" content=\"https:\/\/www.facebook.com\/marsaalamairportinternational\" \/>\n<meta property=\"og:image\" content=\"https:\/\/marsaalam-airport.com\/wp-content\/uploads\/marsa-alam-airport-1.webp\" \/>\n\t<meta property=\"og:image:width\" content=\"1024\" \/>\n\t<meta property=\"og:image:height\" content=\"683\" \/>\n\t<meta property=\"og:image:type\" content=\"image\/webp\" \/>\n<meta name=\"twitter:card\" content=\"summary_large_image\" \/>\n<meta name=\"twitter:label1\" content=\"Odhadovan\u00e1 doba \u010dten\u00ed\" \/>\n\t<meta name=\"twitter:data1\" content=\"4 minuty\" \/>\n<script type=\"application\/ld+json\" class=\"yoast-schema-graph\">{\"@context\":\"https:\\\/\\\/schema.org\",\"@graph\":[{\"@type\":\"WebPage\",\"@id\":\"https:\\\/\\\/marsaalam-airport.com\\\/marsa-alam-airport-cafes-and-restaurants\\\/\",\"url\":\"https:\\\/\\\/marsaalam-airport.com\\\/marsa-alam-airport-cafes-and-restaurants\\\/\",\"name\":\"Marsa Alam Airport Restaurants, Cafes and Food a detailed guide\",\"isPartOf\":{\"@id\":\"https:\\\/\\\/marsaalam-airport.com\\\/#website\"},\"datePublished\":\"2025-07-21T11:17:27+00:00\",\"description\":\"A complete guide to Marsa Alam Airport restaurants and food. A list of every restaurant, bar and cafe, plus their locations within the airport.\",\"breadcrumb\":{\"@id\":\"https:\\\/\\\/marsaalam-airport.com\\\/marsa-alam-airport-cafes-and-restaurants\\\/#breadcrumb\"},\"inLanguage\":\"cs\",\"potentialAction\":[{\"@type\":\"ReadAction\",\"target\":[\"https:\\\/\\\/marsaalam-airport.com\\\/marsa-alam-airport-cafes-and-restaurants\\\/\"]}]},{\"@type\":\"BreadcrumbList\",\"@id\":\"https:\\\/\\\/marsaalam-airport.com\\\/marsa-alam-airport-cafes-and-restaurants\\\/#breadcrumb\",\"itemListElement\":[{\"@type\":\"ListItem\",\"position\":1,\"name\":\"Home\",\"item\":\"https:\\\/\\\/marsaalam-airport.com\\\/\"},{\"@type\":\"ListItem\",\"position\":2,\"name\":\"Marsa Alam Airport Cafes and Restaurants\"}]},{\"@type\":\"WebSite\",\"@id\":\"https:\\\/\\\/marsaalam-airport.com\\\/#website\",\"url\":\"https:\\\/\\\/marsaalam-airport.com\\\/\",\"name\":\"Marsa Alam International Airport\",\"description\":\"\",\"publisher\":{\"@id\":\"https:\\\/\\\/marsaalam-airport.com\\\/#organization\"},\"alternateName\":\"RMF\",\"potentialAction\":[{\"@type\":\"SearchAction\",\"target\":{\"@type\":\"EntryPoint\",\"urlTemplate\":\"https:\\\/\\\/marsaalam-airport.com\\\/?s={search_term_string}\"},\"query-input\":{\"@type\":\"PropertyValueSpecification\",\"valueRequired\":true,\"valueName\":\"search_term_string\"}}],\"inLanguage\":\"cs\"},{\"@type\":\"Organization\",\"@id\":\"https:\\\/\\\/marsaalam-airport.com\\\/#organization\",\"name\":\"Marsa Alam International Airport\",\"alternateName\":\"RMF\",\"url\":\"https:\\\/\\\/marsaalam-airport.com\\\/\",\"logo\":{\"@type\":\"ImageObject\",\"inLanguage\":\"cs\",\"@id\":\"https:\\\/\\\/marsaalam-airport.com\\\/#\\\/schema\\\/logo\\\/image\\\/\",\"url\":\"https:\\\/\\\/marsaalam-airport.com\\\/wp-content\\\/uploads\\\/cropped-rmf-logo.png\",\"contentUrl\":\"https:\\\/\\\/marsaalam-airport.com\\\/wp-content\\\/uploads\\\/cropped-rmf-logo.png\",\"width\":1998,\"height\":667,\"caption\":\"Marsa Alam International Airport\"},\"image\":{\"@id\":\"https:\\\/\\\/marsaalam-airport.com\\\/#\\\/schema\\\/logo\\\/image\\\/\"},\"sameAs\":[\"https:\\\/\\\/www.facebook.com\\\/marsaalamairportinternational\"],\"description\":\"Marsa Alam Airport (RMF) provides live tracking for arrivals & departures plus comfortable airport hotels with free shuttles.\",\"email\":\"info@marsaalam-airport.com\",\"legalName\":\"Marsa Alam Airport\"}]}<\/script>\n<!-- \/ Yoast SEO Premium plugin. -->","yoast_head_json":{"title":"Marsa Alam Airport Restaurants, Cafes and Food a detailed guide","description":"A complete guide to Marsa Alam Airport restaurants and food. A list of every restaurant, bar and cafe, plus their locations within the airport.","robots":{"index":"index","follow":"follow","max-snippet":"max-snippet:-1","max-image-preview":"max-image-preview:large","max-video-preview":"max-video-preview:-1"},"canonical":"https:\/\/marsaalam-airport.com\/cs\/marsa-alam-airport-cafes-and-restaurants\/","og_locale":"cs_CZ","og_type":"article","og_title":"Marsa Alam Airport Cafes and Restaurants","og_description":"A complete guide to Marsa Alam Airport restaurants and food. A list of every restaurant, bar and cafe, plus their locations within the airport.","og_url":"https:\/\/marsaalam-airport.com\/cs\/marsa-alam-airport-cafes-and-restaurants\/","article_publisher":"https:\/\/www.facebook.com\/marsaalamairportinternational","og_image":[{"width":1024,"height":683,"url":"https:\/\/marsaalam-airport.com\/wp-content\/uploads\/marsa-alam-airport-1.webp","type":"image\/webp"}],"twitter_card":"summary_large_image","twitter_misc":{"Odhadovan\u00e1 doba \u010dten\u00ed":"4 minuty"},"schema":{"@context":"https:\/\/schema.org","@graph":[{"@type":"WebPage","@id":"https:\/\/marsaalam-airport.com\/marsa-alam-airport-cafes-and-restaurants\/","url":"https:\/\/marsaalam-airport.com\/marsa-alam-airport-cafes-and-restaurants\/","name":"Marsa Alam Airport Restaurants, Cafes and Food a detailed guide","isPartOf":{"@id":"https:\/\/marsaalam-airport.com\/#website"},"datePublished":"2025-07-21T11:17:27+00:00","description":"A complete guide to Marsa Alam Airport restaurants and food. A list of every restaurant, bar and cafe, plus their locations within the airport.","breadcrumb":{"@id":"https:\/\/marsaalam-airport.com\/marsa-alam-airport-cafes-and-restaurants\/#breadcrumb"},"inLanguage":"cs","potentialAction":[{"@type":"ReadAction","target":["https:\/\/marsaalam-airport.com\/marsa-alam-airport-cafes-and-restaurants\/"]}]},{"@type":"BreadcrumbList","@id":"https:\/\/marsaalam-airport.com\/marsa-alam-airport-cafes-and-restaurants\/#breadcrumb","itemListElement":[{"@type":"ListItem","position":1,"name":"Home","item":"https:\/\/marsaalam-airport.com\/"},{"@type":"ListItem","position":2,"name":"Marsa Alam Airport Cafes and Restaurants"}]},{"@type":"WebSite","@id":"https:\/\/marsaalam-airport.com\/#website","url":"https:\/\/marsaalam-airport.com\/","name":"Marsa Alam International Airport","description":"","publisher":{"@id":"https:\/\/marsaalam-airport.com\/#organization"},"alternateName":"RMF","potentialAction":[{"@type":"SearchAction","target":{"@type":"EntryPoint","urlTemplate":"https:\/\/marsaalam-airport.com\/?s={search_term_string}"},"query-input":{"@type":"PropertyValueSpecification","valueRequired":true,"valueName":"search_term_string"}}],"inLanguage":"cs"},{"@type":"Organization","@id":"https:\/\/marsaalam-airport.com\/#organization","name":"Marsa Alam International Airport","alternateName":"RMF","url":"https:\/\/marsaalam-airport.com\/","logo":{"@type":"ImageObject","inLanguage":"cs","@id":"https:\/\/marsaalam-airport.com\/#\/schema\/logo\/image\/","url":"https:\/\/marsaalam-airport.com\/wp-content\/uploads\/cropped-rmf-logo.png","contentUrl":"https:\/\/marsaalam-airport.com\/wp-content\/uploads\/cropped-rmf-logo.png","width":1998,"height":667,"caption":"Marsa Alam International Airport"},"image":{"@id":"https:\/\/marsaalam-airport.com\/#\/schema\/logo\/image\/"},"sameAs":["https:\/\/www.facebook.com\/marsaalamairportinternational"],"description":"Marsa Alam Airport (RMF) provides live tracking for arrivals & departures plus comfortable airport hotels with free shuttles.","email":"info@marsaalam-airport.com","legalName":"Marsa Alam Airport"}]}},"_links":{"self":[{"href":"https:\/\/marsaalam-airport.com\/cs\/wp-json\/wp\/v2\/pages\/1163","targetHints":{"allow":["GET"]}}],"collection":[{"href":"https:\/\/marsaalam-airport.com\/cs\/wp-json\/wp\/v2\/pages"}],"about":[{"href":"https:\/\/marsaalam-airport.com\/cs\/wp-json\/wp\/v2\/types\/page"}],"author":[{"embeddable":true,"href":"https:\/\/marsaalam-airport.com\/cs\/wp-json\/wp\/v2\/users\/1"}],"replies":[{"embeddable":true,"href":"https:\/\/marsaalam-airport.com\/cs\/wp-json\/wp\/v2\/comments?post=1163"}],"version-history":[{"count":1,"href":"https:\/\/marsaalam-airport.com\/cs\/wp-json\/wp\/v2\/pages\/1163\/revisions"}],"predecessor-version":[{"id":1165,"href":"https:\/\/marsaalam-airport.com\/cs\/wp-json\/wp\/v2\/pages\/1163\/revisions\/1165"}],"wp:attachment":[{"href":"https:\/\/marsaalam-airport.com\/cs\/wp-json\/wp\/v2\/media?parent=1163"}],"curies":[{"name":"wp","href":"https:\/\/api.w.org\/{rel}","templated":true}]}}