{"id":1138,"date":"2025-07-21T00:01:08","date_gmt":"2025-07-21T00:01:08","guid":{"rendered":"https:\/\/marsaalam-airport.com\/?page_id=1138"},"modified":"2025-07-21T00:01:08","modified_gmt":"2025-07-21T00:01:08","slug":"terminal","status":"publish","type":"page","link":"https:\/\/marsaalam-airport.com\/cs\/terminal\/","title":{"rendered":"Termin\u00e1l 1 leti\u0161t\u011b Marsa Alam"},"content":{"rendered":"<p>Kouzlo objevov\u00e1n\u00ed m\u00edsta nespo\u010d\u00edv\u00e1 jen v samotn\u00e9m c\u00edli, ale tak\u00e9 v cest\u011b. Leti\u0161t\u011b je ned\u00edlnou sou\u010d\u00e1st\u00ed va\u0161ich z\u00e1\u017eitk\u016f, proto\u017ee je v\u00fdchoz\u00edm i kone\u010dn\u00fdm bodem va\u0161\u00ed cesty do r\u00e1je, jako je Marsa Alam, kde se c\u00edt\u00edte v\u00fdjime\u010dn\u011b. Na rozd\u00edl od velk\u00fdch, slo\u017eit\u00fdch a nep\u0159ehledn\u00fdch leti\u0161\u0165 m\u00e1 mezin\u00e1rodn\u00ed leti\u0161t\u011b Marsa Alam (RMF) pom\u011brn\u011b jednoduchou strukturu.<\/p>\n<p>Leti\u0161t\u011b Marsa Alam m\u00e1 v\u0161e pod jednou st\u0159echou, aby sv\u00e9 n\u00e1v\u0161t\u011bvn\u00edky neunavilo! Jin\u00fdmi slovy, v\u0161e, co hled\u00e1te, se nach\u00e1z\u00ed v jedin\u00e9, modern\u00ed a u\u017eivatelsky p\u0159\u00edv\u011btiv\u00e9 budov\u011b hlavn\u00edho termin\u00e1lu, kterou m\u016f\u017eeme nazvat \"Termin\u00e1l 1\".<\/p>\n<h2>P\u0159ehled Termin\u00e1l 1 Marsa Alam<\/h2>\n<p>Termin\u00e1l leti\u0161t\u011b Marsa Alam byl otev\u0159en v roce 2003. Termin\u00e1l m\u00e1 modern\u00ed design. Budova, kter\u00e1 se ty\u010d\u00ed jako o\u00e1za uprost\u0159ed pou\u0161t\u011b, vynik\u00e1 \u010distotou, po\u0159\u00e1dkem a p\u0159edev\u0161\u00edm kompaktn\u00ed strukturou. V tomto termin\u00e1lu je t\u00e9m\u011b\u0159 nemo\u017en\u00e9 se ztratit! P\u0159\u00edletov\u00e1 a odletov\u00e1 hala se nach\u00e1zej\u00ed ve stejn\u00e9 budov\u011b. Budova termin\u00e1lu je vzd\u00e1lena pouh\u00fdch 500 metr\u016f od p\u0159ist\u00e1vac\u00ed dr\u00e1hy. Ro\u010dn\u011b tento termin\u00e1l vyu\u017eije p\u0159ibli\u017en\u011b 1 milion cestuj\u00edc\u00edch.<\/p>\n<h3>\nTermin\u00e1l 1 Marsa Alam - p\u0159\u00edletov\u00fd proces<\/h3>\n<p>Od okam\u017eiku, kdy va\u0161e letadlo p\u0159istane na ranveji, na v\u00e1s d\u00fdchne p\u0159\u00edjemn\u00e1 atmosf\u00e9ra termin\u00e1lu. Po vystoupen\u00ed z letadla se po kr\u00e1tk\u00e9 proch\u00e1zce dostanete do budovy termin\u00e1lu. Po vstupu do budovy termin\u00e1lu v\u00e1s p\u0159iv\u00edtaj\u00ed n\u00e1sleduj\u00edc\u00ed kroky:<\/p>\n<p><strong>V\u00edzov\u00e9 postupy<\/strong>: Pokud pot\u0159ebujete v\u00edzum (pro zem\u011b, kter\u00e9 vyd\u00e1vaj\u00ed v\u00edza na hranic\u00edch), mus\u00edte p\u0159ed pasovou kontrolou zaj\u00edt k p\u0159ep\u00e1\u017ece a z\u00edskat v\u00edzov\u00e9 raz\u00edtko za p\u0159ibli\u017en\u011b 25 USD.<\/p>\n<p><strong>Pasov\u00e1 kontrola<\/strong>: Jakmile budete m\u00edt v\u00edzum, m\u011bli byste se dostavit k pasov\u00e9 kontrole. Zde v\u00e1m bude v\u00edzum vlo\u017eeno do pasu.<br \/>\n<strong>Odbaven\u00ed zavazadel<\/strong>: Ihned po pr\u016fchodu pasovou kontrolou se dostanete ke karusel\u016fm pro v\u00fddej zavazadel. Spr\u00e1vn\u00fd karusel snadno najdete podle \u010d\u00edsla sv\u00e9ho letu na obrazovk\u00e1ch.<br \/>\n<strong>Clo a v\u00fdstup<\/strong>: Po vyzvednut\u00ed zavazadel m\u016f\u017eete opustit budovu termin\u00e1lu a proj\u00edt celn\u00ed kontrolou.<\/p>\n<h3>\nTermin\u00e1l 1 Marsa Alam - proces odlet\u016f<\/h3>\n<p>P\u0159i vstupu do termin\u00e1lu uvid\u00edte odbavovac\u00ed p\u0159ep\u00e1\u017eky. Po obdr\u017een\u00ed \u010d\u00edsla fronty va\u0161\u00ed leteck\u00e9 spole\u010dnosti odbavte sv\u00e1 zavazadla a potvr\u010fte palubn\u00ed vstupenku. Pot\u00e9 m\u016f\u017eete p\u0159ej\u00edt do sekce \"Airside\" t\u00edm, \u017ee projdete bezpe\u010dnostn\u00ed kontrolou a pasovou kontrolou.<\/p>\n<p><strong>Vstup a po\u010d\u00e1te\u010dn\u00ed zabezpe\u010den\u00ed<\/strong>: P\u0159i vstupu do budovy termin\u00e1lu projdete vstupn\u00ed bezpe\u010dnostn\u00ed kontrolou.<br \/>\n<strong>Odbaven\u00ed<\/strong>: P\u0159ep\u00e1\u017eky leteck\u00fdch spole\u010dnost\u00ed se nach\u00e1zej\u00ed p\u0159\u00edmo p\u0159ed v\u00e1mi. Najd\u011bte si na obrazovk\u00e1ch svou p\u0159ep\u00e1\u017eku, odbavte zavazadla a z\u00edskejte palubn\u00ed vstupenku.<br \/>\n<strong>Bezpe\u010dnostn\u00ed a pasov\u00e1 kontrola<\/strong>: Po p\u0159ihl\u00e1\u0161en\u00ed se m\u016f\u017eete vydat do horn\u00edho patra. Zde nejprve projdete bezpe\u010dnostn\u00ed kontrolou a pot\u00e9 pasovou kontrolou, kde v\u00e1m bude oraz\u00edtkov\u00e1no v\u00fdstupn\u00ed raz\u00edtko do Egypta.<br \/>\n<strong>Odletov\u00fd salonek<\/strong>: Nyn\u00ed se nach\u00e1z\u00edte v \u010dek\u00e1rn\u011b, kter\u00e1 je ur\u010dena v\u00fdhradn\u011b pro cestuj\u00edc\u00ed. Zat\u00edmco \u010dek\u00e1te na posledn\u00ed v\u00fdzvu k odletu, m\u016f\u017eete str\u00e1vit \u010das v bezceln\u00ed z\u00f3n\u011b a kav\u00e1rn\u011b.<\/p>\n<h3>\nParkovi\u0161t\u011b Termin\u00e1l 1 Marsa Alam<\/h3>\n<p>P\u0159ed termin\u00e1lem 1 jsou parkovac\u00ed plochy pro kr\u00e1tkodob\u00e9 (odbaven\u00ed) i dlouhodob\u00e9 parkov\u00e1n\u00ed. Kr\u00e1tkodob\u00e9 parkovi\u0161t\u011b se nach\u00e1z\u00ed 50 metr\u016f od vchodu do termin\u00e1lu. Dlouhodob\u00e9 parkovi\u0161t\u011b se nach\u00e1z\u00ed 200-300 metr\u016f od termin\u00e1lu. V\u0161echna parkovi\u0161t\u011b jsou nep\u0159etr\u017eit\u011b monitorov\u00e1na bezpe\u010dnostn\u00edmi kamerami. Na parkovi\u0161t\u00edch jsou vyhrazena speci\u00e1ln\u00ed parkovac\u00ed m\u00edsta pro cestuj\u00edc\u00ed se zdravotn\u00edm posti\u017een\u00edm.<\/p>\n<h4>\nTax\u00edky<\/h4>\n<p>P\u0159ed budovou termin\u00e1lu jsou stanovi\u0161t\u011b taxi. Ihned po vystoupen\u00ed z letadla si m\u016f\u017eete vz\u00edt taxi do sv\u00e9ho hotelu. Kreditn\u00ed karty nejsou v tax\u00edc\u00edch p\u0159ij\u00edm\u00e1ny. J\u00edzdn\u00e9 mus\u00edte zaplatit v hotovosti. P\u0159ed n\u00e1stupem do tax\u00edku nezapome\u0148te smlouvat. M\u011bli byste m\u00edt u sebe m\u00edstn\u00ed m\u011bnu, abyste nebyli ovlivn\u011bni sm\u011bnn\u00fdmi kurzy.<\/p>\n<h4>\nPron\u00e1jem auta<\/h4>\n<p>V p\u0159\u00edletov\u00e9 \u010d\u00e1sti termin\u00e1lu se nach\u00e1zej\u00ed kancel\u00e1\u0159e mezin\u00e1rodn\u00edch autop\u016fj\u010doven, jako jsou Avis, Budget, Europcar, Sixt a Thrifty. P\u0159ed p\u0159\u00edjezdem na leti\u0161t\u011b si nezapome\u0148te rezervovat v\u016fz online. M\u016f\u017eete si tak vybrat v\u016fz, kter\u00fd chcete, a vyu\u017e\u00edt mo\u017enosti v\u010dasn\u00e9 rezervace. I kdy\u017e v\u0161ak rezervaci nem\u00e1te, m\u016f\u017eete si v\u016fz rychle vyzvednout tak, \u017ee si na p\u0159ep\u00e1\u017ek\u00e1ch ov\u011b\u0159\u00edte dostupnost. Platit m\u016f\u017eete kreditn\u00ed kartou nebo v hotovosti.<\/p>\n<h4>\nSoukrom\u00e9 transfery<\/h4>\n<p>Jedn\u00e1 se o nejobl\u00edben\u011bj\u0161\u00ed dopravn\u00ed prost\u0159edek v Marsa Alam. Pro pohodlnou p\u0159epravu od dve\u0159\u00ed ke dve\u0159\u00edm v Marsa Alam si m\u016f\u017eete zvolit p\u0159edem objednanou soukromou p\u0159epravu. Zku\u0161en\u00ed \u0159idi\u010di se postaraj\u00ed o v\u0161e od pomoci se zavazadly a\u017e po uv\u00edtac\u00ed slu\u017eby. Ceny se li\u0161\u00ed v z\u00e1vislosti na po\u010dtu cestuj\u00edc\u00edch a typu vozidla. Pr\u016fm\u011brn\u00e1 cena se pohybuje mezi 30 a 60 USD.<\/p>\n<h4>\nSlu\u017eby pro cestuj\u00edc\u00ed<\/h4>\n<p>Turistick\u00e9 p\u0159ep\u00e1\u017eky, sm\u011bn\u00e1rny, st\u00e1nky se SIM kartami a bankomaty se nach\u00e1zej\u00ed v \"pozemn\u00ed\" \u010d\u00e1sti termin\u00e1lu 1. V \u010d\u00e1sti \"airside\" je k dispozici bezplatn\u00e9 Wi-Fi, bezceln\u00ed obchody, mal\u00e9 butiky a kav\u00e1rny a restaurace. V termin\u00e1lu jsou tak\u00e9 sk\u0159\u00ed\u0148ky, m\u00edstnost pro hl\u00edd\u00e1n\u00ed d\u011bt\u00ed a modlitebna.<\/p>\n<h4>\nBezbari\u00e9rov\u00fd p\u0159\u00edstup<\/h4>\n<p>Leti\u0161t\u011b Marsa Alama je pln\u011b p\u0159\u00edstupn\u00e9 d\u00edky ramp\u00e1m, v\u00fdtah\u016fm a speci\u00e1ln\u00edm toalet\u00e1m. Pro zdravotn\u011b posti\u017een\u00e9 cestuj\u00edc\u00ed je k dispozici bezplatn\u00e1 slu\u017eba pro voz\u00ed\u010dk\u00e1\u0159e. Plat\u00ed v\u0161ak zlat\u00e9 pravidlo: O tuto slu\u017ebu mus\u00edte po\u017e\u00e1dat leteckou spole\u010dnost nejm\u00e9n\u011b 48 hodin p\u0159ed odletem.<\/p>\n<h4>\nZtracen\u00fd majetek a zavazadla<\/h4>\n<p>Pokud se va\u0161e zavazadlo ztrat\u00ed, obra\u0165te se na kancel\u00e1\u0159 pozemn\u00edch slu\u017eeb leteck\u00e9 spole\u010dnosti v prostoru v\u00fddeje zavazadel. Pokud ztrat\u00edte zavazadlo uvnit\u0159 termin\u00e1lu, m\u011bli byste se obr\u00e1tit na leti\u0161tn\u00ed informa\u010dn\u00ed nebo bezpe\u010dnostn\u00ed p\u0159ep\u00e1\u017eku. Kancel\u00e1\u0159 pro ztr\u00e1ty se nach\u00e1z\u00ed v termin\u00e1lu 1 na \u00farovni p\u0159\u00edlet\u016f, hned vedle pasov\u00e9 kontroly.<\/p>\n<h4>Termin\u00e1l 1 Marsa Alam Restaurace<\/h4>\n<p>V prostoru po odbaven\u00ed se nach\u00e1z\u00ed kav\u00e1rny Garden Caf\u00e9, Caf\u00e9 &amp; Co a mal\u00e9 bufety s ob\u010derstven\u00edm. Toto leti\u0161t\u011b je pom\u011brn\u011b butikov\u00e9. V termin\u00e1lu proto ne\u010dekejte \u017e\u00e1dn\u00e9 gurm\u00e1nsk\u00e9 lah\u016fdky. B\u011bhem \u010dek\u00e1n\u00ed na let se v\u0161ak m\u016f\u017eete ob\u010derstvit. V odletov\u00e9 hale se nach\u00e1z\u00ed n\u011bkolik kav\u00e1ren s nab\u00eddkou ob\u010derstven\u00ed, jako jsou sendvi\u010de a z\u00e1kusky, a tak\u00e9 bufety, kde si m\u016f\u017eete koupit nealkoholick\u00e9 n\u00e1poje. Pokud si chcete vychutnat posledn\u00ed \u0161\u00e1lek egyptsk\u00e9ho \u010daje nebo k\u00e1vy, m\u016f\u017eete se zde zastavit.<\/p>\n<h3>\nTermin\u00e1l 1 Marsa Alam N\u00e1kupy<\/h3>\n<p>V obchod\u011b Duty-Free v odletov\u00e9 hale najdete klasick\u00e9 zbo\u017e\u00ed, jako jsou parf\u00e9my, kosmetika, alkoholick\u00e9 n\u00e1poje a tab\u00e1kov\u00e9 v\u00fdrobky. Krom\u011b toho se v termin\u00e1lu nach\u00e1z\u00ed n\u011bkolik obchod\u016f se suven\u00fdry, kde si m\u016f\u017eete koupit ko\u0159en\u00ed jedine\u010dn\u00e9 pro Egypt, drobn\u00e9 suven\u00fdry, papyrus a v\u00fdrobky z bavlny. Nezapome\u0148te, \u017ee odv\u00e1\u017eet ze zem\u011b kor\u00e1ly a mu\u0161le nasb\u00edran\u00e9 v Rud\u00e9m mo\u0159i je nez\u00e1konn\u00e9! Nezapome\u0148te pros\u00edm tyto p\u0159\u00edrodn\u00ed kr\u00e1sy respektovat.<\/p>","protected":false},"excerpt":{"rendered":"<p>Kouzlo objevov\u00e1n\u00ed m\u00edsta nespo\u010d\u00edv\u00e1 jen v samotn\u00e9m c\u00edli, ale tak\u00e9 v cest\u011b. Leti\u0161t\u011b [...]<\/p>","protected":false},"author":1,"featured_media":0,"parent":0,"menu_order":0,"comment_status":"closed","ping_status":"closed","template":"","meta":{"_acf_changed":false,"site-sidebar-layout":"default","site-content-layout":"","ast-site-content-layout":"default","site-content-style":"default","site-sidebar-style":"default","ast-global-header-display":"","ast-banner-title-visibility":"","ast-main-header-display":"","ast-hfb-above-header-display":"","ast-hfb-below-header-display":"","ast-hfb-mobile-header-display":"","site-post-title":"","ast-breadcrumbs-content":"","ast-featured-img":"","footer-sml-layout":"","theme-transparent-header-meta":"default","adv-header-id-meta":"","stick-header-meta":"","header-above-stick-meta":"","header-main-stick-meta":"","header-below-stick-meta":"","astra-migrate-meta-layouts":"set","ast-page-background-enabled":"default","ast-page-background-meta":{"desktop":{"background-color":"var(--ast-global-color-4)","background-image":"","background-repeat":"repeat","background-position":"center center","background-size":"auto","background-attachment":"scroll","background-type":"","background-media":"","overlay-type":"","overlay-color":"","overlay-opacity":"","overlay-gradient":""},"tablet":{"background-color":"","background-image":"","background-repeat":"repeat","background-position":"center center","background-size":"auto","background-attachment":"scroll","background-type":"","background-media":"","overlay-type":"","overlay-color":"","overlay-opacity":"","overlay-gradient":""},"mobile":{"background-color":"","background-image":"","background-repeat":"repeat","background-position":"center center","background-size":"auto","background-attachment":"scroll","background-type":"","background-media":"","overlay-type":"","overlay-color":"","overlay-opacity":"","overlay-gradient":""}},"ast-content-background-meta":{"desktop":{"background-color":"var(--ast-global-color-5)","background-image":"","background-repeat":"repeat","background-position":"center center","background-size":"auto","background-attachment":"scroll","background-type":"","background-media":"","overlay-type":"","overlay-color":"","overlay-opacity":"","overlay-gradient":""},"tablet":{"background-color":"var(--ast-global-color-5)","background-image":"","background-repeat":"repeat","background-position":"center center","background-size":"auto","background-attachment":"scroll","background-type":"","background-media":"","overlay-type":"","overlay-color":"","overlay-opacity":"","overlay-gradient":""},"mobile":{"background-color":"var(--ast-global-color-5)","background-image":"","background-repeat":"repeat","background-position":"center center","background-size":"auto","background-attachment":"scroll","background-type":"","background-media":"","overlay-type":"","overlay-color":"","overlay-opacity":"","overlay-gradient":""}},"footnotes":""},"class_list":["post-1138","page","type-page","status-publish","hentry"],"acf":[],"yoast_head":"<!-- This site is optimized with the Yoast SEO Premium plugin v24.0 (Yoast SEO v26.6) - https:\/\/yoast.com\/wordpress\/plugins\/seo\/ -->\n<title>Terminal 1 Marsa Alam Airport |<\/title>\n<meta name=\"robots\" content=\"index, follow, max-snippet:-1, max-image-preview:large, max-video-preview:-1\" \/>\n<link rel=\"canonical\" href=\"https:\/\/marsaalam-airport.com\/cs\/terminal\/\" \/>\n<meta property=\"og:locale\" content=\"cs_CZ\" \/>\n<meta property=\"og:type\" content=\"article\" \/>\n<meta property=\"og:title\" content=\"Terminal 1 Marsa Alam Airport\" \/>\n<meta property=\"og:description\" content=\"The magic of discovering a place lies not only in the destination itself, but also in the journey. The airport [&hellip;]\" \/>\n<meta property=\"og:url\" content=\"https:\/\/marsaalam-airport.com\/cs\/terminal\/\" \/>\n<meta property=\"article:publisher\" content=\"https:\/\/www.facebook.com\/marsaalamairportinternational\" \/>\n<meta property=\"og:image\" content=\"https:\/\/marsaalam-airport.com\/wp-content\/uploads\/marsa-alam-airport-1.webp\" \/>\n\t<meta property=\"og:image:width\" content=\"1024\" \/>\n\t<meta property=\"og:image:height\" content=\"683\" \/>\n\t<meta property=\"og:image:type\" content=\"image\/webp\" \/>\n<meta name=\"twitter:card\" content=\"summary_large_image\" \/>\n<meta name=\"twitter:label1\" content=\"Odhadovan\u00e1 doba \u010dten\u00ed\" \/>\n\t<meta name=\"twitter:data1\" content=\"5 minut\" \/>\n<script type=\"application\/ld+json\" class=\"yoast-schema-graph\">{\"@context\":\"https:\/\/schema.org\",\"@graph\":[{\"@type\":\"WebPage\",\"@id\":\"https:\/\/marsaalam-airport.com\/terminal\/\",\"url\":\"https:\/\/marsaalam-airport.com\/terminal\/\",\"name\":\"Terminal 1 Marsa Alam Airport |\",\"isPartOf\":{\"@id\":\"https:\/\/marsaalam-airport.com\/#website\"},\"datePublished\":\"2025-07-21T00:01:08+00:00\",\"breadcrumb\":{\"@id\":\"https:\/\/marsaalam-airport.com\/terminal\/#breadcrumb\"},\"inLanguage\":\"cs\",\"potentialAction\":[{\"@type\":\"ReadAction\",\"target\":[\"https:\/\/marsaalam-airport.com\/terminal\/\"]}]},{\"@type\":\"BreadcrumbList\",\"@id\":\"https:\/\/marsaalam-airport.com\/terminal\/#breadcrumb\",\"itemListElement\":[{\"@type\":\"ListItem\",\"position\":1,\"name\":\"Home\",\"item\":\"https:\/\/marsaalam-airport.com\/\"},{\"@type\":\"ListItem\",\"position\":2,\"name\":\"Terminal 1 Marsa Alam Airport\"}]},{\"@type\":\"WebSite\",\"@id\":\"https:\/\/marsaalam-airport.com\/#website\",\"url\":\"https:\/\/marsaalam-airport.com\/\",\"name\":\"Marsa Alam International Airport\",\"description\":\"\",\"publisher\":{\"@id\":\"https:\/\/marsaalam-airport.com\/#organization\"},\"alternateName\":\"RMF\",\"potentialAction\":[{\"@type\":\"SearchAction\",\"target\":{\"@type\":\"EntryPoint\",\"urlTemplate\":\"https:\/\/marsaalam-airport.com\/?s={search_term_string}\"},\"query-input\":{\"@type\":\"PropertyValueSpecification\",\"valueRequired\":true,\"valueName\":\"search_term_string\"}}],\"inLanguage\":\"cs\"},{\"@type\":\"Organization\",\"@id\":\"https:\/\/marsaalam-airport.com\/#organization\",\"name\":\"Marsa Alam International Airport\",\"alternateName\":\"RMF\",\"url\":\"https:\/\/marsaalam-airport.com\/\",\"logo\":{\"@type\":\"ImageObject\",\"inLanguage\":\"cs\",\"@id\":\"https:\/\/marsaalam-airport.com\/#\/schema\/logo\/image\/\",\"url\":\"https:\/\/marsaalam-airport.com\/wp-content\/uploads\/cropped-rmf-logo.png\",\"contentUrl\":\"https:\/\/marsaalam-airport.com\/wp-content\/uploads\/cropped-rmf-logo.png\",\"width\":1998,\"height\":667,\"caption\":\"Marsa Alam International Airport\"},\"image\":{\"@id\":\"https:\/\/marsaalam-airport.com\/#\/schema\/logo\/image\/\"},\"sameAs\":[\"https:\/\/www.facebook.com\/marsaalamairportinternational\"],\"description\":\"Marsa Alam Airport (RMF) provides live tracking for arrivals & departures plus comfortable airport hotels with free shuttles.\",\"email\":\"info@marsaalam-airport.com\",\"legalName\":\"Marsa Alam Airport\"}]}<\/script>\n<!-- \/ Yoast SEO Premium plugin. -->","yoast_head_json":{"title":"Terminal 1 Marsa Alam Airport |","robots":{"index":"index","follow":"follow","max-snippet":"max-snippet:-1","max-image-preview":"max-image-preview:large","max-video-preview":"max-video-preview:-1"},"canonical":"https:\/\/marsaalam-airport.com\/cs\/terminal\/","og_locale":"cs_CZ","og_type":"article","og_title":"Terminal 1 Marsa Alam Airport","og_description":"The magic of discovering a place lies not only in the destination itself, but also in the journey. The airport [&hellip;]","og_url":"https:\/\/marsaalam-airport.com\/cs\/terminal\/","article_publisher":"https:\/\/www.facebook.com\/marsaalamairportinternational","og_image":[{"width":1024,"height":683,"url":"https:\/\/marsaalam-airport.com\/wp-content\/uploads\/marsa-alam-airport-1.webp","type":"image\/webp"}],"twitter_card":"summary_large_image","twitter_misc":{"Odhadovan\u00e1 doba \u010dten\u00ed":"5 minut"},"schema":{"@context":"https:\/\/schema.org","@graph":[{"@type":"WebPage","@id":"https:\/\/marsaalam-airport.com\/terminal\/","url":"https:\/\/marsaalam-airport.com\/terminal\/","name":"Terminal 1 Marsa Alam Airport |","isPartOf":{"@id":"https:\/\/marsaalam-airport.com\/#website"},"datePublished":"2025-07-21T00:01:08+00:00","breadcrumb":{"@id":"https:\/\/marsaalam-airport.com\/terminal\/#breadcrumb"},"inLanguage":"cs","potentialAction":[{"@type":"ReadAction","target":["https:\/\/marsaalam-airport.com\/terminal\/"]}]},{"@type":"BreadcrumbList","@id":"https:\/\/marsaalam-airport.com\/terminal\/#breadcrumb","itemListElement":[{"@type":"ListItem","position":1,"name":"Home","item":"https:\/\/marsaalam-airport.com\/"},{"@type":"ListItem","position":2,"name":"Terminal 1 Marsa Alam Airport"}]},{"@type":"WebSite","@id":"https:\/\/marsaalam-airport.com\/#website","url":"https:\/\/marsaalam-airport.com\/","name":"Marsa Alam International Airport","description":"","publisher":{"@id":"https:\/\/marsaalam-airport.com\/#organization"},"alternateName":"RMF","potentialAction":[{"@type":"SearchAction","target":{"@type":"EntryPoint","urlTemplate":"https:\/\/marsaalam-airport.com\/?s={search_term_string}"},"query-input":{"@type":"PropertyValueSpecification","valueRequired":true,"valueName":"search_term_string"}}],"inLanguage":"cs"},{"@type":"Organization","@id":"https:\/\/marsaalam-airport.com\/#organization","name":"Marsa Alam International Airport","alternateName":"RMF","url":"https:\/\/marsaalam-airport.com\/","logo":{"@type":"ImageObject","inLanguage":"cs","@id":"https:\/\/marsaalam-airport.com\/#\/schema\/logo\/image\/","url":"https:\/\/marsaalam-airport.com\/wp-content\/uploads\/cropped-rmf-logo.png","contentUrl":"https:\/\/marsaalam-airport.com\/wp-content\/uploads\/cropped-rmf-logo.png","width":1998,"height":667,"caption":"Marsa Alam International Airport"},"image":{"@id":"https:\/\/marsaalam-airport.com\/#\/schema\/logo\/image\/"},"sameAs":["https:\/\/www.facebook.com\/marsaalamairportinternational"],"description":"Marsa Alam Airport (RMF) provides live tracking for arrivals & departures plus comfortable airport hotels with free shuttles.","email":"info@marsaalam-airport.com","legalName":"Marsa Alam Airport"}]}},"_links":{"self":[{"href":"https:\/\/marsaalam-airport.com\/cs\/wp-json\/wp\/v2\/pages\/1138","targetHints":{"allow":["GET"]}}],"collection":[{"href":"https:\/\/marsaalam-airport.com\/cs\/wp-json\/wp\/v2\/pages"}],"about":[{"href":"https:\/\/marsaalam-airport.com\/cs\/wp-json\/wp\/v2\/types\/page"}],"author":[{"embeddable":true,"href":"https:\/\/marsaalam-airport.com\/cs\/wp-json\/wp\/v2\/users\/1"}],"replies":[{"embeddable":true,"href":"https:\/\/marsaalam-airport.com\/cs\/wp-json\/wp\/v2\/comments?post=1138"}],"version-history":[{"count":1,"href":"https:\/\/marsaalam-airport.com\/cs\/wp-json\/wp\/v2\/pages\/1138\/revisions"}],"predecessor-version":[{"id":1140,"href":"https:\/\/marsaalam-airport.com\/cs\/wp-json\/wp\/v2\/pages\/1138\/revisions\/1140"}],"wp:attachment":[{"href":"https:\/\/marsaalam-airport.com\/cs\/wp-json\/wp\/v2\/media?parent=1138"}],"curies":[{"name":"wp","href":"https:\/\/api.w.org\/{rel}","templated":true}]}}